{"id":6296,"date":"2023-04-04T11:24:36","date_gmt":"2023-04-04T09:24:36","guid":{"rendered":"https:\/\/fengchashop.com\/pl\/product\/horny-goat-weed-w-proszku-bio-250-g\/"},"modified":"2026-04-28T20:27:12","modified_gmt":"2026-04-28T18:27:12","slug":"horny-goat-weed-w-proszku","status":"publish","type":"product","link":"https:\/\/fengchashop.com\/pl\/product\/horny-goat-weed-w-proszku\/","title":{"rendered":"Horny goat weed w proszku 250 g"},"content":{"rendered":"<h2>Horny goat weed w proszku<\/h2>\n<p>Epimedium brevicornum W j\u0119zyku angielskim ta krzaczasta ro\u015blina nazywa si\u0119 Horny Goat Weed lub Horny Goat, co w j\u0119zyku s\u0142owe\u0144skim oznacza \u201etraw\u0119 niezb\u0119dnej kozy\u201d. Nazwa nawi\u0105zuje do wzrostu libido u k\u00f3z, kt\u00f3re jad\u0142y krzewy. Dorasta do 30 cm i ma liczne kwiaty (fioletowe, r\u00f3\u017cowe, \u017c\u00f3\u0142te i bia\u0142e), zebrane w p\u0119czki lub grona.<\/p>\n<p>Ziele kozie rogowate ro\u015bnie w klimacie umiarkowanym i subtropikalnym i pierwotnie pochodzi z Chin i Korei. Jest stosowany w tradycyjnej medycynie chi\u0144skiej od tysi\u0119cy lat jako tradycyjny lek na wiele problem\u00f3w, w tym dysfunkcje i menopauz\u0119, a tak\u017ce jest uwa\u017cany za afrodyzjak zar\u00f3wno dla m\u0119\u017cczyzn, jak i kobiet.<\/p>\n<h2>Jakie s\u0105 wa\u017cne sk\u0142adniki aktywne Horny Goat?<\/h2>\n<p>Udowodniono naukowo, \u017ce napalona koza zawiera zwi\u0105zki o w\u0142a\u015bciwo\u015bciach farmakologicznych, takich jak rozlu\u017anienie mi\u0119\u015bni, zwi\u0119kszenie poziomu testosteronu i przep\u0142yw krwi.<\/p>\n<p>Koza napalona to ro\u015blina wzbogacona flawonoidami, zwi\u0105zkami fenolowymi i innymi wa\u017cnymi sk\u0142adnikami od\u017cywczymi, kt\u00f3re mog\u0105 na r\u00f3\u017cne sposoby korzystnie wp\u0142ywa\u0107 na zdrowie. Dlatego te\u017c koza rogata staje si\u0119 coraz popularniejsz\u0105 ro\u015blin\u0105, zar\u00f3wno do stosowania jako suplement diety, jak i jako preparat zio\u0142owy na r\u00f3\u017cne choroby i poprawiaj\u0105cy zdrowie.<\/p>\n<p>Ikaryna jest zwi\u0105zkiem flawoidalnym i jest g\u0142\u00f3wnym sk\u0142adnikiem aktywnym chwast\u00f3w Horny Goat Weed. Ikaryna dzia\u0142a jako naturalny inhibitor enzymu PDE5, kt\u00f3ry mo\u017ce powodowa\u0107 zaburzenia erekcji. Stosowanie ikaryny poprawia funkcje seksualne i leczy zaburzenia erekcji. Jednak ikaryna jest r\u00f3wnie\u017c szeroko stosowana w celu poprawy wynik\u00f3w sportowych, poniewa\u017c mo\u017ce zwi\u0119ksza\u0107 poziom testosteronu i obni\u017ca\u0107 poziom kortyzolu, przyczyniaj\u0105c si\u0119 do poprawy masy i si\u0142y mi\u0119\u015bniowej. Ponadto ikaryna mo\u017ce r\u00f3wnie\u017c promowa\u0107 przywr\u00f3cenie g\u0119sto\u015bci ko\u015bci, co mo\u017ce zmniejszy\u0107 ryzyko osteoporozy i poprawi\u0107 zdrowie ko\u015bci.<\/p>\n<h2>Kluczowe funkcje, kt\u00f3re oferuje nam Horny Goat?<\/h2>\n<p>Zio\u0142o kozie rogowate jest coraz cz\u0119\u015bciej stosowane jako suplement do r\u00f3\u017cnych cel\u00f3w. W tradycyjnej medycynie chi\u0144skiej stosowany jest jako afrodyzjak, \u015brodek tonizuj\u0105cy i przeciwreumatyczny.<\/p>\n<p>Efekty, kt\u00f3re pozytywnie wp\u0142ywaj\u0105 na nasze zdrowie i organizm:<\/p>\n<p>\ud83d\udc9a poprawia prac\u0119 gonad,<br \/>\n\ud83d\udc9a poprawia libido u m\u0119\u017cczyzn i zaburzenia erekcji,<br \/>\n\ud83d\udc9a pomaga w leczeniu impotencji i niep\u0142odno\u015bci m\u0119skiej,<br \/>\n\ud83d\udc9a stosowany jako tonik na uk\u0142ad rozrodczy,<br \/>\n\ud83d\udc9a zwi\u0119ksza energi\u0119 i wytrzyma\u0142o\u015b\u0107,<br \/>\n\ud83d\udc9a \u0142agodzi objawy menopauzy,<br \/>\n\ud83d\udc9a reguluje uk\u0142ad sercowo-naczyniowy (przep\u0142yw krwi),<br \/>\n\ud83d\udc9a poprawia funkcjonowanie uk\u0142adu odporno\u015bciowego,<br \/>\n\ud83d\udc9a \u0142agodzi b\u00f3le staw\u00f3w i artretyzm,<br \/>\n\ud83d\udc9a dzia\u0142a antybakteryjnie, przeciwwirusowo i przeciwzapalnie,<br \/>\n\ud83d\udc9a zmniejsza stany l\u0119kowe i depresj\u0119,<br \/>\n\ud83d\udc9a poprawia metabolizm organizmu i prac\u0119 narz\u0105d\u00f3w.<\/p>\n<h2 align=\"JUSTIFY\"><span style=\"color: #000000;\">Przechowywanie i ostrze\u017cenia<\/span><\/h2>\n<p align=\"JUSTIFY\"><span style=\"color: #000000;\">Przechowywa\u0107 w ch\u0142odnym, suchym miejscu. Suplement diety nale\u017cy przechowywa\u0107 w miejscu niedost\u0119pnym dla dzieci!<\/span><\/p>\n<p align=\"JUSTIFY\"><span style=\"color: #000000;\">Pami\u0119taj o zr\u00f3\u017cnicowanej diecie i zdrowym trybie \u017cycia &#8211; suplement diety nie mo\u017ce zast\u0105pi\u0107 zr\u00f3wnowa\u017conej i zr\u00f3\u017cnicowanej diety. Nie nale\u017cy przekracza\u0107 zalecanej dawki dziennej. Nie zaleca si\u0119 stosowania kobietom w ci\u0105\u017cy i karmi\u0105cym. Odradzamy r\u00f3wnie\u017c stosowanie przez osoby przyjmuj\u0105ce leki przeciwzakrzepowe. Nie jest r\u00f3wnie\u017c zalecany pacjentom z rakiem. Zaleca si\u0119 skonsultowanie si\u0119 z lekarzem w celu uzyskania dalszych informacji w przypadku jakichkolwiek problem\u00f3w zdrowotnych.<\/span><\/p>\n<h2 align=\"JUSTIFY\"><span style=\"color: #000000;\">Opakowanie<\/span><\/h2>\n<p align=\"JUSTIFY\"><span style=\"color: #000000;\">Nieprzepuszczalna torba zamykana na zamek, w kt\u00f3rej produkt zachowuje swoj\u0105 \u015bwie\u017co\u015b\u0107 i aromat. Opakowanie chroni przed \u015bwiat\u0142em i powietrzem, poniewa\u017c sk\u0142ada si\u0119 z kilku warstw ochronnych, kt\u00f3re zachowuj\u0105 w\u0142a\u015bciwo\u015bci zawarto\u015bci.<\/span><\/p>\n<p align=\"JUSTIFY\"><span style=\"color: #000000;\">Opakowanie jest bardzo praktyczne i nadaje si\u0119 do recyklingu.<\/span><\/p>\n<h2 align=\"JUSTIFY\"><span style=\"color: #000000;\">Kraj pochodzenia<\/span><\/h2>\n<p align=\"JUSTIFY\"><span style=\"color: #000000;\">Chiny. 0<\/span>Posiadamy bardzo wiarygodnych dostawc\u00f3w, kt\u00f3rzy przesy\u0142aj\u0105 nam szczeg\u00f3\u0142ow\u0105 analiz\u0119 chemiczn\u0105 \u017cywno\u015bci dla ka\u017cdej partii. Przez ponad dziesi\u0119\u0107 lat nie mieli\u015bmy \u017cadnych wycofa\u0144 ani \u017cadnych innych problem\u00f3w zwi\u0105zanych z tym produktem, ani z innymi produktami tego samego dostawcy.<\/p>\n","protected":false},"excerpt":{"rendered":"<p>Horny goat weed, znany r\u00f3wnie\u017c pod naukow\u0105 nazw\u0105 Epimedium brevicornum. Jest stosowany w tradycyjnej medycynie chi\u0144skiej od tysi\u0119cy lat jako tradycyjne lekarstwo na wiele problem\u00f3w, menopauz\u0119, a tak\u017ce jest uwa\u017cany za afrodyzjak zar\u00f3wno dla m\u0119\u017cczyzn, jak i kobiet.<\/p>\n<p>\ud83d\udc9a Stosowany jest jako tonik dla uk\u0142adu rozrodczego.<br \/>\n\ud83d\udc9a \u0141agodzi objawy menopauzy.<br \/>\n\ud83d\udc9aPomaga w leczeniu impotencji i niep\u0142odno\u015bci m\u0119skiej.<br \/>\n\ud83d\udc9a Poprawia libido u m\u0119\u017cczyzn i zaburzenia erekcji.<\/p>\n","protected":false},"featured_media":7018,"comment_status":"open","ping_status":"closed","template":"","meta":{"_acf_changed":false},"product_brand":[],"product_cat":[15,224,228,225],"product_tag":[],"class_list":{"0":"post-6296","1":"product","2":"type-product","3":"status-publish","4":"has-post-thumbnail","6":"product_cat-uncategorized","7":"product_cat-oferta","8":"product_cat-superzywnosc","9":"product_cat-wszystkie-produkty","11":"first","12":"instock","13":"sale","14":"taxable","15":"shipping-taxable","16":"purchasable","17":"product-type-simple"},"acf":[],"_links":{"self":[{"href":"https:\/\/fengchashop.com\/pl\/wp-json\/wp\/v2\/product\/6296","targetHints":{"allow":["GET"]}}],"collection":[{"href":"https:\/\/fengchashop.com\/pl\/wp-json\/wp\/v2\/product"}],"about":[{"href":"https:\/\/fengchashop.com\/pl\/wp-json\/wp\/v2\/types\/product"}],"replies":[{"embeddable":true,"href":"https:\/\/fengchashop.com\/pl\/wp-json\/wp\/v2\/comments?post=6296"}],"wp:featuredmedia":[{"embeddable":true,"href":"https:\/\/fengchashop.com\/pl\/wp-json\/wp\/v2\/media\/7018"}],"wp:attachment":[{"href":"https:\/\/fengchashop.com\/pl\/wp-json\/wp\/v2\/media?parent=6296"}],"wp:term":[{"taxonomy":"product_brand","embeddable":true,"href":"https:\/\/fengchashop.com\/pl\/wp-json\/wp\/v2\/product_brand?post=6296"},{"taxonomy":"product_cat","embeddable":true,"href":"https:\/\/fengchashop.com\/pl\/wp-json\/wp\/v2\/product_cat?post=6296"},{"taxonomy":"product_tag","embeddable":true,"href":"https:\/\/fengchashop.com\/pl\/wp-json\/wp\/v2\/product_tag?post=6296"}],"curies":[{"name":"wp","href":"https:\/\/api.w.org\/{rel}","templated":true}]}}