{"id":6291,"date":"2022-12-02T09:47:47","date_gmt":"2022-12-02T08:47:47","guid":{"rendered":"https:\/\/fengchashop.com\/pl\/product\/cukier-kokosowy-bio-250-g\/"},"modified":"2026-04-27T11:00:11","modified_gmt":"2026-04-27T09:00:11","slug":"cukier-kokosowy-bio","status":"publish","type":"product","link":"https:\/\/fengchashop.com\/pl\/product\/cukier-kokosowy-bio\/","title":{"rendered":"Cukier kokosowy BIO 250 g"},"content":{"rendered":"<h2 align=\"JUSTIFY\"><span style=\"color: #000000\">Cukier kokosowy BIO<\/span><\/h2>\n<p><span style=\"color: #000000\">Cukier kokosowy pozyskiwany jest z kwiat\u00f3w kokosa, kt\u00f3re podgrzewaj\u0105c w niskich temperaturach zamieniaj\u0105 si\u0119 w specjalny nektar. Nast\u0119pnie poprzez suszenie przekszta\u0142ca si\u0119 je w kryszta\u0142y. Ma jasnobr\u0105zow\u0105 barw\u0119 i delikatny smak. Zachowaj ostro\u017cno\u015b\u0107 przy zakupie cukru kokosowego. Zbyt ciemny mo\u017ce \u015bwiadczy\u0107 o tym, \u017ce zosta\u0142 rozgotowany w procesie przetwarzania i w zwi\u0105zku z tym wyczerpany. Mo\u017cna go jednak doda\u0107 do znacznie ta\u0144szego nierafinowanego cukru trzcinowego.<\/span><\/p>\n<p><span style=\"color: #000000\">Smak cukru kokosowego nie przypomina kokosa, ale znacznie bardziej przypomina karmel. Ma delikatny i przyjemny smak, ale nie dominuje w jedzeniu czy napojach (jak ma to miejsce np. w przypadku stewii).<\/span><\/p>\n<p><span style=\"color: #000000\">Nasz organiczny cukier kokosowy. Nadaje si\u0119 do s\u0142odzenia Twoich ulubionych napoj\u00f3w i potraw i jest najwy\u017cszej jako\u015bci.<\/span><\/p>\n<p><span style=\"color: #000000\">Cukier kokosowy ze s\u0142odkich kwiat\u00f3w palmy kokosowej jest zdrowsz\u0105 alternatyw\u0105 dla cukru bia\u0142ego, poniewa\u017c:<\/span><\/p>\n<p><span style=\"color: #000000\">\ud83d\udc9a ma ni\u017cszy indeks glikemiczny ni\u017c cukier bia\u0142y;<\/span><br \/>\n<span style=\"color: #000000\">\ud83d\udc9a zawiera inulin\u0119, kt\u00f3ra spowalnia wch\u0142anianie glukozy do krwi;<\/span><br \/>\n<span style=\"color: #000000\">\ud83d\udc9a zawiera tak\u017ce sk\u0142adniki od\u017cywcze takie jak: \u017celazo, cynk, magnez, wap\u0144 i potas, polifenole kwas\u00f3w t\u0142uszczowych oraz przeciwutleniacze oraz witaminy B i C;<\/span><br \/>\n<span style=\"color: #000000\">\ud83d\udc9a ma neutralne pH, co oznacza, \u017ce \u200b\u200bnie zakwasza organizmu;<\/span><br \/>\n<span style=\"color: #000000\">\ud83d\udc9a mo\u017ce pom\u00f3c w \u0142atwiejszym utrzymaniu prawid\u0142owej wagi.<\/span><\/p>\n<p><span style=\"color: #000000\">Poniewa\u017c cukier kokosowy ma ni\u017cszy indeks glikemiczny w por\u00f3wnaniu do zwyk\u0142ego cukru bia\u0142ego, mog\u0105 go spo\u017cywa\u0107 tak\u017ce diabetycy (typ II). Przy IG=35 ma jedynie minimalny wp\u0142yw na podniesienie poziomu cukru we krwi. Ponadto zawiera enzym, kt\u00f3ry sprzyja wolniejszemu przenikaniu cukru do krwi, co zapobiega nag\u0142ym i kr\u00f3tkotrwa\u0142ym skokom poziomu cukru we krwi.<\/span><\/p>\n<p><span style=\"color: #000000\">Mimo wszystko cukier kokosowy jest tak\u017ce bogatym \u017ar\u00f3d\u0142em energii i kalorii, dlatego zaleca si\u0119 jego spo\u017cywanie w ograniczonych ilo\u015bciach. Jest to jednak zdrowszy wariant w por\u00f3wnaniu do zwyk\u0142ego cukru buraczanego czy trzcinowego. R\u00f3wnie\u017c ze wzgl\u0119du na zawarte w nim wa\u017cne sk\u0142adniki od\u017cywcze, minera\u0142y i przeciwutleniacze.<\/span><\/p>\n<h2><span style=\"color: #000000\">Sk\u0142adowanie<\/span><\/h2>\n<p><span style=\"color: #000000\">Przechowywa\u0107 w suchym, ciemnym i ch\u0142odnym miejscu. Upewnij si\u0119, \u017ce torba jest dobrze zamkni\u0119ta.<\/span><\/p>\n<h2><span style=\"color: #000000\">Opakowanie<\/span><\/h2>\n<p><span style=\"color: #000000\">Szczelna torebka zapinana na zamek lub pude\u0142ko, w kt\u00f3rym produkt zachowuje ca\u0142\u0105 \u015bwie\u017co\u015b\u0107 i aromat. Opakowanie chroni przed \u015bwiat\u0142em i powietrzem. Sk\u0142ada si\u0119 z kilku warstw zabezpiecze\u0144, kt\u00f3re zachowuj\u0105 w\u0142a\u015bciwo\u015bci produktu.<\/span><\/p>\n<p><span style=\"color: #000000\">Opakowanie jest bardzo praktyczne i pozwala na recykling.<\/span><\/p>\n<h2><span style=\"color: #000000\">Pochodzenie<\/span><\/h2>\n<p><span style=\"color: #000000\">Indonezja<\/span><\/p>\n","protected":false},"excerpt":{"rendered":"<p>Cukier kokosowy pozyskiwany jest z kwiat\u00f3w kokosa, kt\u00f3re podgrzewaj\u0105c w niskich temperaturach zamieniaj\u0105 si\u0119 w specjalny nektar. Nast\u0119pnie poprzez suszenie przekszta\u0142ca si\u0119 je w kryszta\u0142y. Ma jasnobr\u0105zow\u0105 barw\u0119 i delikatny smak. Zachowaj ostro\u017cno\u015b\u0107 przy zakupie cukru kokosowego. Zbyt ciemny mo\u017ce \u015bwiadczy\u0107 o tym, \u017ce zosta\u0142 rozgotowany w procesie przetwarzania i w zwi\u0105zku z tym wyczerpany. Mo\u017cna go jednak doda\u0107 do znacznie ta\u0144szego nierafinowanego cukru trzcinowego. Cukier kokosowy wytwarzany ze s\u0142odkich kwiat\u00f3w palmy kokosowej jest zdrowsz\u0105 alternatyw\u0105 dla cukru bia\u0142ego.<\/p>\n<p>\ud83d\udc9a Ma jasnobr\u0105zow\u0105 barw\u0119 i delikatny smak.<br \/>\n\ud83d\udc9a Zapobiega nag\u0142ym i kr\u00f3tkotrwa\u0142ym skokom poziomu cukru we krwi.<br \/>\n\ud83d\udc9a Proporcje u\u017cycia s\u0105 takie same jak proporcje u\u017cycia zwyk\u0142ego (bia\u0142ego) cukru.<\/p>\n","protected":false},"featured_media":6165,"comment_status":"open","ping_status":"closed","template":"","meta":{"_acf_changed":false},"product_brand":[],"product_cat":[15,205,224,225],"product_tag":[],"class_list":{"0":"post-6291","1":"product","2":"type-product","3":"status-publish","4":"has-post-thumbnail","6":"product_cat-uncategorized","7":"product_cat-herbata-jedzenie-i-przyprawy","8":"product_cat-oferta","9":"product_cat-wszystkie-produkty","11":"first","12":"instock","13":"sale","14":"taxable","15":"shipping-taxable","16":"purchasable","17":"product-type-simple"},"acf":[],"_links":{"self":[{"href":"https:\/\/fengchashop.com\/pl\/wp-json\/wp\/v2\/product\/6291","targetHints":{"allow":["GET"]}}],"collection":[{"href":"https:\/\/fengchashop.com\/pl\/wp-json\/wp\/v2\/product"}],"about":[{"href":"https:\/\/fengchashop.com\/pl\/wp-json\/wp\/v2\/types\/product"}],"replies":[{"embeddable":true,"href":"https:\/\/fengchashop.com\/pl\/wp-json\/wp\/v2\/comments?post=6291"}],"wp:featuredmedia":[{"embeddable":true,"href":"https:\/\/fengchashop.com\/pl\/wp-json\/wp\/v2\/media\/6165"}],"wp:attachment":[{"href":"https:\/\/fengchashop.com\/pl\/wp-json\/wp\/v2\/media?parent=6291"}],"wp:term":[{"taxonomy":"product_brand","embeddable":true,"href":"https:\/\/fengchashop.com\/pl\/wp-json\/wp\/v2\/product_brand?post=6291"},{"taxonomy":"product_cat","embeddable":true,"href":"https:\/\/fengchashop.com\/pl\/wp-json\/wp\/v2\/product_cat?post=6291"},{"taxonomy":"product_tag","embeddable":true,"href":"https:\/\/fengchashop.com\/pl\/wp-json\/wp\/v2\/product_tag?post=6291"}],"curies":[{"name":"wp","href":"https:\/\/api.w.org\/{rel}","templated":true}]}}