{"id":6286,"date":"2022-10-01T10:40:23","date_gmt":"2022-10-01T08:40:23","guid":{"rendered":"https:\/\/fengchashop.com\/pl\/product\/rokitnik-zwyczajny-w-proszku-bio-250-g\/"},"modified":"2026-04-29T02:56:15","modified_gmt":"2026-04-29T00:56:15","slug":"rokitnik-zwyczajny-w-proszku-bio","status":"publish","type":"product","link":"https:\/\/fengchashop.com\/pl\/product\/rokitnik-zwyczajny-w-proszku-bio\/","title":{"rendered":"Rokitnik zwyczajny w proszku BIO 250 g"},"content":{"rendered":"<h2><span style=\"color: #000000\">Rokitnik zwyczajny w proszku BIO<\/span><\/h2>\n<p><span style=\"color: #000000\">Rokitnik zwyczajny, czyli tak zwany cier\u0144 psi, to krzew li\u015bciasty z kolcami, kt\u00f3ry ro\u015bnie na ca\u0142ym \u015bwiecie, ale g\u0142\u00f3wnie na obszarze Azji \u015arodkowej i Zachodniej (Chiny, Syberia, Indie&#8230;) oraz na obszarze Europy P\u00f3\u0142nocnej i \u015arodkowej (Finlandia, Anglia, Niemcy, Polska, &#8230;). Jest ro\u015blin\u0105 nie wymagaj\u0105c\u0105 specjalnych warunk\u00f3w wzrostu, ro\u015bnie zar\u00f3wno na terenach g\u00f3rskich, jak i nad morzem.<\/span><\/p>\n<p><span style=\"color: #000000\">Kszta\u0142t i wygl\u0105d li\u015bci rokitnika przypominaj\u0105 li\u015bcie oliwne. Owoce dojrzewaj\u0105 na krzaku i maj\u0105 \u017c\u00f3\u0142to-pomara\u0144czow\u0105 barw\u0119. Zbieranie owoc\u00f3w lub Jagody rokitnika s\u0105 najkorzystniejsze w pierwszych miesi\u0105cach jesiennych. Owoce nale\u017cy ostro\u017cnie usun\u0105\u0107 z ga\u0142\u0105zki, poniewa\u017c owoce rokitnika s\u0105 bardzo wa\u017cne, poniewa\u017c zawieraj\u0105 leczniczy sok z du\u017c\u0105 ilo\u015bci\u0105 witaminy C. Jego smak jest soczysty i lekko kwa\u015bny. Ca\u0142a ro\u015blina ma pozytywne w\u0142a\u015bciwo\u015bci zdrowotne i og\u00f3lnego zastosowania, nawet w kosmetykach, przydatne s\u0105 li\u015bcie, owoce, ga\u0142\u0119zie, a tak\u017ce korze\u0144.<\/span><\/p>\n<p><span style=\"color: #000000\">Historia jego leczniczego dzia\u0142ania si\u0119ga staro\u017cytnej Grecji, gdzie ga\u0142\u0119ziami rokitnika karmiono konie, aby utrzyma\u0107 je w dobrej kondycji. Ponadto rokitnik by\u0142 spo\u017cywany przez \u017co\u0142nierzy w celu zapewnienia wytrzyma\u0142o\u015bci podczas bitew. \u201erGyud Bzi\u201d to tybeta\u0144ska ksi\u0105\u017cka medyczna napisana w VIII wieku, zawieraj\u0105ca pierwsze wzmianki o leczniczym dzia\u0142aniu rokitnika. P\u00f3\u017aniejsze badania przeprowadzone w Rosji dodatkowo potwierdzi\u0142y jego dzia\u0142anie lecznicze.<\/span><\/p>\n<h2><span style=\"color: #000000\">Jakie kluczowe w\u0142a\u015bciwo\u015bci oferuje nam rokitnik zwyczajny?<\/span><\/h2>\n<p><span style=\"color: #000000\">Rokitnik magazynuje ca\u0142\u0105 energi\u0119 s\u0142oneczn\u0105 w swoich owocach, kt\u00f3re zawieraj\u0105 niezliczon\u0105 ilo\u015b\u0107 substancji bioaktywnych, takich jak niezb\u0119dne nienasycone kwasy t\u0142uszczowe, witaminy, karotenoidy, fitosterole, flawonoidy i tokotrienole.<\/span><\/p>\n<p><span style=\"color: #000000\">Spo\u015br\u00f3d niezb\u0119dnych nienasyconych kwas\u00f3w t\u0142uszczowych najlepszym ich \u017ar\u00f3d\u0142em s\u0105 ro\u015bliny, a mianowicie kwasy t\u0142uszczowe omega-7 (kwas palmitynowy). Z owoc\u00f3w rokitnika zwyczajnego specjalnymi metodami pozyskiwane s\u0105 tak\u017ce inne, bardzo dla nas wa\u017cne kwasy t\u0142uszczowe, a mianowicie kwasy t\u0142uszczowe omega-3 (kwas \u03b1-inolenowy), omega-6 (kwas linolenowy) i omega-9 (kwas oleinowy). .<\/span><\/p>\n<p><span style=\"color: #000000\">Rokitnik wzbogacony jest w witaminy, zw\u0142aszcza witamin\u0119 C, kt\u00f3rej jest 10 razy wi\u0119cej ni\u017c w cytrynie. W p\u0142aszczu p\u0142odu powstaje du\u017co witaminy B12, znajduj\u0105 si\u0119 tak\u017ce witaminy B, B1, B2, B3 i B9. Wa\u017cne s\u0105 tak\u017ce witaminy A i E, kt\u00f3re chroni\u0105 sk\u00f3r\u0119 przed niebezpiecznymi wolnymi rodnikami. Olej zawarty w owocach ma r\u00f3wnie\u017c pozytywny wp\u0142yw na nasze zdrowie, poniewa\u017c zawiera wiele aminokwas\u00f3w, minera\u0142\u00f3w, niezb\u0119dnych nienasyconych kwas\u00f3w t\u0142uszczowych i fotsterolu.<\/span><\/p>\n<p><span style=\"color: #000000\">Najwa\u017cniejszym sk\u0142adnikiem rokitnika jest kwecertyna, kt\u00f3ra jest flawonoidem, naturalnym zwi\u0105zkiem polifenolowym wyst\u0119puj\u0105cym w owocach i warzywach. Jest silnym przeciwutleniaczem, ma dzia\u0142anie przeciwzapalne i przeciwnowotworowe, zwi\u0119ksza si\u0142\u0119 mi\u0119\u015bnia sercowego, poprawiaj\u0105c jednocze\u015bnie przep\u0142yw krwi.<\/span><\/p>\n<p><span style=\"color: #000000\">Innymi r\u00f3wnie wa\u017cnymi sk\u0142adnikami rokitnika s\u0105 minera\u0142y, fosfor, potas i \u017celazo, zw\u0142aszcza magnez i wap\u0144.<\/span><\/p>\n<p><span style=\"color: #000000\">Nasz proszek z rokitnika zwyczajnego pochodzi z upraw ekologicznych i jest naturalnym przeciwutleniaczem. Jest prawdziwym \u017ar\u00f3d\u0142em si\u0142y, gdy\u017c wzmacnia organizm, zw\u0142aszcza uk\u0142ad nerwowy.<\/span><\/p>\n<h2><span style=\"color: #000000\">Jakie w\u0142a\u015bciwo\u015bci zdrowotne ma rokitnik zwyczajny?<\/span><\/h2>\n<p><span style=\"color: #000000\">Ekstrakty z owoc\u00f3w rokitnika, dzi\u0119ki wysokiej zawarto\u015bci przeciwutleniaczy, wspomagaj\u0105 uk\u0142ad odporno\u015bciowy, lecz\u0105 krwawi\u0105ce dzi\u0105s\u0142a, odbudowuj\u0105 uszkodzone kom\u00f3rki, pomagaj\u0105 w leczeniu chor\u00f3b sk\u00f3ry, chroni\u0105 sk\u00f3r\u0119 przed oparzeniami i egzem\u0105 oraz przed promieniami UV oraz pomagaj\u0105 przy urazach,&#8230;<\/span><\/p>\n<p><span style=\"color: #000000\">Kwasy Omega-7 s\u0105 niezwykle wa\u017cne dla regeneracji tkanek, takich jak b\u0142ony \u015bluzowe i sk\u00f3ra, poniewa\u017c nawil\u017caj\u0105 sk\u00f3r\u0119 i spowalniaj\u0105 jej starzenie. Omega-7 chroni\u0105 tak\u017ce jelita i \u017co\u0142\u0105dek przed uszkodzeniami b\u0142ony \u015bluzowej, takimi jak zapalenie b\u0142ony \u015bluzowej \u017co\u0142\u0105dka, zapalenie jelita grubego i wrzody, a tak\u017ce pomaga nawil\u017cy\u0107 such\u0105 b\u0142on\u0119 \u015bluzow\u0105 pochwy.<\/span><\/p>\n<p><span style=\"color: #000000\">Efekty, kt\u00f3re pozytywnie wp\u0142ywaj\u0105 na nasze zdrowie i organizm:<\/span><br \/>\n<span style=\"color: #000000\">\ud83d\udc9a jest silnym przeciwutleniaczem,<\/span><br \/>\n<span style=\"color: #000000\">\ud83d\udc9a wzmacnia uk\u0142ad odporno\u015bciowy,<\/span><br \/>\n<span style=\"color: #000000\">\ud83d\udc9a ma dzia\u0142anie przeciwzapalne,<\/span><br \/>\n<span style=\"color: #000000\">\ud83d\udc9a reguluje ci\u015bnienie krwi, cholesterol i cukier we krwi,<\/span><br \/>\n<span style=\"color: #000000\">\ud83d\udc9a leczy choroby sk\u00f3ry (zapalenia, oparzenia, egzem\u0119, \u0142uszczyc\u0119, zapalenie sk\u00f3ry&#8230;),<\/span><br \/>\n<span style=\"color: #000000\">\ud83d\udc9a leczy uszkodzenia sk\u00f3ry (goi rany i \u0142agodzi b\u00f3l),<\/span><br \/>\n<span style=\"color: #000000\">\ud83d\udc9a ma dzia\u0142anie odm\u0142adzaj\u0105ce,<\/span><br \/>\n<span style=\"color: #000000\">\ud83d\udc9a odbudowuje uszkodzone kom\u00f3rki,<\/span><br \/>\n<span style=\"color: #000000\">\ud83d\udc9a pomaga na opuchni\u0119te nogi,<\/span><br \/>\n<span style=\"color: #000000\">\ud83d\udc9a chroni w\u0105trob\u0119 i uk\u0142ad trawienny,<\/span><br \/>\n<span style=\"color: #000000\">\ud83d\udc9a pe\u0142ni funkcj\u0119 utrzymania zdrowego serca i uk\u0142adu naczyniowego,<\/span><br \/>\n<span style=\"color: #000000\">\ud83d\udc9a chroni przed krwawi\u0105cymi dzi\u0105s\u0142ami,<\/span><br \/>\n<span style=\"color: #000000\">\ud83d\udc9a pomaga przy grypie, zapaleniu p\u0142uc, b\u0142onicy,&#8230;<\/span><br \/>\n<span style=\"color: #000000\">\ud83d\udc9achroni suche i podra\u017cnione oczy,<\/span><br \/>\n<span style=\"color: #000000\">\ud83d\udc9a \u0142agodzi objawy chronicznego zm\u0119czenia,<\/span><br \/>\n<span style=\"color: #000000\">\ud83d\udc9a poprawia seksualno\u015b\u0107,<\/span><br \/>\n<span style=\"color: #000000\">\ud83d\udc9a \u0142agodzi objawy menopauzy,<\/span><br \/>\n<span style=\"color: #000000\">\ud83d\udc9a likwiduje stres i niepok\u00f3j,<\/span><br \/>\n<span style=\"color: #000000\">\ud83d\udc9a ma dzia\u0142anie przeciwnowotworowe.<\/span><\/p>\n<h2><span style=\"color: #000000\">Przechowywanie i ostrze\u017cenia<\/span><\/h2>\n<p><span style=\"color: #000000\">Przechowywa\u0107 w suchym i ch\u0142odnym miejscu w temperaturze do 25\u00b0C. Suplement diety powinien znajdowa\u0107 si\u0119 poza zasi\u0119giem dzieci!<\/span><br \/>\n<span style=\"color: #000000\">Nie zapominaj, jak wa\u017cna jest zr\u00f3\u017cnicowana dieta i zdrowy tryb \u017cycia, dlatego suplement diety nie zast\u0119puje zbilansowanej i zr\u00f3\u017cnicowanej diety. Nie nale\u017cy przekracza\u0107 zalecanej dziennej ilo\u015bci lub dawki.<\/span><\/p>\n<p><span style=\"color: #000000\">Syrop i sok z rokitnika mog\u0105 dzia\u0142a\u0107 pobudzaj\u0105co, dlatego nie zalecamy jego stosowania wieczorem.<\/span><\/p>\n<p><span style=\"color: #000000\">Zalecane spo\u017cycie w pierwszych miesi\u0105cach ci\u0105\u017cy powinno by\u0107 niewielk\u0105 ilo\u015bci\u0105.<\/span><\/p>\n<p><span style=\"color: #000000\">Wa\u017cne jest, aby nie przyjmowa\u0107 rokitnika jednocze\u015bnie z lekami przeciwzakrzepowymi.<\/span><\/p>\n<h2><span style=\"color: #000000\">Opakowanie<\/span><\/h2>\n<p><span style=\"color: #000000\">Szczelna torebka zapinana na zamek b\u0142yskawiczny, w kt\u00f3rej produkt zachowuje ca\u0142\u0105 swoj\u0105 \u015bwie\u017co\u015b\u0107 i aromat. Opakowanie chroni przed \u015bwiat\u0142em i powietrzem, gdy\u017c sk\u0142ada si\u0119 z kilku warstw ochronnych, kt\u00f3re zachowuj\u0105 w\u0142a\u015bciwo\u015bci zawarto\u015bci.<\/span><\/p>\n<p><span style=\"color: #000000\">Opakowanie jest bardzo praktyczne i pozwala na recykling.<\/span><\/p>\n<h2><span style=\"color: #000000\">Pochodzenie<\/span><\/h2>\n<p><span class=\"jCAhz ChMk0b\"><span class=\"ryNqvb\">Chiny.<\/span><\/span> <span class=\"jCAhz ChMk0b\"><span class=\"ryNqvb\">Mamy bardzo wiarygodnych dostawc\u00f3w, kt\u00f3rzy przesy\u0142aj\u0105 nam szczeg\u00f3\u0142ow\u0105 analiz\u0119 chemiczn\u0105 \u017cywno\u015bci dla ka\u017cdej partii.<\/span><\/span> <span class=\"jCAhz ChMk0b\"><span class=\"ryNqvb\">Przez ponad dziesi\u0119\u0107 lat nie mieli\u015bmy \u017cadnych wycofa\u0144 ani \u017cadnych innych problem\u00f3w zwi\u0105zanych z tym produktem, ani z innymi produktami tego samego dostawcy.<\/span><\/span><\/p>\n","protected":false},"excerpt":{"rendered":"<p><span style=\"color: #000000\">Dere\u0144 jadalny to krzew li\u015bciasty z kolcami. Owoce rokitnika s\u0105 bardzo wa\u017cne, poniewa\u017c zawieraj\u0105 leczniczy sok o wysokiej zawarto\u015bci witaminy C. Jego smak jest soczysty i lekko kwa\u015bny. Rokitnik magazynuje ca\u0142\u0105 energi\u0119 s\u0142oneczn\u0105 w swoich owocach, kt\u00f3re zawieraj\u0105 niezliczon\u0105 ilo\u015b\u0107 substancji bioaktywnych, takich jak niezb\u0119dne kwasy t\u0142uszczowe, witaminy, karotenoidy, fitosterole, flawonoidy i tokotrienole. Kwasy t\u0142uszczowe omega-7 s\u0105 niezwykle wa\u017cne dla naprawy tkanek, takich jak b\u0142ony \u015bluzowe i sk\u00f3ra, poniewa\u017c nawil\u017caj\u0105 sk\u00f3r\u0119 i spowalniaj\u0105 starzenie. Olej znajduj\u0105cy si\u0119 w owocach ma r\u00f3wnie\u017c pozytywny wp\u0142yw na nasze zdrowie, poniewa\u017c jest bogaty w aminokwasy, minera\u0142y, niezb\u0119dne kwasy t\u0142uszczowe i fotosterole.<\/span><\/p>\n<p><span style=\"color: #000000\">\ud83d\udc9a Ma wysokie w\u0142a\u015bciwo\u015bci przeciwzapalne, przeciwnowotworowe i przeciwutleniaj\u0105ce.<\/span><br \/>\n<span style=\"color: #000000\">\ud83d\udc9a Obni\u017ca poziom cukru i cholesterolu we krwi oraz reguluje ci\u015bnienie krwi.<\/span><br \/>\n<span style=\"color: #000000\">\ud83d\udc9a Zwi\u0119ksza si\u0142\u0119 mi\u0119\u015bnia sercowego i jednocze\u015bnie poprawia przep\u0142yw krwi.<\/span><br \/>\n<span style=\"color: #000000\">\ud83d\udc9a Chroni sk\u00f3r\u0119 przed niebezpiecznymi wolnymi rodnikami (leczy choroby i uszkodzenia sk\u00f3ry).<\/span><br \/>\n<span style=\"color: #000000\">\ud83d\udc9a Chroni przed krwawieniem dzi\u0105se\u0142.<\/span><\/p>\n","protected":false},"featured_media":6287,"comment_status":"open","ping_status":"closed","template":"","meta":{"_acf_changed":false},"product_brand":[],"product_cat":[15,224,228,225],"product_tag":[],"class_list":{"0":"post-6286","1":"product","2":"type-product","3":"status-publish","4":"has-post-thumbnail","6":"product_cat-uncategorized","7":"product_cat-oferta","8":"product_cat-superzywnosc","9":"product_cat-wszystkie-produkty","11":"first","12":"instock","13":"sale","14":"taxable","15":"shipping-taxable","16":"purchasable","17":"product-type-simple"},"acf":[],"_links":{"self":[{"href":"https:\/\/fengchashop.com\/pl\/wp-json\/wp\/v2\/product\/6286","targetHints":{"allow":["GET"]}}],"collection":[{"href":"https:\/\/fengchashop.com\/pl\/wp-json\/wp\/v2\/product"}],"about":[{"href":"https:\/\/fengchashop.com\/pl\/wp-json\/wp\/v2\/types\/product"}],"replies":[{"embeddable":true,"href":"https:\/\/fengchashop.com\/pl\/wp-json\/wp\/v2\/comments?post=6286"}],"wp:featuredmedia":[{"embeddable":true,"href":"https:\/\/fengchashop.com\/pl\/wp-json\/wp\/v2\/media\/6287"}],"wp:attachment":[{"href":"https:\/\/fengchashop.com\/pl\/wp-json\/wp\/v2\/media?parent=6286"}],"wp:term":[{"taxonomy":"product_brand","embeddable":true,"href":"https:\/\/fengchashop.com\/pl\/wp-json\/wp\/v2\/product_brand?post=6286"},{"taxonomy":"product_cat","embeddable":true,"href":"https:\/\/fengchashop.com\/pl\/wp-json\/wp\/v2\/product_cat?post=6286"},{"taxonomy":"product_tag","embeddable":true,"href":"https:\/\/fengchashop.com\/pl\/wp-json\/wp\/v2\/product_tag?post=6286"}],"curies":[{"name":"wp","href":"https:\/\/api.w.org\/{rel}","templated":true}]}}