{"id":6276,"date":"2022-08-19T05:47:44","date_gmt":"2022-08-19T03:47:44","guid":{"rendered":"https:\/\/fengchashop.com\/pl\/product\/guayusa-org-100-g\/"},"modified":"2026-04-26T22:07:18","modified_gmt":"2026-04-26T20:07:18","slug":"guayusa-org","status":"publish","type":"product","link":"https:\/\/fengchashop.com\/pl\/product\/guayusa-org\/","title":{"rendered":"Guayusa BIO 100 g"},"content":{"rendered":"<h2><span style=\"color: #000000\">Guayusa BIO<\/span><\/h2>\n<p><span style=\"color: #000000\">Guayusa, wymawiana jako ghwy-you-sa, oznacza &#8222;nocnego str\u00f3\u017ca&#8221;, poniewa\u017c czasami jest u\u017cywana do budzenia ludzi w nocy. Jest to nazwa nadana przez lud Kichwa wiecznie zielonemu drzewu, kt\u00f3rego <strong>li\u015bcie s\u0105 u\u017cywane do produkcji herbaty<\/strong>. Drzewa guayusa, zwane r\u00f3wnie\u017c guayusa (Ilex guayusa), osi\u0105gaj\u0105 wysoko\u015b\u0107 od 6 do 30 metr\u00f3w i maj\u0105 wyd\u0142u\u017cone, b\u0142yszcz\u0105ce zielone li\u015bcie.<\/span><\/p>\n<p><span style=\"color: #000000\">Najwcze\u015bniejsze odkrycia dowodz\u0105, \u017ce rdzenni mieszka\u0144cy Kichwa zacz\u0119li uprawia\u0107 Guayus\u0119 1000 lat temu. Guayusa jest prawdopodobnie <strong>najbardziej kofeinow\u0105 herbat\u0105 li\u015bciast\u0105 na<\/strong> \u015bwiecie, zawieraj\u0105c\u0105 do 7,6% kofeiny!<\/span><\/p>\n<p><span style=\"color: #000000\">Guayusa jest szeroko rozpowszechniona w amazo\u0144skiej d\u017cungli, ale najcz\u0119\u015bciej uprawiana jest w Ekwadorze. Jej li\u015bcie s\u0105 <strong>tradycyjnie zbierane, suszone i wykorzystywane do produkcji herbaty zio\u0142owej<\/strong>, kt\u00f3ra jest ceniona za <strong>wysok\u0105 zawarto\u015b\u0107 kofeiny i przeciwutleniaczy<\/strong>.<\/span><\/p>\n<p><span style=\"color: #000000\">Niekt\u00f3rzy uwa\u017caj\u0105, \u017ce guayusa ma dodatkowe zalety. Jest bogata <strong>w witaminy, aminokwasy i przeciwutleniacze<\/strong>. Ponadto zawiera zwi\u0105zki takie jak <strong>teobromina<\/strong>, kt\u00f3ra jest r\u00f3wnie\u017c obecna w kakao i jest znana ze swoich w\u0142a\u015bciwo\u015bci <strong>poprawiaj\u0105cych nastr\u00f3j<\/strong>.<\/span><\/p>\n<h2><span style=\"color: #000000\">Czym jest herbata guayusa?<\/span><\/h2>\n<p><span style=\"color: #000000\">Guayusa to nap\u00f3j zio\u0142owy, cz\u0119sto reklamowany jako <strong>zdrowszy zastrzyk energii ni\u017c kawa i napoje energetyczne<\/strong>.<\/span><\/p>\n<p><span style=\"color: #000000\">Rdzenni mieszka\u0144cy Kichwa, kt\u00f3rzy pos\u0142uguj\u0105 si\u0119 rdzennym j\u0119zykiem pochodz\u0105cym z amazo\u0144skich las\u00f3w deszczowych, pij\u0105 herbat\u0119 guayusa od setek lat w ramach rytualnych ceremonii \u0142owieckich, aby uzyska\u0107 duchow\u0105 jasno\u015b\u0107 i przygotowa\u0107 si\u0119 fizycznie do wymagaj\u0105cego fizycznie \u017cycia w lesie deszczowym. Rdzenni Ekwadorczycy u\u017cywaj\u0105 jej szczeg\u00f3lnie przed snem, aby po\u0142\u0105czy\u0107 si\u0119 z wy\u017cszymi stanami \u015bwiadomo\u015bci.<\/span><\/p>\n<p><span style=\"color: #000000\">Brakuje jej r\u00f3wnie\u017c <strong>goryczy i ostrego smaku<\/strong>, poniewa\u017c jest prawie ca\u0142kowicie pozbawiona garbnik\u00f3w, co pozwala r\u00f3wnie\u017c na <strong>wielokrotne nawadnianie li\u015bci<\/strong>. Zamiast tego ma <strong>rze\u015bki, s\u0142odki smak<\/strong>, kt\u00f3ry jest wspania\u0142y sam w sobie lub w po\u0142\u0105czeniu z mlekiem sojowym, ry\u017cowym lub orzechowym.<\/span><\/p>\n<h2><span style=\"color: #000000\">Dzia\u0142anie guayusy<\/span><\/h2>\n<p><span style=\"color: #000000\">Herbata guayusa ma interesuj\u0105ce dzia\u0142anie: z jednej strony jest <strong>pobudzaj\u0105ca<\/strong> ze wzgl\u0119du na wysok\u0105 zawarto\u015b\u0107 kofeiny, z drugiej strony <strong>zapewnia przyjemny spok\u00f3j i r\u00f3wnowag\u0119<\/strong>, prawdopodobnie dzi\u0119ki towarzysz\u0105cym jej zwi\u0105zkom, takim jak L-teanina i teobromina.<\/span><\/p>\n<p><span style=\"color: #000000\">Guayusa mo\u017ce poprawi\u0107 <strong>stan psychiczny i koncentracj\u0119<\/strong>. Zawiera du\u017c\u0105 ilo\u015b\u0107 kofeiny, kt\u00f3ra jest znana jako \u015brodek pobudzaj\u0105cy, a tak\u017ce teobromin\u0119, alkaloid strukturalnie podobny do kofeiny. Ponadto \u017cywno\u015b\u0107 taka jak czekolada i kakao w proszku zawiera teobromin\u0119. Wykazano, \u017ce po\u0142\u0105czenie kawy i teobrominy <strong>poprawia nastr\u00f3j, czujno\u015b\u0107 i<\/strong> <strong>koncentracj\u0119<\/strong>, a tak\u017ce mo\u017ce<strong> poprawi\u0107 kr\u00f3tkotrwa\u0142e funkcjonowanie m\u00f3zgu<\/strong>.<\/span><\/p>\n<p><span style=\"color: #000000\">Guayusa zawiera <strong>szereg przeciwutleniaczy<\/strong>. Zmniejszaj\u0105 one <strong>stres oksydacyjny<\/strong> poprzez zwalczanie wolnych rodnik\u00f3w, kt\u00f3re s\u0105 niestabilnymi substancjami chemicznymi w organizmie. W ten spos\u00f3b mog\u0105 <strong>zmniejszy\u0107 ryzyko rozwoju wielu chor\u00f3b przewlek\u0142ych<\/strong>. Guayusa zawiera najwy\u017csze poziomy przeciwutleniaczy polifenolowych zwanych <strong>katechinami<\/strong>, kt\u00f3re uwa\u017ca si\u0119 za chroni\u0105ce <strong>przed chorobami serca, rakiem, cukrzyc\u0105 typu 2, oty\u0142o\u015bci\u0105, infekcjami bakteryjnymi i chorobami<\/strong>, a tak\u017ce <strong>obni\u017caj\u0105ce poziom cholesterolu i reguluj\u0105ce poziom ph<\/strong>.<\/span><\/p>\n<p><span style=\"color: #000000\">Je\u015bli organizm nie mo\u017ce skutecznie transportowa\u0107 cukru z krwi do kom\u00f3rek, mo\u017ce wyst\u0105pi\u0107 wysoki poziom cukru we krwi. Mo\u017ce to ostatecznie prowadzi\u0107 do cukrzycy typu 2, je\u015bli nie jest leczona. Guayusa mo\u017ce pom\u00f3c obni\u017cy\u0107 poziom <strong>cukru we krwi<\/strong>.<\/span><\/p>\n<p><span style=\"color: #000000\">Silne st\u0119\u017cenie kofeiny w Guayusa mo\u017ce pom\u00f3c w <strong>utracie wagi<\/strong>. Naturalne stymulanty, takie jak kofeina, mog\u0105 przyspieszy\u0107 metabolizm i zwi\u0119kszy\u0107 ilo\u015b\u0107 kalorii spalanych przez organizm.<\/span><\/p>\n<h2><span style=\"color: #000000\">Przechowywanie i ostrze\u017cenia<\/span><\/h2>\n<p><span style=\"color: #000000\">Przechowywa\u0107 w suchym, ciemnym i ch\u0142odnym miejscu. Suszone li\u015bcie powinny by\u0107 przechowywane w szczelnej torebce lub pojemniku do momentu u\u017cycia.<\/span><\/p>\n<p><span style=\"color: #000000\">Guayusa zawiera naturalnie wyst\u0119puj\u0105c\u0105 kofein\u0119.<\/span><\/p>\n<h2><span style=\"color: #000000\">Opakowanie<\/span><\/h2>\n<p><span style=\"color: #000000\">Hermetyczna torebka z zamkiem b\u0142yskawicznym, w kt\u00f3rej produkt zachowuje \u015bwie\u017co\u015b\u0107 i aromat. Opakowanie chroni przed \u015bwiat\u0142em i powietrzem, poniewa\u017c sk\u0142ada si\u0119 z kilku warstw ochronnych, kt\u00f3re zachowuj\u0105 w\u0142a\u015bciwo\u015bci zawarto\u015bci.<\/span><\/p>\n<p><span style=\"color: #000000\">Opakowanie jest bardzo praktyczne i nadaje si\u0119 do recyklingu.<\/span><\/p>\n<h2><span style=\"color: #000000\">Pochodzenie<\/span><\/h2>\n<p><span style=\"color: #000000\">Ekwador<\/span><\/p>\n","protected":false},"excerpt":{"rendered":"<p>Herbata zio\u0142owa z wieloma aktywnymi sk\u0142adnikami zapewniaj\u0105cymi d\u0142ugie, zdrowe i witalne \u017cycie. Wymawiane ghwy-you-sa w zdaniu, Guayusa oznacza \u201enocny str\u00f3\u017c\u201d, poniewa\u017c czasami jest u\u017cywane, aby nie spa\u0107 w nocy. To prawdopodobnie najbardziej kofeinowy li\u015b\u0107 herbaty na \u015bwiecie, zawieraj\u0105cy a\u017c 7,6 procent kofeiny!<\/p>\n<p>\ud83d\udc9a Podnosi nastr\u00f3j.<br \/>\n\ud83d\udc9a Zawiera wiele witamin, aminokwas\u00f3w i przeciwutleniaczy.<br \/>\n\ud83d\udc9a Zdrowszy zastrzyk energii ni\u017c kawa i napoje energetyczne.<br \/>\n\ud83d\udc9a Poprawia stan psychiczny i koncentracj\u0119.<\/p>\n","protected":false},"featured_media":6277,"comment_status":"open","ping_status":"closed","template":"","meta":{"_acf_changed":false},"product_brand":[],"product_cat":[15,223,205,224,225],"product_tag":[],"class_list":{"0":"post-6276","1":"product","2":"type-product","3":"status-publish","4":"has-post-thumbnail","6":"product_cat-uncategorized","7":"product_cat-herbata","8":"product_cat-herbata-jedzenie-i-przyprawy","9":"product_cat-oferta","10":"product_cat-wszystkie-produkty","12":"first","13":"instock","14":"taxable","15":"shipping-taxable","16":"purchasable","17":"product-type-simple"},"acf":[],"_links":{"self":[{"href":"https:\/\/fengchashop.com\/pl\/wp-json\/wp\/v2\/product\/6276","targetHints":{"allow":["GET"]}}],"collection":[{"href":"https:\/\/fengchashop.com\/pl\/wp-json\/wp\/v2\/product"}],"about":[{"href":"https:\/\/fengchashop.com\/pl\/wp-json\/wp\/v2\/types\/product"}],"replies":[{"embeddable":true,"href":"https:\/\/fengchashop.com\/pl\/wp-json\/wp\/v2\/comments?post=6276"}],"wp:featuredmedia":[{"embeddable":true,"href":"https:\/\/fengchashop.com\/pl\/wp-json\/wp\/v2\/media\/6277"}],"wp:attachment":[{"href":"https:\/\/fengchashop.com\/pl\/wp-json\/wp\/v2\/media?parent=6276"}],"wp:term":[{"taxonomy":"product_brand","embeddable":true,"href":"https:\/\/fengchashop.com\/pl\/wp-json\/wp\/v2\/product_brand?post=6276"},{"taxonomy":"product_cat","embeddable":true,"href":"https:\/\/fengchashop.com\/pl\/wp-json\/wp\/v2\/product_cat?post=6276"},{"taxonomy":"product_tag","embeddable":true,"href":"https:\/\/fengchashop.com\/pl\/wp-json\/wp\/v2\/product_tag?post=6276"}],"curies":[{"name":"wp","href":"https:\/\/api.w.org\/{rel}","templated":true}]}}