{"id":6270,"date":"2022-06-15T09:02:24","date_gmt":"2022-06-15T07:02:24","guid":{"rendered":"https:\/\/fengchashop.com\/pl\/product\/wild-yam-dziki-pochrzyn-proszek-250-g\/"},"modified":"2026-05-15T06:50:23","modified_gmt":"2026-05-15T04:50:23","slug":"wild-yam-dziki-pochrzyn-proszek","status":"publish","type":"product","link":"https:\/\/fengchashop.com\/pl\/product\/wild-yam-dziki-pochrzyn-proszek\/","title":{"rendered":"Wild yam (Dziki Pochrzyn) proszek 250 g"},"content":{"rendered":"<h2 align=\"JUSTIFY\"><span style=\"color: #000000\">Wild yam (Dziki Pochrzyn) proszek<\/span><\/h2>\n<p><span style=\"color: #000000\">Pochrzyn dziki (Dioscorea Polystachya) to wysoka ro\u015blina pn\u0105ca pochodz\u0105ca z Ameryki \u015arodkowej. Ma pi\u0119kne, zielone li\u015bcie w kszta\u0142cie serca, a jego sekret tkwi w wyd\u0142u\u017conym korzeniu z wyra\u017anie bia\u0142\u0105, mi\u0119sist\u0105 cz\u0119\u015bci\u0105. Czasami nazywana jest tak\u017ce meksyka\u0144skim dzikim pochrzynem lub dioscore\u0105.<\/span><\/p>\n<p><span style=\"color: #000000\">Udowodniono, \u017ce reguluje zaburzenia r\u00f3wnowagi hormonalnej progesteronu i estrogenu u m\u0119\u017cczyzn i kobiet. W rezultacie mo\u017ce r\u00f3wnie\u017c pom\u00f3c przy problemach z w\u0105trob\u0105, b\u00f3lach menstruacyjnych, problemach metabolicznych i tarczycy, cholesterolu i cukru we krwi.<\/span><\/p>\n<p><span style=\"color: #000000\">Dziki pochrzyn zawiera substancj\u0119 podobn\u0105 do estrogenu (fitoestrogen) zwan\u0105 diosgenin\u0105. Jest to ca\u0142kowicie naturalny sk\u0142adnik, kt\u00f3ry mo\u017ce zast\u0105pi\u0107 brak hormonu w organizmie. Niedob\u00f3r progesteronu wyst\u0119puje najcz\u0119\u015bciej po 30 roku \u017cycia lub p\u00f3\u017aniej w okresie menopauzy i mo\u017ce by\u0107 r\u00f3wnie\u017c przyczyn\u0105 przedwczesnej menopauzy.<\/span><\/p>\n<p><span style=\"color: #000000\">Diosgenina jest chemicznie bardzo podobna do cholesterolu, progesteronu i hormonu DHEA. W organizmie na\u015bladuje dzia\u0142anie hormonu progesteronu i korzystnie wp\u0142ywa na gospodark\u0119 hormonaln\u0105.<\/span><\/p>\n<p><span style=\"color: #000000\">Dziki pochrzyn w postaci tabletek i krem\u00f3w cieszy si\u0119 w naszym kraju popularno\u015bci\u0105 od wielu lat. Jest to sta\u0142a praktyka w zielarstwie, gdy\u017c jej pozytywny wp\u0142yw na gospodark\u0119 hormonaln\u0105 zosta\u0142 r\u00f3wnie\u017c potwierdzony naukowo.<\/span><\/p>\n<h2><span style=\"color: #000000\">Komu polecamy go zabra\u0107<\/span><\/h2>\n<p><span style=\"color: #000000\">Dzi\u015b pochrzyn dziki stosuje si\u0119 najcz\u0119\u015bciej przy wszelkiego rodzaju stanach zapalnych, skurczach mi\u0119\u015bni, dra\u017cliwo\u015bci i braku energii. Kobiety si\u0119gaj\u0105 po niego najcz\u0119\u015bciej przy problemach z bolesnymi miesi\u0105czkami i PMS, a tak\u017ce przy cz\u0119stych problemach, kt\u00f3re ujawniaj\u0105 si\u0119 w okresie przej\u015bciowym i menopauzy.<\/span><\/p>\n<p><span style=\"color: #000000\">W przesz\u0142o\u015bci stosowano go tak\u017ce w leczeniu niestrawno\u015bci. Nale\u017c\u0105 do nich zapalenie p\u0119cherzyka \u017c\u00f3\u0142ciowego i zesp\u00f3\u0142 jelita dra\u017cliwego. Powinien pom\u00f3c tak\u017ce przy problemach z drogami moczowymi.<\/span><\/p>\n<h2><span style=\"color: #000000\">Jakie s\u0105 korzy\u015bci z jego przyjmowania<\/span><\/h2>\n<p><span style=\"color: #000000\">Opr\u00f3cz powy\u017cszego, dziki ignam to tak\u017ce:<\/span><\/p>\n<p><span style=\"color: #000000\">\ud83d\udc9aPopularny suplement diety dla kobiet w okresie menopauzy (uderzenia gor\u0105ca, zm\u0119czenie, stany l\u0119kowe) oraz dla kobiet, kt\u00f3re maj\u0105 problemy z PMS (rozdra\u017cnienie i silny b\u00f3l).<\/span><br \/>\n<span style=\"color: #000000\">\ud83d\udc9a \u0141agodzi obfite krwawienia podczas cyklu menstruacyjnego.<\/span><br \/>\n<span style=\"color: #000000\">\ud83d\udc9a Cz\u0119sto stosowany jest tak\u017ce pomocniczo przy chorobach autoimmunologicznych.<\/span><br \/>\n<span style=\"color: #000000\">\ud83d\udc9a Poniewa\u017c skutkiem braku r\u00f3wnowagi hormonalnej objawia si\u0119 tak\u017ce sucho\u015b\u0107 sk\u00f3ry i w\u0142os\u00f3w, \u0142amliwe paznokcie oraz cellulit, szczeg\u00f3lnie kobiety si\u0119gaj\u0105 po niego nawet przy tych problemach.<\/span><br \/>\n<span style=\"color: #000000\">\ud83d\udc9a Dziki pochrzyn zawiera substancje hormonopodobne, kt\u00f3re w organizmie zachowuj\u0105 si\u0119 jak progesteron; zaczyna drastycznie spada\u0107 u wszystkich kobiet po 30 roku \u017cycia. Zaczynaj\u0105 pojawia\u0107 si\u0119 objawy niedoboru progesteronu, takie jak spadek libido, przyrost masy cia\u0142a i problemy psychiczne, w tym depresja.<\/span><br \/>\n<span style=\"color: #000000\">\ud83d\udc9a Korzystnie wp\u0142ywa na stany zapalne, artretyzm i inne choroby reumatyczne oraz alergie.<\/span><\/p>\n<h2><span style=\"color: #000000\">Warto\u015bci od\u017cywcze<\/span><\/h2>\n<p><span style=\"color: #000000\">\u015arednie warto\u015bci od\u017cywcze w 100 g: Warto\u015b\u0107 energetyczna: 1468 kJ \/ 346 kcal; T\u0142uszcz: 0,1 g, w tym nasycone: &lt;0,1 g; W\u0119glowodany: 78,2 g, w tym cukry: 1,9 g; B\u0142onnik: 1,3 g, Bia\u0142ko: 7,2 g; S\u00f3l: &lt;0,1 g.<\/span><\/p>\n<h2 align=\"JUSTIFY\"><span style=\"color: #000000\">Opakowanie<\/span><\/h2>\n<p align=\"JUSTIFY\"><span style=\"color: #000000\">Nieprzepuszczalna torba zamykana na zamek, w kt\u00f3rej produkt zachowuje swoj\u0105 \u015bwie\u017co\u015b\u0107 i aromat. Opakowanie chroni przed \u015bwiat\u0142em i powietrzem, poniewa\u017c sk\u0142ada si\u0119 z kilku warstw ochronnych, kt\u00f3re zachowuj\u0105 w\u0142a\u015bciwo\u015bci zawarto\u015bci.<\/span><\/p>\n<p align=\"JUSTIFY\"><span style=\"color: #000000\">Opakowanie jest bardzo praktyczne i nadaje si\u0119 do recyklingu.<\/span><\/p>\n<h2 align=\"JUSTIFY\"><span style=\"color: #000000\">Przechowywanie i ostrze\u017cenia<\/span><\/h2>\n<p align=\"JUSTIFY\"><span style=\"color: #000000\">Przechowywa\u0107 w ch\u0142odnym, suchym miejscu. Suplement diety nale\u017cy przechowywa\u0107 w miejscu niedost\u0119pnym dla dzieci!<\/span><\/p>\n<p align=\"JUSTIFY\"><span style=\"color: #000000\">Nie zapominaj, jak wa\u017cna jest zr\u00f3\u017cnicowana dieta i zdrowy tryb \u017cycia, dlatego suplement diety nie zast\u0119puje zbilansowanej i zr\u00f3\u017cnicowanej diety. Nie nale\u017cy przekracza\u0107 zalecanej dziennej ilo\u015bci lub dawki. Dziki pochrzyn nie jest odpowiedni dla kobiet w ci\u0105\u017cy, matek karmi\u0105cych i dzieci. Odradzamy r\u00f3wnie\u017c stosowanie preparatu kobietom cierpi\u0105cym na choroby hormonalne takie jak endometrioza, nowotwory jajnik\u00f3w, piersi, macicy itp. Nie zaleca si\u0119 go tak\u017ce m\u0119\u017cczyznom chorym na raka prostaty.<\/span><\/p>\n<h2 align=\"JUSTIFY\"><span style=\"color: #000000\">Kraj pochodzenia<\/span><\/h2>\n<p align=\"JUSTIFY\"><span style=\"color: #000000\">Chiny. Posiadamy bardzo wiarygodnych dostawc\u00f3w, kt\u00f3rzy przesy\u0142aj\u0105 nam szczeg\u00f3\u0142ow\u0105 analiz\u0119 chemiczn\u0105 \u017cywno\u015bci dla ka\u017cdej partii. Przez ponad dziesi\u0119\u0107 lat nie mieli\u015bmy \u017cadnych wycofa\u0144 ani \u017cadnych innych problem\u00f3w zwi\u0105zanych z tym produktem, ani z innymi produktami tego samego dostawcy.<br \/>\n<\/span><\/p>\n","protected":false},"excerpt":{"rendered":"<p>Udowodniono, \u017ce reguluje zaburzenia r\u00f3wnowagi hormonalnej progesteronu i estrogenu u m\u0119\u017cczyzn i kobiet. W rezultacie mo\u017ce r\u00f3wnie\u017c pom\u00f3c przy problemach z w\u0105trob\u0105, b\u00f3lach menstruacyjnych, problemach metabolicznych i tarczycy, cholesterolu i cukru we krwi. Dziki pochrzyn zawiera substancj\u0119 podobn\u0105 do estrogenu (fitoestrogen) zwan\u0105 diosgenin\u0105. Jest to ca\u0142kowicie naturalny sk\u0142adnik, kt\u00f3ry mo\u017ce zast\u0105pi\u0107 brak hormonu w organizmie. Niedob\u00f3r progesteronu wyst\u0119puje najcz\u0119\u015bciej po 30 roku \u017cycia lub p\u00f3\u017aniej w okresie menopauzy i mo\u017ce by\u0107 r\u00f3wnie\u017c przyczyn\u0105 przedwczesnej menopauzy.<\/p>\n<p>\ud83d\udc9aMa dzia\u0142anie przeciwzapalne.<br \/>\n\ud83d\udc9aDla kobiet w okresie menopauzy oraz dla kobiet, kt\u00f3re maj\u0105 problemy z PMS.<br \/>\n\ud83d\udc9a\u0141agodzi problemy menstruacyjne.<\/p>\n","protected":false},"featured_media":6271,"comment_status":"open","ping_status":"closed","template":"","meta":{"_acf_changed":false},"product_brand":[],"product_cat":[15,224,225],"product_tag":[],"class_list":{"0":"post-6270","1":"product","2":"type-product","3":"status-publish","4":"has-post-thumbnail","6":"product_cat-uncategorized","7":"product_cat-oferta","8":"product_cat-wszystkie-produkty","10":"first","11":"instock","12":"taxable","13":"shipping-taxable","14":"purchasable","15":"product-type-simple"},"acf":[],"_links":{"self":[{"href":"https:\/\/fengchashop.com\/pl\/wp-json\/wp\/v2\/product\/6270","targetHints":{"allow":["GET"]}}],"collection":[{"href":"https:\/\/fengchashop.com\/pl\/wp-json\/wp\/v2\/product"}],"about":[{"href":"https:\/\/fengchashop.com\/pl\/wp-json\/wp\/v2\/types\/product"}],"replies":[{"embeddable":true,"href":"https:\/\/fengchashop.com\/pl\/wp-json\/wp\/v2\/comments?post=6270"}],"wp:featuredmedia":[{"embeddable":true,"href":"https:\/\/fengchashop.com\/pl\/wp-json\/wp\/v2\/media\/6271"}],"wp:attachment":[{"href":"https:\/\/fengchashop.com\/pl\/wp-json\/wp\/v2\/media?parent=6270"}],"wp:term":[{"taxonomy":"product_brand","embeddable":true,"href":"https:\/\/fengchashop.com\/pl\/wp-json\/wp\/v2\/product_brand?post=6270"},{"taxonomy":"product_cat","embeddable":true,"href":"https:\/\/fengchashop.com\/pl\/wp-json\/wp\/v2\/product_cat?post=6270"},{"taxonomy":"product_tag","embeddable":true,"href":"https:\/\/fengchashop.com\/pl\/wp-json\/wp\/v2\/product_tag?post=6270"}],"curies":[{"name":"wp","href":"https:\/\/api.w.org\/{rel}","templated":true}]}}