{"id":6260,"date":"2022-05-27T15:00:16","date_gmt":"2022-05-27T13:00:16","guid":{"rendered":"https:\/\/fengchashop.com\/pl\/product\/zielona-kawa-w-proszku-bio-500-g\/"},"modified":"2026-04-28T10:47:35","modified_gmt":"2026-04-28T08:47:35","slug":"zielona-kawa-w-proszku-bio-500-g","status":"publish","type":"product","link":"https:\/\/fengchashop.com\/pl\/product\/zielona-kawa-w-proszku-bio-500-g\/","title":{"rendered":"Zielona kawa w proszku BIO 500 g"},"content":{"rendered":"<h2 align=\"JUSTIFY\">Zielona kawa mielona BIO<\/h2>\n<p>Zielone ziarna kawy to po prostu niepalone ziarna zwyk\u0142ej kawy. Dlatego zielona kawa jest produktem ca\u0142kowicie naturalnym. Przygotujmy j\u0105 jak zwyk\u0142\u0105 herbat\u0119 zio\u0142ow\u0105. Smakuje r\u00f3wnie\u017c bardzo podobnie do herbaty zio\u0142owej.<\/p>\n<p>Ziarna kawy s\u0105 specjalnie wyselekcjonowane z plantacji organicznych i s\u0105 mielone w specjalny spos\u00f3b, aby zapewni\u0107 optymalny efekt i oczywi\u015bcie smak podczas przygotowania.<\/p>\n<p>Zielona kawa zyskuje coraz wi\u0119cej zwolennik\u00f3w ze wzgl\u0119du na jej pozytywny wp\u0142yw na wsp\u00f3\u0142czesne dolegliwo\u015bci: nadwag\u0119, stres, brak energii i starzenie si\u0119. W\u0142a\u015bnie dlatego nie dziwi nas, \u017ce po tylu latach nadal jest to popularna i dobrze sprzedaj\u0105ca si\u0119 \u017cywno\u015b\u0107.<\/p>\n<p>Nasza zielona kawa to certyfikowany produkt organiczny, ca\u0142kowicie naturalny i bez dodatk\u00f3w.<\/p>\n<h2>Co to jest kwas chlorogenowy lub jak to dzia\u0142a?<\/h2>\n<p>Ze wzgl\u0119du na obecno\u015b\u0107 kwasu chlorogenowego w\u0105troba przestaje uwalnia\u0107 glukoz\u0119 do krwi. Nasz organizm reaguje na to, zaczynaj\u0105c wykorzystywa\u0107 zmagazynowany t\u0142uszcz. Poprawia si\u0119 metabolizm i zwi\u0119ksza si\u0119 utrata t\u0142uszczu. Innymi s\u0142owy, kwas chlorogenowy pomaga w spalaniu zapas\u00f3w t\u0142uszczu w organizmie, a tym samym zmniejsza wag\u0119.<\/p>\n<p>Wed\u0142ug wynik\u00f3w niekt\u00f3rych bada\u0144, zielona kawa ma tak\u017ce zapobiega\u0107 i obni\u017ca\u0107 wysokie ci\u015bnienie krwi, poprawia\u0107 prac\u0119 hormonu rozpuszczaj\u0105cego t\u0142uszcze oraz obni\u017ca\u0107 poziom cholesterolu i tr\u00f3jgliceryd\u00f3w.<\/p>\n<p>I chocia\u017c zielona kawa znana jest g\u0142\u00f3wnie ze swojego dzia\u0142ania kwasu chlorogenowego i wp\u0142ywu na odchudzanie, mo\u017ce by\u0107 r\u00f3wnie\u017c dobrym substytutem zwyk\u0142ej kawy czy herbaty.<\/p>\n<h2>Jakie s\u0105 sk\u0142adniki zielonej kawy i jak dzia\u0142aj\u0105?<\/h2>\n<p>\ud83d\udc9a Kofeina \u2013 kawa zielona zawiera nieco mniejsze st\u0119\u017cenie kofeiny. Niewielkie ilo\u015bci kofeiny przeciwdzia\u0142aj\u0105 zm\u0119czeniu fizycznemu i psychicznemu. Dla wi\u0119kszej energii i lepszego samopoczucia.<br \/>\n\ud83d\udc9a Kwas chlorogenowy \u2013 pomaga rozpuszcza\u0107 t\u0142uszcze i zapobiega wch\u0142anianiu cukru w \u200b\u200bprzewodzie pokarmowym oraz reguluje poziom cukru we krwi. Dzi\u0119ki zawarto\u015bci kwasu chlorogenowego zielona kawa mo\u017ce pom\u00f3c w utracie wagi. Podczas pieczenia traci jednak wi\u0119kszo\u015b\u0107.<br \/>\n\ud83d\udc9a Przeciwutleniacze \u2013 niszcz\u0105 wolne rodniki, dzi\u0119ki czemu mog\u0105 zapobiega\u0107 wyst\u0119powaniu niekt\u00f3rych chor\u00f3b. Ponadto przeciwutleniacze dzia\u0142aj\u0105 r\u00f3wnie\u017c przeciwko starzeniu si\u0119 lub hamuj\u0105 procesy wp\u0142ywaj\u0105ce na starzenie si\u0119.<br \/>\n\ud83d\udc9a Pozosta\u0142e sk\u0142adniki \u2013 witaminy z grupy B, minera\u0142y, polifenole. Wszystko, czego nasz organizm potrzebuje na co dzie\u0144. Kompleks B przyczynia si\u0119 do prawid\u0142owego funkcjonowania psychicznego oraz zmniejszenia uczucia zm\u0119czenia i wyczerpania.<\/p>\n<h2>Nie tylko na odchudzanie<\/h2>\n<p>Zielona kawa to przyjemne prze\u017cycie dla wszystkich mi\u0142o\u015bnik\u00f3w dobrych herbat zio\u0142owych. Smak jest bardzo przyjemny, ciekawy i niepowtarzalny. Wi\u0119kszo\u015b\u0107 ludzi kojarzy j\u0105 z utrat\u0105 wagi, jednak zielon\u0105 kaw\u0119 mo\u017cna spo\u017cywa\u0107 tak\u017ce w innym celu, a je\u015bli mamy zrobi\u0107 co\u015b innego dla poprawy naszego samopoczucia, to (przynajmniej) upiec dwie pieczenie na jednym ogniu. Dzi\u0119ki z\u0142o\u017conemu sk\u0142adowi, pe\u0142nemu antyoksydant\u00f3w, minera\u0142\u00f3w, witamin i polifenoli, mo\u017ce pozytywnie wp\u0142ywa\u0107 na obni\u017cenie ci\u015bnienia krwi, przyspiesza metabolizm, zmniejsza wch\u0142anianie cukru i spowalnia proces starzenia.<\/p>\n<h2>Kiedy zaleca si\u0119 pi\u0107 zielon\u0105 kaw\u0119?<\/h2>\n<p>Ze wzgl\u0119du na zawarto\u015b\u0107 kofeiny nie zalecamy za\u017cywania jej przed snem, zw\u0142aszcza je\u015bli kofeina ma du\u017cy wp\u0142yw na czujno\u015b\u0107.<\/p>\n<p>Poza tym mo\u017cna j\u0105 oczywi\u015bcie pi\u0107 przy ka\u017cdej okazji, tak jak zwyk\u0142\u0105 kaw\u0119 czy herbat\u0119. Dzi\u0119ki zielonej kawie wzbogacamy wyb\u00f3r napoj\u00f3w, kt\u00f3re spo\u017cywamy na co dzie\u0144. Jest szczeg\u00f3lnie mile widziany, gdy potrzebujemy czego\u015b, co poprawi nam energi\u0119 i nastr\u00f3j.<\/p>\n<p>Je\u015bli jednak chcemy zapanowa\u0107 nad wag\u0105 i schudn\u0105\u0107 kilka kilogram\u00f3w za pomoc\u0105 zielonej kawy, zalecamy pi\u0107 j\u0105 przynajmniej 15 minut przed ka\u017cdym g\u0142\u00f3wnym posi\u0142kiem. Tylko w ten spos\u00f3b b\u0119dzie dzia\u0142a\u0107 jako \u015brodek t\u0142umi\u0105cy apetyt. Wa\u017cne jest, aby nie pi\u0107 go w trakcie lub po posi\u0142ku.<\/p>\n<h2>Ile zielonej kawy zaleca si\u0119 pi\u0107?<\/h2>\n<p>Aby osi\u0105gn\u0105\u0107 optymalne dzia\u0142anie tego naturalnego i zdrowego napoju, kt\u00f3ry poprawia og\u00f3lne samopoczucie, dodaje energii i mo\u017ce by\u0107 niezwykle pomocny w odchudzaniu, nale\u017cy pi\u0107 co najmniej p\u00f3\u0142 litra dziennie. Je\u015bli to mo\u017cliwe, powinien by\u0107 zawsze \u015bwie\u017co przygotowany.<\/p>\n<h2 align=\"JUSTIFY\">Opakowanie<\/h2>\n<p align=\"JUSTIFY\">Nieprzepuszczalna torba zamykana na zamek, w kt\u00f3rej produkt zachowuje swoj\u0105 \u015bwie\u017co\u015b\u0107 i aromat. Opakowanie chroni przed \u015bwiat\u0142em i powietrzem, poniewa\u017c sk\u0142ada si\u0119 z kilku warstw ochronnych, kt\u00f3re zachowuj\u0105 w\u0142a\u015bciwo\u015bci zawarto\u015bci.<\/p>\n<p align=\"JUSTIFY\">Opakowanie jest bardzo praktyczne i nadaje si\u0119 do recyklingu.<\/p>\n<h2 align=\"JUSTIFY\">Przechowywanie i ostrze\u017cenia<\/h2>\n<p align=\"JUSTIFY\">Przechowywa\u0107 w ch\u0142odnym, suchym miejscu. Suplement diety nale\u017cy przechowywa\u0107 w miejscu niedost\u0119pnym dla dzieci!<\/p>\n<p align=\"JUSTIFY\">Pami\u0119taj o zr\u00f3\u017cnicowanej diecie i zdrowym trybie \u017cycia &#8211; suplement diety nie mo\u017ce zast\u0105pi\u0107 zr\u00f3wnowa\u017conej i zr\u00f3\u017cnicowanej diety. Nie nale\u017cy przekracza\u0107 zalecanej dawki dziennej. Kobietom w ci\u0105\u017cy i karmi\u0105cym piersi\u0105 zaleca si\u0119 zawsze skonsultowanie si\u0119 z lekarzem przed zastosowaniem preparatu.<\/p>\n<h2 align=\"JUSTIFY\">Kraj pochodzenia<\/h2>\n<p align=\"JUSTIFY\">Ameryka Po\u0142udniowa<\/p>\n","protected":false},"excerpt":{"rendered":"<p>Zielone ziarna kawy to po prostu niepalone ziarna zwyk\u0142ej kawy. Dlatego zielona kawa jest produktem ca\u0142kowicie naturalnym. Przygotujmy j\u0105 jak zwyk\u0142\u0105 herbat\u0119 zio\u0142ow\u0105. Smakuje r\u00f3wnie\u017c bardzo podobnie do herbaty zio\u0142owej. Zielona kawa zawiera:<br \/>\n\ud83d\udc9a kofeina &#8211; zawiera nieco mniejsze st\u0119\u017cenie kofeiny. Niewielkie ilo\u015bci kofeiny przeciwdzia\u0142aj\u0105 zm\u0119czeniu fizycznemu i psychicznemu. Dla wi\u0119kszej energii i lepszego samopoczucia.<br \/>\n\ud83d\udc9akwas chlorogenowy &#8211; pomaga rozpuszcza\u0107 t\u0142uszcze i zapobiega wch\u0142anianiu cukru w \u200b\u200bprzewodzie pokarmowym oraz reguluje poziom cukru we krwi. Dzi\u0119ki zawarto\u015bci kwasu chlorogenowego zielona kawa mo\u017ce pom\u00f3c w utracie wagi. Podczas pieczenia traci jednak wi\u0119kszo\u015b\u0107.<br \/>\n\ud83d\udc9a przeciwutleniacze &#8211; niszcz\u0105 wolne rodniki i dzi\u0119ki temu mog\u0105 zapobiega\u0107 wyst\u0119powaniu niekt\u00f3rych chor\u00f3b. Ponadto przeciwutleniacze dzia\u0142aj\u0105 r\u00f3wnie\u017c przeciwko starzeniu si\u0119 lub hamuj\u0105 procesy wp\u0142ywaj\u0105ce na starzenie si\u0119.<br \/>\n\ud83d\udc9a pozosta\u0142e sk\u0142adniki \u2013 witaminy z grupy B, minera\u0142y, polifenole. Wszystko, czego nasz organizm potrzebuje na co dzie\u0144. Kompleks B przyczynia si\u0119 do prawid\u0142owego funkcjonowania psychicznego oraz zmniejszenia uczucia zm\u0119czenia i wyczerpania.<\/p>\n","protected":false},"featured_media":6261,"comment_status":"open","ping_status":"closed","template":"","meta":{"_acf_changed":false},"product_brand":[],"product_cat":[15,205,224,225],"product_tag":[],"class_list":{"0":"post-6260","1":"product","2":"type-product","3":"status-publish","4":"has-post-thumbnail","6":"product_cat-uncategorized","7":"product_cat-herbata-jedzenie-i-przyprawy","8":"product_cat-oferta","9":"product_cat-wszystkie-produkty","11":"first","12":"instock","13":"taxable","14":"shipping-taxable","15":"purchasable","16":"product-type-simple"},"acf":[],"_links":{"self":[{"href":"https:\/\/fengchashop.com\/pl\/wp-json\/wp\/v2\/product\/6260","targetHints":{"allow":["GET"]}}],"collection":[{"href":"https:\/\/fengchashop.com\/pl\/wp-json\/wp\/v2\/product"}],"about":[{"href":"https:\/\/fengchashop.com\/pl\/wp-json\/wp\/v2\/types\/product"}],"replies":[{"embeddable":true,"href":"https:\/\/fengchashop.com\/pl\/wp-json\/wp\/v2\/comments?post=6260"}],"wp:featuredmedia":[{"embeddable":true,"href":"https:\/\/fengchashop.com\/pl\/wp-json\/wp\/v2\/media\/6261"}],"wp:attachment":[{"href":"https:\/\/fengchashop.com\/pl\/wp-json\/wp\/v2\/media?parent=6260"}],"wp:term":[{"taxonomy":"product_brand","embeddable":true,"href":"https:\/\/fengchashop.com\/pl\/wp-json\/wp\/v2\/product_brand?post=6260"},{"taxonomy":"product_cat","embeddable":true,"href":"https:\/\/fengchashop.com\/pl\/wp-json\/wp\/v2\/product_cat?post=6260"},{"taxonomy":"product_tag","embeddable":true,"href":"https:\/\/fengchashop.com\/pl\/wp-json\/wp\/v2\/product_tag?post=6260"}],"curies":[{"name":"wp","href":"https:\/\/api.w.org\/{rel}","templated":true}]}}