{"id":6253,"date":"2022-05-23T16:36:27","date_gmt":"2022-05-23T14:36:27","guid":{"rendered":"https:\/\/fengchashop.com\/pl\/product\/pieprz-kajenski-w-proszku-bio-250-g\/"},"modified":"2026-04-28T14:31:14","modified_gmt":"2026-04-28T12:31:14","slug":"pieprz-kajenski-w-proszku-bio","status":"publish","type":"product","link":"https:\/\/fengchashop.com\/pl\/product\/pieprz-kajenski-w-proszku-bio\/","title":{"rendered":"Pieprz kaje\u0144ski w proszku BIO 250 g"},"content":{"rendered":"<div class=\"std\">\n<h2 style=\"text-align: justify\"><span style=\"color: #000000\">Organiczny pieprz cayenne<\/span><\/h2>\n<p style=\"text-align: justify\"><span style=\"color: #000000\">Pieprz cayenne pochodzi z Ameryki Po\u0142udniowej. Zosta\u0142 przywieziony do Europy przez hiszpa\u0144skich konkwistador\u00f3w, ale jego \u0142atwa uprawa sprawi\u0142a, \u017ce sta\u0142 si\u0119 szczeg\u00f3lnie popularny w Azji Po\u0142udniowej i Po\u0142udniowo-Wschodniej, staj\u0105c si\u0119 g\u0142\u0119boko zakorzeniony w ich kuchni. Cho\u0107 znany jest jako pieprz, nie ma <strong>z nim nic wsp\u00f3lnego poza ostrym<\/strong> smakiem. Pieprz cayenne jest w rzeczywisto\u015bci <strong>mieszank\u0105 r\u00f3\u017cnych rodzaj\u00f3w owoc\u00f3w chili<\/strong>, kt\u00f3re s\u0105 suszone i mielone na proszek. Suszony pieprz cayenne jest \u0142agodniejszy ni\u017c \u015bwie\u017cy, ale r\u00f3\u017cnice te znacznie zmniejszaj\u0105 si\u0119 podczas gotowania. Pieprz cayenne jest r\u00f3wnie\u017c wa\u017cnym sk\u0142adnikiem chili, tabasco i innych indyjskich przypraw.<\/span><\/p>\n<h2 style=\"text-align: justify\"><span style=\"color: #000000\">Poziom ostro\u015bci<\/span><\/h2>\n<p><span style=\"color: #000000\">Chocia\u017c pieprz cayenne jest oceniany na <strong>30 000<\/strong> do <strong>50 000<\/strong> jednostek w skali Scoville&#8217;a, nasz jest nieco \u0142agodniejszy, wi\u0119c oceniamy go na <strong>6\/10<\/strong> w skali od 1 do 10.<\/span><\/p>\n<h2 style=\"text-align: justify\"><span style=\"color: #000000\">Przechowywanie<\/span><\/h2>\n<p style=\"text-align: justify\"><span style=\"color: #000000\">Przechowywa\u0107 w suchym, ciemnym i ch\u0142odnym miejscu. Upewni\u0107 si\u0119, \u017ce torebka lub pude\u0142ko s\u0105 szczelnie zamkni\u0119te.<\/span><\/p>\n<h2 style=\"text-align: justify\"><span style=\"color: #000000\">Opakowanie<\/span><\/h2>\n<p style=\"text-align: justify\"><span style=\"color: #000000\">Nieprzepuszczalna torebka z zamkiem b\u0142yskawicznym, w kt\u00f3rej produkt zachowuje \u015bwie\u017co\u015b\u0107 i aromat. Opakowanie chroni przed \u015bwiat\u0142em i powietrzem, poniewa\u017c sk\u0142ada si\u0119 z kilku warstw ochronnych, aby zachowa\u0107 w\u0142a\u015bciwo\u015bci zawarto\u015bci.<\/span><\/p>\n<p style=\"text-align: justify\"><span style=\"color: #000000\">Opakowanie jest bardzo praktyczne i nadaje si\u0119 do recyklingu.<\/span><\/p>\n<h2><span style=\"color: #000000\">Pochodzenie<\/span><\/h2>\n<p><span style=\"color: #000000\">Indie<\/span><\/p>\n<\/div>\n","protected":false},"excerpt":{"rendered":"<p>Substancja, kt\u00f3ra powoduje pal\u0105cy smak, nazywana jest kapsaicyn\u0105, kt\u00f3ra ma szereg efekt\u00f3w leczniczych. Jednostka Scoville&#8217;a na skali wskazuje ostro\u015b\u0107 zgodnie z zawarto\u015bci\u0105 kapsaicyny, kt\u00f3ra jest w rzeczywisto\u015bci alkaloidem, kt\u00f3ry sprawia, \u017ce chili &#8222;pali&#8221;. Wysy\u0142a on do naszego m\u00f3zgu t\u0119 sam\u0105 wiadomo\u015b\u0107, kt\u00f3r\u0105 otrzymujemy po zjedzeniu czego\u015b ostrego. Pieprz cayenne jest zatem stosowany do \u0142agodzenia i leczenia niekt\u00f3rych problem\u00f3w: wykazano, \u017ce pomaga w trawieniu poprzez przyspieszenie metabolizmu, pomaga r\u00f3wnie\u017c w kr\u0105\u017ceniu krwi i poceniu si\u0119, a tak\u017ce mo\u017ce by\u0107 bardzo pomocny w przypadku problem\u00f3w z oddychaniem. Jest bogaty w witamin\u0119 C, wi\u0119c jest doskona\u0142y na przezi\u0119bienia i gryp\u0119. Wzmacnia r\u00f3wnie\u017c uk\u0142ad odporno\u015bciowy i ma w\u0142a\u015bciwo\u015bci przeciwzapalne i przeciwbakteryjne. Dodany do herbaty rozgrzewa i chroni przed depresj\u0105.<\/p>\n<p>\ud83d\udc9a Pochodzi z produkcji ekologicznej.<br \/>\n\ud83d\udc9a Pomaga r\u00f3wnie\u017c w odchudzaniu.<br \/>\n\ud83d\udc9a Ma dzia\u0142anie przeciwzapalne i przeciwbakteryjne.<br \/>\n\ud83d\udc9a Zawiera kapsaicyn\u0119, kt\u00f3ra ma szereg w\u0142a\u015bciwo\u015bci leczniczych.<\/p>\n","protected":false},"featured_media":6254,"comment_status":"open","ping_status":"closed","template":"","meta":{"_acf_changed":false},"product_brand":[],"product_cat":[15,230,205,224,225],"product_tag":[],"class_list":{"0":"post-6253","1":"product","2":"type-product","3":"status-publish","4":"has-post-thumbnail","6":"product_cat-uncategorized","7":"product_cat-ajurweda","8":"product_cat-herbata-jedzenie-i-przyprawy","9":"product_cat-oferta","10":"product_cat-wszystkie-produkty","12":"first","13":"instock","14":"taxable","15":"shipping-taxable","16":"purchasable","17":"product-type-simple"},"acf":[],"_links":{"self":[{"href":"https:\/\/fengchashop.com\/pl\/wp-json\/wp\/v2\/product\/6253","targetHints":{"allow":["GET"]}}],"collection":[{"href":"https:\/\/fengchashop.com\/pl\/wp-json\/wp\/v2\/product"}],"about":[{"href":"https:\/\/fengchashop.com\/pl\/wp-json\/wp\/v2\/types\/product"}],"replies":[{"embeddable":true,"href":"https:\/\/fengchashop.com\/pl\/wp-json\/wp\/v2\/comments?post=6253"}],"wp:featuredmedia":[{"embeddable":true,"href":"https:\/\/fengchashop.com\/pl\/wp-json\/wp\/v2\/media\/6254"}],"wp:attachment":[{"href":"https:\/\/fengchashop.com\/pl\/wp-json\/wp\/v2\/media?parent=6253"}],"wp:term":[{"taxonomy":"product_brand","embeddable":true,"href":"https:\/\/fengchashop.com\/pl\/wp-json\/wp\/v2\/product_brand?post=6253"},{"taxonomy":"product_cat","embeddable":true,"href":"https:\/\/fengchashop.com\/pl\/wp-json\/wp\/v2\/product_cat?post=6253"},{"taxonomy":"product_tag","embeddable":true,"href":"https:\/\/fengchashop.com\/pl\/wp-json\/wp\/v2\/product_tag?post=6253"}],"curies":[{"name":"wp","href":"https:\/\/api.w.org\/{rel}","templated":true}]}}