{"id":6247,"date":"2022-05-23T16:14:27","date_gmt":"2022-05-23T14:14:27","guid":{"rendered":"https:\/\/fengchashop.com\/pl\/product\/siano-greckie-triplat-bio-500-g\/"},"modified":"2026-04-27T20:21:46","modified_gmt":"2026-04-27T18:21:46","slug":"siano-greckie-triplat-bio","status":"publish","type":"product","link":"https:\/\/fengchashop.com\/pl\/product\/siano-greckie-triplat-bio\/","title":{"rendered":"Siano greckie (Triplat) BIO 500 g"},"content":{"rendered":"<h2 style=\"text-align: justify\"><span style=\"color: #000000\">Greckie siano lub organiczna kozieradka<\/span><\/h2>\n<p style=\"text-align: justify\"><span style=\"color: #000000\">Kozieradka grecka to ro\u015blina jednoroczna, kt\u00f3ra ro\u015bnie na wysoko\u015b\u0107 oko\u0142o p\u00f3\u0142 metra. Nasiona, kt\u00f3re s\u0105 u\u017cywane jako przyprawa, znajduj\u0105 si\u0119 w <strong>str\u0105kach<\/strong> ro\u015bliny. Nazywana jest r\u00f3wnie\u017c kozieradk\u0105 lub kozieradk\u0105 z j\u0119zyka angielskiego.<\/span><\/p>\n<p style=\"text-align: justify\"><span style=\"color: #000000\">Kozieradka jest bogata w bia\u0142ko, witaminy (zw\u0142aszcza witamin\u0119 D) i minera\u0142y, a tak\u017ce zwi\u0105zki fenolowe i flawonoidowe. Ma ostry smak i silny aromat. Jest uwa\u017cana za jedn\u0105 z najstarszych ro\u015blin stosowanych w medycynie i kuchni. Tradycyjnie kozieradka by\u0142a stosowana w leczeniu cukrzycy, cholesterolu, anemii, zaburze\u0144 \u017co\u0142\u0105dkowych i trawiennych oraz przewlek\u0142ego kaszlu. Jest stosowana w tradycyjnej medycynie chi\u0144skiej i ajurwedzie. Kozieradka ma r\u00f3wnie\u017c pozytywny wp\u0142yw na produkcj\u0119 mleka podczas karmienia piersi\u0105.<\/span><\/p>\n<p style=\"text-align: justify\"><span style=\"color: #000000\">\ud83d\udc9a Najcz\u0119\u015bciej wyst\u0119puje w kuchni po\u0142udniowoazjatyckiej i egipskiej. <\/span><\/p>\n<p style=\"text-align: justify\"><span style=\"color: #000000\">\ud83d\udc9a Smak nasion jest s\u0142odki i orzechowy.<\/span><\/p>\n<p style=\"text-align: justify\"><span style=\"color: #000000\">\ud83d\udc9a Nasza kozieradka pochodzi z produkcji ekologicznej.<\/span><\/p>\n<h2 style=\"text-align: justify\"><span style=\"color: #000000\">Przechowywanie<\/span><\/h2>\n<p style=\"text-align: justify\"><span style=\"color: #000000\">Przechowywa\u0107 w ch\u0142odnym, suchym i ciemnym miejscu. Upewnij si\u0119, \u017ce torebka lub pude\u0142ko s\u0105 szczelnie zamkni\u0119te.<\/span><\/p>\n<h2 style=\"text-align: justify\"><span style=\"color: #000000\">Opakowanie<\/span><\/h2>\n<p style=\"text-align: justify\"><span style=\"color: #000000\">Nieprzepuszczalna torebka z zamkiem b\u0142yskawicznym, w kt\u00f3rej produkt zachowuje ca\u0142\u0105 swoj\u0105 \u015bwie\u017co\u015b\u0107 i aromat. Opakowanie chroni przed \u015bwiat\u0142em i powietrzem, poniewa\u017c sk\u0142ada si\u0119 z kilku warstw ochronnych, aby zachowa\u0107 w\u0142a\u015bciwo\u015bci zawarto\u015bci.<\/span><\/p>\n<p style=\"text-align: justify\"><span style=\"color: #000000\">Opakowanie jest bardzo praktyczne i nadaje si\u0119 do recyklingu.<\/span><\/p>\n<h2><span style=\"color: #000000\">Pochodzenie<\/span><\/h2>\n<p><span style=\"color: #000000\">Sri Lanka lub Indie<\/span><\/p>\n","protected":false},"excerpt":{"rendered":"<p>Greckie siano jest bogate w bia\u0142ko, witaminy (zw\u0142aszcza witamin\u0119 D) i minera\u0142y, a tak\u017ce zwi\u0105zki fenolowe i flawonoidowe. Ma ostry smak i silny aromat. Jest uwa\u017cana za jedn\u0105 z najstarszych ro\u015blin stosowanych w <strong>medycynie i kuchni<\/strong>. Tradycyjnie kozieradka by\u0142a stosowana w leczeniu cukrzycy, cholesterolu, anemii, zaburze\u0144 \u017co\u0142\u0105dkowych i trawiennych oraz przewlek\u0142ego kaszlu. Jest stosowana w tradycyjnej medycynie chi\u0144skiej i ajurwedzie.<\/p>\n<p>\ud83d\udc9a Reguluje poziom cholesterolu.<br \/>\n\ud83d\udc9a Ma pozytywny wp\u0142yw na produkcj\u0119 mleka podczas karmienia piersi\u0105.<br \/>\n\ud83d\udc9a Obni\u017ca poziom cukru we krwi.<br \/>\n\ud83d\udc9a Poprawia trawienie.<\/p>\n","protected":false},"featured_media":6248,"comment_status":"open","ping_status":"closed","template":"","meta":{"_acf_changed":false},"product_brand":[],"product_cat":[15,205,224,225],"product_tag":[],"class_list":{"0":"post-6247","1":"product","2":"type-product","3":"status-publish","4":"has-post-thumbnail","6":"product_cat-uncategorized","7":"product_cat-herbata-jedzenie-i-przyprawy","8":"product_cat-oferta","9":"product_cat-wszystkie-produkty","11":"first","12":"instock","13":"sale","14":"taxable","15":"shipping-taxable","16":"purchasable","17":"product-type-simple"},"acf":[],"_links":{"self":[{"href":"https:\/\/fengchashop.com\/pl\/wp-json\/wp\/v2\/product\/6247","targetHints":{"allow":["GET"]}}],"collection":[{"href":"https:\/\/fengchashop.com\/pl\/wp-json\/wp\/v2\/product"}],"about":[{"href":"https:\/\/fengchashop.com\/pl\/wp-json\/wp\/v2\/types\/product"}],"replies":[{"embeddable":true,"href":"https:\/\/fengchashop.com\/pl\/wp-json\/wp\/v2\/comments?post=6247"}],"wp:featuredmedia":[{"embeddable":true,"href":"https:\/\/fengchashop.com\/pl\/wp-json\/wp\/v2\/media\/6248"}],"wp:attachment":[{"href":"https:\/\/fengchashop.com\/pl\/wp-json\/wp\/v2\/media?parent=6247"}],"wp:term":[{"taxonomy":"product_brand","embeddable":true,"href":"https:\/\/fengchashop.com\/pl\/wp-json\/wp\/v2\/product_brand?post=6247"},{"taxonomy":"product_cat","embeddable":true,"href":"https:\/\/fengchashop.com\/pl\/wp-json\/wp\/v2\/product_cat?post=6247"},{"taxonomy":"product_tag","embeddable":true,"href":"https:\/\/fengchashop.com\/pl\/wp-json\/wp\/v2\/product_tag?post=6247"}],"curies":[{"name":"wp","href":"https:\/\/api.w.org\/{rel}","templated":true}]}}