{"id":6244,"date":"2022-05-23T15:45:25","date_gmt":"2022-05-23T13:45:25","guid":{"rendered":"https:\/\/fengchashop.com\/pl\/product\/cynamon-cejlonski-proszek-bio-250-g\/"},"modified":"2026-05-08T13:27:04","modified_gmt":"2026-05-08T11:27:04","slug":"cynamon-cejlonski-proszek-bio","status":"publish","type":"product","link":"https:\/\/fengchashop.com\/pl\/product\/cynamon-cejlonski-proszek-bio\/","title":{"rendered":"Cynamon cejlo\u0144ski proszek BIO 250 g"},"content":{"rendered":"<h2 style=\"text-align: justify\"><span style=\"color: #000000\">Cynamon cejlo\u0144ski w ca\u0142o\u015bci<\/span><\/h2>\n<p style=\"text-align: justify\"><span style=\"color: #000000\">Cynamon cejlo\u0144ski pochodzi ze Sri Lanki (dawniej nazywanej Cejlon, od kt\u00f3rej cynamon wzi\u0105\u0142 swoj\u0105 nazw\u0119). Ten <strong>prawdziwy cynamon<\/strong> jest rzadszy i dlatego o wiele cenniejszy ni\u017c <strong>chi\u0144ski cynamon<\/strong> lub cassia, kt\u00f3re wi\u0119kszo\u015b\u0107 z nas zna i kt\u00f3re s\u0105 dost\u0119pne w wi\u0119kszo\u015bci sklep\u00f3w. Na Sri Lance produkuje si\u0119 r\u00f3\u017cne rodzaje cynamonu, a cynamon cejlo\u0144ski, kt\u00f3ry wybrali\u015bmy, ma subtelny i delikatny zapach. Ma \u0142agodny s\u0142odki smak i jest stosowany jako dodatek do deser\u00f3w, kompot\u00f3w, ciast, ciastek i ciasteczek, ponczu i grzanego wina. U\u017cywa si\u0119 go do aromatyzowania miodu, czekolady, orzech\u00f3w, chili, produkt\u00f3w mlecznych, \u017curawiny, pieczonych jab\u0142ek i banan\u00f3w. Cynamonem w proszku mo\u017cna posypywa\u0107 owoce (sa\u0142atki owocowe, gulasze) i p\u0142atki zbo\u017cowe, dodawa\u0107 go do jogurtu, ry\u017cu mlecznego, twarogu i r\u00f3\u017cnych napoj\u00f3w mlecznych i owocowych. Dobrze komponuje si\u0119 r\u00f3wnie\u017c z herbat\u0105 i kaw\u0105, a tak\u017ce kakao i gor\u0105c\u0105 czekolad\u0105. Cynamon jest r\u00f3wnie\u017c najpopularniejsz\u0105 <strong>przypraw\u0105 bo\u017conarodzeniow\u0105<\/strong>. W rzeczywisto\u015bci cynamon jest jedn\u0105 z najbardziej<strong> wszechstronnych przypraw<\/strong>, wyst\u0119puj\u0105c\u0105 w wielu r\u00f3\u017cnych i czasami nietypowych kombinacjach, zw\u0142aszcza w kuchni orientalnej i meksyka\u0144skiej (na przyk\u0142ad w curry). Jest tradycyjnie u\u017cywany <strong>do wzbogacania potraw<\/strong>. <\/span><\/p>\n<h2 style=\"text-align: justify\"><span style=\"color: #000000\">Przechowywanie<\/span><\/h2>\n<p style=\"text-align: justify\"><span style=\"color: #000000\">Przechowywa\u0107 w suchym, ciemnym i ch\u0142odnym miejscu. Upewnij si\u0119, \u017ce torebka lub pude\u0142ko s\u0105 szczelnie zamkni\u0119te.<\/span><\/p>\n<h2 style=\"text-align: justify\"><span style=\"color: #000000\">Opakowanie<\/span><\/h2>\n<p style=\"text-align: justify\"><span style=\"color: #000000\">Nieprzepuszczalna torebka z zamkiem b\u0142yskawicznym, w kt\u00f3rej produkt zachowuje ca\u0142\u0105 swoj\u0105 \u015bwie\u017co\u015b\u0107 i aromat. Opakowanie chroni przed \u015bwiat\u0142em i powietrzem, poniewa\u017c sk\u0142ada si\u0119 z kilku warstw ochronnych w celu zachowania w\u0142a\u015bciwo\u015bci zawarto\u015bci.<\/span><\/p>\n<p style=\"text-align: justify\"><span style=\"color: #000000\">Opakowanie jest bardzo praktyczne i nadaje si\u0119 do recyklingu.<\/span><\/p>\n<h2><span style=\"color: #000000\">Pochodzenie<\/span><\/h2>\n<p><span style=\"color: #000000\">Sri Lanka<\/span><\/p>\n","protected":false},"excerpt":{"rendered":"<p>Cynamon mo\u017cna \u0142\u0105czy\u0107 z wanili\u0105, kolendr\u0105 i ga\u0142k\u0105 muszkato\u0142ow\u0105, a szczeg\u00f3lnie smaczny i korzystny dla naszego zdrowia jest w po\u0142\u0105czeniu z go\u017adzikami lub kurkum\u0105. Mo\u017ce by\u0107 r\u00f3wnie\u017c stosowany w domowych kosmetykach i jako suplement diety, poniewa\u017c zawiera wiele wa\u017cnych i korzystnych dla ludzi sk\u0142adnik\u00f3w, a tak\u017ce mo\u017ce by\u0107 stosowany w aromaterapii i do zapachu pomieszcze\u0144. Poniewa\u017c cynamon cejlo\u0144ski zawiera najmniej kumaryny, kt\u00f3ra ma z\u0142y wp\u0142yw na w\u0105trob\u0119 i rozrzedza krew, jest znacznie bardziej odpowiedni do regularnego spo\u017cywania.<\/p>\n<p>\ud83d\udc9a Silny przeciwutleniacz.<br \/>\n\ud83d\udc9a Reguluje poziom cukru we krwi.<br \/>\n\ud83d\udc9a Ma w\u0142a\u015bciwo\u015bci przeciwgrzybicze i przeciwbakteryjne.<\/p>\n","protected":false},"featured_media":6245,"comment_status":"open","ping_status":"closed","template":"","meta":{"_acf_changed":false},"product_brand":[],"product_cat":[15,238,205,224,225],"product_tag":[],"class_list":{"0":"post-6244","1":"product","2":"type-product","3":"status-publish","4":"has-post-thumbnail","6":"product_cat-uncategorized","7":"product_cat-dobre-oferty","8":"product_cat-herbata-jedzenie-i-przyprawy","9":"product_cat-oferta","10":"product_cat-wszystkie-produkty","12":"first","13":"instock","14":"sale","15":"taxable","16":"shipping-taxable","17":"purchasable","18":"product-type-simple"},"acf":[],"_links":{"self":[{"href":"https:\/\/fengchashop.com\/pl\/wp-json\/wp\/v2\/product\/6244","targetHints":{"allow":["GET"]}}],"collection":[{"href":"https:\/\/fengchashop.com\/pl\/wp-json\/wp\/v2\/product"}],"about":[{"href":"https:\/\/fengchashop.com\/pl\/wp-json\/wp\/v2\/types\/product"}],"replies":[{"embeddable":true,"href":"https:\/\/fengchashop.com\/pl\/wp-json\/wp\/v2\/comments?post=6244"}],"wp:featuredmedia":[{"embeddable":true,"href":"https:\/\/fengchashop.com\/pl\/wp-json\/wp\/v2\/media\/6245"}],"wp:attachment":[{"href":"https:\/\/fengchashop.com\/pl\/wp-json\/wp\/v2\/media?parent=6244"}],"wp:term":[{"taxonomy":"product_brand","embeddable":true,"href":"https:\/\/fengchashop.com\/pl\/wp-json\/wp\/v2\/product_brand?post=6244"},{"taxonomy":"product_cat","embeddable":true,"href":"https:\/\/fengchashop.com\/pl\/wp-json\/wp\/v2\/product_cat?post=6244"},{"taxonomy":"product_tag","embeddable":true,"href":"https:\/\/fengchashop.com\/pl\/wp-json\/wp\/v2\/product_tag?post=6244"}],"curies":[{"name":"wp","href":"https:\/\/api.w.org\/{rel}","templated":true}]}}