{"id":6234,"date":"2022-05-23T14:49:05","date_gmt":"2022-05-23T12:49:05","guid":{"rendered":"https:\/\/fengchashop.com\/pl\/product\/organiczny-hibiskus-250-g\/"},"modified":"2026-04-26T19:16:12","modified_gmt":"2026-04-26T17:16:12","slug":"organiczny-hibiskus","status":"publish","type":"product","link":"https:\/\/fengchashop.com\/pl\/product\/organiczny-hibiskus\/","title":{"rendered":"Organiczny hibiskus 250 g"},"content":{"rendered":"<h2 style=\"text-align: justify;\"><span style=\"color: #000000;\">Hibiskus bio<\/span><\/h2>\n<p style=\"text-align: justify;\"><span style=\"color: #000000;\">Hibiskus to ro\u015blina o du\u017cych czerwonych kwiatach. Hibiskus jest <strong>niezwykle korzystny dla zdrowia<\/strong>. Zawiera witamin\u0119 A, witamin\u0119 C, cynk, witamin\u0119 B, b\u0142onnik, mied\u017a, bia\u0142ko i witamin\u0119 B2. Jest niezwykle popularny jako <strong>ro\u015blina ozdobna<\/strong>, a kwiaty hibiskusa s\u0105 <strong>g\u0142\u00f3wnym sk\u0142adnikiem<\/strong> wi\u0119kszo\u015bci herbat owocowych na p\u00f3\u0142kach sklep\u00f3w spo\u017cywczych.<\/span><\/p>\n<p style=\"text-align: justify;\"><span style=\"color: #000000;\">Chocia\u017c najcz\u0119\u015bciej my\u015blimy o herbacie, istnieje wiele innych rzeczy, kt\u00f3re mo\u017cna zrobi\u0107 z kwiatami hibiskusa w kuchni.<\/span><\/p>\n<h2 style=\"text-align: justify;\"><span style=\"color: #000000;\">Zastosowanie<\/span><\/h2>\n<p style=\"text-align: justify;\"><span style=\"color: #000000;\">Suszone kwiaty hibiskusa maj\u0105 lekko<strong> kwa\u015bny <\/strong>i<strong> cierpki smak<\/strong> i s\u0105 idealne do przygotowania orze\u017awiaj\u0105cej i popularnej herbaty &#8211; nawet mro\u017conej. Smak mo\u017cna dodatkowo wzmocni\u0107 sokiem i sk\u00f3rk\u0105 z cytryny oraz kawa\u0142kiem imbiru. Jest to szczeg\u00f3lnie przydatne zim\u0105, poniewa\u017c dostarcza niezb\u0119dnych witamin i substancji wzmacniaj\u0105cych uk\u0142ad odporno\u015bciowy, a tym samym zapobiega przezi\u0119bieniom i infekcjom g\u00f3rnych dr\u00f3g oddechowych.<\/span><\/p>\n<p style=\"text-align: justify;\"><span style=\"color: #000000;\">Kwiaty hibiskusa mo\u017cna r\u00f3wnie\u017c dodawa\u0107 do r\u00f3\u017cnych napoj\u00f3w alkoholowych i bezalkoholowych. Hibiskus mo\u017ce by\u0107 u\u017cywany do produkcji <strong>ginu<\/strong>, kt\u00f3ry ma pi\u0119kny r\u00f3\u017cowy kolor i charakterystyczny smak. Gin mo\u017ce by\u0107 r\u00f3wnie\u017c wytwarzany z po\u0142\u0105czenia suszonych kwiat\u00f3w hibiskusa i p\u0142atk\u00f3w r\u00f3\u017cy.<\/span><\/p>\n<p style=\"text-align: justify;\"><span style=\"color: #000000;\">Hibiskus mo\u017ce by\u0107 r\u00f3wnie\u017c stosowany w<strong> mieszankach przypraw<\/strong>, sa\u0142atkach, daniach warzywnych i mi\u0119snych, <strong>deserach<\/strong> i kremach.<\/span><\/p>\n<p style=\"text-align: justify;\"><span style=\"color: #000000;\">Mo\u017ce by\u0107 r\u00f3wnie\u017c stosowany w domowych <strong>produktach kosmetycznych<\/strong>, takich jak naturalne myd\u0142o lub krem od\u017cywczy.<\/span><\/p>\n<p style=\"text-align: justify;\"><span style=\"color: #000000;\">Odradza si\u0119 stosowanie kobietom w ci\u0105\u017cy i matkom karmi\u0105cym piersi\u0105.<\/span><\/p>\n<h2 style=\"text-align: justify;\"><span style=\"color: #000000;\">Przechowywanie<\/span><\/h2>\n<p style=\"text-align: justify;\"><span style=\"color: #000000;\">Przechowywa\u0107 w suchym, ciemnym i ch\u0142odnym miejscu. Upewni\u0107 si\u0119, \u017ce torebka lub pude\u0142ko s\u0105 szczelnie zamkni\u0119te.<\/span><\/p>\n<h2 style=\"text-align: justify;\"><span style=\"color: #000000;\">Opakowanie<\/span><\/h2>\n<p><span style=\"color: #000000;\">Nieprzepuszczalna torebka z zamkiem b\u0142yskawicznym, w kt\u00f3rej produkt zachowuje \u015bwie\u017co\u015b\u0107 i aromat. Opakowanie chroni przed \u015bwiat\u0142em i powietrzem, poniewa\u017c sk\u0142ada si\u0119 z kilku warstw ochronnych w celu zachowania w\u0142a\u015bciwo\u015bci zawarto\u015bci.<\/span><\/p>\n<p><span style=\"color: #000000;\">Opakowanie jest bardzo praktyczne i nadaje si\u0119 do recyklingu.<\/span><\/p>\n<h2><span style=\"color: #000000;\">Pochodzenie<\/span><\/h2>\n<p><span style=\"color: #000000;\">Niger<\/span><\/p>\n","protected":false},"excerpt":{"rendered":"<p style=\"text-align: justify;\">Kwiaty hibiskusa s\u0105 g\u0142\u00f3wnym sk\u0142adnikiem wi\u0119kszo\u015bci herbat owocowych. Kwiaty hibiskusa mog\u0105 by\u0107 r\u00f3wnie\u017c dodawane do r\u00f3\u017cnych napoj\u00f3w alkoholowych i bezalkoholowych. Hibiskus mo\u017ce by\u0107 u\u017cywany do produkcji ginu, kt\u00f3ry ma pi\u0119kny r\u00f3\u017cowy kolor i charakterystyczny smak. Hibiskus mo\u017ce by\u0107 r\u00f3wnie\u017c stosowany w mieszankach przypraw, sa\u0142atkach, daniach warzywnych i mi\u0119snych, deserach i kremach.<\/p>\n<p>\ud83d\udc9a Hibiskus doskonale obni\u017ca wysokie ci\u015bnienie krwi.<\/p>\n<p>\ud83d\udc9a Pomaga \u0142agodzi\u0107 objawy depresji i nerwowo\u015bci.<\/p>\n<p>\ud83d\udc9a Witamina C i A sprawiaj\u0105, \u017ce jest doskona\u0142y dla sk\u00f3ry.<\/p>\n<p>\ud83d\udc9a Ma w\u0142a\u015bciwo\u015bci przeciwutleniaj\u0105ce.<\/p>\n","protected":false},"featured_media":6235,"comment_status":"open","ping_status":"closed","template":"","meta":{"_acf_changed":false},"product_brand":[],"product_cat":[15,205,224,225],"product_tag":[],"class_list":{"0":"post-6234","1":"product","2":"type-product","3":"status-publish","4":"has-post-thumbnail","6":"product_cat-uncategorized","7":"product_cat-herbata-jedzenie-i-przyprawy","8":"product_cat-oferta","9":"product_cat-wszystkie-produkty","11":"first","12":"instock","13":"sale","14":"taxable","15":"shipping-taxable","16":"purchasable","17":"product-type-simple"},"acf":[],"_links":{"self":[{"href":"https:\/\/fengchashop.com\/pl\/wp-json\/wp\/v2\/product\/6234","targetHints":{"allow":["GET"]}}],"collection":[{"href":"https:\/\/fengchashop.com\/pl\/wp-json\/wp\/v2\/product"}],"about":[{"href":"https:\/\/fengchashop.com\/pl\/wp-json\/wp\/v2\/types\/product"}],"replies":[{"embeddable":true,"href":"https:\/\/fengchashop.com\/pl\/wp-json\/wp\/v2\/comments?post=6234"}],"wp:featuredmedia":[{"embeddable":true,"href":"https:\/\/fengchashop.com\/pl\/wp-json\/wp\/v2\/media\/6235"}],"wp:attachment":[{"href":"https:\/\/fengchashop.com\/pl\/wp-json\/wp\/v2\/media?parent=6234"}],"wp:term":[{"taxonomy":"product_brand","embeddable":true,"href":"https:\/\/fengchashop.com\/pl\/wp-json\/wp\/v2\/product_brand?post=6234"},{"taxonomy":"product_cat","embeddable":true,"href":"https:\/\/fengchashop.com\/pl\/wp-json\/wp\/v2\/product_cat?post=6234"},{"taxonomy":"product_tag","embeddable":true,"href":"https:\/\/fengchashop.com\/pl\/wp-json\/wp\/v2\/product_tag?post=6234"}],"curies":[{"name":"wp","href":"https:\/\/api.w.org\/{rel}","templated":true}]}}