{"id":6231,"date":"2022-05-23T13:50:42","date_gmt":"2022-05-23T11:50:42","guid":{"rendered":"https:\/\/fengchashop.com\/pl\/product\/herbata-jiaogulan-100-g\/"},"modified":"2026-04-28T20:19:03","modified_gmt":"2026-04-28T18:19:03","slug":"herbata-jiaogulan","status":"publish","type":"product","link":"https:\/\/fengchashop.com\/pl\/product\/herbata-jiaogulan\/","title":{"rendered":"Herbata Jiaogulan 100 g"},"content":{"rendered":"<h2 style=\"text-align: justify\"><span style=\"color: #000000\">Jiaogulan (herbata zio\u0142owa)<\/span><\/h2>\n<p style=\"text-align: justify\"><span style=\"color: #000000\">Jiaogulan to lecznicza herbata zio\u0142owa, znana r\u00f3wnie\u017c jako Jiao Gu Lan lub <strong>Gynostemma<\/strong>. Ta herbata zio\u0142owa ma reputacj\u0119 <strong>herbaty nie\u015bmiertelno\u015bci lub d\u0142ugowieczno\u015bci<\/strong>, poniewa\u017c zawiera wiele aktywnych sk\u0142adnik\u00f3w wa\u017cnych dla d\u0142ugiego \u017cycia. Pierwsze znane wzmianki o herbacie pochodz\u0105 z XIV wieku p.n.e. i zosta\u0142y znalezione w Chinach, gdzie zio\u0142o to jest nadal niezb\u0119dne w tradycyjnej medycynie.<\/span><\/p>\n<p style=\"text-align: justify\"><span style=\"color: #000000\">Jiaogulan jest r\u00f3wnie\u017c zio\u0142em, kt\u00f3re zosta\u0142o szeroko przebadane naukowo i kt\u00f3remu przypisano wiele pozytywnych efekt\u00f3w. W szczeg\u00f3lno\u015bci dzia\u0142a <strong>przeciwzapalnie<\/strong>, <strong>detoksykuj\u0105co<\/strong> i <strong>przeciwstarzeniowo<\/strong>. Ponadto jiaogulan jest r\u00f3wnie\u017c <strong>silnym przeciwutleniaczem<\/strong>. Podobnie jak \u017ce\u0144-sze\u0144, <strong>dodaje energii<\/strong>, przywraca <strong>r\u00f3wnowag\u0119<\/strong> organizmu i <strong>poprawia og\u00f3lne samopoczucie<\/strong>. Wed\u0142ug tradycyjnej medycyny chi\u0144skiej ma korzystny wp\u0142yw na zesp\u00f3\u0142 chronicznego zm\u0119czenia i palpitacje serca (uczucie ko\u0142atania w klatce piersiowej). Jest r\u00f3wnie\u017c cz\u0119sto stosowany w stanach zdrowotnych, kt\u00f3re obejmuj\u0105 zapobieganie i \u0142agodzenie <strong>cukrzycy<\/strong> i <strong>wysokiego poziomu cholesterolu<\/strong> oraz zapobieganie skutkom stresu, kt\u00f3re prowadz\u0105 do <strong>niepokoju<\/strong>. Tak wi\u0119c przy regularnym stosowaniu mo\u017cna w pe\u0142ni wykorzysta\u0107 jego efekty, a umiarkowane spo\u017cycie zapewnia r\u00f3wnie\u017c bezpieczne spo\u017cycie bez skutk\u00f3w ubocznych i niepo\u017c\u0105danych.<\/span><\/p>\n<h2 style=\"text-align: justify\"><span style=\"color: #000000\">Pomaga naszemu cia\u0142u osi\u0105gn\u0105\u0107 r\u00f3wnowag\u0119<\/span><\/h2>\n<p style=\"text-align: justify\"><span style=\"color: #000000\">Jiaogulan jest r\u00f3wnie\u017c <strong>adaptogenem<\/strong>. Ro\u015bliny adaptogenne pomagaj\u0105 organizmowi przystosowa\u0107 si\u0119 do r\u00f3\u017cnych negatywnych czynnik\u00f3w \u015brodowiskowych. Maj\u0105 zdolno\u015b\u0107 regulowania i kontrolowania uk\u0142adu gruczo\u0142owego i hormonalnego, uk\u0142adu nerwowego i sercowo-naczyniowego oraz mi\u0119\u015bni.<\/span><\/p>\n<p><span style=\"color: #000000\">Adaptogeny wspieraj\u0105 zdrowie wa\u017cnych narz\u0105d\u00f3w i pomagaj\u0105 regulowa\u0107 poziom cukru we krwi, poprawiaj\u0105 funkcjonowanie w\u0105troby, przewodu pokarmowego i sk\u00f3ry. Wzmacniaj\u0105 i o\u017cywiaj\u0105 organizm. Stymuluj\u0105 r\u00f3wnie\u017c nadnercza, pomagaj\u0105c organizmowi skutecznie radzi\u0107 sobie ze stresem spowodowanym czynnikami fizycznymi (infekcje, urazy, niewystarczaj\u0105ca ilo\u015b\u0107 snu) lub psychologicznymi (l\u0119k).<\/span><\/p>\n<h2 style=\"text-align: justify\"><span style=\"color: #000000\">Inne nazwy<\/span><\/h2>\n<p style=\"text-align: justify\"><span style=\"color: #000000\"><em>Gynostemma pentalhyllum<\/em>. Czasami nazywany <em>\u017ce\u0144-szeniem po\u0142udni<\/em>owym ze wzgl\u0119du na podobne dzia\u0142anie i smak do \u017ce\u0144-szenia, znany jest r\u00f3wnie\u017c jako <em>\u017ce\u0144-sze\u0144 po\u0142udniowy<\/em>, poniewa\u017c pochodzi z po\u0142udniowych cz\u0119\u015bci Chin.<\/span><\/p>\n<h2><span style=\"color: #000000\">Wygl\u0105d<\/span><\/h2>\n<p style=\"text-align: justify\"><span style=\"color: #000000\">Ciasno skr\u0119cone ciemnozielone li\u015bcie z ma\u0142ymi, delikatnymi ga\u0142\u0105zkami.<\/span><\/p>\n<h2 style=\"text-align: justify\"><span style=\"color: #000000\">Smak i aromat<\/span><\/h2>\n<p style=\"text-align: justify\"><span style=\"color: #000000\">Nasz jiaogulan jest zbierany z dzikiej, nietkni\u0119tej przyrody. Ma interesuj\u0105cy <strong>s\u0142odkawy smak<\/strong>, bardzo podobny do \u017ce\u0144-szenia. Jiaogulan to zdecydowanie smaczny, ale przede wszystkim zdrowy wyb\u00f3r dla mi\u0142o\u015bnik\u00f3w herbat zio\u0142owych.<\/span><\/p>\n<h2 style=\"text-align: justify\"><span style=\"color: #000000\">Przechowywanie<\/span><\/h2>\n<p style=\"text-align: justify\"><span style=\"color: #000000\">Jiaogulan powinien by\u0107 przechowywany w suchym, ciemnym i ch\u0142odnym miejscu. Pojemnik powinien by\u0107 szczelnie zamkni\u0119ty.<\/span><\/p>\n<h2 style=\"text-align: justify\"><span style=\"color: #000000\">Opakowanie<\/span><\/h2>\n<p style=\"text-align: justify\"><span style=\"color: #000000\">W nieprzepuszczalnej torebce z zamkiem b\u0142yskawicznym, w kt\u00f3rej produkt zachowuje ca\u0142\u0105 swoj\u0105 \u015bwie\u017co\u015b\u0107 i aromat. Opakowanie chroni przed \u015bwiat\u0142em i powietrzem, poniewa\u017c sk\u0142ada si\u0119 z kilku warstw ochronnych, kt\u00f3re zachowuj\u0105 w\u0142a\u015bciwo\u015bci zawarto\u015bci.<\/span><\/p>\n<p style=\"text-align: justify\"><span style=\"color: #000000\">Opakowanie jest bardzo praktyczne i nadaje si\u0119 do recyklingu.<\/span><\/p>\n<h2 style=\"text-align: justify\"><span style=\"color: #000000\">Pochodzenie<\/span><\/h2>\n<p style=\"text-align: justify\"><span style=\"color: #000000\">Chiny. Mamy bardzo wiarygodnych dostawc\u00f3w, kt\u00f3rzy przesy\u0142aj\u0105 nam szczeg\u00f3\u0142ow\u0105 analiz\u0119 chemiczn\u0105 \u017cywno\u015bci dla ka\u017cdej partii. W ci\u0105gu ponad dziesi\u0119ciu lat nie mieli\u015bmy \u017cadnych przypadk\u00f3w wycofania produktu z rynku ani \u017cadnych innych problem\u00f3w z tym produktem, ani z innymi produktami pochodz\u0105cymi od tego samego dostawcy.<\/span><\/p>\n","protected":false},"excerpt":{"rendered":"<p>Dobrze zbadane naukowo zio\u0142o, kt\u00f3remu przypisuje si\u0119 wiele pozytywnych efekt\u00f3w. Dzia\u0142a przede wszystkim przeciwzapalnie, detoksykuj\u0105co i przeciwstarzeniowo. Wed\u0142ug tradycyjnej medycyny chi\u0144skiej ma korzystny wp\u0142yw na zesp\u00f3\u0142 chronicznego zm\u0119czenia i ko\u0142atanie serca (uczucie bicia w klatce piersiowej). Jednak cz\u0119sto stosuje si\u0119 go w leczeniu schorze\u0144, kt\u00f3re obejmuj\u0105 zapobieganie i \u0142agodzenie cukrzycy i wysokiego poziomu cholesterolu, a tak\u017ce zapobieganie skutkom stresu prowadz\u0105cym do l\u0119ku. .<\/p>\n<p>\ud83d\udc9a Jest to lecznicza herbata zio\u0142owa.<br \/>\n\ud83d\udc9a Herbata nie\u015bmiertelno\u015bci czyli d\u0142ugowieczno\u015bci.<br \/>\n\ud83d\udc9a Jest adaptogenem.<br \/>\n\ud83d\udc9a Silny przeciwutleniacz.<\/p>\n","protected":false},"featured_media":6232,"comment_status":"open","ping_status":"closed","template":"","meta":{"_acf_changed":false},"product_brand":[],"product_cat":[15,223,205,224,225],"product_tag":[],"class_list":{"0":"post-6231","1":"product","2":"type-product","3":"status-publish","4":"has-post-thumbnail","6":"product_cat-uncategorized","7":"product_cat-herbata","8":"product_cat-herbata-jedzenie-i-przyprawy","9":"product_cat-oferta","10":"product_cat-wszystkie-produkty","12":"first","13":"instock","14":"sale","15":"taxable","16":"shipping-taxable","17":"purchasable","18":"product-type-simple"},"acf":[],"_links":{"self":[{"href":"https:\/\/fengchashop.com\/pl\/wp-json\/wp\/v2\/product\/6231","targetHints":{"allow":["GET"]}}],"collection":[{"href":"https:\/\/fengchashop.com\/pl\/wp-json\/wp\/v2\/product"}],"about":[{"href":"https:\/\/fengchashop.com\/pl\/wp-json\/wp\/v2\/types\/product"}],"replies":[{"embeddable":true,"href":"https:\/\/fengchashop.com\/pl\/wp-json\/wp\/v2\/comments?post=6231"}],"wp:featuredmedia":[{"embeddable":true,"href":"https:\/\/fengchashop.com\/pl\/wp-json\/wp\/v2\/media\/6232"}],"wp:attachment":[{"href":"https:\/\/fengchashop.com\/pl\/wp-json\/wp\/v2\/media?parent=6231"}],"wp:term":[{"taxonomy":"product_brand","embeddable":true,"href":"https:\/\/fengchashop.com\/pl\/wp-json\/wp\/v2\/product_brand?post=6231"},{"taxonomy":"product_cat","embeddable":true,"href":"https:\/\/fengchashop.com\/pl\/wp-json\/wp\/v2\/product_cat?post=6231"},{"taxonomy":"product_tag","embeddable":true,"href":"https:\/\/fengchashop.com\/pl\/wp-json\/wp\/v2\/product_tag?post=6231"}],"curies":[{"name":"wp","href":"https:\/\/api.w.org\/{rel}","templated":true}]}}