{"id":6197,"date":"2022-05-20T18:33:35","date_gmt":"2022-05-20T16:33:35","guid":{"rendered":"https:\/\/fengchashop.com\/pl\/product\/dmso-100-ml\/"},"modified":"2026-04-29T02:18:33","modified_gmt":"2026-04-29T00:18:33","slug":"dmso","status":"publish","type":"product","link":"https:\/\/fengchashop.com\/pl\/product\/dmso\/","title":{"rendered":"DMSO 100 ml"},"content":{"rendered":"<h2><span style=\"color: #000000\">DMSO najwy\u017cszej jako\u015bci<\/span><\/h2>\n<p><span style=\"color: #000000\"><strong>Sulfotlenek dimetylu<\/strong>, znany r\u00f3wnie\u017c jako <strong>DMSO<\/strong>, ma wyj\u0105tkow\u0105 histori\u0119. Znaleziony w Niemczech pod koniec XIX wieku, ten produkt uboczny <strong>produkcji papieru<\/strong> jest stosowany jako rozpuszczalnik i pochodzi z substancji chemicznej wyst\u0119puj\u0105cej w drewnie.<\/span><\/p>\n<p><span style=\"color: #000000\">Jest to <strong>naturalny produkt<\/strong> wytwarzany z <strong>pulpy drzewnej<\/strong> i nie stanowi zagro\u017cenia dla zdrowia, je\u015bli jest stosowany prawid\u0142owo. DMSO jest <strong>organiczn\u0105, bezbarwn\u0105, naturaln\u0105, niesyntetyzowan\u0105 ciecz\u0105<\/strong> pochodz\u0105c\u0105 z ligniny, kt\u00f3ra jest znana ze swojej zdolno\u015bci do przekraczania b\u0142on biologicznych, takich jak sk\u00f3ra.<\/span><\/p>\n<p><span style=\"color: #000000\">Naukowcy zacz\u0119li bada\u0107 dzia\u0142anie przeciwzapalne tej substancji w po\u0142owie XX wieku. DMSO jest lekiem na recept\u0119 zatwierdzonym przez Food and Drug Administration <strong>(FDA<\/strong> ) <strong>do leczenia objaw\u00f3w zespo\u0142u bolesnego p\u0119cherza<\/strong>. W razie potrzeby jest r\u00f3wnie\u017c stosowany w <strong>leczeniu wielu innych schorze\u0144<\/strong>. Jest dost\u0119pny bez recepty i najcz\u0119\u015bciej wyst\u0119puje w postaci \u017celu lub kremu.<\/span><\/p>\n<p><span style=\"color: #000000\">DMSO jest wszechstronnym rozpuszczalnikiem. Mo\u017ce by\u0107 podawany <strong>do\u017cylnie i doustnie<\/strong>, a poniewa\u017c szybko przenika, <strong>dobrze wch\u0142ania si\u0119 w sk\u00f3r\u0119<\/strong>. Jest cz\u0119sto stosowany w celu <strong>poprawy wch\u0142aniania innych lek\u00f3w<\/strong> w organizmie oraz w <strong>leczeniu amyloidozy<\/strong>, choroby, w kt\u00f3rej niekt\u00f3re bia\u0142ka s\u0105 nieprawid\u0142owo fa\u0142dowane w tkankach i narz\u0105dach.<\/span><\/p>\n<h2><span style=\"color: #000000\">Jakie schorzenia mo\u017cna leczy\u0107 za pomoc\u0105 DMSO?<\/span><\/h2>\n<p><span style=\"color: #000000\"> <em> Miejscowo<\/em>: stosowany <strong>na rany, oparzenia i urazy uk\u0142adu mi\u0119\u015bniowo-szkieletowego<\/strong>, <strong>zmniejsza dyskomfort i przyspiesza gojenie, zmniejszaj\u0105c widoczno\u015b\u0107 blizn<\/strong>.<\/span><\/p>\n<p><span style=\"color: #000000\"> <em> W leczeniu<\/em>: stan\u00f3w <strong>zapalnych, reumatoidalnego zapalenia staw\u00f3w, choroby zwyrodnieniowej staw\u00f3w, za\u0107my, jaskry, grzybicy paznokci, chor\u00f3b sk\u00f3ry<\/strong> (leczenie twardziny &#8211; choroby powoduj\u0105cej blizny na sk\u00f3rze), <strong>skutk\u00f3w ubocznych chemioterapii i b\u00f3l\u00f3w g\u0142owy<\/strong>.<\/span><\/p>\n<p><span style=\"color: #000000\">Fakt, \u017ce DMSO mo\u017ce zmniejszy\u0107 lub wyeliminowa\u0107 b\u00f3l w ci\u0105gu kilku minut od zastosowania, jak wykazano w licznych badaniach, zwi\u0119ksza jego zastosowanie. Jednak osoby leczone DMSO skar\u017c\u0105 si\u0119 g\u0142\u00f3wnie na obezw\u0142adniaj\u0105cy zapach substancji, kt\u00f3ry przypomina czosnek.<\/span><\/p>\n<p><span style=\"color: #000000\">Stosowanie DMSO jest bezpieczne zgodnie z instrukcjami, poniewa\u017c <strong>dzia\u0142a jako przeciwutleniacz w organizmie<\/strong> i jest ca\u0142kowicie nietoksyczny.<\/span><\/p>\n<p><span style=\"color: #000000\"><em><strong>Jak dzia\u0142a DMSO?<\/strong><\/em><\/span><\/p>\n<p><span style=\"color: #000000\">\ud83d\udc9a Przeciwdzia\u0142a krzepni\u0119ciu krwi,<\/span><br \/>\n<span style=\"color: #000000\">\ud83d\udc9a przeciwzapalnie,<\/span><br \/>\n<span style=\"color: #000000\">\ud83d\udc9a przeciwwirusowe i przeciwbakteryjne,<\/span><br \/>\n<span style=\"color: #000000\">\ud83d\udc9a\u00a0 przeciwgrzybicze,<\/span><br \/>\n<span style=\"color: #000000\">\ud83d\udc9a stymuluj\u0105ce (poprzez stymulacj\u0119 uk\u0142adu odporno\u015bciowego),<\/span><br \/>\n<span style=\"color: #000000\">\ud83d\udc9a rozszerzaj\u0105ce naczynia krwiono\u015bne i<\/span><br \/>\n<span style=\"color: #000000\">przeciwb\u00f3lowe.<\/span><\/p>\n<h2><span style=\"color: #000000\">Interesuj\u0105ce fakty<\/span><\/h2>\n<p><span style=\"color: #000000\">FDA zatwierdzi\u0142a DMSO pod koniec lat 70-tych XX wieku, aby <strong>pom\u00f3c w leczeniu \u015br\u00f3dmi\u0105\u017cszowego zapalenia p\u0119cherza<\/strong> moczowego (choroby p\u0119cherza moczowego). Jest to nadal jedyna zatwierdzona przez FDA metoda p\u0142ukania p\u0119cherza moczowego (lub umieszczania) w tym stanie. Wp\u0142yw DMSO na osoby ze \u015br\u00f3dmi\u0105\u017cszowym zapaleniem p\u0119cherza moczowego jest nast\u0119puj\u0105cy:<\/span><\/p>\n<p><span style=\"color: #000000\">\ud83d\udc9a Zmniejsza b\u00f3l w tej chorobie,<\/span><br \/>\n<span style=\"color: #000000\">\ud83d\udc9a rozlu\u017ania p\u0119cherz moczowy i<\/span><br \/>\n<span style=\"color: #000000\">\ud83d\udc9a zwi\u0119ksza pojemno\u015b\u0107 p\u0119cherza.<\/span><\/p>\n<p><span style=\"color: #000000\">Struktura molekularna DMSO pozwala wielu zawartym w nim cz\u0105steczkom ca\u0142kowicie si\u0119 rozpu\u015bci\u0107, umo\u017cliwiaj\u0105c im przej\u015bcie przez b\u0142ony kom\u00f3rkowe bez ich uszkodzenia, nawet je\u015bli same zwi\u0105zki nie mog\u0105 przej\u015b\u0107 przez b\u0142on\u0119. Z tego powodu DMSO cz\u0119sto znajduje si\u0119 w kremach przeciwbakteryjnych, przeciwgrzybiczych preparatach do oczu, a nawet w sterydach do ukierunkowanej terapii przeciwzapalnej.<\/span><\/p>\n<h2><span style=\"color: #000000\">Ilo\u015b\u0107<\/span><\/h2>\n<p><span style=\"color: #000000\">100 ml<\/span><\/p>\n<h2><span style=\"color: #000000\">Opakowanie<\/span><\/h2>\n<p><span style=\"color: #000000\"> W szklanym pojemniku z kroplomierzem u\u0142atwiaj\u0105cym dozowanie.<\/span><\/p>\n<h2><span style=\"color: #000000\">Ostrze\u017cenia<\/span><\/h2>\n<p><span style=\"color: #000000\">Przechowywa\u0107 w ciemnym miejscu niedost\u0119pnym dla dzieci. Unika\u0107 kontaktu z oczami i odzie\u017c\u0105. W przypadku kontaktu p\u0142ynu z oczami natychmiast przemy\u0107 je wod\u0105. Przechowywa\u0107 z dala od bezpo\u015bredniego \u015bwiat\u0142a s\u0142onecznego. Kobiety w ci\u0105\u017cy i matki karmi\u0105ce nie powinny stosowa\u0107 produktu. W przypadku wyst\u0105pienia reakcji alergicznej nale\u017cy przerwa\u0107 stosowanie.<\/span><\/p>\n<h2><span style=\"color: #000000\">Pochodzenie<\/span><\/h2>\n<p><span style=\"color: #000000\">Niemcy<\/span><\/p>\n","protected":false},"excerpt":{"rendered":"<p>Wysokiej jako\u015bci DMSO, cz\u0119sto stosowane w celu poprawy wch\u0142aniania innych lek\u00f3w w organizmie oraz w leczeniu amyloidozy, choroby, w kt\u00f3rej niekt\u00f3re bia\u0142ka s\u0105 nieprawid\u0142owo fa\u0142dowane w tkankach i narz\u0105dach. Naukowcy zacz\u0119li bada\u0107 przeciwzapalne dzia\u0142anie tej substancji w po\u0142owie XX wieku.<\/p>\n<p>\ud83d\udc9a Jest ona naturalnie produkowana.<br \/>\n\ud83d\udc9a Mo\u017ce by\u0107 podawana do\u017cylnie i doustnie.<br \/>\n\ud83d\udc9a Ma w\u0142a\u015bciwo\u015bci przeciwzakrzepowe.<br \/>\n\ud83d\udc9a Zwi\u0119ksza pojemno\u015b\u0107 p\u0119cherza moczowego.<\/p>\n","protected":false},"featured_media":6198,"comment_status":"open","ping_status":"closed","template":"","meta":{"_acf_changed":false},"product_brand":[],"product_cat":[15,231,224,235,225],"product_tag":[],"class_list":{"0":"post-6197","1":"product","2":"type-product","3":"status-publish","4":"has-post-thumbnail","6":"product_cat-uncategorized","7":"product_cat-inne","8":"product_cat-oferta","9":"product_cat-ponownie-w-magazynie","10":"product_cat-wszystkie-produkty","12":"first","13":"instock","14":"taxable","15":"shipping-taxable","16":"purchasable","17":"product-type-simple"},"acf":[],"_links":{"self":[{"href":"https:\/\/fengchashop.com\/pl\/wp-json\/wp\/v2\/product\/6197","targetHints":{"allow":["GET"]}}],"collection":[{"href":"https:\/\/fengchashop.com\/pl\/wp-json\/wp\/v2\/product"}],"about":[{"href":"https:\/\/fengchashop.com\/pl\/wp-json\/wp\/v2\/types\/product"}],"replies":[{"embeddable":true,"href":"https:\/\/fengchashop.com\/pl\/wp-json\/wp\/v2\/comments?post=6197"}],"wp:featuredmedia":[{"embeddable":true,"href":"https:\/\/fengchashop.com\/pl\/wp-json\/wp\/v2\/media\/6198"}],"wp:attachment":[{"href":"https:\/\/fengchashop.com\/pl\/wp-json\/wp\/v2\/media?parent=6197"}],"wp:term":[{"taxonomy":"product_brand","embeddable":true,"href":"https:\/\/fengchashop.com\/pl\/wp-json\/wp\/v2\/product_brand?post=6197"},{"taxonomy":"product_cat","embeddable":true,"href":"https:\/\/fengchashop.com\/pl\/wp-json\/wp\/v2\/product_cat?post=6197"},{"taxonomy":"product_tag","embeddable":true,"href":"https:\/\/fengchashop.com\/pl\/wp-json\/wp\/v2\/product_tag?post=6197"}],"curies":[{"name":"wp","href":"https:\/\/api.w.org\/{rel}","templated":true}]}}