{"id":6195,"date":"2025-07-24T17:54:00","date_gmt":"2025-07-24T15:54:00","guid":{"rendered":"https:\/\/fengchashop.com\/pl\/product\/lugols-solution-roztwor-lugola-50-ml\/"},"modified":"2025-11-15T14:25:48","modified_gmt":"2025-11-15T13:25:48","slug":"lugols-solution-roztwor-lugola","status":"publish","type":"product","link":"https:\/\/fengchashop.com\/pl\/product\/lugols-solution-roztwor-lugola\/","title":{"rendered":"Lugol&#8217;s solution (Roztw\u00f3r Lugola) 50 ml"},"content":{"rendered":"<h2><span style=\"color: #000000;\">Lugol&#8217;s solution (Roztw\u00f3r Lugola)<\/span><\/h2>\n<p><span style=\"color: #000000;\">Jod (I) i jodek potasu (KI) \u0142\u0105czy si\u0119 z wod\u0105 destylowan\u0105, tworz\u0105c roztw\u00f3r Lugola, powszechnie znany jako jod Lugola. Pierwszym, kt\u00f3ry zastosowa\u0142 jod w celach terapeutycznych, by\u0142 Jean Francois Coindet (1774-1834).<\/span><\/p>\n<p><span style=\"color: #000000;\">Francuski lekarz Jean Guillaume Auguste Lugol po raz pierwszy opracowa\u0142 rozwi\u0105zanie Lugola w 1829 r. Dr. Lugol odkry\u0142, \u017ce jodek potasu zwi\u0119ksza rozpuszczalno\u015b\u0107 jodu w wodzie. Roztw\u00f3r Lugola jest mieszanin\u0105 jodu i jodku potasu w stosunku 1:2. R\u00f3wnie\u017c dr. Lugol odkry\u0142, \u017ce jod jest substancj\u0105 chemiczn\u0105, kt\u00f3r\u0105 mo\u017cna zastosowa\u0107 i kt\u00f3ra okaza\u0142a si\u0119 obiecuj\u0105ca w leczeniu infekcji. Roztw\u00f3r Lugola od wielu lat \u0142\u0105czono z innymi substancjami i wykorzystywano jako surowiec do r\u00f3\u017cnych cel\u00f3w.<\/span><\/p>\n<h2><span style=\"color: #000000;\">Jakie znaczenie dla zdrowia ma jod?<\/span><\/h2>\n<p><span style=\"color: #000000;\">Jod jest minera\u0142em niezb\u0119dnym do prze\u017cycia wszystkim ssakom. Jest tak\u017ce wa\u017cn\u0105 cz\u0119\u015bci\u0105 hormon\u00f3w tarczycy, kt\u00f3re wp\u0142ywaj\u0105 na metabolizm, wzrost i rozw\u00f3j. Jod ma r\u00f3wnie\u017c kluczowe znaczenie dla rozwoju m\u00f3zgu, szczeg\u00f3lnie w czasie ci\u0105\u017cy i wczesnego dzieci\u0144stwa. Kontroluje wiele wa\u017cnych proces\u00f3w biochemicznych, w tym syntez\u0119 bia\u0142ek i dzia\u0142anie enzym\u00f3w, kt\u00f3re s\u0105 niezb\u0119dne dla metabolizmu oraz prawid\u0142owego wzrostu ko\u015bci i uk\u0142adu nerwowego p\u0142odu i dziecka.<\/span><\/p>\n<p><span style=\"color: #000000;\">Jod jest r\u00f3wnie\u017c kluczowy dla utrzymania zdrowej sk\u00f3ry, w\u0142os\u00f3w i paznokci, a tak\u017ce dla prawid\u0142owego funkcjonowania tarczycy i uwalniania energii podczas metabolizmu, a tak\u017ce funkcji poznawczych. Niezb\u0119dne dla jodu dzia\u0142anie przeciwwirusowe, przeciwbakteryjne, przeciwpaso\u017cytnicze i przeciwnowotworowe.<\/span><\/p>\n<p><span style=\"color: #000000;\">Roztw\u00f3r Lugola jest r\u00f3wnie\u017c niezb\u0119dny dla zdrowia oczu i nawodnienia.<\/span><\/p>\n<p><span style=\"color: #000000;\">Jod jest niew\u0105tpliwie r\u00f3wnie\u017c najbardziej znany jako \u015brodek dezynfekuj\u0105cy lub antyseptyczny.<\/span><\/p>\n<h2><span style=\"color: #000000;\">Komu polecamy rozwi\u0105zanie Lugola i dlaczego z niego korzystamy?<\/span><\/h2>\n<p><span style=\"color: #000000;\">Ka\u017cda tkanka i narz\u0105d cz\u0142owieka zawiera \u015bladowe ilo\u015bci jodu. Jod wyst\u0119puje w najwi\u0119kszej ilo\u015bci w tarczycy, du\u017cych gruczo\u0142ach \u015blinowych, trzustce, gruczo\u0142ach \u0142zowych, tkankach rozrodczych, takich jak pier\u015b, jajniki i prostata, a tak\u017ce w b\u0142onie \u015bluzowej \u017co\u0142\u0105dka, p\u0142ynie m\u00f3zgowo-rdzeniowym i ludzkiej sk\u00f3rze.<\/span><\/p>\n<p><span style=\"color: #000000;\">Jest kluczowa dla produkcji hormon\u00f3w tarczycy i regulacji metabolizmu, co wp\u0142ywa na poziom energii i jasno\u015b\u0107 umys\u0142u. Skutki niedoboru jodu powoduj\u0105:<\/span><\/p>\n<p><span style=\"color: #000000;\">&#8211; niski poziom energii,<\/span><br \/>\n<span style=\"color: #000000;\">&#8211; przyrost masy cia\u0142a,<\/span><br \/>\n<span style=\"color: #000000;\">&#8211; \u0142ysienie i<\/span><br \/>\n<span style=\"color: #000000;\">&#8211; wi\u0119ksze ryzyko zachorowania na raka.<\/span><\/p>\n<p><span style=\"color: #000000;\">Jod pomaga r\u00f3wnie\u017c organizmowi usuwa\u0107 o\u0142\u00f3w i rt\u0119\u0107 oraz chroni przed powszechnymi toksynami, takimi jak brom, fluor i chlor.<\/span><\/p>\n<p><span style=\"color: #000000;\">Objawy niedoboru jodu to:<\/span><\/p>\n<p><span style=\"color: #000000;\">&#8211; skurcze mi\u0119\u015bni,<\/span><br \/>\n<span style=\"color: #000000;\">&#8211; zwi\u0119kszone ryzyko oty\u0142o\u015bci,<\/span><br \/>\n<span style=\"color: #000000;\">&#8211; depresja,<\/span><br \/>\n<span style=\"color: #000000;\">&#8211; utrata pami\u0119ci,<\/span><br \/>\n<span style=\"color: #000000;\">&#8211; zaparcie,<\/span><br \/>\n<span style=\"color: #000000;\">&#8211; s\u0142abo\u015b\u0107,<\/span><br \/>\n<span style=\"color: #000000;\">&#8211; \u0142amliwe paznokcie i pop\u0119kana sk\u00f3ra,<\/span><br \/>\n<span style=\"color: #000000;\">&#8211; zimne stopy i d\u0142onie.<\/span><\/p>\n<p><span style=\"color: #000000;\">Spo\u017cywanie jodu mo\u017ce zapobiega\u0107 i leczy\u0107:<\/span><\/p>\n<p><span style=\"color: #000000;\">\ud83d\udc9a problemy z prostat\u0105<\/span><br \/>\n<span style=\"color: #000000;\">\ud83d\udc9a w\u0142\u00f3knisto-torbielowate i inne choroby piersi<\/span><br \/>\n<span style=\"color: #000000;\">\ud83d\udc9a infekcje pochwy<\/span><br \/>\n<span style=\"color: #000000;\">\ud83d\udc9a problemy z tarczyc\u0105,<\/span><br \/>\n<span style=\"color: #000000;\">\ud83d\udc9a problemy z w\u0105trob\u0105<\/span><br \/>\n<span style=\"color: #000000;\">\ud83d\udc9a nowotwory \u0142agodne,<\/span><br \/>\n<span style=\"color: #000000;\">\ud83d\udc9a wzrost i rozw\u00f3j umys\u0142owy dzieci,<\/span><br \/>\n<span style=\"color: #000000;\">\ud83d\udc9a b\u00f3le g\u0142owy (w tym migrena),<\/span><br \/>\n<span style=\"color: #000000;\">\ud83d\udc9a \u0142ysienie,<\/span><br \/>\n<span style=\"color: #000000;\">\ud83d\udc9a hemoroidy,<\/span><br \/>\n<span style=\"color: #000000;\">\ud83d\udc9a nadpobudliwo\u015b\u0107 i zaburzenia uwagi,<\/span><br \/>\n<span style=\"color: #000000;\">\ud83d\udc9a mia\u017cd\u017cyca,<\/span><br \/>\n<span style=\"color: #000000;\">\ud83d\udc9a depresja<\/span><br \/>\n<span style=\"color: #000000;\">\ud83d\udc9a zm\u0119czenie,&#8230;<\/span><\/p>\n<h2><span style=\"color: #000000;\">Ciekawe miejsca<\/span><\/h2>\n<p><span style=\"color: #000000;\">W przesz\u0142o\u015bci w S\u0142owenii stwierdzano powa\u017cny niedob\u00f3r jodu u dzieci i doros\u0142ych, poniewa\u017c wi\u0119kszo\u015b\u0107 posi\u0142k\u00f3w zawiera\u0142a naturalnie jedynie niewielk\u0105 ilo\u015b\u0107 jodu.<\/span><\/p>\n<p><span style=\"color: #000000;\">Po awarii nuklearnej w Czarnobylu roztw\u00f3r Lugola stosowano tak\u017ce do ochrony ludzi przed promieniowaniem radioaktywnym.<\/span><\/p>\n<p><span style=\"color: #000000;\">Znalezienie jodu mo\u017ce by\u0107 trudne, ale wiele produkt\u00f3w spo\u017cywczych zawiera go w naturalnych ilo\u015bciach. Nale\u017c\u0105 do nich ryby, wieprzowina, ser, wodorosty lub wodorosty morskie.<\/span><\/p>\n<p><span style=\"color: #000000;\">Obecnie niedob\u00f3r jodu jest powszechnym problemem. Jod by\u0142 cz\u0119sto dodawany do chleba i ciastek, ale obecnie mo\u017cna go znale\u017a\u0107 tylko w kilku sa\u0142atkach. Jod ulatnia si\u0119 z soli, co jest mniej znane i nie jest jasne, ile ulatnionego jodu dostaje si\u0119 do organizmu. Zawarto\u015b\u0107 jodu w diecie jest ograniczona ze wzgl\u0119du na zubo\u017cenie gleby w wyniku nadmiernego i niew\u0142a\u015bciwego u\u017cytkowania grunt\u00f3w.<\/span><\/p>\n<h2><span style=\"color: #000000;\">Opakowanie<\/span><\/h2>\n<p><span style=\"color: #000000;\">W szklanym opakowaniu z zakraplaczem u\u0142atwiaj\u0105cym dozowanie.<\/span><\/p>\n<h2><span style=\"color: #000000;\">Ostrze\u017cenia<\/span><\/h2>\n<p><span style=\"color: #000000;\">Przechowywa\u0107 w miejscu niedost\u0119pnym dla dzieci, w ciemnym miejscu.<\/span><\/p>\n<h2 align=\"JUSTIFY\"><span style=\"color: #000000;\">Kraj pochodzenia<\/span><\/h2>\n<p align=\"JUSTIFY\"><span style=\"color: #000000;\">EU<\/span><\/p>\n","protected":false},"excerpt":{"rendered":"<p>Roztw\u00f3r Lugola &#8211; 5%. Francuski lekarz Jean Guillaume Auguste Lugol po raz pierwszy opracowa\u0142 rozwi\u0105zanie Lugola w 1829 r. Dr. Lugol odkry\u0142, \u017ce jodek potasu zwi\u0119ksza rozpuszczalno\u015b\u0107 jodu w wodzie. Roztw\u00f3r Lugola jest mieszanin\u0105 jodu i jodku potasu w stosunku 1:2. Jod jest minera\u0142em niezb\u0119dnym do prze\u017cycia wszystkim ssakom. Jest tak\u017ce wa\u017cn\u0105 cz\u0119\u015bci\u0105 hormon\u00f3w tarczycy, kt\u00f3re wp\u0142ywaj\u0105 na metabolizm, wzrost i rozw\u00f3j.<\/p>\n<p>\ud83d\udc9a Zapobiega i leczy b\u00f3le g\u0142owy (w tym migren\u0119).<br \/>\n\ud83d\udc9a Chroni przed powszechnymi toksynami.<br \/>\n\ud83d\udc9a Jest kluczowa dla produkcji hormon\u00f3w tarczycy i regulacji metabolizmu.<br \/>\n\ud83d\udc9a Zapobiega zwi\u0119kszonemu ryzyku zachorowania na raka.<\/p>\n","protected":false},"featured_media":6196,"comment_status":"open","ping_status":"closed","template":"","meta":{"_acf_changed":false},"product_brand":[],"product_cat":[15,231,224,235,225],"product_tag":[],"class_list":{"0":"post-6195","1":"product","2":"type-product","3":"status-publish","4":"has-post-thumbnail","6":"product_cat-uncategorized","7":"product_cat-inne","8":"product_cat-oferta","9":"product_cat-ponownie-w-magazynie","10":"product_cat-wszystkie-produkty","12":"first","13":"instock","14":"taxable","15":"shipping-taxable","16":"purchasable","17":"product-type-simple"},"acf":[],"_links":{"self":[{"href":"https:\/\/fengchashop.com\/pl\/wp-json\/wp\/v2\/product\/6195","targetHints":{"allow":["GET"]}}],"collection":[{"href":"https:\/\/fengchashop.com\/pl\/wp-json\/wp\/v2\/product"}],"about":[{"href":"https:\/\/fengchashop.com\/pl\/wp-json\/wp\/v2\/types\/product"}],"replies":[{"embeddable":true,"href":"https:\/\/fengchashop.com\/pl\/wp-json\/wp\/v2\/comments?post=6195"}],"wp:featuredmedia":[{"embeddable":true,"href":"https:\/\/fengchashop.com\/pl\/wp-json\/wp\/v2\/media\/6196"}],"wp:attachment":[{"href":"https:\/\/fengchashop.com\/pl\/wp-json\/wp\/v2\/media?parent=6195"}],"wp:term":[{"taxonomy":"product_brand","embeddable":true,"href":"https:\/\/fengchashop.com\/pl\/wp-json\/wp\/v2\/product_brand?post=6195"},{"taxonomy":"product_cat","embeddable":true,"href":"https:\/\/fengchashop.com\/pl\/wp-json\/wp\/v2\/product_cat?post=6195"},{"taxonomy":"product_tag","embeddable":true,"href":"https:\/\/fengchashop.com\/pl\/wp-json\/wp\/v2\/product_tag?post=6195"}],"curies":[{"name":"wp","href":"https:\/\/api.w.org\/{rel}","templated":true}]}}