{"id":6188,"date":"2022-05-20T16:38:02","date_gmt":"2022-05-20T14:38:02","guid":{"rendered":"https:\/\/fengchashop.com\/pl\/product\/ziarna-kakaowca-bio-250-g\/"},"modified":"2026-04-25T18:43:18","modified_gmt":"2026-04-25T16:43:18","slug":"ziarna-kakaowca-bio","status":"publish","type":"product","link":"https:\/\/fengchashop.com\/pl\/product\/ziarna-kakaowca-bio\/","title":{"rendered":"Ziarna kakaowca BIO 250 g"},"content":{"rendered":"<h2 style=\"text-align: justify\"><span style=\"color: #000000\">Ziarna kakaowca criollo BIO<\/span><\/h2>\n<p style=\"text-align: justify\"><span style=\"color: #000000\">Ziarna lub nasiona kakaowca, z kt\u00f3rych pozyskuje si\u0119 kakao, rosn\u0105 w str\u0105kach na drzewie zwanym <strong>kakaowcem<\/strong> ( <strong>Theobroma cacao<\/strong>). W przesz\u0142o\u015bci ziarna kakaowca by\u0142y tak cenione, \u017ce Majowie i Aztekowie w Ameryce \u015arodkowej i Po\u0142udniowej u\u017cywali ich jako \u015brodka p\u0142atniczego obok z\u0142ota. <\/span><\/p>\n<p style=\"text-align: justify\"><span style=\"color: #000000\">Kakao zawiera zdecydowanie najwi\u0119cej przeciwutleniaczy spo\u015br\u00f3d wszystkich innych produkt\u00f3w spo\u017cywczych, a tak\u017ce wiele minera\u0142\u00f3w, takich jak potas, cynk, magnez, \u017celazo i wap\u0144. Zawarto\u015b\u0107 cynku w ziarnach kakaowych sprawia, \u017ce s\u0105 one wa\u017cnym czynnikiem wspomagaj\u0105cym <strong>reakcje enzymatyczne<\/strong>. Kakao jest r\u00f3wnie\u017c \u017ar\u00f3d\u0142em bia\u0142ka i b\u0142onnika. Wszystkie te sk\u0142adniki s\u0105 wa\u017cne dla utrzymania naszego zdrowia. Zawiera r\u00f3wnie\u017c szereg sk\u0142adnik\u00f3w od\u017cywczych, kt\u00f3re maj\u0105 pozytywny wp\u0142yw na nasz uk\u0142ad kr\u0105\u017cenia, rozrzedzaj\u0105c krew i zapobiegaj\u0105c powstawaniu zakrzep\u00f3w. Jednocze\u015bnie poprawia nastr\u00f3j poprzez zwi\u0119kszenie poziomu serotoniny w m\u00f3zgu. W rzeczywisto\u015bci zawiera a\u017c <strong>300 r\u00f3\u017cnych zwi\u0105zk\u00f3w<\/strong>, kt\u00f3re mog\u0105 mie\u0107 wp\u0142yw na popraw\u0119 naszego nastroju. Ziarna kakaowca zawieraj\u0105 tryptofan, kt\u00f3ry jest wa\u017cny w produkcji serotoniny, hormonu zwanego szcz\u0119\u015bciem. Ponadto ziarna kakaowca zawieraj\u0105 r\u00f3wnie\u017c substancje chemiczne, kt\u00f3re organizm wytwarza, gdy si\u0119 zakochujemy, nic wi\u0119c dziwnego, \u017ce kakao <strong>jest cz\u0119sto kojarzone z mi\u0142o\u015bci\u0105<\/strong>.<\/span><\/p>\n<p style=\"text-align: justify\"><span style=\"color: #000000\">Spo\u017cywanie zaledwie 25-30 gram\u00f3w kakao dziennie, co odpowiada oko\u0142o dziesi\u0119ciu ziarnom, wystarczy, aby skorzysta\u0107 z jego pozytywnych efekt\u00f3w.<\/span><\/p>\n<p style=\"text-align: justify\"><span style=\"color: #000000\">Rodzaje kakao <em><strong>criollo <\/strong><\/em>to najbardziej cenione kakao na \u015bwiecie. Te ziarna kakaowca s\u0105 r\u00f3wnie\u017c produkowane ekologicznie.<\/span><\/p>\n<p style=\"text-align: justify\"><span style=\"color: #000000\">Smakuj\u0105 jak czekolada, ale s\u0105 te\u017c orzechowe.<\/span><\/p>\n<h2 style=\"text-align: justify\"><span style=\"color: #000000\">Dlaczego warto kupowa\u0107 nasze ziarna kakao?<\/span><\/h2>\n<p style=\"text-align: justify\"><span style=\"color: #000000\">Po prostu dlatego, \u017ce:<\/span><\/p>\n<p style=\"text-align: justify\"><span style=\"color: #000000\">1. pochodz\u0105 z kontrolowanej <b>produkcji ekologicznej<\/b> i dlatego s\u0105 najlepsze, jakie mo\u017cemy zaoferowa\u0107.<\/span><\/p>\n<p style=\"text-align: justify\"><span style=\"color: #000000\">2. <i>Co to oznacza? <\/i>Oznacza to, \u017ce ziarna lub nasiona kakaowca s\u0105 po prostu fermentowane i suszone w niskich temperaturach po zbiorach. Nie s\u0105 pra\u017cone ani poddawane \u017cadnej obr\u00f3bce chemicznej. W ten spos\u00f3b ten <i>pokarm bog\u00f3w<\/i>, jak jest cz\u0119sto nazywany, zachowuje wi\u0119kszo\u015b\u0107 swoich warto\u015bci od\u017cywczych, w tym przeciwutleniacze, kt\u00f3re s\u0105 dla nas tak wa\u017cne.<\/span><\/p>\n<p style=\"text-align: justify\"><span style=\"color: #000000\">3. s\u0105 <b>wolne od dodatk\u00f3w<\/b> i innych zb\u0119dnych sk\u0142adnik\u00f3w.<\/span><\/p>\n<p style=\"text-align: justify\"><span style=\"color: #000000\">4. kakao <em><strong>criollo<\/strong> <\/em>to najlepsza i najbardziej ceniona odmiana kakao na \u015bwiecie.<\/span><\/p>\n<p style=\"text-align: justify\"><span style=\"color: #000000\">Zwyci\u0119ska kombinacja, kt\u00f3ra zadowoli nawet najbardziej wymagaj\u0105ce podniebienia.<\/span><\/p>\n<h2 style=\"text-align: justify\"><span style=\"color: #000000\">Przechowywanie<\/span><\/h2>\n<p style=\"text-align: justify\"><span style=\"color: #000000\">Przechowywa\u0107 w suchym, ciemnym i ch\u0142odnym miejscu. Upewni\u0107 si\u0119, \u017ce torebka jest szczelnie zamkni\u0119ta.<\/span><\/p>\n<h2 style=\"text-align: justify\"><span style=\"color: #000000\">Opakowanie<\/span><\/h2>\n<p style=\"text-align: justify\"><span style=\"color: #000000\">Nieprzepuszczalna torebka z zamkiem b\u0142yskawicznym, w kt\u00f3rej produkt zachowuje ca\u0142\u0105 swoj\u0105 \u015bwie\u017co\u015b\u0107 i aromat. Opakowanie chroni przed \u015bwiat\u0142em i powietrzem, poniewa\u017c sk\u0142ada si\u0119 z kilku warstw ochronnych, aby zachowa\u0107 w\u0142a\u015bciwo\u015bci zawarto\u015bci.<\/span><\/p>\n<p style=\"text-align: justify\"><span style=\"color: #000000\">Opakowanie jest bardzo praktyczne i nadaje si\u0119 do recyklingu.<\/span><\/p>\n<h2 style=\"text-align: justify\"><span style=\"color: #000000\">Pochodzenie<\/span><\/h2>\n<p style=\"text-align: justify\"><span style=\"color: #000000\">Peru<\/span><\/p>\n","protected":false},"excerpt":{"rendered":"<p>Kakao zawiera zdecydowanie najwi\u0119cej przeciwutleniaczy ze wszystkich produkt\u00f3w spo\u017cywczych, a tak\u017ce wiele minera\u0142\u00f3w, takich jak potas, cynk, magnez, \u017celazo i wap\u0144. Ze wzgl\u0119du na zawarto\u015b\u0107 cynku ziarna kakaowe odgrywaj\u0105 r\u00f3wnie\u017c wa\u017cn\u0105 rol\u0119 w reakcjach enzymatycznych. Jednocze\u015bnie jest tak\u017ce \u017ar\u00f3d\u0142em bia\u0142ka i b\u0142onnika. Wszystko to jest wa\u017cne dla utrzymania naszego zdrowia. Zawiera tak\u017ce wiele sk\u0142adnik\u00f3w od\u017cywczych, kt\u00f3re pozytywnie wp\u0142ywaj\u0105 na nasz uk\u0142ad krwiono\u015bny, gdy\u017c rozrzedzaj\u0105 krew i zapobiegaj\u0105 tworzeniu si\u0119 skrzep\u00f3w. Jednocze\u015bnie dzi\u0119ki wzrostowi poziomu serotoniny w m\u00f3zgu poprawia nastr\u00f3j. Tak naprawd\u0119 zawiera a\u017c 300 r\u00f3\u017cnych zwi\u0105zk\u00f3w, kt\u00f3re mog\u0105 wp\u0142ywa\u0107 na popraw\u0119 naszego nastroju. Ziarna kakaowca zawieraj\u0105 tryptofan, kt\u00f3ry bierze udzia\u0142 w produkcji serotoniny, znanej jako hormon szcz\u0119\u015bcia.<\/p>\n<p>\ud83d\udc9a Pochodzi z kontrolowanej produkcji organicznej.<br \/>\n\ud83d\udc9a S\u0105 bez dodatk\u00f3w.<br \/>\n\ud83d\udc9a Kakao Criollo to najbardziej cenione kakao na \u015bwiecie.<\/p>\n","protected":false},"featured_media":6189,"comment_status":"open","ping_status":"closed","template":"","meta":{"_acf_changed":false},"product_brand":[],"product_cat":[15,224,225],"product_tag":[],"class_list":{"0":"post-6188","1":"product","2":"type-product","3":"status-publish","4":"has-post-thumbnail","6":"product_cat-uncategorized","7":"product_cat-oferta","8":"product_cat-wszystkie-produkty","10":"first","11":"instock","12":"sale","13":"taxable","14":"shipping-taxable","15":"purchasable","16":"product-type-simple"},"acf":[],"_links":{"self":[{"href":"https:\/\/fengchashop.com\/pl\/wp-json\/wp\/v2\/product\/6188","targetHints":{"allow":["GET"]}}],"collection":[{"href":"https:\/\/fengchashop.com\/pl\/wp-json\/wp\/v2\/product"}],"about":[{"href":"https:\/\/fengchashop.com\/pl\/wp-json\/wp\/v2\/types\/product"}],"replies":[{"embeddable":true,"href":"https:\/\/fengchashop.com\/pl\/wp-json\/wp\/v2\/comments?post=6188"}],"wp:featuredmedia":[{"embeddable":true,"href":"https:\/\/fengchashop.com\/pl\/wp-json\/wp\/v2\/media\/6189"}],"wp:attachment":[{"href":"https:\/\/fengchashop.com\/pl\/wp-json\/wp\/v2\/media?parent=6188"}],"wp:term":[{"taxonomy":"product_brand","embeddable":true,"href":"https:\/\/fengchashop.com\/pl\/wp-json\/wp\/v2\/product_brand?post=6188"},{"taxonomy":"product_cat","embeddable":true,"href":"https:\/\/fengchashop.com\/pl\/wp-json\/wp\/v2\/product_cat?post=6188"},{"taxonomy":"product_tag","embeddable":true,"href":"https:\/\/fengchashop.com\/pl\/wp-json\/wp\/v2\/product_tag?post=6188"}],"curies":[{"name":"wp","href":"https:\/\/api.w.org\/{rel}","templated":true}]}}