{"id":6185,"date":"2022-05-20T16:26:40","date_gmt":"2022-05-20T14:26:40","guid":{"rendered":"https:\/\/fengchashop.com\/pl\/product\/ziarna-lub-nasiona-kakaowca-bio-250-g\/"},"modified":"2026-04-28T13:34:13","modified_gmt":"2026-04-28T11:34:13","slug":"ziarna-lub-nasiona-kakaowca-bio","status":"publish","type":"product","link":"https:\/\/fengchashop.com\/pl\/product\/ziarna-lub-nasiona-kakaowca-bio\/","title":{"rendered":"Ziarna lub nasiona kakaowca BIO 250 g"},"content":{"rendered":"<h2 style=\"text-align: justify\"><span style=\"color: #000000\">Kruszone ziarna kakao criollo BIO<\/span><\/h2>\n<p style=\"text-align: justify\"><span style=\"color: #000000\">Ziarna lub nasiona kakaowca, z kt\u00f3rych pozyskuje si\u0119 kakao, rosn\u0105 w str\u0105kach na drzewie zwanym <strong>kakaowcem<\/strong>. <strong><i>Theobroma cacao<\/i><\/strong>. W przesz\u0142o\u015bci ziarna kakaowca by\u0142y tak cenne, \u017ce Majowie i Aztekowie w Ameryce \u015arodkowej i Po\u0142udniowej u\u017cywali ich jako <strong>\u015brodka p\u0142at<\/strong>niczego <strong>obok z\u0142ota <\/strong>.<\/span><\/p>\n<p style=\"text-align: justify\"><span style=\"color: #000000\">Kakao zawiera zdecydowanie najwi\u0119cej <strong>przeciwutleniaczy<\/strong> spo\u015br\u00f3d wszystkich innych produkt\u00f3w spo\u017cywczych, a tak\u017ce wiele <strong>minera\u0142\u00f3w<\/strong>, takich jak potas, cynk, magnez, \u017celazo i wap\u0144. Jest r\u00f3wnie\u017c bogatym \u017ar\u00f3d\u0142em <strong>bia\u0142ka<\/strong> i <strong>b\u0142onnika<\/strong>. Wszystkie te sk\u0142adniki s\u0105 wa\u017cne dla utrzymania naszego zdrowia. Zawiera r\u00f3wnie\u017c wiele sk\u0142adnik\u00f3w od\u017cywczych, kt\u00f3re maj\u0105 pozytywny wp\u0142yw na nasz uk\u0142ad kr\u0105\u017cenia, rozrzedzaj\u0105c krew i zapobiegaj\u0105c powstawaniu zakrzep\u00f3w.<strong> Poprawia nastr\u00f3j<\/strong> poprzez zwi\u0119kszenie poziomu serotoniny w m\u00f3zgu. W rzeczywisto\u015bci zawiera a\u017c 300 r\u00f3\u017cnych zwi\u0105zk\u00f3w, kt\u00f3re mog\u0105 mie\u0107 wp\u0142yw na popraw\u0119 naszego nastroju. Poniewa\u017c kakao jest surowe, jest nieco bardziej gorzkie ni\u017c to, do kt\u00f3rego jeste\u015bmy przyzwyczajeni, ale znacznie zdrowsze. Wystarczy spo\u017cywa\u0107 zaledwie<strong> 25-30 gram\u00f3w kakao<\/strong> dziennie, aby czerpa\u0107 z niego wszystkie korzy\u015bci.<\/span><\/p>\n<p style=\"text-align: justify\"><span style=\"color: #000000\">Kakao <em>criollo<\/em> jest<strong> najbardziej cenionym kakao<\/strong> na \u015bwiecie. Te ziarna kakaowca s\u0105 r\u00f3wnie\u017c <strong>produkowane ekologicznie<\/strong>.<\/span><\/p>\n<p style=\"text-align: justify\"><span style=\"color: #000000\">Twarde ziarna kakaowca s\u0105 \u0142amane na mniejsze kawa\u0142ki w celu \u0142atwiejszego spo\u017cycia.<\/span><\/p>\n<p style=\"text-align: justify\"><span style=\"color: #000000\">Smakuj\u0105 jak czekolada, ale s\u0105 te\u017c orzechowe.<\/span><\/p>\n<h2 style=\"text-align: justify\"><span style=\"color: #000000\">Dlaczego warto kupowa\u0107 nasze \u0142amane ziarna kakao?<\/span><\/h2>\n<p style=\"text-align: justify\"><span style=\"color: #000000\">Po prostu dlatego, \u017ce:<\/span><\/p>\n<p style=\"text-align: justify\"><span style=\"color: #000000\">1. pochodz\u0105 z kontrolowanej <b>produkcji ekologicznej<\/b>, a zatem s\u0105 najlepsze, jakie mo\u017cemy zaoferowa\u0107.<\/span><\/p>\n<p style=\"text-align: justify\"><span style=\"color: #000000\">2. pochodz\u0105 ze <b>zr\u00f3wnowa\u017conych ziaren<\/b>. <i>Co to oznacza? <\/i>Oznacza to, \u017ce ziarna lub nasiona kakaowca s\u0105 po prostu fermentowane i suszone w niskich temperaturach po zbiorach. Nie s\u0105 pra\u017cone ani poddawane \u017cadnej obr\u00f3bce chemicznej. W ten spos\u00f3b ten <i>pokarm bog\u00f3w<\/i>, jak jest cz\u0119sto nazywany, zachowuje wi\u0119kszo\u015b\u0107 swoich warto\u015bci od\u017cywczych, w tym przeciwutleniacze, kt\u00f3re s\u0105 dla nas tak wa\u017cne.<\/span><\/p>\n<p style=\"text-align: justify\"><span style=\"color: #000000\">3. s\u0105 <b>wolne od dodatk\u00f3w<\/b> i innych zb\u0119dnych sk\u0142adnik\u00f3w.<\/span><\/p>\n<p style=\"text-align: justify\"><span style=\"color: #000000\">4. kakao <em><strong>criollo<\/strong> <\/em>to najlepsza i najbardziej ceniona odmiana kakao na \u015bwiecie.<\/span><\/p>\n<p style=\"text-align: justify\"><span style=\"color: #000000\">Zwyci\u0119ska kombinacja, kt\u00f3ra zadowoli nawet najbardziej wymagaj\u0105ce podniebienia.<\/span><\/p>\n<h2 style=\"text-align: justify\"><span style=\"color: #000000\">Przechowywanie<\/span><\/h2>\n<p style=\"text-align: justify\"><span style=\"color: #000000\">Przechowywa\u0107 w suchym, ciemnym i ch\u0142odnym miejscu. Upewni\u0107 si\u0119, \u017ce torebka jest szczelnie zamkni\u0119ta.<\/span><\/p>\n<h2 style=\"text-align: justify\"><span style=\"color: #000000\">Opakowanie<\/span><\/h2>\n<p style=\"text-align: justify\"><span style=\"color: #000000\">Nieprzepuszczalna torebka z zamkiem b\u0142yskawicznym, w kt\u00f3rej produkt zachowuje ca\u0142\u0105 swoj\u0105 \u015bwie\u017co\u015b\u0107 i aromat. Opakowanie chroni przed \u015bwiat\u0142em i powietrzem, poniewa\u017c sk\u0142ada si\u0119 z kilku warstw ochronnych, aby zachowa\u0107 w\u0142a\u015bciwo\u015bci zawarto\u015bci.<\/span><\/p>\n<p style=\"text-align: justify\"><span style=\"color: #000000\">Opakowanie jest bardzo praktyczne i nadaje si\u0119 do recyklingu.<\/span><\/p>\n<h2 style=\"text-align: justify\"><span style=\"color: #000000\">Pochodzenie<\/span><\/h2>\n<p style=\"text-align: justify\"><span style=\"color: #000000\">Peru<\/span><\/p>\n","protected":false},"excerpt":{"rendered":"<p>Kakao zawiera zdecydowanie najwi\u0119cej przeciwutleniaczy spo\u015br\u00f3d wszystkich innych produkt\u00f3w spo\u017cywczych, a tak\u017ce wiele minera\u0142\u00f3w, takich jak potas, cynk, magnez, \u017celazo i wap\u0144. Jest r\u00f3wnie\u017c bogatym \u017ar\u00f3d\u0142em bia\u0142ka i b\u0142onnika. Wszystkie te sk\u0142adniki s\u0105 wa\u017cne dla utrzymania naszego zdrowia. Zawiera r\u00f3wnie\u017c wiele sk\u0142adnik\u00f3w od\u017cywczych, kt\u00f3re maj\u0105 pozytywny wp\u0142yw na nasz uk\u0142ad kr\u0105\u017cenia, rozrzedzaj\u0105c krew i zapobiegaj\u0105c powstawaniu zakrzep\u00f3w. Poprawia nastr\u00f3j poprzez zwi\u0119kszenie poziomu serotoniny w m\u00f3zgu. W rzeczywisto\u015bci zawiera a\u017c 300 r\u00f3\u017cnych zwi\u0105zk\u00f3w, kt\u00f3re mog\u0105 mie\u0107 wp\u0142yw na popraw\u0119 naszego nastroju. Poniewa\u017c kakao jest surowe, jest nieco bardziej gorzkie ni\u017c to, do kt\u00f3rego jeste\u015bmy przyzwyczajeni, ale znacznie zdrowsze. Wystarczy spo\u017cywa\u0107 zaledwie 25-30 gram\u00f3w kakao dziennie, aby czerpa\u0107 z niego wszystkie korzy\u015bci.<\/p>\n<p>\ud83d\udc9a Pochodzi z kontrolowanej produkcji ekologicznej.<br \/>\n\ud83d\udc9a S\u0105 wolne od dodatk\u00f3w.<br \/>\n\ud83d\udc9a Kakao Criollo jest najbardziej cenionym kakao na \u015bwiecie.<\/p>\n","protected":false},"featured_media":6186,"comment_status":"open","ping_status":"closed","template":"","meta":{"_acf_changed":false},"product_brand":[],"product_cat":[15,205,224,225],"product_tag":[],"class_list":{"0":"post-6185","1":"product","2":"type-product","3":"status-publish","4":"has-post-thumbnail","6":"product_cat-uncategorized","7":"product_cat-herbata-jedzenie-i-przyprawy","8":"product_cat-oferta","9":"product_cat-wszystkie-produkty","11":"first","12":"instock","13":"sale","14":"taxable","15":"shipping-taxable","16":"purchasable","17":"product-type-simple"},"acf":[],"_links":{"self":[{"href":"https:\/\/fengchashop.com\/pl\/wp-json\/wp\/v2\/product\/6185","targetHints":{"allow":["GET"]}}],"collection":[{"href":"https:\/\/fengchashop.com\/pl\/wp-json\/wp\/v2\/product"}],"about":[{"href":"https:\/\/fengchashop.com\/pl\/wp-json\/wp\/v2\/types\/product"}],"replies":[{"embeddable":true,"href":"https:\/\/fengchashop.com\/pl\/wp-json\/wp\/v2\/comments?post=6185"}],"wp:featuredmedia":[{"embeddable":true,"href":"https:\/\/fengchashop.com\/pl\/wp-json\/wp\/v2\/media\/6186"}],"wp:attachment":[{"href":"https:\/\/fengchashop.com\/pl\/wp-json\/wp\/v2\/media?parent=6185"}],"wp:term":[{"taxonomy":"product_brand","embeddable":true,"href":"https:\/\/fengchashop.com\/pl\/wp-json\/wp\/v2\/product_brand?post=6185"},{"taxonomy":"product_cat","embeddable":true,"href":"https:\/\/fengchashop.com\/pl\/wp-json\/wp\/v2\/product_cat?post=6185"},{"taxonomy":"product_tag","embeddable":true,"href":"https:\/\/fengchashop.com\/pl\/wp-json\/wp\/v2\/product_tag?post=6185"}],"curies":[{"name":"wp","href":"https:\/\/api.w.org\/{rel}","templated":true}]}}