{"id":6179,"date":"2022-05-20T15:37:07","date_gmt":"2022-05-20T13:37:07","guid":{"rendered":"https:\/\/fengchashop.com\/pl\/product\/kakao-w-proszku-bio-250-g\/"},"modified":"2026-04-17T20:45:54","modified_gmt":"2026-04-17T18:45:54","slug":"kakao-w-proszku-bio","status":"publish","type":"product","link":"https:\/\/fengchashop.com\/pl\/product\/kakao-w-proszku-bio\/","title":{"rendered":"Kakao w proszku BIO 250 g"},"content":{"rendered":"<h2 style=\"text-align: justify\"><span style=\"color: #000000\">Kakao w proszku BIO<\/span><\/h2>\n<p style=\"text-align: justify\"><span style=\"color: #000000\">Ziarna lub nasiona kakaowca, z kt\u00f3rych pozyskuje si\u0119 kakao, rosn\u0105 w str\u0105kach na drzewie zwanym <b>kakaowcem<\/b>. <b><i>Theobroma cacao<\/i><\/b>. Kakao jest popularnym po\u017cywieniem od tysi\u0105cleci. Pochodzi z Ameryki Po\u0142udniowej i \u015arodkowej. Jest podstawowym surowcem do przygotowania wszystkich rodzaj\u00f3w czekolad.<\/span><\/p>\n<p style=\"text-align: justify\"><span style=\"color: #000000\">Kakao zawiera zdecydowanie <b>wi\u0119cej przeciwutleniaczy<\/b> ni\u017c jakakolwiek inna \u017cywno\u015b\u0107. Zawiera ich trzy razy wi\u0119cej ni\u017c zielona herbata. Ponadto zawiera r\u00f3wnie\u017c wiele <b>minera\u0142\u00f3w<\/b>, takich jak potas, cynk, magnez, \u017celazo i wap\u0144. Jest r\u00f3wnie\u017c \u017ar\u00f3d\u0142em <b>bia\u0142ka<\/b> i <b>b\u0142onnika<\/b>. Wszystkie te sk\u0142adniki s\u0105 wa\u017cne dla utrzymania naszego zdrowia. Zawiera r\u00f3wnie\u017c sk\u0142adniki od\u017cywcze, kt\u00f3re maj\u0105 pozytywny wp\u0142yw na nasz uk\u0142ad kr\u0105\u017cenia, rozrzedzaj\u0105c krew i zapobiegaj\u0105c powstawaniu zakrzep\u00f3w. Poprawia nastr\u00f3j poprzez zwi\u0119kszenie poziomu serotoniny w m\u00f3zgu. W rzeczywisto\u015bci zawiera a\u017c <b>300 r\u00f3\u017cnych zwi\u0105zk\u00f3w<\/b>, kt\u00f3re mog\u0105 mie\u0107 wp\u0142yw na popraw\u0119 naszego nastroju.<\/span><\/p>\n<p style=\"text-align: justify\"><span style=\"color: #000000\">Ziarna tego kakao s\u0105 zbierane r\u0119cznie. Wybrane ziarna s\u0105 najpierw poddawane fermentacji, aby nieco zmniejszy\u0107 charakterystyczn\u0105 gorycz. Dzi\u0119ki temu ziarna kakaowca zachowuj\u0105 swoje warto\u015bci od\u017cywcze bez dodawania zb\u0119dnych dodatk\u00f3w. Wystarczy spo\u017cywa\u0107 zaledwie 25-30 gram\u00f3w kakao dziennie, aby czerpa\u0107 wszystkie jego korzy\u015bci.<\/span><\/p>\n<h2><span style=\"color: #000000\">Dlaczego warto kupi\u0107 t\u0119 mieszank\u0119 kakao w proszku?<\/span><\/h2>\n<p style=\"text-align: justify\"><span style=\"color: #000000\">Po prostu dlatego, \u017ce:<\/span><\/p>\n<p style=\"text-align: justify\"><span style=\"color: #000000\">1. pochodzi z kontrolowanej <b>produkcji ekologicznej<\/b>, a zatem jest najlepszym, co mo\u017cemy zaoferowa\u0107.<\/span><\/p>\n<p style=\"text-align: justify\"><span style=\"color: #000000\">2. <b>wielokrotnie nagradzany produkt<\/b> dzi\u0119ki specjalnej mieszance zmielonych ziaren kakao z trzech r\u00f3\u017cnych \u017ar\u00f3de\u0142 &#8211; z trzech kraj\u00f3w afryka\u0144skich.<\/span><\/p>\n<p style=\"text-align: justify\"><span style=\"color: #000000\">3. jest <b>wolny od dodatk\u00f3w<\/b> i innych niepotrzebnych sk\u0142adnik\u00f3w, takich jak cukier lub inne substancje s\u0142odz\u0105ce.<\/span><\/p>\n<p style=\"text-align: justify\"><span style=\"color: #000000\">Zwyci\u0119ska kombinacja, kt\u00f3ra zadowoli nawet najbardziej wymagaj\u0105ce podniebienia. Niezbyt s\u0142odka i niezbyt gorzka wersja kakao, kt\u00f3ra jest niezb\u0119dna do pieczenia deser\u00f3w, ale tak\u017ce do gotowania. Owocowy smak uzupe\u0142nia <b>smak pra\u017conych ziaren kakaowca<\/b>. Idealne do przygotowania napoju kakaowego z dodatkiem zwyk\u0142ego mleka lub napoj\u00f3w ro\u015blinnych. <\/span><\/p>\n<h2><span style=\"color: #000000\">Przechowywanie<\/span><\/h2>\n<p style=\"text-align: justify\"><span style=\"color: #000000\">Przechowywa\u0107 w suchym, ciemnym i ch\u0142odnym miejscu. Upewni\u0107 si\u0119, \u017ce torebka jest szczelnie zamkni\u0119ta.<\/span><\/p>\n<h2><span style=\"color: #000000\">Opakowanie<\/span><\/h2>\n<p style=\"text-align: justify\"><span style=\"color: #000000\">Nieprzepuszczalna torebka z zamkiem b\u0142yskawicznym, w kt\u00f3rej produkt zachowuje ca\u0142\u0105 swoj\u0105 \u015bwie\u017co\u015b\u0107 i aromat. Opakowanie chroni przed \u015bwiat\u0142em i powietrzem, poniewa\u017c sk\u0142ada si\u0119 z kilku warstw ochronnych, aby zachowa\u0107 w\u0142a\u015bciwo\u015bci zawarto\u015bci.<\/span><\/p>\n<p style=\"text-align: justify\"><span style=\"color: #000000\">Opakowanie jest bardzo praktyczne i nadaje si\u0119 do recyklingu.<\/span><\/p>\n<h2><span style=\"color: #000000\">Pochodzenie<\/span><\/h2>\n<p style=\"text-align: justify\"><span style=\"color: #000000\">Sierra Leone, Ghana i Wybrze\u017ce Ko\u015bci S\u0142oniowej<\/span><\/p>\n","protected":false},"excerpt":{"rendered":"<p>Kakao zawiera zdecydowanie wi\u0119cej przeciwutleniaczy ni\u017c jakakolwiek inna \u017cywno\u015b\u0107. Zawiera ich trzy razy wi\u0119cej ni\u017c zielona herbata. Ponadto zawiera r\u00f3wnie\u017c wiele minera\u0142\u00f3w, takich jak potas, cynk, magnez, \u017celazo i wap\u0144. Jest r\u00f3wnie\u017c \u017ar\u00f3d\u0142em bia\u0142ka i b\u0142onnika. Wszystkie te sk\u0142adniki s\u0105 wa\u017cne dla utrzymania naszego zdrowia. Zawiera r\u00f3wnie\u017c sk\u0142adniki od\u017cywcze, kt\u00f3re maj\u0105 pozytywny wp\u0142yw na nasz uk\u0142ad kr\u0105\u017cenia, rozrzedzaj\u0105c krew i zapobiegaj\u0105c powstawaniu zakrzep\u00f3w. Poprawia nastr\u00f3j poprzez zwi\u0119kszenie poziomu serotoniny w m\u00f3zgu. W rzeczywisto\u015bci zawiera a\u017c 300 r\u00f3\u017cnych zwi\u0105zk\u00f3w, kt\u00f3re mog\u0105 mie\u0107 wp\u0142yw na popraw\u0119 naszego nastroju.<\/p>\n<p>\ud83d\udc9a Pochodzi z kontrolowanej produkcji ekologicznej.<br \/>\n\ud83d\udc9a Wielokrotnie nagradzany produkt dzi\u0119ki specjalnej mieszance zmielonych ziaren kakaowca o r\u00f3\u017cnym pochodzeniu &#8211; z trzech kraj\u00f3w afryka\u0144skich.<br \/>\n\ud83d\udc9a Nie zawiera dodatk\u00f3w ani innych zb\u0119dnych sk\u0142adnik\u00f3w, takich jak cukier czy inne substancje s\u0142odz\u0105ce.<\/p>\n","protected":false},"featured_media":6180,"comment_status":"open","ping_status":"closed","template":"","meta":{"_acf_changed":false},"product_brand":[],"product_cat":[15,238,205,224,225],"product_tag":[],"class_list":{"0":"post-6179","1":"product","2":"type-product","3":"status-publish","4":"has-post-thumbnail","6":"product_cat-uncategorized","7":"product_cat-dobre-oferty","8":"product_cat-herbata-jedzenie-i-przyprawy","9":"product_cat-oferta","10":"product_cat-wszystkie-produkty","12":"first","13":"instock","14":"sale","15":"taxable","16":"shipping-taxable","17":"purchasable","18":"product-type-simple"},"acf":[],"_links":{"self":[{"href":"https:\/\/fengchashop.com\/pl\/wp-json\/wp\/v2\/product\/6179","targetHints":{"allow":["GET"]}}],"collection":[{"href":"https:\/\/fengchashop.com\/pl\/wp-json\/wp\/v2\/product"}],"about":[{"href":"https:\/\/fengchashop.com\/pl\/wp-json\/wp\/v2\/types\/product"}],"replies":[{"embeddable":true,"href":"https:\/\/fengchashop.com\/pl\/wp-json\/wp\/v2\/comments?post=6179"}],"wp:featuredmedia":[{"embeddable":true,"href":"https:\/\/fengchashop.com\/pl\/wp-json\/wp\/v2\/media\/6180"}],"wp:attachment":[{"href":"https:\/\/fengchashop.com\/pl\/wp-json\/wp\/v2\/media?parent=6179"}],"wp:term":[{"taxonomy":"product_brand","embeddable":true,"href":"https:\/\/fengchashop.com\/pl\/wp-json\/wp\/v2\/product_brand?post=6179"},{"taxonomy":"product_cat","embeddable":true,"href":"https:\/\/fengchashop.com\/pl\/wp-json\/wp\/v2\/product_cat?post=6179"},{"taxonomy":"product_tag","embeddable":true,"href":"https:\/\/fengchashop.com\/pl\/wp-json\/wp\/v2\/product_tag?post=6179"}],"curies":[{"name":"wp","href":"https:\/\/api.w.org\/{rel}","templated":true}]}}