{"id":6176,"date":"2022-05-20T14:55:43","date_gmt":"2022-05-20T12:55:43","guid":{"rendered":"https:\/\/fengchashop.com\/pl\/product\/golden-latte-bio-250-g\/"},"modified":"2026-04-29T02:56:09","modified_gmt":"2026-04-29T00:56:09","slug":"golden-latte-bio","status":"publish","type":"product","link":"https:\/\/fengchashop.com\/pl\/product\/golden-latte-bio\/","title":{"rendered":"Golden latte BIO 250 g"},"content":{"rendered":"<h2><span style=\"color: #000000\">Golden latte BIO<\/span><\/h2>\n<p><span style=\"color: #000000\">Golden latte to pyszny i orze\u017awiaj\u0105cy nap\u00f3j sporz\u0105dzony z pi\u0119ciu prostych sk\u0142adnik\u00f3w, z kt\u00f3rych g\u0142\u00f3wnym jest kurkuma. Mo\u017cemy doda\u0107 tak\u017ce inne sk\u0142adniki, kt\u00f3re lubimy i s\u0105 nam bliskie. Spo\u017cywanie mleka kurkumowego mo\u017ce mie\u0107 wiele dobroczynnego wp\u0142ywu na nasz organizm, a ponadto ma przyjemny smak. Mieszanka Golden Latte BIO to gotowa mieszanka, kt\u00f3ra pozwoli Ci zaoszcz\u0119dzi\u0107 czas podczas przygotowywania napoju, bo nie musisz si\u0119 martwi\u0107 o odmierzenie ilo\u015bci wszystkich sk\u0142adnik\u00f3w. Jest \u0142atwy w u\u017cyciu i \u015bwietnie smakuje. Mieszanka sk\u0142ada si\u0119 z kurkumy oraz dodatku cynamonu cejlo\u0144skiego (10%) i imbiru (10%).<\/span><\/p>\n<p><span style=\"color: #000000\">Wybierane s\u0105 wy\u0142\u0105cznie najwy\u017cszej jako\u015bci sk\u0142adniki pochodz\u0105ce z produkcji organicznej.<\/span><\/p>\n<p><span style=\"color: #000000\">Do mieszanki dodaje si\u0119 tak\u017ce szczypt\u0119 mielonego czarnego pieprzu, dzi\u0119ki kt\u00f3remu sk\u0142adniki aktywne kurkumy, zw\u0142aszcza kurkumina, b\u0119d\u0105 \u0142atwiej i lepiej wch\u0142aniane przez organizm.<\/span><\/p>\n<p><span style=\"color: #000000\">Nap\u00f3j mo\u017cesz przygotowa\u0107 z mlekiem, napojem ro\u015blinnym lub innym p\u0142ynem. Mo\u017cna pi\u0107 rano lub wieczorem, jednak najlepiej smakuje wieczorem przed p\u00f3j\u015bciem spa\u0107. Zmie\u0144 rytua\u0142 i oddaj si\u0119 przyjemno\u015bci leczniczej kurkumy. Napoje kurkumowe to nap\u00f3j modny na ca\u0142ym \u015bwiecie, poniewa\u017c \u0142\u0105cz\u0105 w sobie zdrowie i dobry smak.<\/span><\/p>\n<p><span style=\"color: #000000\">A tym, co czyni nasz\u0105 mieszank\u0119 wyj\u0105tkow\u0105, jest to, \u017ce nie dodali\u015bmy do niej cukru ani \u017cadnego innego s\u0142odzika. Mo\u017cna go doda\u0107 samodzielnie do smaku lub w og\u00f3le nie dos\u0142adza\u0107 napoju, gdy\u017c sam cynamon i kurkuma nadaj\u0105 mu przyjemn\u0105 s\u0142odycz.<\/span><\/p>\n<p><span style=\"color: #000000\">Dlaczego kurkuma?<\/span><\/p>\n<p><span style=\"color: #000000\">Lecznicze dzia\u0142anie kurkumy w tradycyjnej medycynie Dalekiego Wschodu jest nieocenione. Mi\u0119dzy innymi ze wzgl\u0119du na swoj\u0105 g\u0142\u00f3wn\u0105 substancj\u0119 czynn\u0105, kurkumin\u0119, stosowana jest do oczyszczania krwi i przewodu pokarmowego, do detoksykacji w\u0105troby i p\u0119cherzyka \u017c\u00f3\u0142ciowego, gdy\u017c przyspiesza wydalanie \u017c\u00f3\u0142ci, bilirubiny i cholesterolu. Wiele os\u00f3b lubi go w walce z wirusowym zapaleniem w\u0105troby i nowotworami, \u0142uszczyc\u0105, chorob\u0105 Alzheimera i depresj\u0105, wykorzystuje si\u0119 go tak\u017ce w preparatach kosmetycznych.<\/span><\/p>\n<p><span style=\"color: #000000\">Dobroczynne dzia\u0142anie kurkumy potwierdzaj\u0105 tak\u017ce naukowcy, kt\u00f3rzy twierdz\u0105, \u017ce jej regularne spo\u017cywanie mo\u017ce zapobiec szkodliwemu wp\u0142ywowi substancji rakotw\u00f3rczych z po\u017cywienia na organizm. Co wi\u0119cej, kurkumina zapobiega utlenianiu cholesterolu, co swoim negatywnym dzia\u0142aniem powoduje rozw\u00f3j zagra\u017caj\u0105cej \u017cyciu mia\u017cd\u017cycy.<\/span><\/p>\n<p><span style=\"color: #000000\">Jako silny przeciwutleniacz kurkuma chroni jelita przed wolnymi rodnikami i skutecznie likwiduje zakwaszenie organizmu. Lekarze ajurwedyjscy u\u017cywaj\u0105 go jako \u015brodka antyseptycznego i przeciwbakteryjnego do dezynfekcji ran i oparze\u0144. Niekt\u00f3re kobiety s\u0105 przekonane, \u017ce pomaga przyspieszy\u0107 trawienie i reguluje metabolizm, dzi\u0119ki czemu skutecznie pomaga w pozbyciu si\u0119 zb\u0119dnych kilogram\u00f3w.<\/span><\/p>\n<p><span style=\"color: #000000\">Cynamon nadaje napojowi przede wszystkim przyjemny smak. W po\u0142\u0105czeniu z mlekiem w pe\u0142ni wykorzystujemy wszystkie jego zalety, takie jak obni\u017cenie poziomu cukru i cholesterolu we krwi oraz regulacja ci\u015bnienia krwi. Cynamon pomaga r\u00f3wnie\u017c w trawieniu t\u0142uszcz\u00f3w i problemach trawiennych, takich jak biegunka. Imbir pobudza trawienie, rozgrzewa od wewn\u0105trz, poprawia odporno\u015b\u0107 i przyspiesza metabolizm. Oba \u0142agodz\u0105 r\u00f3wnie\u017c objawy PMS i skurcze menstruacyjne.<\/span><\/p>\n<h2><span style=\"color: #000000\">Jakie s\u0105 inne zalety picia mleka z kurkum\u0105?<\/span><\/h2>\n<p><span style=\"color: #000000\">Kurkuma to niezwykle ceniona przyprawa na ca\u0142ym \u015bwiecie. Jest stosowany w Ajurwedzie ze wzgl\u0119du na ponad 150 potencjalnych efekt\u00f3w terapeutycznych. We wsp\u00f3\u0142czesnej nauce jest przedmiotem wielu bada\u0144, z kt\u00f3rych cz\u0119\u015b\u0107 zosta\u0142a ju\u017c potwierdzona, i stosowana jest jako \u015brodek leczniczy w chorobach zapalnych jelit i zapaleniu staw\u00f3w. Pozytywne skutki, jakie mo\u017ce przynie\u015b\u0107 regularne spo\u017cywanie mleka z kurkumin\u0105 kurkuma i s\u0105:<\/span><\/p>\n<p><span style=\"color: #000000\">\ud83d\udc9a pomaga w leczeniu chor\u00f3b jelit,<\/span><br \/>\n<span style=\"color: #000000\">\ud83d\udc9a obni\u017ca cholesterol,<\/span><br \/>\n<span style=\"color: #000000\">\ud83d\udc9a doskonale sprawdza si\u0119 jako wieczorny drink przed snem, dzia\u0142a uspokajaj\u0105co,<\/span><br \/>\n<span style=\"color: #000000\">\ud83d\udc9a dzia\u0142a r\u00f3wnie\u017c przeciwb\u00f3lowo i przeciwb\u00f3lowo,<\/span><br \/>\n<span style=\"color: #000000\">\ud83d\udc9a pomaga w trawieniu,<\/span><br \/>\n<span style=\"color: #000000\">\ud83d\udc9a oczy\u015bci\u0107 w\u0105trob\u0119<\/span><br \/>\n<span style=\"color: #000000\">\ud83d\udc9a pomaga przy b\u00f3lach menstruacyjnych,<\/span><br \/>\n<span style=\"color: #000000\">\ud83d\udc9a ma dzia\u0142anie przeciwzapalne.<\/span><\/p>\n<h2 align=\"JUSTIFY\"><span style=\"color: #000000\">Przechowywanie i ostrze\u017cenia<\/span><\/h2>\n<p align=\"JUSTIFY\"><span style=\"color: #000000\">Przechowywa\u0107 w suchym, ciemnym i ch\u0142odnym miejscu. Upewnij si\u0119, \u017ce torba lub pude\u0142ko s\u0105 dobrze zamkni\u0119te. Suplement diety nale\u017cy przechowywa\u0107 w miejscu niedost\u0119pnym dla dzieci!<\/span><\/p>\n<p align=\"JUSTIFY\"><span style=\"color: #000000\">Pami\u0119taj o zr\u00f3\u017cnicowanej diecie i zdrowym trybie \u017cycia &#8211; suplement diety nie mo\u017ce zast\u0105pi\u0107 zr\u00f3wnowa\u017conej i zr\u00f3\u017cnicowanej diety. Nie nale\u017cy przekracza\u0107 zalecanej dawki dziennej. Kobietom w ci\u0105\u017cy i karmi\u0105cym piersi\u0105 zaleca si\u0119 zawsze skonsultowanie si\u0119 z lekarzem przed zastosowaniem preparatu.<\/span><\/p>\n<h2 align=\"JUSTIFY\"><span style=\"color: #000000\">Opakowanie<\/span><\/h2>\n<p><span style=\"color: #000000\">Szczelna torebka zapinana na zamek b\u0142yskawiczny, w kt\u00f3rej produkt zachowuje ca\u0142\u0105 swoj\u0105 \u015bwie\u017co\u015b\u0107 i aromat. Opakowanie chroni przed \u015bwiat\u0142em i powietrzem, gdy\u017c sk\u0142ada si\u0119 z kilku warstw ochronnych, kt\u00f3re zachowuj\u0105 w\u0142a\u015bciwo\u015bci zawarto\u015bci.<\/span><\/p>\n<p><span style=\"color: #000000\">Opakowanie jest bardzo praktyczne i pozwala na recykling.<\/span><\/p>\n<h2 align=\"JUSTIFY\"><span style=\"color: #000000\">Kraj pochodzenia<\/span><\/h2>\n<p align=\"JUSTIFY\"><span style=\"color: #000000\">S\u0142owenia<\/span><\/p>\n","protected":false},"excerpt":{"rendered":"<p>Golden latte to pyszny i orze\u017awiaj\u0105cy nap\u00f3j sporz\u0105dzony z pi\u0119ciu prostych sk\u0142adnik\u00f3w, z kt\u00f3rych g\u0142\u00f3wnym jest kurkuma. Mo\u017cemy doda\u0107 tak\u017ce inne sk\u0142adniki, kt\u00f3re lubimy i s\u0105 nam bliskie. Spo\u017cywanie mleka kurkumowego mo\u017ce mie\u0107 wiele dobroczynnego wp\u0142ywu na nasz organizm, a ponadto ma przyjemny smak. Mieszanka Golden Latte BIO to gotowa mieszanka, kt\u00f3ra pozwoli Ci zaoszcz\u0119dzi\u0107 czas podczas przygotowywania napoju, bo nie musisz si\u0119 martwi\u0107 o odmierzenie ilo\u015bci wszystkich sk\u0142adnik\u00f3w. Jest \u0142atwy w u\u017cyciu i \u015bwietnie smakuje. Mieszanka sk\u0142ada si\u0119 z kurkumy oraz dodatku cynamonu cejlo\u0144skiego (10%) i imbiru (10%). Do mieszanki dodaje si\u0119 tak\u017ce szczypt\u0119 mielonego czarnego pieprzu, dzi\u0119ki kt\u00f3remu sk\u0142adniki aktywne kurkumy, zw\u0142aszcza kurkumina, b\u0119d\u0105 \u0142atwiej i lepiej wch\u0142aniane przez organizm. Pozytywne skutki, jakie mo\u017ce przynie\u015b\u0107 regularne spo\u017cywanie mleka z kurkumin\u0105 to:<\/p>\n<p>\ud83d\udc9a pomaga w leczeniu chor\u00f3b jelit,<br \/>\n\ud83d\udc9a obni\u017ca poziom cholesterolu,<br \/>\n\ud83d\udc9a oczyszcza w\u0105trob\u0119,<br \/>\n\ud83d\udc9a pomaga przy b\u00f3lach menstruacyjnych,<br \/>\n\ud83d\udc9ama dzia\u0142anie przeciwzapalne.<\/p>\n","protected":false},"featured_media":6177,"comment_status":"open","ping_status":"closed","template":"","meta":{"_acf_changed":false},"product_brand":[],"product_cat":[15,230,224,228,225],"product_tag":[],"class_list":{"0":"post-6176","1":"product","2":"type-product","3":"status-publish","4":"has-post-thumbnail","6":"product_cat-uncategorized","7":"product_cat-ajurweda","8":"product_cat-oferta","9":"product_cat-superzywnosc","10":"product_cat-wszystkie-produkty","12":"first","13":"instock","14":"sale","15":"taxable","16":"shipping-taxable","17":"purchasable","18":"product-type-simple"},"acf":[],"_links":{"self":[{"href":"https:\/\/fengchashop.com\/pl\/wp-json\/wp\/v2\/product\/6176","targetHints":{"allow":["GET"]}}],"collection":[{"href":"https:\/\/fengchashop.com\/pl\/wp-json\/wp\/v2\/product"}],"about":[{"href":"https:\/\/fengchashop.com\/pl\/wp-json\/wp\/v2\/types\/product"}],"replies":[{"embeddable":true,"href":"https:\/\/fengchashop.com\/pl\/wp-json\/wp\/v2\/comments?post=6176"}],"wp:featuredmedia":[{"embeddable":true,"href":"https:\/\/fengchashop.com\/pl\/wp-json\/wp\/v2\/media\/6177"}],"wp:attachment":[{"href":"https:\/\/fengchashop.com\/pl\/wp-json\/wp\/v2\/media?parent=6176"}],"wp:term":[{"taxonomy":"product_brand","embeddable":true,"href":"https:\/\/fengchashop.com\/pl\/wp-json\/wp\/v2\/product_brand?post=6176"},{"taxonomy":"product_cat","embeddable":true,"href":"https:\/\/fengchashop.com\/pl\/wp-json\/wp\/v2\/product_cat?post=6176"},{"taxonomy":"product_tag","embeddable":true,"href":"https:\/\/fengchashop.com\/pl\/wp-json\/wp\/v2\/product_tag?post=6176"}],"curies":[{"name":"wp","href":"https:\/\/api.w.org\/{rel}","templated":true}]}}