{"id":6166,"date":"2022-05-20T08:51:51","date_gmt":"2022-05-20T06:51:51","guid":{"rendered":"https:\/\/fengchashop.com\/pl\/product\/atractilis-w-proszku-250-g\/"},"modified":"2026-04-26T15:21:26","modified_gmt":"2026-04-26T13:21:26","slug":"atractilis-w-proszku","status":"publish","type":"product","link":"https:\/\/fengchashop.com\/pl\/product\/atractilis-w-proszku\/","title":{"rendered":"Atractilis w proszku 250 g"},"content":{"rendered":"<h2><span style=\"color: #000000\"><strong>Atractilis w proszku<\/strong><\/span><\/h2>\n<p><span style=\"color: #000000\">Atractylodes macrocephala (Atractylodes) to wieloletnie zio\u0142o, kt\u00f3re osi\u0105ga oko\u0142o p\u00f3\u0142 metra wysoko\u015bci. Ma mi\u0119siste korzenie i w\u0105sk\u0105 \u0142odyg\u0119 z rozga\u0142\u0119zionymi li\u015b\u0107mi. Owocuje p\u00f3\u017anym latem lub jesieni\u0105. W Chinach znana jest r\u00f3wnie\u017c pod nazw\u0105 bai zhu. Korzenie, kt\u00f3re s\u0105 wykorzystywane do cel\u00f3w leczniczych, s\u0105 wykopywane zim\u0105 i suszone w celu przygotowania ich do spo\u017cycia. Tradycyjnie stosowany w Chinach w <strong>celu wzmocnienia energii Qi, wzmocnienia organizmu i zwi\u0119kszenia odporno\u015bci na<\/strong> choroby. W tradycyjnym chi\u0144skim zio\u0142olecznictwie jest uwa\u017cany za<strong> jeden z najwa\u017cniejszych sk\u0142adnik\u00f3w wielu mieszanek zio\u0142owych.<\/strong> Szczeg\u00f3lnie lubi by\u0107 \u0142\u0105czony z \u017ce\u0144-szeniem.<\/span><\/p>\n<h2><span style=\"color: #000000\"><strong>Komu zaleca si\u0119 przyjmowanie<\/strong><\/span><\/h2>\n<p><span style=\"color: #000000\">Jest najcz\u0119\u015bciej stosowany w<strong> celu wzmocnienia \u015bledziony i \u017co\u0142\u0105dka<\/strong>. Atractylus mo\u017ce sprawi\u0107, \u017ce trawienie b\u0119dzie bardziej wydajne, a tak\u017ce uwa\u017ca si\u0119, \u017ce <strong>reguluje apetyt i pomaga schudn\u0105\u0107 lub sch<\/strong> udn\u0105\u0107. W po\u0142\u0105czeniu z aktywno\u015bci\u0105 fizyczn\u0105 pomaga zwi\u0119kszy\u0107 mas\u0119 mi\u0119\u015bniow\u0105, a tym samym poprawi\u0107 sprawno\u015b\u0107 fizyczn\u0105 i wytrzyma\u0142o\u015b\u0107.<\/span><\/p>\n<p><span style=\"color: #000000\">Atractilis jest szczeg\u00f3lnie<strong> korzystny dla trawienia i pomaga osobom cierpi\u0105cym na cz\u0119ste wzd\u0119cia, b\u00f3le brzucha, biegunk\u0119 i wymioty, a tak\u017ce anemi\u0119 i omdlenia<\/strong>. Dzia\u0142a r\u00f3wnie\u017c jako \u015brodek moczop\u0119dny i wspomaga eliminacj\u0119 nadmiaru wody z organizmu. Uwa\u017ca si\u0119 r\u00f3wnie\u017c, \u017ce skutecznie zapobiega poronieniom.<\/span><\/p>\n<p><span style=\"color: #000000\">Atractilis ma s\u0142odki smak, kt\u00f3ry jest jednocze\u015bnie lekko cierpki i pikantny.<\/span><\/p>\n<h2><span style=\"color: #000000\"><strong>Jakie s\u0105 inne korzy\u015bci z przyjmowania<\/strong><\/span><\/h2>\n<p><span style=\"color: #000000\">Atractilis jest niezwykle popularny w medycynie chi\u0144skiej, poniewa\u017c przywraca si\u0142\u0119, energi\u0119, przywraca odporno\u015b\u0107 i wspiera zdrowie jelit. Cz\u0119sto \u0142\u0105czy si\u0119 go z innymi zio\u0142ami, zw\u0142aszcza \u017ce\u0144-szeniem, tragankiem i k\u0142\u0105czem grzyba leczniczego. Uwa\u017ca si\u0119, \u017ce Atractilis:<\/span><\/p>\n<p><span style=\"color: #000000\">\ud83d\udc9a zapewnia dobr\u0105 <strong>ochron\u0119 w\u0105troby<\/strong>,<\/span><br \/>\n<span style=\"color: #000000\"><strong> \ud83d\udc9a chroni przed chorobami szyjki macicy, piersi i \u017co\u0142\u0105dka<\/strong>,<\/span><br \/>\n<span style=\"color: #000000\"><strong>\ud83d\udc9a poprawia sprawno\u015b\u0107 fizyczn\u0105<\/strong>,<\/span><br \/>\n<span style=\"color: #000000\">\ud83d\udc9a wspomaga <strong>uk\u0142ad odporno\u015bciowy<\/strong>,<\/span><br \/>\n<span style=\"color: #000000\">\ud83d\udc9a Uwa\u017ca si\u0119, \u017ce obni\u017ca lub kontroluje poziom cukru we krwi,<\/span><br \/>\n<span style=\"color: #000000\">\ud83d\udc9a pomaga przy <strong>wzd\u0119ciach, b\u00f3lach brzucha<\/strong> i zawrotach g\u0142owy,<\/span><br \/>\n<span style=\"color: #000000\"><strong>\ud83d\udc9a zwi\u0119ksza poziom energii<\/strong> i zmniejsza zm\u0119czenie.<\/span><\/p>\n<h2><span style=\"color: #000000\">Warto\u015bci od\u017cywcze<\/span><\/h2>\n<p><span style=\"color: #000000\">\u015arednie warto\u015bci od\u017cywcze na 100 g: Energia: 1150 kJ \/ 278 kcal; T\u0142uszcz: 6,5 g, w tym kwasy t\u0142uszczowe nasycone: 1,1 g; W\u0119glowodany: 25,1 g, w tym cukry: 6,4 g; B\u0142onnik: 45,1 g, Bia\u0142ko: 7,5 g; S\u00f3l: &lt;0,1 g.<\/span><\/p>\n<h2><span style=\"color: #000000\">Przechowywanie i ostrze\u017cenia<\/span><\/h2>\n<p><span style=\"color: #000000\">Przechowywa\u0107 w ch\u0142odnym, suchym miejscu w temperaturze do 25 \u00b0C. Suplement diety nale\u017cy przechowywa\u0107 w miejscu niedost\u0119pnym dla dzieci!<\/span><\/p>\n<p><span style=\"color: #000000\">Nale\u017cy pami\u0119ta\u0107 o znaczeniu zr\u00f3\u017cnicowanej diety i zdrowego stylu \u017cycia, dlatego suplement diety nie zast\u0119puje zr\u00f3wnowa\u017conej i zr\u00f3\u017cnicowanej diety. Nie nale\u017cy przekracza\u0107 zalecanej dziennej ilo\u015bci lub dawki. Kobietom w ci\u0105\u017cy i karmi\u0105cym piersi\u0105 zawsze zaleca si\u0119 skonsultowanie z lekarzem przed u\u017cyciem.<\/span><\/p>\n<h2><span style=\"color: #000000\">Opakowanie<\/span><\/h2>\n<p><span style=\"color: #000000\">Nieprzepuszczalna torebka z zamkiem b\u0142yskawicznym, w kt\u00f3rej produkt zachowuje \u015bwie\u017co\u015b\u0107 i aromat. Opakowanie chroni produkt przed \u015bwiat\u0142em i powietrzem, poniewa\u017c sk\u0142ada si\u0119 z kilku warstw ochronnych, aby zachowa\u0107 w\u0142a\u015bciwo\u015bci zawarto\u015bci.<\/span><\/p>\n<p><span style=\"color: #000000\">Opakowanie jest bardzo praktyczne i nadaje si\u0119 do recyklingu.<\/span><\/p>\n<h2><span style=\"color: #000000\">Pochodzenie<\/span><\/h2>\n<p><span style=\"color: #000000\">Chiny. Mamy bardzo wiarygodnych dostawc\u00f3w, kt\u00f3rzy przesy\u0142aj\u0105 nam szczeg\u00f3\u0142ow\u0105 analiz\u0119 chemiczn\u0105 \u017cywno\u015bci dla ka\u017cdej partii. W ci\u0105gu ponad dziesi\u0119ciu lat nie mieli\u015bmy \u017cadnych przypadk\u00f3w wycofania produktu z rynku ani \u017cadnych innych problem\u00f3w z tym produktem, ani z innymi produktami pochodz\u0105cymi od tego samego dostawcy.<\/span><\/p>\n","protected":false},"excerpt":{"rendered":"<p>Atractilis jest niezwykle popularny w medycynie chi\u0144skiej, poniewa\u017c przywraca si\u0142y, energi\u0119, przywraca odporno\u015b\u0107 i wspomaga zdrowie jelit. Cz\u0119sto \u0142\u0105czy si\u0119 go z innymi zio\u0142ami, zw\u0142aszcza z \u017ce\u0144-szeniem, tragankiem i rzadszymi grzybami leczniczymi. Uwa\u017ca si\u0119, \u017ce Atractilis:<\/p>\n<p>\ud83d\udc9a zapewnia dobr\u0105 ochron\u0119 w\u0105troby,<br \/>\n\ud83d\udc9a chroni przed chorobami szyjki macicy, piersi i \u017co\u0142\u0105dka,<br \/>\n\ud83d\udc9a wspiera uk\u0142ad odporno\u015bciowy,<br \/>\n\ud83d\udc9a pomaga przy wzd\u0119ciach, b\u00f3lach brzucha i zawrotach g\u0142owy,<br \/>\n\ud83d\udc9a zwi\u0119ksza poziom energii i zmniejsza uczucie zm\u0119czenia.<\/p>\n","protected":false},"featured_media":6167,"comment_status":"open","ping_status":"closed","template":"","meta":{"_acf_changed":false},"product_brand":[],"product_cat":[228],"product_tag":[],"class_list":{"0":"post-6166","1":"product","2":"type-product","3":"status-publish","4":"has-post-thumbnail","6":"product_cat-superzywnosc","8":"first","9":"instock","10":"taxable","11":"shipping-taxable","12":"purchasable","13":"product-type-simple"},"acf":[],"_links":{"self":[{"href":"https:\/\/fengchashop.com\/pl\/wp-json\/wp\/v2\/product\/6166","targetHints":{"allow":["GET"]}}],"collection":[{"href":"https:\/\/fengchashop.com\/pl\/wp-json\/wp\/v2\/product"}],"about":[{"href":"https:\/\/fengchashop.com\/pl\/wp-json\/wp\/v2\/types\/product"}],"replies":[{"embeddable":true,"href":"https:\/\/fengchashop.com\/pl\/wp-json\/wp\/v2\/comments?post=6166"}],"wp:featuredmedia":[{"embeddable":true,"href":"https:\/\/fengchashop.com\/pl\/wp-json\/wp\/v2\/media\/6167"}],"wp:attachment":[{"href":"https:\/\/fengchashop.com\/pl\/wp-json\/wp\/v2\/media?parent=6166"}],"wp:term":[{"taxonomy":"product_brand","embeddable":true,"href":"https:\/\/fengchashop.com\/pl\/wp-json\/wp\/v2\/product_brand?post=6166"},{"taxonomy":"product_cat","embeddable":true,"href":"https:\/\/fengchashop.com\/pl\/wp-json\/wp\/v2\/product_cat?post=6166"},{"taxonomy":"product_tag","embeddable":true,"href":"https:\/\/fengchashop.com\/pl\/wp-json\/wp\/v2\/product_tag?post=6166"}],"curies":[{"name":"wp","href":"https:\/\/api.w.org\/{rel}","templated":true}]}}