{"id":6159,"date":"2022-03-15T11:18:31","date_gmt":"2022-03-15T10:18:31","guid":{"rendered":"https:\/\/fengchashop.com\/pl\/product\/kurkuma-w-kapsulkach-bio-240-kapsulek\/"},"modified":"2026-04-28T13:10:55","modified_gmt":"2026-04-28T11:10:55","slug":"kurkuma-w-kapsulkach-bio","status":"publish","type":"product","link":"https:\/\/fengchashop.com\/pl\/product\/kurkuma-w-kapsulkach-bio\/","title":{"rendered":"Kurkuma w kapsu\u0142kach BIO 240 kapsu\u0142ek"},"content":{"rendered":"<h2><span style=\"color: #000000\">Kurkuma w kapsu\u0142kach BIO<\/span><\/h2>\n<p><span style=\"color: #000000\">Kurkuma to ro\u015blina znana w Europie od staro\u017cytno\u015bci, a w swojej ojczy\u017anie od co najmniej 4000 lat. Pierwotnie u\u017cywana jako ro\u015blina lecznicza i barwnik, w p\u00f3\u017aniejszych czasach sta\u0142a si\u0119 przypraw\u0105. Podobnie jak imbir, kurkuma jest przypraw\u0105 pozyskiwan\u0105 z podziemnej, zgrubia\u0142ej \u0142odygi azjatyckiej ro\u015bliny wieloletniej. Chocia\u017c niekt\u00f3rzy ludzie znaj\u0105 j\u0105 obecnie jako przypraw\u0119, kryje si\u0119 za ni\u0105 znacznie wi\u0119cej. Opr\u00f3cz minera\u0142\u00f3w, witamin B6 i B3, kwasu foliowego, potasu, \u017celaza i manganu oraz kwas\u00f3w t\u0142uszczowych omega-3, kurkuma zawiera r\u00f3wnie\u017c <strong>polifenol kurkumin\u0119, kt\u00f3ra<\/strong> jest bardzo <strong>silnym przeciwutleniaczem<\/strong> i skutecznym<strong> zwi\u0105zkiem przeciwzapalnym<\/strong>. Wykazano, \u017ce kurkumina ma pozytywny wp\u0142yw na w\u0105trob\u0119 i naczynia krwiono\u015bne, zmniejsza stan zapalny w zapaleniu staw\u00f3w i zmniejsza czynniki ryzyka cukrzycy. Ma r\u00f3wnie\u017c <strong>pozytywny wp\u0142yw na zdrowie m\u00f3zgu<\/strong> i zmniejsza ryzyko zachorowania na raka. Kurkumina skutecznie<strong> zapobiega wszelkim przewlek\u0142ym stanom zapalnym<\/strong> w naszym organizmie &#8211; a wszystkie stany chorobowe tak naprawd\u0119 zaczynaj\u0105 si\u0119 od stanu zapalnego. Zapobiega r\u00f3wnie\u017c <strong>rozwojowi z\u0142ych bakterii<\/strong> w naszym przewodzie pokarmowym, takich jak<strong>heliobacter pylori<\/strong> w \u017co\u0142\u0105dku i <strong>candida<\/strong> w jamie ustnej i jelitach, poprzez swoje dzia\u0142anie antybakteryjne.<\/span><\/p>\n<p><span style=\"color: #000000\">Smak kurkumy jest lekko cierpki, pikantny, ale s\u0142odki i przypomina imbir, pomara\u0144cz\u0119 i pieprz.<\/span><\/p>\n<p><span style=\"color: #000000\">Zazwyczaj uwa\u017ca si\u0119, \u017ce kurkuma:<\/span><\/p>\n<p><span style=\"color: #000000\">\ud83d\udc9a przeciwzapalne, <strong>przeciwgrzybicze<\/strong> i przeciwbakteryjne, zmniejszaj\u0105c w ten spos\u00f3b stan zapalny;<\/span><br \/>\n<span style=\"color: #000000\">\ud83d\udc9a oczyszcza w\u0105trob\u0119, poniewa\u017c ma dzia\u0142anie oczyszczaj\u0105ce i <strong>zapobiega gromadzeniu si\u0119 kwas\u00f3w t\u0142uszczowych w w\u0105trobie<\/strong>;<\/span><br \/>\n<span style=\"color: #000000\">\ud83d\udc9a \u0142agodzi problemy <strong>menstruacyjne<\/strong> i trawienne;<\/span><br \/>\n<span style=\"color: #000000\">\ud83d\udc9a Regularne spo\u017cywanie zapobiega<strong> rozwojowi cukrzycy typu 2 u tzw. os\u00f3b ze stanem przedcukrzycowym<\/strong>;<\/span><br \/>\n<span style=\"color: #000000\">\ud83d\udc9a \u0141agodzi stany <strong>zapalne<\/strong> i podra\u017cnienia sk\u00f3ry w postaci pasty;<\/span><br \/>\n<span style=\"color: #000000\">\ud83d\udc9a sprzyja szybszemu trawieniu t\u0142uszcz\u00f3w, co mo\u017ce pom\u00f3c w utracie wagi;<\/span><br \/>\n<span style=\"color: #000000\">\ud83d\udc9a pomaga<strong> zwi\u0119kszy\u0107 wydajno\u015b\u0107 m\u00f3zgu<\/strong> i zapobiega\u0107 powi\u0105zanym chorobom, takim jak choroba Alzheimera;<\/span><br \/>\n<span style=\"color: #000000\">\ud83d\udc9a poprawia nastr\u00f3j;<\/span><br \/>\n<span style=\"color: #000000\"><strong> \ud83d\udc9a \u0142agodzi b\u00f3le mi\u0119\u015bni i staw\u00f3w;<\/strong><\/span><br \/>\n<span style=\"color: #000000\">\ud83d\udc9a Uwa\u017ca si\u0119 r\u00f3wnie\u017c, \u017ce ma dzia\u0142anie przeciwnowotworowe.<\/span><\/p>\n<p><span style=\"color: #000000\">Lecznicze dzia\u0142anie kurkumy w tradycyjnej medycynie Dalekiego Wschodu jest nieocenione. Stosuje si\u0119 j\u0105 mi\u0119dzy innymi do oczyszczania krwi i przewodu pokarmowego, detoksykacji w\u0105troby i p\u0119cherzyka \u017c\u00f3\u0142ciowego, ze wzgl\u0119du na jej g\u0142\u00f3wny sk\u0142adnik aktywny, zwany <strong>kurkumin\u0105<\/strong>, kt\u00f3ry wspomaga eliminacj\u0119 \u017c\u00f3\u0142ci, bilirubiny i cholesterolu.<\/span><\/p>\n<p><span style=\"color: #000000\">Kurkuma jest stosowana przez wiele os\u00f3b w walce z wirusowym zapaleniem w\u0105troby i rakiem, w leczeniu \u0142uszczycy, choroby Alzheimera i depresji, a tak\u017ce w preparatach kosmetycznych.<\/span><\/p>\n<p><span style=\"color: #000000\">Korzystne dzia\u0142anie kurkumy zosta\u0142o<strong> r\u00f3wnie\u017c udowodnione przez naukowc\u00f3w<\/strong>, kt\u00f3rzy twierdz\u0105, \u017ce jej regularne spo\u017cywanie mo\u017ce zapobiega\u0107 szkodliwemu wp\u0142ywowi czynnik\u00f3w rakotw\u00f3rczych z \u017cywno\u015bci na organizm. Co wi\u0119cej, uwa\u017ca si\u0119, \u017ce kurkumina zapobiega utlenianiu cholesterolu, kt\u00f3ry poprzez swoje negatywne dzia\u0142anie powoduje post\u0119p zagra\u017caj\u0105cej \u017cyciu mia\u017cd\u017cycy.<\/span><\/p>\n<p><span style=\"color: #000000\">Jako <strong>silny przeciwutleniacz<\/strong>, kurkuma chroni jelita przed wolnymi rodnikami i skutecznie eliminuje kwasowo\u015b\u0107 w organizmie. Lekarze ajurwedyjscy stosuj\u0105 j\u0105 jako \u015brodek antyseptyczny i antybakteryjny do dezynfekcji ran i oparze\u0144. Niekt\u00f3re kobiety uwa\u017caj\u0105, \u017ce pomaga on przyspieszy\u0107 trawienie i reguluje metabolizm, a zatem jest skuteczny w zrzucaniu zb\u0119dnych kilogram\u00f3w.<\/span><\/p>\n<h2><span style=\"color: #000000\">Przechowywanie i ostrze\u017cenia<\/span><\/h2>\n<p><span style=\"color: #000000\">Przechowywa\u0107 w ch\u0142odnym, suchym miejscu w temperaturze do 25\u00b0C. Suplement diety nale\u017cy przechowywa\u0107 w miejscu niedost\u0119pnym dla dzieci!<\/span><\/p>\n<p><span style=\"color: #000000\">Nale\u017cy pami\u0119ta\u0107 o znaczeniu zr\u00f3\u017cnicowanej diety i zdrowego stylu \u017cycia, dlatego suplement diety nie zast\u0119puje zr\u00f3wnowa\u017conej i zr\u00f3\u017cnicowanej diety. Nie nale\u017cy przekracza\u0107 zalecanej dziennej ilo\u015bci lub dawki. Kobietom w ci\u0105\u017cy i karmi\u0105cym piersi\u0105 zawsze zaleca si\u0119 skonsultowanie z lekarzem przed u\u017cyciem.<\/span><\/p>\n<h2><span style=\"color: #000000\">Opakowanie<\/span><\/h2>\n<p><span style=\"color: #000000\">Produkt jest zapakowany w schludny szklany pojemnik z warstw\u0105 czarnej, nieprzepuszczaj\u0105cej \u015bwiat\u0142a folii. Zakr\u0119tka zapewnia szczelne zamkni\u0119cie, co oznacza, \u017ce zapachy z zewn\u0105trz nie mog\u0105 wp\u0142ywa\u0107 na zawarto\u015b\u0107 butelki. Poza tym samo szk\u0142o jest r\u00f3wnie\u017c nieprzepuszczalne, bezwonne i w \u017caden spos\u00f3b nie wp\u0142ywa na smak zawarto\u015bci. Takie opakowanie jest r\u00f3wnie\u017c wolne od szkodliwych dla \u015brodowiska tworzyw sztucznych i jest bardziej ekologiczne i zr\u00f3wnowa\u017cone. W rzeczywisto\u015bci jest to idealne opakowanie, wykonane z naturalnych i zr\u00f3wnowa\u017conych sk\u0142adnik\u00f3w, kt\u00f3re symbolizuje najwy\u017csz\u0105 jako\u015b\u0107.<\/span><\/p>\n<p><span style=\"color: #000000\">W przypadku wi\u0119kszych opakowa\u0144 (rinfusa) produkt znajduje si\u0119 w hermetycznej torebce z zamkiem b\u0142yskawicznym, gdzie zachowuje ca\u0142\u0105 swoj\u0105 \u015bwie\u017co\u015b\u0107 i aromat. Opakowanie chroni produkt przed \u015bwiat\u0142em i powietrzem, poniewa\u017c sk\u0142ada si\u0119 z kilku warstw ochronnych, kt\u00f3re zachowuj\u0105 w\u0142a\u015bciwo\u015bci zawarto\u015bci.<\/span><\/p>\n<p><span style=\"color: #000000\">Oba opakowania chroni\u0105 zawarto\u015b\u0107 przed \u015bwiat\u0142em i powietrzem, s\u0105 bardzo praktyczne i nadaj\u0105 si\u0119 do recyklingu.<\/span><\/p>\n<h2><span style=\"color: #000000\">Pochodzenie<\/span><\/h2>\n<p><span style=\"color: #000000\">Indie<\/span><\/p>\n","protected":false},"excerpt":{"rendered":"<p align=\"JUSTIFY\">Kurkuma to ro\u015blina znana w Europie od staro\u017cytno\u015bci, a w swojej ojczy\u017anie od co najmniej 4000 lat. Opr\u00f3cz minera\u0142\u00f3w, witamin B6 i B3, kwasu foliowego, potasu, \u017celaza i manganu oraz kwas\u00f3w t\u0142uszczowych omega-3, kurkuma zawiera r\u00f3wnie\u017c polifenol kurkumin\u0119, kt\u00f3ra jest bardzo silnym przeciwutleniaczem i skutecznym zwi\u0105zkiem przeciwzapalnym. Zazwyczaj uwa\u017ca si\u0119, \u017ce kurkuma:<\/p>\n<p>\ud83d\udc9a dzia\u0142a przeciwzapalnie, przeciwgrzybiczo i przeciwbakteryjnie, zmniejszaj\u0105c w ten spos\u00f3b stan zapalny,<br \/>\n\ud83d\udc9a oczyszcza w\u0105trob\u0119, poniewa\u017c ma dzia\u0142anie oczyszczaj\u0105ce i zapobiega gromadzeniu si\u0119 kwas\u00f3w t\u0142uszczowych w w\u0105trobie,<br \/>\n\ud83d\udc9a \u0142agodzi problemy menstruacyjne i trawienne,<br \/>\n\ud83d\udc9a regularne spo\u017cywanie zapobiega rozwojowi cukrzycy typu 2 u tzw. os\u00f3b przedcukrzycowych,<br \/>\n\ud83d\udc9a pomaga zwi\u0119kszy\u0107 wydajno\u015b\u0107 m\u00f3zgu i zapobiega\u0107 zwi\u0105zanym z nim chorobom, takim jak choroba Alzheimera.<\/p>\n<p align=\"JUSTIFY\">\n","protected":false},"featured_media":6160,"comment_status":"open","ping_status":"closed","template":"","meta":{"_acf_changed":false},"product_brand":[],"product_cat":[15,230,205,224,228,225],"product_tag":[],"class_list":{"0":"post-6159","1":"product","2":"type-product","3":"status-publish","4":"has-post-thumbnail","6":"product_cat-uncategorized","7":"product_cat-ajurweda","8":"product_cat-herbata-jedzenie-i-przyprawy","9":"product_cat-oferta","10":"product_cat-superzywnosc","11":"product_cat-wszystkie-produkty","13":"first","14":"instock","15":"sale","16":"taxable","17":"shipping-taxable","18":"purchasable","19":"product-type-simple"},"acf":[],"_links":{"self":[{"href":"https:\/\/fengchashop.com\/pl\/wp-json\/wp\/v2\/product\/6159","targetHints":{"allow":["GET"]}}],"collection":[{"href":"https:\/\/fengchashop.com\/pl\/wp-json\/wp\/v2\/product"}],"about":[{"href":"https:\/\/fengchashop.com\/pl\/wp-json\/wp\/v2\/types\/product"}],"replies":[{"embeddable":true,"href":"https:\/\/fengchashop.com\/pl\/wp-json\/wp\/v2\/comments?post=6159"}],"wp:featuredmedia":[{"embeddable":true,"href":"https:\/\/fengchashop.com\/pl\/wp-json\/wp\/v2\/media\/6160"}],"wp:attachment":[{"href":"https:\/\/fengchashop.com\/pl\/wp-json\/wp\/v2\/media?parent=6159"}],"wp:term":[{"taxonomy":"product_brand","embeddable":true,"href":"https:\/\/fengchashop.com\/pl\/wp-json\/wp\/v2\/product_brand?post=6159"},{"taxonomy":"product_cat","embeddable":true,"href":"https:\/\/fengchashop.com\/pl\/wp-json\/wp\/v2\/product_cat?post=6159"},{"taxonomy":"product_tag","embeddable":true,"href":"https:\/\/fengchashop.com\/pl\/wp-json\/wp\/v2\/product_tag?post=6159"}],"curies":[{"name":"wp","href":"https:\/\/api.w.org\/{rel}","templated":true}]}}