{"id":6146,"date":"2022-03-11T19:29:12","date_gmt":"2022-03-11T18:29:12","guid":{"rendered":"https:\/\/fengchashop.com\/pl\/product\/kwasy-tluszczowe-omega-3-w-kapsulkach-180-kapsulek\/"},"modified":"2026-04-20T12:26:28","modified_gmt":"2026-04-20T10:26:28","slug":"kwasy-tluszczowe-omega-3-w-kapsulkach","status":"publish","type":"product","link":"https:\/\/fengchashop.com\/pl\/product\/kwasy-tluszczowe-omega-3-w-kapsulkach\/","title":{"rendered":"Kwasy t\u0142uszczowe Omega 3 w kapsu\u0142kach 180 kapsu\u0142ek"},"content":{"rendered":"<h2><span style=\"color: #000000\">Kwasy t\u0142uszczowe omega-3<\/span><\/h2>\n<p><span style=\"color: #000000\">Kwasy t\u0142uszczowe omega-3 s\u0105<strong> niezb\u0119dne<\/strong> dla cz\u0142owieka, ale organizm nie jest w stanie sam ich wytwarza\u0107. Poniewa\u017c s\u0105 one niezb\u0119dne<strong> do prawid\u0142owego funkcjonowania kilku proces\u00f3w w organizmie<\/strong>, musz\u0105 by\u0107 spo\u017cywane w diecie bogatej w te cenne t\u0142uszcze. Je\u015bli jednak dieta nie dostarcza wystarczaj\u0105cej ilo\u015bci kwas\u00f3w t\u0142uszczowych omega-3, jednym z najskuteczniejszych i najprostszych sposob\u00f3w jest przyjmowanie suplement\u00f3w diety. Powinni\u015bmy by\u0107 \u015bwiadomi, \u017ce na rynku istnieje ogromny wyb\u00f3r suplement\u00f3w, ale nie ka\u017cdy suplement z olejem rybim (lub ze \u017ar\u00f3de\u0142 ro\u015blinnych) jest wystarczaj\u0105co dobry. W szczeg\u00f3lno\u015bci musimy uwa\u017ca\u0107, je\u015bli zamierzamy przyjmowa\u0107 suplement diety przez d\u0142u\u017cszy czas. Zanieczyszczenia i niepotrzebne, a nawet szkodliwe dodatki mog\u0105 przynie\u015b\u0107 wi\u0119cej szkody ni\u017c po\u017cytku.<\/span><\/p>\n<p><span style=\"color: #000000\">Nasze kapsu\u0142ki z kwasami t\u0142uszczowymi omega-3 s\u0105 wytwarzane z <strong>najczystszego oleju rybnego<\/strong>. Pochodzi on z dziko \u017cyj\u0105cych ryb, jest odpowiednio przetworzony i zamkni\u0119ty w kapsu\u0142kach softgel, kt\u00f3re s\u0105 mniejsze, ale maj\u0105 kszta\u0142t u\u0142atwiaj\u0105cy po\u0142ykanie. S\u0105 doskona\u0142ym suplementem diety wykonanym z najlepszych sk\u0142adnik\u00f3w. <strong>Nie powoduj\u0105 wzd\u0119\u0107 i nie maj\u0105 niepokoj\u0105cego rybiego posmaku<\/strong>.<\/span><\/p>\n<h2><span style=\"color: #000000\">Jakie s\u0105 korzy\u015bci z przyjmowania kwas\u00f3w t\u0142uszczowych omega-3?<\/span><\/h2>\n<p><span style=\"color: #000000\">Kwasy t\u0142uszczowe omega-3 odgrywaj\u0105 co najmniej dwie wa\u017cne role w naszym organizmie. Badania wykaza\u0142y, \u017ce wp\u0142ywaj\u0105 one na<strong> prawid\u0142owe funkcjonowanie uk\u0142adu sercowo-naczyniowego<\/strong> oraz <strong>redukuj\u0105 stany zapalne<\/strong>. Podsumowuj\u0105c wi\u0119c niekt\u00f3re z efekt\u00f3w spo\u017cywania kwas\u00f3w t\u0142uszczowych omega-3, mo\u017cemy stwierdzi\u0107, \u017ce:<\/span><\/p>\n<p><span style=\"color: #000000\">\ud83d\udc9a Przyczyniaj\u0105 si\u0119 do <em>prawid\u0142owego funkcjonowania serca i uk\u0142adu kr\u0105\u017cenia<\/em>, w tym reguluj\u0105 bicie serca i pomagaj\u0105<strong> kontrolowa\u0107 ci\u015bnienie krwi i poziom cholesterolu<\/strong>.<\/span><br \/>\n<span style=\"color: #000000\">\ud83d\udc9a Przyczyniaj\u0105 si\u0119 do <strong>utrzymania prawid\u0142owego<\/strong> widzenia.<\/span><br \/>\n<span style=\"color: #000000\">\ud83d\udc9a Przyczyniaj\u0105 si\u0119 do utrzymania<strong> prawid\u0142owego funkcjonowania m\u00f3zgu<\/strong>, w tym funkcji pami\u0119ci oraz regulacji nastroju i r\u00f3wnowagi emocjonalnej.<\/span><br \/>\n<span style=\"color: #000000\">\ud83d\udc9a Przyczyniaj\u0105 si\u0119 do utrzymania<strong> prawid\u0142owego poziomu tr\u00f3jgliceryd\u00f3w<\/strong> we krwi.<\/span><br \/>\n<span style=\"color: #000000\">\ud83d\udc9a Wspieraj\u0105 prawid\u0142owe funkcjonowanie <strong>uk\u0142adu odporno\u015bciowego<\/strong>.<\/span><br \/>\n<span style=\"color: #000000\">\ud83d\udc9a Reguluj\u0105 nastr\u00f3j i funkcje poznawcze (behawioralne).<\/span><br \/>\n<span style=\"color: #000000\">\ud83d\udc9a S\u0105 niezwykle wa\u017cne dla<strong> zdrowej ci\u0105\u017cy i prawid\u0142owego rozwoju nienarodzonego i karmionego piersi\u0105<\/strong> dziecka. Promowanie silniejszych zdolno\u015bci intelektualnych, motorycznych i wzrokowych u dziecka, poprawa pami\u0119ci i uwagi oraz zapobieganie zaburzeniom zachowania i rozwojowi alergii pokarmowych.<\/span><br \/>\n<span style=\"color: #000000\"> \ud83d\udc9a <strong>Pomoc w \u0142agodzeniu objaw\u00f3w chor\u00f3b autoimmunologicznych<\/strong> i ADHD u dzieci.<\/span><br \/>\n<span style=\"color: #000000\">\ud83d\udc9a Naturalnie nawil\u017caj\u0105 sk\u00f3r\u0119 i w\u0142osy, nadaj\u0105c im zdrowy wygl\u0105d.<\/span><br \/>\n<span style=\"color: #000000\">\ud83d\udc9a Zmniejszaj\u0105 stany zapalne <strong>,<\/strong> a tak\u017ce \u0142agodz\u0105 problemy sk\u00f3rne, takie jak egzema, tr\u0105dzik, tr\u0105dzik r\u00f3\u017cowaty i \u0142uszczyca.<\/span><br \/>\n<span style=\"color: #000000\">\ud83d\udc9a Umo\u017cliwiaj\u0105 <strong>szybsz\u0105 regeneracj\u0119 mi\u0119\u015bni<\/strong> po intensywnym treningu sportowym lub innej aktywno\u015bci fizycznej; zapobiegaj\u0105 r\u00f3wnie\u017c zanikowi mi\u0119\u015bni, a jednocze\u015bnie zwi\u0119kszaj\u0105 utrat\u0119 zapas\u00f3w t\u0142uszczu.<\/span><\/p>\n<h2><span style=\"color: #000000\">Dlaczego warto wybra\u0107 nasze kapsu\u0142ki Omega 3?<\/span><\/h2>\n<p><span style=\"color: #000000\">Spo\u017cywanie kwas\u00f3w t\u0142uszczowych omega 3 jest samo w sobie dobr\u0105 inwestycj\u0105 dla naszego zdrowia fizycznego i psychicznego. Ale wybieraj\u0105c czysty i jak najbardziej naturalny suplement, taki jak nasz, mo\u017cemy r\u00f3wnie\u017c skorzysta\u0107 z innych korzy\u015bci, takich jak:<\/span><\/p>\n<p><span style=\"color: #000000\">\ud83d\udc9a Suplement diety <strong>nie jest wytwarzany poprzez zag\u0119szczanie oleju rybiego<\/strong> i dodawanie sztucznych sk\u0142adnik\u00f3w. Nasz suplement diety jest minimalnie przetworzony, znacznie bardziej naturalny, a nasz organizm \u0142atwiej korzysta z jego zalet.<\/span><br \/>\n<span style=\"color: #000000\">\ud83d\udc9a S\u0105 to <strong>kapsu\u0142ki bez typowego smaku i zapachu<\/strong>. I nie sprawi\u0105, \u017ce poczujemy si\u0119 s\u0142abo.<\/span><br \/>\n<span style=\"color: #000000\">\ud83d\udc9a Mniejsze<strong>kapsu\u0142ki softgel<\/strong> u\u0142atwiaj\u0105 po\u0142ykanie.<\/span><br \/>\n<span style=\"color: #000000\">\ud83d\udc9a Zawieraj\u0105 minimum <strong>90% naturalnych tr\u00f3jgliceryd\u00f3w<\/strong>, bez estr\u00f3w etylowych stosowanych w produkcji skoncentrowanego oleju rybnego &#8211; aby zapewni\u0107 wy\u017cszy poziom DHA i EPA ni\u017c w konwencjonalnym oleju rybnym. Taki suplement diety jest sztucznie wzmocniony, a zatem trudniejszy do strawienia, mniej naturalny i, je\u015bli jest przyjmowany przez d\u0142ugi czas, mo\u017ce nawet obci\u0105\u017ca\u0107 organizm.<\/span><br \/>\n<span style=\"color: #000000\">\ud83d\udc9a Olej jest wyj\u0105tkowo czysty<strong>,<\/strong> wytwarzany w specjalnym procesie filtracji, destylacji i rafinacji.<\/span><br \/>\n<span style=\"color: #000000\">\ud83d\udc9a Zawiera minimum<strong> 65% kwasu dokozaheksaenowego (DHA) i kwasu eikozapentaenowego (EPA<\/strong>).<\/span><br \/>\n<span style=\"color: #000000\">\ud83d\udc9a Naturalny przeciwutleniacz w postaci tokoferolu (witamina E) jest dodawany do produktu dla lepszej trwa\u0142o\u015bci.<\/span><\/p>\n<p><span style=\"color: #000000\">Ponadto ryby s\u0105 po\u0142awiane zgodnie z zasadami zr\u00f3wnowa\u017conego rybo\u0142\u00f3wstwa. Opakowanie ka\u017cdego dostawcy jest r\u00f3wnie\u017c oznaczone numerem identyfikowalno\u015bci. Gwarantowane s\u0105 r\u00f3wnie\u017c sta\u0142e dostawy najwy\u017cszej jako\u015bci olej\u00f3w. S\u0105 one niezmiennie czyste, bezpieczne i bezawaryjne. Zaanga\u017cowanie w czysto\u015b\u0107, jako\u015b\u0107 i innowacyjno\u015b\u0107 produkt\u00f3w zapewnia, \u017ce spe\u0142niaj\u0105 one najwy\u017csze standardy bran\u017cowe w zakresie bezpiecze\u0144stwa, identyfikowalno\u015bci i zr\u00f3wnowa\u017conego rozwoju. Minimalne limity specyfikacji zapewniaj\u0105, \u017ce produkty spe\u0142niaj\u0105 lub przekraczaj\u0105 wszystkie znane \u015bwiatowe standardy czysto\u015bci. Bezwarunkowo gwarantujemy sp\u00f3jno\u015b\u0107, bezpiecze\u0144stwo i czysto\u015b\u0107 ka\u017cdego produktu.<\/span><\/p>\n<h2><span style=\"color: #000000\">Przechowywanie i ostrze\u017cenia<\/span><\/h2>\n<p><span style=\"color: #000000\">Przechowywa\u0107 w ch\u0142odnym, suchym miejscu w temperaturze do 25 \u00b0C. Przechowywa\u0107 suplement diety w miejscu niedost\u0119pnym dla dzieci!<\/span><\/p>\n<p><span style=\"color: #000000\">Nale\u017cy pami\u0119ta\u0107 o znaczeniu zr\u00f3\u017cnicowanej diety i zdrowego stylu \u017cycia, dlatego suplement diety nie zast\u0119puje zr\u00f3wnowa\u017conej i zr\u00f3\u017cnicowanej diety. Nie nale\u017cy przekracza\u0107 zalecanej dziennej ilo\u015bci lub dawki.<\/span><\/p>\n<h2><span style=\"color: #000000\">Opakowanie<\/span><\/h2>\n<p><span style=\"color: #000000\">Nieprzepuszczalna torebka z zamkiem b\u0142yskawicznym, w kt\u00f3rej produkt zachowuje ca\u0142\u0105 swoj\u0105 \u015bwie\u017co\u015b\u0107 i aromat. Opakowanie chroni produkt przed \u015bwiat\u0142em i powietrzem, poniewa\u017c sk\u0142ada si\u0119 z kilku warstw ochronnych, kt\u00f3re zachowuj\u0105 w\u0142a\u015bciwo\u015bci zawarto\u015bci.<\/span><\/p>\n<p><span style=\"color: #000000\">Opakowanie jest bardzo praktyczne i nadaje si\u0119 do recyklingu.<\/span><\/p>\n<h2><span style=\"color: #000000\">Pochodzenie<\/span><\/h2>\n<p><span style=\"color: #000000\">Norwegia<\/span><\/p>\n","protected":false},"excerpt":{"rendered":"<p>Kwasy t\u0142uszczowe omega-3 odgrywaj\u0105 co najmniej dwie wa\u017cne role w naszym organizmie. Badania wykaza\u0142y, \u017ce wp\u0142ywaj\u0105 one na prawid\u0142owe funkcjonowanie uk\u0142adu sercowo-naczyniowego i zmniejszaj\u0105 stan zapalny. Kwasy t\u0142uszczowe omega 3:<\/p>\n<p>\ud83d\udc9a przyczyniaj\u0105 si\u0119 do prawid\u0142owego funkcjonowania serca i uk\u0142adu kr\u0105\u017cenia, w tym reguluj\u0105 bicie serca i pomagaj\u0105 regulowa\u0107 ci\u015bnienie krwi i poziom cholesterolu,<br \/>\n\ud83d\udc9a przyczyniaj\u0105 si\u0119 do utrzymania prawid\u0142owego funkcjonowania m\u00f3zgu, w tym funkcji pami\u0119ci oraz regulacji nastroju i r\u00f3wnowagi emocjonalnej,<br \/>\n\ud83d\udc9a przyczyniaj\u0105 si\u0119 do utrzymania prawid\u0142owego poziomu tr\u00f3jgliceryd\u00f3w we krwi,<br \/>\n\ud83d\udc9a wspieraj\u0105 prawid\u0142owe funkcjonowanie uk\u0142adu odporno\u015bciowego,<br \/>\n\ud83d\udc9a zmniejszaj\u0105 stan zapalny.<\/p>\n","protected":false},"featured_media":6147,"comment_status":"open","ping_status":"closed","template":"","meta":{"_acf_changed":false},"product_brand":[],"product_cat":[15,232,224,225],"product_tag":[],"class_list":{"0":"post-6146","1":"product","2":"type-product","3":"status-publish","4":"has-post-thumbnail","6":"product_cat-uncategorized","7":"product_cat-mineraly-witaminy","8":"product_cat-oferta","9":"product_cat-wszystkie-produkty","11":"first","12":"instock","13":"taxable","14":"shipping-taxable","15":"purchasable","16":"product-type-simple"},"acf":[],"_links":{"self":[{"href":"https:\/\/fengchashop.com\/pl\/wp-json\/wp\/v2\/product\/6146","targetHints":{"allow":["GET"]}}],"collection":[{"href":"https:\/\/fengchashop.com\/pl\/wp-json\/wp\/v2\/product"}],"about":[{"href":"https:\/\/fengchashop.com\/pl\/wp-json\/wp\/v2\/types\/product"}],"replies":[{"embeddable":true,"href":"https:\/\/fengchashop.com\/pl\/wp-json\/wp\/v2\/comments?post=6146"}],"wp:featuredmedia":[{"embeddable":true,"href":"https:\/\/fengchashop.com\/pl\/wp-json\/wp\/v2\/media\/6147"}],"wp:attachment":[{"href":"https:\/\/fengchashop.com\/pl\/wp-json\/wp\/v2\/media?parent=6146"}],"wp:term":[{"taxonomy":"product_brand","embeddable":true,"href":"https:\/\/fengchashop.com\/pl\/wp-json\/wp\/v2\/product_brand?post=6146"},{"taxonomy":"product_cat","embeddable":true,"href":"https:\/\/fengchashop.com\/pl\/wp-json\/wp\/v2\/product_cat?post=6146"},{"taxonomy":"product_tag","embeddable":true,"href":"https:\/\/fengchashop.com\/pl\/wp-json\/wp\/v2\/product_tag?post=6146"}],"curies":[{"name":"wp","href":"https:\/\/api.w.org\/{rel}","templated":true}]}}