{"id":6144,"date":"2022-03-11T17:52:40","date_gmt":"2022-03-11T16:52:40","guid":{"rendered":"https:\/\/fengchashop.com\/pl\/product\/witamina-c-w-proszku-500-g\/"},"modified":"2026-04-20T23:24:48","modified_gmt":"2026-04-20T21:24:48","slug":"witamina-c-w-proszku","status":"publish","type":"product","link":"https:\/\/fengchashop.com\/pl\/product\/witamina-c-w-proszku\/","title":{"rendered":"Witamina C w proszku 500 g"},"content":{"rendered":"<h2><span style=\"color: #000000\">Kwas L-askorbinowy<\/span><\/h2>\n<p><span style=\"color: #000000\">Witamina C, czyli kwas askorbinowy, jest<strong> niezb\u0119dn\u0105 witamin\u0105<\/strong> dla ludzi, co oznacza, \u017ce jest niezb\u0119dna do prawid\u0142owego funkcjonowania naszego organizmu, ale nasze cia\u0142a nie mog\u0105 jej syntetyzowa\u0107 ani wytwarza\u0107 samodzielnie, dlatego niezwykle wa\u017cne jest, aby\u015bmy spo\u017cywali j\u0105 z po\u017cywieniem. Witamina C jest obecna w wi\u0119kszo\u015bci owoc\u00f3w i warzyw, wi\u0119c ci, kt\u00f3rzy regularnie spo\u017cywaj\u0105 co najmniej 5 jednostek owoc\u00f3w i\/lub warzyw dziennie, otrzymaj\u0105 wystarczaj\u0105c\u0105 jej ilo\u015b\u0107 w organizmie. Jednak czasami warto r\u00f3wnie\u017c suplementowa\u0107 t\u0119 niezwykle wa\u017cn\u0105 witamin\u0119, kt\u00f3ra jest odpowiedzialna za wiele proces\u00f3w zachodz\u0105cych w naszym organizmie, poniewa\u017c jest r\u00f3wnie\u017c <strong>przeciwutleniaczem, kt\u00f3ry chroni nasze kom\u00f3rki przed stresem oksydacyjnym<\/strong>, kt\u00f3ry najcz\u0119\u015bciej obserwuje si\u0119 w naszej sk\u00f3rze. W rzeczywisto\u015bci niedob\u00f3r witaminy C mo\u017ce prowadzi\u0107 do starzenia si\u0119 sk\u00f3ry i zmarszczek, poniewa\u017c witamina C jest w du\u017cej mierze odpowiedzialna za tworzenie kolagenu, a tym samym odgrywa wa\u017cn\u0105 rol\u0119 w prawid\u0142owym funkcjonowaniu sk\u00f3ry, a tak\u017ce ko\u015bci i naczy\u0144 krwiono\u015bnych. Jest r\u00f3wnie\u017c dobra dla<strong> naszego uk\u0142adu odporno\u015bciowego, a<\/strong> przyjmuj\u0105c j\u0105 profilaktycznie, mo\u017cemy zapobiec lub przyspieszy\u0107 powr\u00f3t do zdrowia po sezonowych przezi\u0119bieniach i wirusowych infekcjach dr\u00f3g oddechowych.<\/span><\/p>\n<p><span style=\"color: #000000\">Owoce i warzywa na naszych talerzach s\u0105 coraz bardziej ubogie w witaminy ze wzgl\u0119du na spos\u00f3b ich produkcji, transportu i czas potrzebny od zbioru do spo\u017cycia. Niedob\u00f3r witaminy C mo\u017ce objawia\u0107 si\u0119 og\u00f3lnym zm\u0119czeniem fizycznym i psychicznym, gorszym gojeniem si\u0119 ran, krwawieniem, wolniejszym powrotem do zdrowia po chorobie, os\u0142abieniem uk\u0142adu odporno\u015bciowego itp. Dobrym pomys\u0142em jest wi\u0119c zapewnienie organizmowi zwi\u0119kszonego spo\u017cycia witamin, w tym poprzez suplementy diety. Jednak palacze, osoby pracuj\u0105ce fizycznie i sportowcy, kobiety w ci\u0105\u017cy i karmi\u0105ce piersi\u0105 zazwyczaj potrzebuj\u0105 znacznie wi\u0119cej witaminy C, ale zawsze powinni najpierw skonsultowa\u0107 si\u0119 z lekarzem przed przyj\u0119ciem suplement\u00f3w.<\/span><\/p>\n<p><span style=\"color: #000000\">Nasze organizmy nie magazynuj\u0105 witaminy C, dlatego konieczne jest codzienne spo\u017cywanie owoc\u00f3w i warzyw oraz przyjmowanie suplement\u00f3w kwasu L-askorbinowego w razie potrzeby.<\/span><\/p>\n<h2><span style=\"color: #000000\">Dlaczego warto wybra\u0107 witamin\u0119 C w postaci kwasu L-askorbinowego w proszku?<\/span><\/h2>\n<p><span style=\"color: #000000\">Nasz czysty kwas L-askorbinowy jest w rzeczywisto\u015bci naturaln\u0105 form\u0105 witaminy C, kt\u00f3ra mo\u017ce wyst\u0119powa\u0107 naturalnie lub syntetycznie, ale obie formy s\u0105 tak podobne &#8211; pod wzgl\u0119dem struktury i si\u0142y dzia\u0142ania &#8211; \u017ce zaw\u00f3d je uto\u017csamia (nie dotyczy to syntetycznego kwasu D-askorbinowego, kt\u00f3ry nie mo\u017ce by\u0107 syntetyzowany przez organizm i dlatego nie jest stosowany w suplementach diety).<\/span><\/p>\n<p><span style=\"color: #000000\">Przyjmowanie kwasu L-askorbinowego lub witaminy C b\u0119dzie zatem pomocne (nast\u0119puj\u0105ce korzy\u015bci witaminy C zosta\u0142y r\u00f3wnie\u017c zatwierdzone przez EFSA lub Europejski Urz\u0105d ds. Bezpiecze\u0144stwa \u017bywno\u015bci):<\/span><\/p>\n<p><span style=\"color: #000000\">\ud83d\udc9a lepsze <strong>wch\u0142anianie \u017celaza<\/strong>, kt\u00f3re jest niezb\u0119dne dla dobrej krwi;<\/span><br \/>\n<span style=\"color: #000000\"><strong>\ud83d\udc9a\u00a0 poprawa produkcji kolagenu<\/strong>, a tym samym normalne funkcjonowanie ko\u015bci, sk\u00f3ry, z\u0119b\u00f3w, naczy\u0144 krwiono\u015bnych, chrz\u0105stek i dzi\u0105se\u0142;<\/span><br \/>\n<span style=\"color: #000000\">\ud83d\udc9a\u00a0 do normalnego<strong> funkcjonowania psychologicznego<\/strong>;<\/span><br \/>\n<span style=\"color: #000000\">\ud83d\udc9a\u00a0 do <strong>ochrony kom\u00f3rek przed stresem oksydacyjnym <\/strong>; <\/span><br \/>\n<span style=\"color: #000000\">\ud83d\udc9a\u00a0 poprawa funkcjonowania<strong> uk\u0142adu odporno\u015bciowego<\/strong>;<\/span><br \/>\n<span style=\"color: #000000\">\ud83d\udc9a\u00a0 zmniejszenie <strong>zm\u0119czenia i znu\u017cenia<\/strong> itp.<\/span><\/p>\n<p><span style=\"color: #000000\">Sproszkowany suplement diety jest r\u00f3wnie\u017c praktyczny w u\u017cyciu, a gotowy nap\u00f3j jest smaczny i orze\u017awiaj\u0105cy.<\/span><\/p>\n<h2><span style=\"color: #000000\">Przechowywanie i ostrze\u017cenia<\/span><\/h2>\n<p><span style=\"color: #000000\">Przechowywa\u0107 w ch\u0142odnym, suchym miejscu w temperaturze do 25 \u00b0C. Suplement diety nale\u017cy przechowywa\u0107 w miejscu niedost\u0119pnym dla dzieci!<\/span><\/p>\n<p><span style=\"color: #000000\">Nale\u017cy pami\u0119ta\u0107 o znaczeniu zr\u00f3\u017cnicowanej diety i zdrowego stylu \u017cycia, dlatego suplement diety nie zast\u0119puje zr\u00f3wnowa\u017conej i zr\u00f3\u017cnicowanej diety. Nie nale\u017cy przekracza\u0107 zalecanej dziennej ilo\u015bci lub dawki. Kobietom w ci\u0105\u017cy i karmi\u0105cym piersi\u0105 zawsze zaleca si\u0119 skonsultowanie z lekarzem przed u\u017cyciem. Nie nadaje si\u0119 dla dzieci poni\u017cej 14 roku \u017cycia.<\/span><\/p>\n<h2><span style=\"color: #000000\">Opakowanie<\/span><\/h2>\n<p><span style=\"color: #000000\">Nieprzepuszczalna torebka z zamkiem b\u0142yskawicznym, w kt\u00f3rej produkt zachowuje \u015bwie\u017co\u015b\u0107 i aromat. Opakowanie chroni produkt przed \u015bwiat\u0142em i powietrzem, poniewa\u017c sk\u0142ada si\u0119 z kilku warstw ochronnych, aby zachowa\u0107 w\u0142a\u015bciwo\u015bci zawarto\u015bci.<\/span><\/p>\n<p><span style=\"color: #000000\">Opakowanie jest bardzo praktyczne i nadaje si\u0119 do recyklingu.<\/span><\/p>\n<h2><span style=\"color: #000000\">Pochodzenie<\/span><\/h2>\n<p><span style=\"color: #000000\">Chiny.<\/span><\/p>\n<p><span style=\"color: #000000\">Mamy bardzo wiarygodnych dostawc\u00f3w, kt\u00f3rzy przesy\u0142aj\u0105 nam szczeg\u00f3\u0142ow\u0105 analiz\u0119 chemiczn\u0105 \u017cywno\u015bci dla ka\u017cdej partii. W ci\u0105gu ponad dziesi\u0119ciu lat nie mieli\u015bmy \u017cadnych przypadk\u00f3w wycofania produktu z rynku ani \u017cadnych innych problem\u00f3w z tym produktem, ani z innymi produktami pochodz\u0105cymi od tego samego dostawcy.<\/span><\/p>\n","protected":false},"excerpt":{"rendered":"<p>Pomocne b\u0119dzie przyjmowanie kwasu L-askorbinowego lub witaminy C (nast\u0119puj\u0105ce korzy\u015bci witaminy C zosta\u0142y r\u00f3wnie\u017c zatwierdzone przez EFSA):<\/p>\n<p>\ud83d\udc9a lepsze wch\u0142anianie \u017celaza, kt\u00f3re jest niezb\u0119dne dla dobrej krwi,<br \/>\n\ud83d\udc9a poprawa produkcji kolagenu, a tym samym normalne funkcjonowanie ko\u015bci, sk\u00f3ry, z\u0119b\u00f3w, naczy\u0144 krwiono\u015bnych, chrz\u0105stek i dzi\u0105se\u0142,<br \/>\n\ud83d\udc9a do normalnego funkcjonowania psychologicznego,<br \/>\n\ud83d\udc9a ochrona kom\u00f3rek przed stresem oksydacyjnym,<br \/>\n\ud83d\udc9a lepsze funkcjonowanie uk\u0142adu odporno\u015bciowego,<br \/>\n\ud83d\udc9a zmniejszenie zm\u0119czenia i znu\u017cenia.<\/p>\n","protected":false},"featured_media":6145,"comment_status":"open","ping_status":"closed","template":"","meta":{"_acf_changed":false},"product_brand":[],"product_cat":[15,232,224,225],"product_tag":[],"class_list":{"0":"post-6144","1":"product","2":"type-product","3":"status-publish","4":"has-post-thumbnail","6":"product_cat-uncategorized","7":"product_cat-mineraly-witaminy","8":"product_cat-oferta","9":"product_cat-wszystkie-produkty","11":"first","12":"instock","13":"taxable","14":"shipping-taxable","15":"purchasable","16":"product-type-simple"},"acf":[],"_links":{"self":[{"href":"https:\/\/fengchashop.com\/pl\/wp-json\/wp\/v2\/product\/6144","targetHints":{"allow":["GET"]}}],"collection":[{"href":"https:\/\/fengchashop.com\/pl\/wp-json\/wp\/v2\/product"}],"about":[{"href":"https:\/\/fengchashop.com\/pl\/wp-json\/wp\/v2\/types\/product"}],"replies":[{"embeddable":true,"href":"https:\/\/fengchashop.com\/pl\/wp-json\/wp\/v2\/comments?post=6144"}],"wp:featuredmedia":[{"embeddable":true,"href":"https:\/\/fengchashop.com\/pl\/wp-json\/wp\/v2\/media\/6145"}],"wp:attachment":[{"href":"https:\/\/fengchashop.com\/pl\/wp-json\/wp\/v2\/media?parent=6144"}],"wp:term":[{"taxonomy":"product_brand","embeddable":true,"href":"https:\/\/fengchashop.com\/pl\/wp-json\/wp\/v2\/product_brand?post=6144"},{"taxonomy":"product_cat","embeddable":true,"href":"https:\/\/fengchashop.com\/pl\/wp-json\/wp\/v2\/product_cat?post=6144"},{"taxonomy":"product_tag","embeddable":true,"href":"https:\/\/fengchashop.com\/pl\/wp-json\/wp\/v2\/product_tag?post=6144"}],"curies":[{"name":"wp","href":"https:\/\/api.w.org\/{rel}","templated":true}]}}