{"id":6139,"date":"2022-03-11T10:03:16","date_gmt":"2022-03-11T09:03:16","guid":{"rendered":"https:\/\/fengchashop.com\/pl\/product\/chlorek-magnezu-w-proszku-500-g\/"},"modified":"2026-04-27T21:28:55","modified_gmt":"2026-04-27T19:28:55","slug":"chlorek-magnezu-w-proszku","status":"publish","type":"product","link":"https:\/\/fengchashop.com\/pl\/product\/chlorek-magnezu-w-proszku\/","title":{"rendered":"Chlorek magnezu w proszku 500 g"},"content":{"rendered":"<h2><span style=\"color: #000000\">Chlorek magnezu<\/span><\/h2>\n<p><span style=\"color: #000000\">Magnez jest bardzo <strong>wa\u017cnym minera\u0142em,<\/strong> odpowiedzialnym za ponad 300 reakcji metabolicznych w organizmie cz\u0142owieka. Eksperci cz\u0119sto nazywaj\u0105 go &#8222;kr\u00f3lem minera\u0142\u00f3w&#8221;. Odgrywa bardzo wa\u017cn\u0105 rol\u0119 w<strong> prawid\u0142owym funkcjonowaniu ko\u015bci, mi\u0119\u015bni i uk\u0142adu nerwowego<\/strong>. Jest cz\u0119sto spo\u017cywany w <strong>celu zapobiegania skurczom (w \u0142ydkach), zm\u0119czeniu, wyczerpaniu i dla normalnego funkcjonowania psychicznego<\/strong>. Magnez r\u00f3wnowa\u017cy proporcje z wapniem, a tym samym zapobiega zakwaszeniu organizmu i &#8222;skrzypieniu&#8221; staw\u00f3w spowodowanemu zwapnieniami. Wsp\u00f3\u0142czesny styl \u017cycia &#8211; brak snu, stres, dieta &#8211; cz\u0119sto sk\u0142ania nas do przyjmowania suplement\u00f3w magnezu. I chocia\u017c znajdujemy go du\u017co w zielonych warzywach, rybach, pestkach s\u0142onecznika i dyni, owocach i orzechach, po prostu spo\u017cywamy go wi\u0119cej ni\u017c jemy. Sportowcy i osoby bardzo aktywne, kobiety w ci\u0105\u017cy i osoby starsze maj\u0105 zwi\u0119kszone zapotrzebowanie na magnez. W naturze magnez jest zawsze zwi\u0105zany z innym zwi\u0105zkiem, co nadaje mu specyficzne w\u0142a\u015bciwo\u015bci, zw\u0142aszcza pod wzgl\u0119dem wch\u0142aniania i dodatkowych efekt\u00f3w. Dlatego wa\u017cne jest, aby wybra\u0107 odpowiedni magnez dla naszych potrzeb.<\/span><\/p>\n<p><span style=\"color: #000000\">Magnez w postaci<strong> chlorku magnezu<\/strong> jest jedn\u0105 z cz\u0119\u015bciej spotykanych form magnezu na naszym rynku. Istnieje kilkana\u015bcie r\u00f3\u017cnych form magnezu, a niekt\u00f3re formy s\u0105 wr\u0119cz odradzane (np. asparaginian magnezu czy glutaminian magnezu). Tym samym nie ka\u017cdy magnez zaspokoi nasze potrzeby. Wybierz formy magnezu, kt\u00f3re s\u0105 dobrej jako\u015bci, a przede wszystkim odpowiednie dla Ciebie.<\/span><\/p>\n<p><span style=\"color: #000000\">Niedob\u00f3r magnezu jest powi\u0105zany z wieloma chorobami, w tym migren\u0105, chronicznym zm\u0119czeniem, wysokim ci\u015bnieniem krwi, l\u0119kiem i innymi zaburzeniami psychicznymi. Magnez po\u015brednio naprawia uszkodzone kom\u00f3rki, co zapobiega rozwojowi chor\u00f3b zwi\u0105zanych z<strong> uszkodzeniem kom\u00f3rek<\/strong> &#8211; w tym na przyk\u0142ad raka. Jednocze\u015bnie niedob\u00f3r magnezu zmniejsza dzia\u0142anie wa\u017cnej witaminy D.<\/span><\/p>\n<p><span style=\"color: #000000\">Nasz chlorek magnezu jest najwy\u017cszej jako\u015bci.<\/span><\/p>\n<h2><span style=\"color: #000000\">Dlaczego warto wybra\u0107 chlorek magnezu?<\/span><\/h2>\n<p><span style=\"color: #000000\">Co ciekawe, organizm mo\u017ce r\u00f3wnie\u017c<strong> wch\u0142ania\u0107<\/strong> magnez<strong> przez sk\u00f3r\u0119<\/strong>.<strong> K\u0105piele<\/strong> s\u0105 zatem r\u00f3wnie\u017c mile widziane w przypadku niedoboru magnezu. S\u0105 one szczeg\u00f3lnie dobre dla zm\u0119czonych mi\u0119\u015bni, a magnez dostaje si\u0119 r\u00f3wnie\u017c do krwiobiegu przez sk\u00f3r\u0119, aby zasili\u0107 narz\u0105dy wewn\u0119trzne. Najbardziej odpowiedni\u0105 form\u0105 magnezu do k\u0105pieli jest chlorek magnezu. Proszek mo\u017cna r\u00f3wnie\u017c wykorzysta\u0107 do produkcji tak zwanej <strong>oliwy magnezowej<\/strong>. Jest to niezwykle popularny spos\u00f3b na szybk\u0105 i dobr\u0105 regeneracj\u0119 zm\u0119czonych i obola\u0142ych mi\u0119\u015bni podczas du\u017cego wysi\u0142ku fizycznego. Jest wch\u0142aniany przez organizm i zapewnia dzienne zapotrzebowanie na magnez. Chlorek magnezu mo\u017cna r\u00f3wnie\u017c przyjmowa\u0107 doustnie jako suplement diety.<\/span><\/p>\n<p><span style=\"color: #000000\">Ta forma magnezu najlepiej nadaje si\u0119 do szybkiego dostarczania magnezu do zm\u0119czonych mi\u0119\u015bni i do rozbijania zwapnie\u0144 staw\u00f3w za pomoc\u0105 k\u0105pieli i oleju magnezowego. Ponadto, magnez wprowadzony w ten spos\u00f3b ma minimalny wp\u0142yw na trawienie i zwi\u0105zane z nim wyst\u0119powanie biegunki. Jest zatem szczeg\u00f3lnie odpowiedni dla os\u00f3b, kt\u00f3re s\u0105 bardziej wra\u017cliwe na przyjmowanie magnezu.<\/span><\/p>\n<p><span style=\"color: #000000\">Magnez w postaci chlorku magnezu jest gorzej i wolniej wch\u0142aniany ni\u017c np. bisglicynian magnezu. Ma jednak t\u0119 zalet\u0119, \u017ce mo\u017ce by\u0107 wch\u0142aniany przez sk\u00f3r\u0119 w postaci sprayu lub k\u0105pieli.<\/span><\/p>\n<h2><span style=\"color: #000000\">Jaki wp\u0142yw na nasz organizm ma spo\u017cywanie magnezu?<\/span><\/h2>\n<p><span style=\"color: #000000\">Spo\u017cywanie magnezu lub przygotowywanie oliwy magnezowej i k\u0105pieli ma na nas nast\u0119puj\u0105ce pozytywne skutki, kt\u00f3re s\u0105 r\u00f3wnie\u017c uznawane przez profesjonalist\u00f3w:<\/span><\/p>\n<p><span style=\"color: #000000\">\ud83d\udc9a pomaga <strong>zmniejszy\u0107 zm\u0119czenie i znu\u017cenie,<\/strong><\/span><br \/>\n<span style=\"color: #000000\">\ud83d\udc9a wspomaga r\u00f3wnowag\u0119<strong> elektrolit\u00f3w<\/strong>, kt\u00f3re s\u0105 potrzebne zw\u0142aszcza podczas wysi\u0142ku fizycznego,<\/span><br \/>\n<span style=\"color: #000000\">\ud83d\udc9a przyczynia si\u0119 do <strong>uwalniania energii metabolicznej,<\/strong><\/span><br \/>\n<span style=\"color: #000000\">\ud83d\udc9a ma korzystny wp\u0142yw na <strong>uk\u0142ad nerwowy,<\/strong><\/span><br \/>\n<span style=\"color: #000000\">\ud83d\udc9a przyczynia si\u0119 do<strong> prawid\u0142owego funkcjonowania mi\u0119\u015bni, normalnych funkcji psychologicznych,<\/strong><\/span><br \/>\n<span style=\"color: #000000\">\ud83d\udc9a odgrywa rol\u0119 w<strong> syntezie bia\u0142ek,<\/strong><\/span><br \/>\n<span style=\"color: #000000\">\ud83d\udc9a utrzymuje<strong> zdrowe ko\u015bci i z\u0119by,<\/strong><\/span><br \/>\n<span style=\"color: #000000\">\ud83d\udc9a odgrywa rol\u0119 w podziale kom\u00f3rek.<\/span><\/p>\n<h2><span style=\"color: #000000\">Opakowanie<\/span><\/h2>\n<p><span style=\"color: #000000\">Nieprzepuszczalna torebka z zamkiem b\u0142yskawicznym, w kt\u00f3rej produkt zachowuje \u015bwie\u017co\u015b\u0107 i aromat. Opakowanie chroni przed \u015bwiat\u0142em i powietrzem, sk\u0142adaj\u0105c si\u0119 z kilku warstw ochronnych w celu zachowania w\u0142a\u015bciwo\u015bci zawarto\u015bci.<\/span><\/p>\n<p><span style=\"color: #000000\">Opakowanie jest bardzo praktyczne i nadaje si\u0119 do recyklingu.<\/span><\/p>\n<h2><span style=\"color: #000000\">Przechowywanie i ostrze\u017cenia<\/span><\/h2>\n<p><span style=\"color: #000000\">Przechowywa\u0107 w ch\u0142odnym, suchym miejscu w temperaturze do 25\u00b0C. Suplement diety nale\u017cy przechowywa\u0107 w miejscu niedost\u0119pnym dla dzieci!<\/span><\/p>\n<p><span style=\"color: #000000\">Skonsultuj si\u0119 z lekarzem, je\u015bli jednocze\u015bnie przyjmujesz antybiotyki, leki na osteoporoz\u0119 lub wysokie ci\u015bnienie krwi, poniewa\u017c magnez mo\u017ce wp\u0142ywa\u0107 na ich dzia\u0142anie.<\/span><\/p>\n<p><span style=\"color: #000000\">Pami\u0119taj o znaczeniu zr\u00f3\u017cnicowanej diety i zdrowego stylu \u017cycia, suplement diety nie zast\u0119puje zr\u00f3wnowa\u017conej i zr\u00f3\u017cnicowanej diety. Nie nale\u017cy przekracza\u0107 zalecanej dziennej ilo\u015bci lub dawki. Kobiety w ci\u0105\u017cy i karmi\u0105ce piersi\u0105 powinny zawsze skonsultowa\u0107 si\u0119 z lekarzem przed u\u017cyciem. Produkt nieodpowiedni dla dzieci.<\/span><\/p>\n<h2><span style=\"color: #000000\">Pochodzenie<\/span><\/h2>\n<p><span style=\"color: #000000\">Republika Czeska<\/span><\/p>\n","protected":false},"excerpt":{"rendered":"<p align=\"JUSTIFY\">Magnez jest bardzo wa\u017cnym minera\u0142em, odpowiedzialnym za ponad 300 reakcji metabolicznych w organizmie cz\u0142owieka. Eksperci cz\u0119sto nazywaj\u0105 go &#8222;kr\u00f3lem minera\u0142\u00f3w&#8221;. Odgrywa bardzo wa\u017cn\u0105 rol\u0119 w zapewnieniu prawid\u0142owego funkcjonowania ko\u015bci, mi\u0119\u015bni i uk\u0142adu nerwowego. Jest cz\u0119sto spo\u017cywany w celu zapobiegania skurczom (w \u0142ydkach), zm\u0119czeniu, wyczerpaniu i dla normalnego funkcjonowania psychicznego. Magnez r\u00f3wnowa\u017cy proporcje z wapniem, a tym samym zapobiega zakwaszeniu organizmu i &#8222;skrzypieniu&#8221; staw\u00f3w spowodowanemu zwapnieniami.<\/p>\n<p>\ud83d\udc9a Pomaga zmniejszy\u0107 zm\u0119czenie i znu\u017cenie.<br \/>\n\ud83d\udc9a Wspomaga r\u00f3wnowag\u0119 elektrolitow\u0105, kt\u00f3ra jest szczeg\u00f3lnie potrzebna podczas wysi\u0142ku fizycznego.<br \/>\n\ud83d\udc9a Przyczynia si\u0119 do uwalniania energii metabolicznej.<br \/>\n\ud83d\udc9a Korzystny wp\u0142yw na uk\u0142ad nerwowy.<br \/>\n\ud83d\udc9a Przyczynia si\u0119 do prawid\u0142owego funkcjonowania mi\u0119\u015bni, normalnych funkcji psychologicznych.<\/p>\n","protected":false},"featured_media":6140,"comment_status":"open","ping_status":"closed","template":"","meta":{"_acf_changed":false},"product_brand":[],"product_cat":[15,232,224,225],"product_tag":[],"class_list":{"0":"post-6139","1":"product","2":"type-product","3":"status-publish","4":"has-post-thumbnail","6":"product_cat-uncategorized","7":"product_cat-mineraly-witaminy","8":"product_cat-oferta","9":"product_cat-wszystkie-produkty","11":"first","12":"instock","13":"taxable","14":"shipping-taxable","15":"purchasable","16":"product-type-simple"},"acf":[],"_links":{"self":[{"href":"https:\/\/fengchashop.com\/pl\/wp-json\/wp\/v2\/product\/6139","targetHints":{"allow":["GET"]}}],"collection":[{"href":"https:\/\/fengchashop.com\/pl\/wp-json\/wp\/v2\/product"}],"about":[{"href":"https:\/\/fengchashop.com\/pl\/wp-json\/wp\/v2\/types\/product"}],"replies":[{"embeddable":true,"href":"https:\/\/fengchashop.com\/pl\/wp-json\/wp\/v2\/comments?post=6139"}],"wp:featuredmedia":[{"embeddable":true,"href":"https:\/\/fengchashop.com\/pl\/wp-json\/wp\/v2\/media\/6140"}],"wp:attachment":[{"href":"https:\/\/fengchashop.com\/pl\/wp-json\/wp\/v2\/media?parent=6139"}],"wp:term":[{"taxonomy":"product_brand","embeddable":true,"href":"https:\/\/fengchashop.com\/pl\/wp-json\/wp\/v2\/product_brand?post=6139"},{"taxonomy":"product_cat","embeddable":true,"href":"https:\/\/fengchashop.com\/pl\/wp-json\/wp\/v2\/product_cat?post=6139"},{"taxonomy":"product_tag","embeddable":true,"href":"https:\/\/fengchashop.com\/pl\/wp-json\/wp\/v2\/product_tag?post=6139"}],"curies":[{"name":"wp","href":"https:\/\/api.w.org\/{rel}","templated":true}]}}