{"id":6137,"date":"2022-03-11T08:08:31","date_gmt":"2022-03-11T07:08:31","guid":{"rendered":"https:\/\/fengchashop.com\/pl\/product\/zeolit-w-kapsulkach-240-kapsulek\/"},"modified":"2026-05-01T03:37:56","modified_gmt":"2026-05-01T01:37:56","slug":"zeolit-w-kapsulkach","status":"publish","type":"product","link":"https:\/\/fengchashop.com\/pl\/product\/zeolit-w-kapsulkach\/","title":{"rendered":"Zeolit w kapsu\u0142kach 240 kapsu\u0142ek"},"content":{"rendered":"<h2 align=\"JUSTIFY\"><span style=\"color: #000000;\">Zeolit klinoptylolitowy<\/span><\/h2>\n<p align=\"JUSTIFY\"><span style=\"color: #000000;\">Zeolit jest jednym z <strong>najsilniejszych naturalnych \u015brodk\u00f3w detoksykacyjnych na \u015bwiecie<\/strong>. Naturalny zeolit skalny, w postaci jadalnego minera\u0142u wulkanicznego klinoptylolitu,\u00a0<strong>pomaga oczy\u015bci\u0107\u00a0<\/strong>organizm\u00a0<strong>z\u00a0<\/strong>toksyn \u015brodowiskowych i pokarmowych.<\/span><\/p>\n<p align=\"JUSTIFY\"><span style=\"color: #000000;\">Powstaje podczas wielkich erupcji wulkanicznych i ma\u00a0<strong>zdolno\u015b\u0107 wi\u0105zania ze sob\u0105 trucizn<\/strong>, pozosta\u0142o\u015bci pestycyd\u00f3w i metali ci\u0119\u017ckich. Mo\u017ce by\u0107 r\u00f3wnie\u017c doskona\u0142\u0105 alternatyw\u0105 dla niekt\u00f3rych lek\u00f3w. Istnieje kilka rodzaj\u00f3w zeolit\u00f3w, z kt\u00f3rych\u00a0<strong>najbardziej ceniona i badana<\/strong> jest aktywowana forma krystaliczna\u00a0<strong>klinoptylolitu<\/strong>. Kryszta\u0142y zawieraj\u0105 wa\u017cne dla \u017cycia\u00a0<strong>minera\u0142y<\/strong>: s\u00f3d, wap\u0144, potas, magnez, \u017celazo i inne pierwiastki.<\/span><\/p>\n<p align=\"JUSTIFY\"><span style=\"color: #000000;\">Ma szczeg\u00f3ln\u0105 w\u0142a\u015bciwo\u015b\u0107 wynikaj\u0105c\u0105 z wymiany jon\u00f3w ujemnych. Klinoptylolit zeolitowy\u00a0<strong>jest stosowany do usuwania trucizn i szkodliwych substancji<\/strong>, kt\u00f3re kradn\u0105 nasz\u0105 energi\u0119: o\u0142owiu, arsenu, kadmu, niklu, uranu, rt\u0119ci, amoniaku itp. Ale tak\u017ce pozosta\u0142o\u015bci lek\u00f3w, bakterii chorobotw\u00f3rczych i wirus\u00f3w.<\/span><\/p>\n<p align=\"JUSTIFY\"><span style=\"color: #000000;\">Zeolit jest<strong>\u00a0ju\u017c aktywowany<\/strong> w specjalnym procesie. Jest ona podgrzewany do temperatury 250-400 stopni Celsjusza. A nast\u0119pnie kilkukrotnie mielony w m\u0142ynach kamiennych do uzyskania po\u017c\u0105danej granulacji. To\u00a0<strong>tylko 5 \u00b5m<\/strong>. Jest to znacznie mniej ni\u017c w przypadku wi\u0119kszo\u015bci innych zeolit\u00f3w dost\u0119pnych na rynku.<\/span><\/p>\n<p align=\"JUSTIFY\"><span style=\"color: #000000;\"><strong>Efekty\u00a0<\/strong><\/span><\/p>\n<p><span style=\"color: #000000;\">Ma niezwyk\u0142\u0105 zdolno\u015b\u0107 do oczyszczania organizmu i przywracania r\u00f3wnowagi w ca\u0142ym organizmie poprzez:<\/span><\/p>\n<p><span style=\"color: #000000;\">\ud83d\udc9a Zwi\u0119kszanie <strong>osobistych mo\u017cliwo\u015bci<\/strong> w pracy i sporcie\u00a0<\/span><\/p>\n<p><span style=\"color: #000000;\">\ud83d\udc9a Wzmocnienie <strong>uk\u0142adu odporno\u015bciowego<\/strong> i ochrona przed wolnymi rodnikami\u00a0<\/span><\/p>\n<p><span style=\"color: #000000;\"><strong>\ud83d\udc9a Zwi\u0119kszenie energii<\/strong> i eliminacj\u0119 zm\u0119czenia\u00a0<\/span><\/p>\n<p><span style=\"color: #000000;\"><strong>\ud83d\udc9a Efekty odm\u0142adzaj\u0105ce<\/strong>: stosowane, aby sk\u00f3ra sta\u0142a si\u0119 ja\u015bniejsza i pi\u0119kniejsza\u00a0<\/span><\/p>\n<p><span style=\"color: #000000;\">\ud83d\udc9a Pomaga przy<strong>\u00a0wysokim ci\u015bnieniu krwi<\/strong>, obni\u017ceniu poziomu cholesterolu i wysokiego poziomu cukru we krwi\u00a0<\/span><\/p>\n<p><span style=\"color: #000000;\">\ud83d\udc9a Pomaga w <strong>chorobach w\u0105troby, \u017co\u0142\u0105dka i jelit\u00a0<\/strong><\/span><\/p>\n<p><span style=\"color: #000000;\">\ud83d\udc9a Wspomaga <strong>gojenie si\u0119 ran<\/strong> i chor\u00f3b sk\u00f3ry (opryszczka)\u00a0<\/span><\/p>\n<p><span style=\"color: #000000;\">\ud83d\udc9a Pomaga w <strong>problemach zwi\u0105zanych z menopauz\u0105<\/strong><\/span><\/p>\n<p><span style=\"color: #000000;\">\ud83d\udc9a Zapobiega <strong>zakwaszeniu<\/strong> organizmu oraz zapewnia r\u00f3wnowag\u0119 kwasowo-zasadow\u0105\u00a0<\/span><\/p>\n<p><span style=\"color: #000000;\">\ud83d\udc9a Pomaga w \u0142agodzeniu skutk\u00f3w ubocznych <strong>chemioterapii\u00a0<\/strong><\/span><\/p>\n<p>&nbsp;<\/p>\n<h2 align=\"JUSTIFY\"><span style=\"color: #000000;\">Dlaczego warto kupi\u0107 nasz zeolit?<\/span><\/h2>\n<p align=\"JUSTIFY\"><span style=\"color: #000000;\">\ud83d\udc9a Nasz minera\u0142 wulkaniczny zeolit jest <strong>w 100% naturalny i nie zawiera sztucznych dodatk\u00f3w<\/strong>.\u00a0<\/span><\/p>\n<p align=\"JUSTIFY\"><span style=\"color: #000000;\">\ud83d\udc9a Jest ju\u017c <strong>aktywowany<\/strong>.<strong>\u00a0<\/strong><\/span><\/p>\n<p align=\"JUSTIFY\"><span style=\"color: #000000;\">\ud83d\udc9a Granulacja wynosi zaledwie <strong>5 \u00b5m<\/strong>.<strong>\u00a0\u00a0<\/strong><\/span><\/p>\n<p align=\"JUSTIFY\"><span style=\"color: #000000;\">\ud83d\udc9a Oferujemy <strong>100% gwarancj\u0119 satysfakcji<\/strong>.<strong>\u00a0<\/strong><\/span><\/p>\n<p align=\"JUSTIFY\"><span style=\"color: #000000;\">\ud83d\udc9a Mamy <strong>\u015bwietn\u0105 cen\u0119<\/strong>, zw\u0142aszcza za kilogramowe opakowanie.\u00a0<\/span><\/p>\n<p align=\"JUSTIFY\"><span style=\"color: #000000;\">\ud83d\udc9a Produkt ma <strong>nieograniczony okres przydatno\u015bci<\/strong>.\u00a0<\/span><\/p>\n<h2><span style=\"color: #000000;\">Opakowanie<\/span><\/h2>\n<p><span style=\"color: #000000;\">Nieprzepuszczalna torba zamykana na zamek, w kt\u00f3rej produkt zachowuje swoj\u0105 \u015bwie\u017co\u015b\u0107 i aromat. Opakowanie chroni przed \u015bwiat\u0142em i powietrzem, poniewa\u017c sk\u0142ada si\u0119 z kilku warstw ochronnych, kt\u00f3re zachowuj\u0105 w\u0142a\u015bciwo\u015bci zawarto\u015bci.<\/span><\/p>\n<p><span style=\"color: #000000;\">Opakowanie jest bardzo praktyczne i nadaje si\u0119 do recyklingu.<\/span><\/p>\n<h2><span style=\"color: #000000;\">Przechowywanie i ostrze\u017cenia<\/span><\/h2>\n<p><span style=\"color: #000000;\">Przechowywa\u0107 w ch\u0142odnym, suchym miejscu.<\/span><\/p>\n<h2 align=\"JUSTIFY\"><span style=\"color: #000000;\">Kraj pochodzenia<\/span><\/h2>\n<p align=\"JUSTIFY\"><span style=\"color: #000000;\">UE<\/span><\/p>\n<h2 align=\"JUSTIFY\"><span style=\"color: #000000;\">Certyfikaty<\/span><\/h2>\n<p align=\"JUSTIFY\"><span style=\"color: #000000;\">Przeprowadzili\u015bmy analizy metali ci\u0119\u017ckich, analizy radioaktywne i inne niezb\u0119dne analizy chemiczne. Produkt jest bezpieczny wzgl\u0119dem wszystkich tych kryteri\u00f3w.<\/span><\/p>\n<p><span style=\"color: #000000;\"><strong>Czy zeolit jest aktywowany?<\/strong><\/span><\/p>\n<p><span style=\"color: #000000;\">Dok\u0142adnie. Zeolit jest ju\u017c<strong>\u00a0aktywowany<\/strong>. Oznacza to, \u017ce mo\u017cna go wypi\u0107 zaraz po wymieszaniu z wod\u0105. Nasz zeolit jest r\u00f3wnie\u017c poddawany specjalnemu procesowi aktywacji. Jest on, dok\u0142adniej m\u00f3wi\u0105c, podgrzewany do temperatury 250-400 stopni Celsjusza. A nast\u0119pnie kilkukrotnie mielony w m\u0142ynach kamiennych do uzyskania po\u017c\u0105danej granulacji. To\u00a0<strong>tylko 5 \u00b5m<\/strong>. Jest to znacznie mniej ni\u017c w przypadku wi\u0119kszo\u015bci innych zeolit\u00f3w dost\u0119pnych na rynku.<\/span><\/p>\n<p><span style=\"color: #000000;\"><strong>Czy zeolit posiada jakie\u015b certyfikaty?<\/strong><\/span><\/p>\n<p><span style=\"color: #000000;\">Przeprowadzili\u015bmy <strong>analizy metali ci\u0119\u017ckich, analizy radioaktywne i inne niezb\u0119dne analizy chemiczne<\/strong>. Produkt jest bezpieczny wzgl\u0119dem wszystkich tych kryteri\u00f3w. Zeolit jest r\u00f3wnie\u017c w trakcie uzyskiwania certyfikatu CE. Mo\u017ce to nast\u0105pi\u0107 ju\u017c w tym roku.<\/span><\/p>\n","protected":false},"excerpt":{"rendered":"<p align=\"JUSTIFY\">Zeolit jest jednym z <strong>najsilniejszych naturalnych \u015brodk\u00f3w detoksykacyjnych na \u015bwiecie<\/strong>. Naturalny zeolit skalny, w postaci jadalnego minera\u0142u wulkanicznego klinoptylolitu,\u00a0<strong>pomaga oczy\u015bci\u0107\u00a0<\/strong>organizm\u00a0<strong>z\u00a0<\/strong>toksyn \u015brodowiskowych i pokarmowych.<\/p>\n<p>\ud83d\udc9a Pomaga <strong>oczy\u015bci\u0107 organizm<\/strong> z toksyn \u015brodowiskowych i pokarmowych.<\/p>\n<p>\ud83d\udc9a Zwi\u0119kszanie <strong>osobistych mo\u017cliwo\u015bci<\/strong> w pracy i sporcie<\/p>\n<p><strong>\ud83d\udc9a Wzmocnienie uk\u0142adu odporno\u015bciowego i ochrona przed wolnymi rodnikami\u00a0<\/strong><\/p>\n<p><strong>\ud83d\udc9a Zwi\u0119kszenie energii i eliminacj\u0119 zm\u0119czenia<br \/>\n<\/strong><\/p>\n","protected":false},"featured_media":6138,"comment_status":"open","ping_status":"closed","template":"","meta":{"_acf_changed":false},"product_brand":[],"product_cat":[15,226,224,235,225,197],"product_tag":[],"class_list":{"0":"post-6137","1":"product","2":"type-product","3":"status-publish","4":"has-post-thumbnail","6":"product_cat-uncategorized","7":"product_cat-najlepiej-sprzedajacy-sie","8":"product_cat-oferta","9":"product_cat-ponownie-w-magazynie","10":"product_cat-wszystkie-produkty","11":"product_cat-zeolit","13":"first","14":"instock","15":"sale","16":"taxable","17":"shipping-taxable","18":"purchasable","19":"product-type-simple"},"acf":[],"_links":{"self":[{"href":"https:\/\/fengchashop.com\/pl\/wp-json\/wp\/v2\/product\/6137","targetHints":{"allow":["GET"]}}],"collection":[{"href":"https:\/\/fengchashop.com\/pl\/wp-json\/wp\/v2\/product"}],"about":[{"href":"https:\/\/fengchashop.com\/pl\/wp-json\/wp\/v2\/types\/product"}],"replies":[{"embeddable":true,"href":"https:\/\/fengchashop.com\/pl\/wp-json\/wp\/v2\/comments?post=6137"}],"wp:featuredmedia":[{"embeddable":true,"href":"https:\/\/fengchashop.com\/pl\/wp-json\/wp\/v2\/media\/6138"}],"wp:attachment":[{"href":"https:\/\/fengchashop.com\/pl\/wp-json\/wp\/v2\/media?parent=6137"}],"wp:term":[{"taxonomy":"product_brand","embeddable":true,"href":"https:\/\/fengchashop.com\/pl\/wp-json\/wp\/v2\/product_brand?post=6137"},{"taxonomy":"product_cat","embeddable":true,"href":"https:\/\/fengchashop.com\/pl\/wp-json\/wp\/v2\/product_cat?post=6137"},{"taxonomy":"product_tag","embeddable":true,"href":"https:\/\/fengchashop.com\/pl\/wp-json\/wp\/v2\/product_tag?post=6137"}],"curies":[{"name":"wp","href":"https:\/\/api.w.org\/{rel}","templated":true}]}}