{"id":6132,"date":"2022-03-10T18:57:47","date_gmt":"2022-03-10T17:57:47","guid":{"rendered":"https:\/\/fengchashop.com\/pl\/product\/mleko-kokosowe-w-proszku-bio-250-g\/"},"modified":"2026-04-28T01:28:12","modified_gmt":"2026-04-27T23:28:12","slug":"mleko-kokosowe-w-proszku-bio","status":"publish","type":"product","link":"https:\/\/fengchashop.com\/pl\/product\/mleko-kokosowe-w-proszku-bio\/","title":{"rendered":"Mleko kokosowe w proszku BIO 250 g"},"content":{"rendered":"<h2><span style=\"color: #000000\">Organiczne mleko kokosowe w proszku<\/span><\/h2>\n<p><span style=\"color: #000000\">Mleko kokosowe w proszku jest jednym z g\u0142\u00f3wnych sk\u0142adnik\u00f3w kulinarnych diety azjatyckiej i <strong>doskona\u0142ym substytutem mleka zawieraj\u0105cego laktoz\u0119<\/strong>, na kt\u00f3r\u0105 uczulonych jest coraz wi\u0119cej os\u00f3b.<\/span><\/p>\n<p><span style=\"color: #000000\"><strong>Mleko kokosowe w proszku zawiera oko\u0142o 60% t\u0142uszczu kokosowego i zawiera szereg korzystnych dla ludzkiego organizmu substancji aktywnych:<\/strong><\/span><\/p>\n<p><span style=\"color: #000000\">\ud83d\udc9a <strong>wysok\u0105 zawarto\u015b\u0107 \u017celaza<\/strong>, kt\u00f3re jest g\u0142\u00f3wnym sk\u0142adnikiem czerwonych krwinek,<\/span><br \/>\n<span style=\"color: #000000\"> \ud83d\udc9a <strong>korzystne nienasycone t\u0142uszcze omega-3<\/strong>, kt\u00f3re pomagaj\u0105 regulowa\u0107 poziom cholesterolu we krwi,<\/span><br \/>\n<span style=\"color: #000000\"> \ud83d\udc9a <strong>kwasy t\u0142uszczowe laurynowy, kaprylowy i kaprynowy<\/strong>, znane ze swoich w\u0142a\u015bciwo\u015bci przeciwgrzybiczych, przeciwbakteryjnych i przeciwwirusowych.<\/span><\/p>\n<h2><span style=\"color: #000000\">Mleko kokosowe w proszku jest doskona\u0142ym dodatkiem do potraw lub sk\u0142adnikiem naturalnych kosmetyk\u00f3w<\/span><\/h2>\n<p><span style=\"color: #000000\">Mleko kokosowe w proszku powstaje w wyniku suszenia mleka kokosowego, kt\u00f3re z kolei wytwarzane jest z tartego mi\u0119sa kokosowego. Poniewa\u017c zawiera ono wysoki procent t\u0142uszczu, zwykle miesza si\u0119 je ze skrobi\u0105, wok\u00f3\u0142 kt\u00f3rej t\u0142uszcz przylega, tworz\u0105c mleko kokosowe w proszku. Jest to niezb\u0119dny sk\u0142adnik kulinarny w kuchni azjatyckiej do sos\u00f3w, zup i deser\u00f3w, a tak\u017ce stosowany w kosmetykach naturalnych, poniewa\u017c ma wspania\u0142e sk\u0142adniki, kt\u00f3re maj\u0105 korzystny wp\u0142yw na sk\u00f3r\u0119. Proszek jest po prostu mieszany z wod\u0105, aby uzyska\u0107 mleko kokosowe lub krem kokosowy, lub mo\u017ce by\u0107 dodawany bezpo\u015brednio do potraw w celu ich wzbogacenia.<\/span><\/p>\n<h2><span style=\"color: #000000\">Opakowanie<\/span><\/h2>\n<p><span style=\"color: #000000\">Nieprzepuszczalna torebka lub pude\u0142ko z zamkiem b\u0142yskawicznym, w kt\u00f3rym produkt zachowuje ca\u0142\u0105 swoj\u0105 \u015bwie\u017co\u015b\u0107 i aromat. Opakowanie chroni przed \u015bwiat\u0142em i powietrzem. Sk\u0142ada si\u0119 z kilku warstw ochronnych, aby zachowa\u0107 w\u0142a\u015bciwo\u015bci produktu.<\/span><\/p>\n<p><span style=\"color: #000000\">Opakowanie jest bardzo praktyczne i nadaje si\u0119 do recyklingu.<\/span><\/p>\n<h2><span style=\"color: #000000\">Pochodzenie<\/span><\/h2>\n<p><span style=\"color: #000000\">Wietnam<\/span><\/p>\n","protected":false},"excerpt":{"rendered":"<p>Mleko kokosowe w proszku jest jednym z g\u0142\u00f3wnych sk\u0142adnik\u00f3w kulinarnych w diecie azjatyckiej i doskona\u0142ym substytutem mleka zawieraj\u0105cego laktoz\u0119. Mleko kokosowe w proszku zawiera oko\u0142o 60% t\u0142uszczu kokosowego i zawiera szereg korzystnych substancji aktywnych dla ludzkiego organizmu:<\/p>\n<p>\ud83d\udc9a wysok\u0105 zawarto\u015b\u0107 \u017celaza, kt\u00f3re jest g\u0142\u00f3wnym sk\u0142adnikiem czerwonych krwinek,<br \/>\n\ud83d\udc9a korzystne nienasycone t\u0142uszcze omega-3, kt\u00f3re pomagaj\u0105 regulowa\u0107 poziom cholesterolu we krwi,<br \/>\n\ud83d\udc9a kwasy t\u0142uszczowe laurynowy, kaprylowy i kaprynowy, znane ze swoich w\u0142a\u015bciwo\u015bci przeciwgrzybiczych, przeciwbakteryjnych i przeciwwirusowych.<\/p>\n","protected":false},"featured_media":6133,"comment_status":"open","ping_status":"closed","template":"","meta":{"_acf_changed":false},"product_brand":[],"product_cat":[15,230,205,224,225],"product_tag":[],"class_list":{"0":"post-6132","1":"product","2":"type-product","3":"status-publish","4":"has-post-thumbnail","6":"product_cat-uncategorized","7":"product_cat-ajurweda","8":"product_cat-herbata-jedzenie-i-przyprawy","9":"product_cat-oferta","10":"product_cat-wszystkie-produkty","12":"first","13":"instock","14":"taxable","15":"shipping-taxable","16":"purchasable","17":"product-type-simple"},"acf":[],"_links":{"self":[{"href":"https:\/\/fengchashop.com\/pl\/wp-json\/wp\/v2\/product\/6132","targetHints":{"allow":["GET"]}}],"collection":[{"href":"https:\/\/fengchashop.com\/pl\/wp-json\/wp\/v2\/product"}],"about":[{"href":"https:\/\/fengchashop.com\/pl\/wp-json\/wp\/v2\/types\/product"}],"replies":[{"embeddable":true,"href":"https:\/\/fengchashop.com\/pl\/wp-json\/wp\/v2\/comments?post=6132"}],"wp:featuredmedia":[{"embeddable":true,"href":"https:\/\/fengchashop.com\/pl\/wp-json\/wp\/v2\/media\/6133"}],"wp:attachment":[{"href":"https:\/\/fengchashop.com\/pl\/wp-json\/wp\/v2\/media?parent=6132"}],"wp:term":[{"taxonomy":"product_brand","embeddable":true,"href":"https:\/\/fengchashop.com\/pl\/wp-json\/wp\/v2\/product_brand?post=6132"},{"taxonomy":"product_cat","embeddable":true,"href":"https:\/\/fengchashop.com\/pl\/wp-json\/wp\/v2\/product_cat?post=6132"},{"taxonomy":"product_tag","embeddable":true,"href":"https:\/\/fengchashop.com\/pl\/wp-json\/wp\/v2\/product_tag?post=6132"}],"curies":[{"name":"wp","href":"https:\/\/api.w.org\/{rel}","templated":true}]}}