{"id":6130,"date":"2022-03-10T18:14:36","date_gmt":"2022-03-10T17:14:36","guid":{"rendered":"https:\/\/fengchashop.com\/pl\/product\/tulsi-w-proszku-bio-250-g\/"},"modified":"2026-04-30T16:47:37","modified_gmt":"2026-04-30T14:47:37","slug":"tulsi-w-proszku-bio","status":"publish","type":"product","link":"https:\/\/fengchashop.com\/pl\/product\/tulsi-w-proszku-bio\/","title":{"rendered":"Tulsi w proszku BIO 250 g"},"content":{"rendered":"<h2><span style=\"color: #000000\">Tulsi w proszku BIO<\/span><\/h2>\n<p><span style=\"color: #000000\">Tulsi jest r\u00f3wnie\u017c znana jako <strong>dzika lub \u015bwi\u0119ta bazylia<\/strong>. Jej \u0142aci\u0144ska nazwa to Ocimum Sanctum. Jest to bardzo szanowane zio\u0142o w Ajurwedzie, czczone przez Hindus\u00f3w w specjalnych ceremoniach i u\u017cywane od ponad 5000 lat jako<strong> balsam leczniczy dla cia\u0142a, umys\u0142u i<\/strong> ducha. Najcz\u0119\u015bciej u\u017cywana jest do parzenia herbaty. Jednak jest r\u00f3wnie\u017c cz\u0119sto stosowany jako przyprawa w r\u00f3\u017cnych potrawach. Jest r\u00f3wnie\u017c stosowany w produktach kosmetycznych do sk\u00f3ry i w\u0142os\u00f3w, poniewa\u017c oczyszcza sk\u00f3r\u0119 i jest naturalnym \u015brodkiem antyseptycznym, co oznacza, \u017ce naturalnie niszczy i zapobiega rozwojowi mikroorganizm\u00f3w na sk\u00f3rze. Mo\u017ce to ogranicza\u0107 i zapobiega\u0107 infekcjom. Poniewa\u017c jest ca\u0142kowicie naturalny, mo\u017ce by\u0107 r\u00f3wnie\u017c stosowany na sk\u00f3r\u0119 dotkni\u0119t\u0105 grzybic\u0105, egzem\u0105, pryszczami, powierzchownymi ranami itp.<\/span><\/p>\n<p><span style=\"color: #000000\">Proszek Tulsi ma bardzo silny aromat, ostry i gorzki smak oraz jasnozielony kolor.<\/span><\/p>\n<p><span style=\"color: #000000\"><strong>G\u0142\u00f3wne sk\u0142adniki \u015bwi\u0119tej bazylii dzia\u0142aj\u0105 skutecznie:<\/strong><\/span><\/p>\n<p><span style=\"color: #000000\">\ud83d\udc9a Przeciwzapalnie,<\/span><br \/>\n<span style=\"color: #000000\">\ud83d\udc9a przeciwgor\u0105czkowe (przeciwgor\u0105czkowe)<\/span><br \/>\n<span style=\"color: #000000\">\ud83d\udc9a przeciwb\u00f3lowe (u\u015bmierzaj\u0105ce b\u00f3l),<\/span><br \/>\n<span style=\"color: #000000\">\ud83d\udc9a przeciwbakteryjne,<\/span><br \/>\n<span style=\"color: #000000\">\ud83d\udc9a przeciwgrzybicze,<\/span><br \/>\n<span style=\"color: #000000\">\ud83d\udc9a napotne (zwi\u0119kszaj\u0105ce potliwo\u015b\u0107).<\/span><\/p>\n<h2><span style=\"color: #000000\">Jaki jest najwa\u017cniejszy wp\u0142yw ro\u015bliny kr\u00f3lowej Tulsi na zdrowie ludzkiego organizmu?<\/span><\/h2>\n<p><span style=\"color: #000000\">Tulsi ma zdolno\u015b\u0107 <strong>zwi\u0119kszania energii \u017cyciowej i si\u0142y<\/strong> dzi\u0119ki swoim<strong> w\u0142a\u015bciwo\u015bciom adaptogennym<\/strong>, poniewa\u017c skutecznie zwalcza stres, traum\u0119, l\u0119k, depresj\u0119 i zm\u0119czenie fizyczne. Usuwa nadmiar powietrza w jelitach, <strong>eliminuje problemy \u017co\u0142\u0105dkowe, poprawia trawienie<\/strong> i powoduje lepsze wch\u0142anianie sk\u0142adnik\u00f3w od\u017cywczych. Zwi\u0119ksza<strong> wytrzyma\u0142o\u015b\u0107, witalno\u015b\u0107 i wzmacnia uk\u0142ad nerwowy<\/strong>. Doskona\u0142a na b\u00f3le g\u0142owy, artretyzm i reumatyzm.<\/span><\/p>\n<p><span style=\"color: #000000\">Tulsi jest<strong> bogatym \u017ar\u00f3d\u0142em przeciwutleniaczy<\/strong>, kt\u00f3re chroni\u0105 organizm przed wolnymi rodnikami i utlenianiem. Zawiera r\u00f3wnie\u017c organiczne formy miedzi, kt\u00f3re s\u0105 niezb\u0119dne dla organizmu do wch\u0142aniania \u017celaza. Tulsi jest og\u00f3lnie uwa\u017cana za bezpieczne zio\u0142o.<\/span><\/p>\n<p><span style=\"color: #000000\"><strong>&#8222;Matka wszystkich lek\u00f3w natury<\/strong>&#8222;, jak jest cz\u0119sto nazywana, ma r\u00f3wnie\u017c pozytywny wp\u0142yw na nasz uk\u0142ad odporno\u015bciowy, pomagaj\u0105c w infekcjach dr\u00f3g oddechowych, oczyszczaj\u0105c krew i przyspieszaj\u0105c gojenie si\u0119 ran. Pomaga schudn\u0105\u0107 i utrzyma\u0107 wag\u0119 poprzez przyspieszenie metabolizmu. Poprawia pami\u0119\u0107, koncentracj\u0119 i zdrowie m\u00f3zgu. Zapobiega r\u00f3wnie\u017c wypadaniu w\u0142os\u00f3w i utrzymuje ich dobry wygl\u0105d.<\/span><\/p>\n<h2><span style=\"color: #000000\">Przechowywanie i ostrze\u017cenia<\/span><\/h2>\n<p><span style=\"color: #000000\">Przechowywa\u0107 w ch\u0142odnym, suchym miejscu w temperaturze do 25 \u00b0C. Suplement diety nale\u017cy przechowywa\u0107 w miejscu niedost\u0119pnym dla dzieci!<\/span><\/p>\n<p><span style=\"color: #000000\">Nale\u017cy pami\u0119ta\u0107 o znaczeniu zr\u00f3\u017cnicowanej diety i zdrowego stylu \u017cycia, dlatego suplement diety nie zast\u0119puje zr\u00f3wnowa\u017conej i zr\u00f3\u017cnicowanej diety. Nie nale\u017cy przekracza\u0107 zalecanej dziennej ilo\u015bci lub dawki. Kobietom w ci\u0105\u017cy i karmi\u0105cym piersi\u0105 zawsze zaleca si\u0119 skonsultowanie z lekarzem przed u\u017cyciem.<\/span><\/p>\n<h2><span style=\"color: #000000\">Opakowanie<\/span><\/h2>\n<p><span style=\"color: #000000\">Nieprzepuszczalna torebka z zamkiem b\u0142yskawicznym, w kt\u00f3rej produkt zachowuje \u015bwie\u017co\u015b\u0107 i aromat. Opakowanie chroni produkt przed \u015bwiat\u0142em i powietrzem, poniewa\u017c sk\u0142ada si\u0119 z kilku warstw ochronnych, aby zachowa\u0107 w\u0142a\u015bciwo\u015bci zawarto\u015bci.<\/span><\/p>\n<p><span style=\"color: #000000\">Opakowanie jest bardzo praktyczne i nadaje si\u0119 do recyklingu.<\/span><\/p>\n<h2><span style=\"color: #000000\">Pochodzenie<\/span><\/h2>\n<p><span style=\"color: #000000\">Indie<\/span><\/p>\n","protected":false},"excerpt":{"rendered":"<p>Tulsi jest r\u00f3wnie\u017c znana jako dzika lub \u015bwi\u0119ta bazylika. Jej \u0142aci\u0144ska nazwa to Ocimum Sanctum. Jest to bardzo szanowane zio\u0142o w Ajurwedzie, czczone przez Hindus\u00f3w w specjalnych ceremoniach i u\u017cywane od ponad 5000 lat jako balsam leczniczy dla cia\u0142a, umys\u0142u i ducha. G\u0142\u00f3wne sk\u0142adniki bazylii \u015bwi\u0119tej dzia\u0142aj\u0105 skutecznie:<\/p>\n<p>\ud83d\udc9a Przeciwzapalnie,<br \/>\n\ud83d\udc9a przeciwgor\u0105czkowe (przeciwgor\u0105czkowe),<br \/>\n\ud83d\udc9a przeciwb\u00f3lowe (przeciwgor\u0105czkowe),<br \/>\n\ud83d\udc9a przeciwbakteryjne,<br \/>\n\ud83d\udc9a przeciwgrzybicze,<br \/>\n\ud83d\udc9a napotne (zwi\u0119kszaj\u0105 pocenie si\u0119).<\/p>\n","protected":false},"featured_media":6131,"comment_status":"open","ping_status":"closed","template":"","meta":{"_acf_changed":false},"product_brand":[],"product_cat":[15,230,205,224,228,225],"product_tag":[],"class_list":{"0":"post-6130","1":"product","2":"type-product","3":"status-publish","4":"has-post-thumbnail","6":"product_cat-uncategorized","7":"product_cat-ajurweda","8":"product_cat-herbata-jedzenie-i-przyprawy","9":"product_cat-oferta","10":"product_cat-superzywnosc","11":"product_cat-wszystkie-produkty","13":"first","14":"instock","15":"sale","16":"taxable","17":"shipping-taxable","18":"purchasable","19":"product-type-simple"},"acf":[],"_links":{"self":[{"href":"https:\/\/fengchashop.com\/pl\/wp-json\/wp\/v2\/product\/6130","targetHints":{"allow":["GET"]}}],"collection":[{"href":"https:\/\/fengchashop.com\/pl\/wp-json\/wp\/v2\/product"}],"about":[{"href":"https:\/\/fengchashop.com\/pl\/wp-json\/wp\/v2\/types\/product"}],"replies":[{"embeddable":true,"href":"https:\/\/fengchashop.com\/pl\/wp-json\/wp\/v2\/comments?post=6130"}],"wp:featuredmedia":[{"embeddable":true,"href":"https:\/\/fengchashop.com\/pl\/wp-json\/wp\/v2\/media\/6131"}],"wp:attachment":[{"href":"https:\/\/fengchashop.com\/pl\/wp-json\/wp\/v2\/media?parent=6130"}],"wp:term":[{"taxonomy":"product_brand","embeddable":true,"href":"https:\/\/fengchashop.com\/pl\/wp-json\/wp\/v2\/product_brand?post=6130"},{"taxonomy":"product_cat","embeddable":true,"href":"https:\/\/fengchashop.com\/pl\/wp-json\/wp\/v2\/product_cat?post=6130"},{"taxonomy":"product_tag","embeddable":true,"href":"https:\/\/fengchashop.com\/pl\/wp-json\/wp\/v2\/product_tag?post=6130"}],"curies":[{"name":"wp","href":"https:\/\/api.w.org\/{rel}","templated":true}]}}