{"id":6120,"date":"2022-03-10T10:15:47","date_gmt":"2022-03-10T09:15:47","guid":{"rendered":"https:\/\/fengchashop.com\/pl\/product\/jagody-goji-bio-500-g\/"},"modified":"2026-04-27T09:32:57","modified_gmt":"2026-04-27T07:32:57","slug":"jagody-goji-bio","status":"publish","type":"product","link":"https:\/\/fengchashop.com\/pl\/product\/jagody-goji-bio\/","title":{"rendered":"Jagody Goji BIO 500 g"},"content":{"rendered":"<h2><span style=\"color: #000000\">Jagody goji BIO<\/span><\/h2>\n<p><span style=\"color: #000000\">Jagody Goji, czasami nazywane wilczymi jagodami, czerwonymi diamentami lub winem ma\u0142\u017ce\u0144skim, to superjagody rosn\u0105ce na wysokim chi\u0144skim krzewie. Ich kszta\u0142t najbardziej przypomina granat. W przesz\u0142o\u015bci by\u0142y one uwa\u017cane w Chinach za superpot\u0119\u017cne owoce i by\u0142y u\u017cywane do uzdrawiania kr\u00f3l\u00f3w i od\u017cywiania wojownik\u00f3w przed bitwami. W<strong> tradycyjnej medycynie chi\u0144skiej, gdzie s\u0105 stosowane od ponad 2500 lat<\/strong>, uwa\u017ca si\u0119, \u017ce lecz\u0105 cukrzyc\u0119, wysokie ci\u015bnienie krwi oraz choroby w\u0105troby i nerek. S\u0105 r\u00f3wnie\u017c stosowane w celu zwi\u0119kszenia energii i libido. Inne cz\u0119\u015bci ro\u015bliny, takie jak nasiona, kwiaty, korzenie i li\u015bcie s\u0105 r\u00f3wnie\u017c wykorzystywane do cel\u00f3w leczniczych.<\/span><\/p>\n<p><span style=\"color: #000000\">M\u00f3wi si\u0119, \u017ce jagody Goji by\u0142y regularnie spo\u017cywane w formie herbaty przez <strong>Li Quing Yuen<\/strong>, opr\u00f3cz \u017ce\u0144-szenia i grzyb\u00f3w reishi. Najlepiej udokumentowanym przyk\u0142adem d\u0142ugowieczno\u015bci w ca\u0142ej historii jest Chi\u0144czyk, o kt\u00f3rym m\u00f3wi si\u0119, \u017ce \u017cy\u0142 256 lat.<\/span><\/p>\n<p><span style=\"color: #000000\"><strong>Wsp\u00f3\u0142czesne badania pokazuj\u0105, \u017ce jagody goji s\u0105 naprawd\u0119 dobre dla wzmocnienia ca\u0142ego organizmu<\/strong>, a tak\u017ce s\u0105 dobre dla naszego zdrowia. S\u0105 niezwykle<strong> bogate w przeciwutleniacze<\/strong>, kt\u00f3re, jak wykazano, maj\u0105 na nas pozytywny wp\u0142yw, chroni\u0105c nas przed stresem oksydacyjnym, kt\u00f3ry cz\u0119sto jest przyczyn\u0105 wsp\u00f3\u0142czesnych chor\u00f3b.<\/span><\/p>\n<p><span style=\"color: #000000\">M\u00f3wi si\u0119, \u017ce zawieraj\u0105 one znacznie wi\u0119cej beta-karotenu (prowitaminy witaminy A) ni\u017c jakakolwiek inna ro\u015blina, kt\u00f3ra zosta\u0142a jeszcze odkryta lub zbadana. Jest on syntetyzowany przez organizm w witamin\u0119 A (retionol), kt\u00f3ra jest odpowiedzialna za prawid\u0142owy wzrost, prawid\u0142owe widzenie, metabolizm \u017celaza i prawid\u0142owe funkcje odporno\u015bciowe. Jest r\u00f3wnie\u017c wa\u017cna w okresie ci\u0105\u017cy i przed ni\u0105, poniewa\u017c wspomaga reprodukcj\u0119 i wp\u0142ywa na rozw\u00f3j kom\u00f3rek i tkanek. Badania wykazuj\u0105, \u017ce korzystniejsze i korzystniejsze dla organizmu jest przyjmowanie beta-karoten\u00f3w (zw\u0142aszcza poprzez diet\u0119), kt\u00f3re s\u0105 przekszta\u0142cane przez organizm w retinol, ni\u017c przyjmowanie samego retinolu, kt\u00f3ry jest witamin\u0105 A pochodzenia zwierz\u0119cego. Zawieraj\u0105 r\u00f3wnie\u017c co najmniej trzy razy wi\u0119cej przeciwutleniaczy ni\u017c jagody.<\/span><\/p>\n<p><strong><span style=\"color: #000000\">Ma\u0142e czerwone owoce zawieraj\u0105 wi\u0119c:<\/span><\/strong><\/p>\n<p><span style=\"color: #000000\">\ud83d\udc9a niesamowite naturalne sk\u0142adniki aktywne,<\/span><br \/>\n<span style=\"color: #000000\">\ud83d\udc9a karotenoidy, polifenole, bia\u0142ka,<\/span><br \/>\n<span style=\"color: #000000\">\ud83d\udc9a polisacharydy, kt\u00f3re wzmacniaj\u0105 uk\u0142ad odporno\u015bciowy, zwi\u0119kszaj\u0105 wch\u0142anianie minera\u0142\u00f3w i zwi\u0119kszaj\u0105 witalno\u015b\u0107 organizmu,<\/span><br \/>\n<span style=\"color: #000000\">\ud83d\udc9a witaminy C, B i E,<\/span><br \/>\n<span style=\"color: #000000\">\ud83d\udc9a lutein\u0119 i zeaksantyn\u0119, kt\u00f3re wzmacniaj\u0105 wzrok i zapobiegaj\u0105 jego pogorszeniu,<\/span><br \/>\n<span style=\"color: #000000\">\ud83d\udc9a przeciwutleniacze dla dobrego zdrowia i m\u0142odego wygl\u0105du,<\/span><br \/>\n<span style=\"color: #000000\">\ud83d\udc9a inne witaminy, kt\u00f3re zwalczaj\u0105 wiele chor\u00f3b.<\/span><\/p>\n<p><span style=\"color: #000000\">Wykazano, \u017ce jagody Goji wzmacniaj\u0105 <strong>uk\u0142ad odporno\u015bciowy<\/strong>. Maj\u0105 r\u00f3wnie\u017c <strong>pozytywny wp\u0142yw na libido i potencj\u0119 seksualn\u0105<\/strong>. Coraz cz\u0119\u015bciej kojarzone s\u0105 r\u00f3wnie\u017c z <strong>szybkim metabolizmem, lepszym samopoczuciem, mniejszym og\u00f3lnym zm\u0119czeniem i zwi\u0119kszon\u0105 witalno\u015bci\u0105<\/strong>.<\/span><\/p>\n<p><span style=\"color: #000000\">Nasze jagody goji pochodz\u0105 z upraw <strong>ekologicznych<\/strong>. Suszone owoce s\u0105 lekko wilgotne &#8211; maj\u0105 mi\u0119kk\u0105 i ci\u0105gn\u0105c\u0105 si\u0119 konsystencj\u0119, co czyni je produktem najwy\u017cszej jako\u015bci. Truskawki s\u0105 bardzo smaczne. S\u0105 wi\u0119ksze i maj\u0105 s\u0142odszy smak. Poprawiaj\u0105 warto\u015b\u0107 od\u017cywcz\u0105 potraw i dodaj\u0105 s\u0142odkiego akcentu. Ich smak nie jest zbyt intensywny, co sprawia, \u017ce \u0142atwo je w\u0142\u0105czy\u0107 do codziennych posi\u0142k\u00f3w.<\/span><\/p>\n<h2><span style=\"color: #000000\">Dla kogo s\u0105 przeznaczone?<\/span><\/h2>\n<p><span style=\"color: #000000\">Jagody Goji mog\u0105 by\u0107 spo\u017cywane jako przek\u0105ska lub jako cz\u0119\u015b\u0107 zr\u00f3\u017cnicowanej, zdrowej diety. Wiele pozytywnych efekt\u00f3w i aktywnych sk\u0142adnik\u00f3w nie przestaje zadziwia\u0107 naukowc\u00f3w, kt\u00f3rzy nieustannie skupiaj\u0105 na nich swoj\u0105 uwag\u0119. St\u0105d te\u017c uprawa truskawek:<\/span><\/p>\n<p><span style=\"color: #000000\">\ud83d\udc9a reguluj\u0105 problemy z <strong>wysokim ci\u015bnieniem krwi i z\u0142ym cholesterolem<\/strong>;<\/span><br \/>\n<span style=\"color: #000000\">\ud83d\udc9a reguluj\u0105 <strong>trawienie, dzia\u0142aj\u0105 zasadotw\u00f3rczo<\/strong> i wp\u0142ywaj\u0105 na odchudzanie;<\/span><br \/>\n<span style=\"color: #000000\"><strong> \ud83d\udc9a nawadniaj\u0105<\/strong> organizm;<\/span><br \/>\n<span style=\"color: #000000\">\ud83d\udc9a poprawiaj\u0105<strong> kondycj\u0119<\/strong> sk\u00f3ry;<\/span><br \/>\n<span style=\"color: #000000\">\ud83d\udc9a Wzmacniaj\u0105<strong> uk\u0142ad odporno\u015bciowy<\/strong>;<\/span><br \/>\n<span style=\"color: #000000\">\ud83d\udc9a maj\u0105 dzia\u0142anie<strong> adaptogenne<\/strong>;<\/span><br \/>\n<span style=\"color: #000000\"><strong> \ud83d\udc9a reguluj\u0105 poziom cukru we krwi<\/strong>.<\/span><\/p>\n<h2><span style=\"color: #000000\">Warto\u015bci od\u017cywcze<\/span><\/h2>\n<p><span style=\"color: #000000\">\u015arednie warto\u015bci od\u017cywcze na 100 g jag\u00f3d goji: energia: 1237 kJ\/292 kcal; t\u0142uszcz: 2,7 g, w tym kwasy t\u0142uszczowe nasycone: 0,34 g; w\u0119glowodany: 54 g, w tym cukry: 53 g; bia\u0142ko: 13 g i sole: 0,75 g: witamina C: 25 mg.<\/span><\/p>\n<h2><span style=\"color: #000000\">Przechowywanie<\/span><\/h2>\n<p><span style=\"color: #000000\">Przechowywa\u0107 w ch\u0142odnym, suchym miejscu w temperaturze do 25 \u00b0C. Suplement diety nale\u017cy przechowywa\u0107 w miejscu niedost\u0119pnym dla dzieci!<\/span><\/p>\n<p><span style=\"color: #000000\">Nale\u017cy pami\u0119ta\u0107 o znaczeniu zr\u00f3\u017cnicowanej diety i zdrowego stylu \u017cycia, dlatego suplement diety nie zast\u0119puje zr\u00f3wnowa\u017conej i zr\u00f3\u017cnicowanej diety. Nie nale\u017cy przekracza\u0107 zalecanej dziennej ilo\u015bci lub dawki.<\/span><\/p>\n<h2><span style=\"color: #000000\">Opakowanie<\/span><\/h2>\n<p><span style=\"color: #000000\">Nieprzepuszczalna torebka z zamkiem b\u0142yskawicznym, w kt\u00f3rej produkt zachowuje ca\u0142\u0105 swoj\u0105 \u015bwie\u017co\u015b\u0107 i aromat. Opakowanie chroni przed \u015bwiat\u0142em i powietrzem, poniewa\u017c sk\u0142ada si\u0119 z kilku warstw ochronnych, kt\u00f3re zachowuj\u0105 w\u0142a\u015bciwo\u015bci zawarto\u015bci.<\/span><\/p>\n<p><span style=\"color: #000000\">Opakowanie jest bardzo praktyczne i nadaje si\u0119 do recyklingu.<\/span><\/p>\n<h2><span style=\"color: #000000\">Pochodzenie<\/span><\/h2>\n<p><span style=\"color: #000000\">Chiny. Mamy bardzo wiarygodnych dostawc\u00f3w, kt\u00f3rzy przesy\u0142aj\u0105 nam szczeg\u00f3\u0142ow\u0105 analiz\u0119 chemiczn\u0105 \u017cywno\u015bci dla ka\u017cdej partii. W ci\u0105gu ponad dziesi\u0119ciu lat nie mieli\u015bmy \u017cadnych przypadk\u00f3w wycofania tego produktu ani innych problem\u00f3w z tym produktem, ani z innymi produktami pochodz\u0105cymi od tego samego dostawcy. Produkt jest w 100% certyfikowany organicznie.<\/span><\/p>\n","protected":false},"excerpt":{"rendered":"<p>Jagody Goji, czasami nazywane wilczymi jagodami, czerwonymi diamentami lub winem ma\u0142\u017ce\u0144skim, to superjagody rosn\u0105ce na wysokim chi\u0144skim krzewie. W przesz\u0142o\u015bci by\u0142y one uwa\u017cane w Chinach za super-mocne owoce i by\u0142y u\u017cywane do uzdrawiania kr\u00f3l\u00f3w i od\u017cywiania wojownik\u00f3w przed bitwami. W tradycyjnej medycynie chi\u0144skiej, gdzie s\u0105 stosowane od ponad 2500 lat, uwa\u017ca si\u0119, \u017ce lecz\u0105 cukrzyc\u0119, wysokie ci\u015bnienie krwi oraz choroby w\u0105troby i nerek. S\u0105 r\u00f3wnie\u017c stosowane w celu zwi\u0119kszenia energii i libido.<\/p>\n<p>\ud83d\udc9a Radz\u0105 sobie z problemami z wysokim ci\u015bnieniem krwi i z\u0142ym cholesterolem.<br \/>\n\ud83d\udc9a Reguluj\u0105 trawienie, s\u0105 zasadotw\u00f3rcze i maj\u0105 wp\u0142yw na utrat\u0119 wagi.<br \/>\n\ud83d\udc9a Nawadniaj\u0105 organizm.<br \/>\n\ud83d\udc9a Poprawiaj\u0105 kondycj\u0119 sk\u00f3ry.<br \/>\n\ud83d\udc9a Wzmacniaj\u0105 uk\u0142ad odporno\u015bciowy.<\/p>\n","protected":false},"featured_media":6121,"comment_status":"open","ping_status":"closed","template":"","meta":{"_acf_changed":false},"product_brand":[],"product_cat":[15,205,224,228,225],"product_tag":[],"class_list":{"0":"post-6120","1":"product","2":"type-product","3":"status-publish","4":"has-post-thumbnail","6":"product_cat-uncategorized","7":"product_cat-herbata-jedzenie-i-przyprawy","8":"product_cat-oferta","9":"product_cat-superzywnosc","10":"product_cat-wszystkie-produkty","12":"first","13":"instock","14":"taxable","15":"shipping-taxable","16":"purchasable","17":"product-type-simple"},"acf":[],"_links":{"self":[{"href":"https:\/\/fengchashop.com\/pl\/wp-json\/wp\/v2\/product\/6120","targetHints":{"allow":["GET"]}}],"collection":[{"href":"https:\/\/fengchashop.com\/pl\/wp-json\/wp\/v2\/product"}],"about":[{"href":"https:\/\/fengchashop.com\/pl\/wp-json\/wp\/v2\/types\/product"}],"replies":[{"embeddable":true,"href":"https:\/\/fengchashop.com\/pl\/wp-json\/wp\/v2\/comments?post=6120"}],"wp:featuredmedia":[{"embeddable":true,"href":"https:\/\/fengchashop.com\/pl\/wp-json\/wp\/v2\/media\/6121"}],"wp:attachment":[{"href":"https:\/\/fengchashop.com\/pl\/wp-json\/wp\/v2\/media?parent=6120"}],"wp:term":[{"taxonomy":"product_brand","embeddable":true,"href":"https:\/\/fengchashop.com\/pl\/wp-json\/wp\/v2\/product_brand?post=6120"},{"taxonomy":"product_cat","embeddable":true,"href":"https:\/\/fengchashop.com\/pl\/wp-json\/wp\/v2\/product_cat?post=6120"},{"taxonomy":"product_tag","embeddable":true,"href":"https:\/\/fengchashop.com\/pl\/wp-json\/wp\/v2\/product_tag?post=6120"}],"curies":[{"name":"wp","href":"https:\/\/api.w.org\/{rel}","templated":true}]}}