{"id":6117,"date":"2022-03-10T09:50:35","date_gmt":"2022-03-10T08:50:35","guid":{"rendered":"https:\/\/fengchashop.com\/pl\/product\/he-shou-wu-proszek-bio-250-g\/"},"modified":"2026-04-28T13:21:36","modified_gmt":"2026-04-28T11:21:36","slug":"he-shou-wu-proszek-bio","status":"publish","type":"product","link":"https:\/\/fengchashop.com\/pl\/product\/he-shou-wu-proszek-bio\/","title":{"rendered":"He shou wu proszek BIO 250 g"},"content":{"rendered":"<h2>He shou wu w progu bio<\/h2>\n<p>Chi\u0144ska dzika ro\u015blina owijaj\u0105ca, zwana dere\u0144 wielokwiatowy, ma korze\u0144 przypominaj\u0105cy kszta\u0142tem ludzkie cia\u0142o. Od wiek\u00f3w jest stosowana w medycynie chi\u0144skiej, gdzie uwa\u017ca si\u0119, \u017ce ma <strong>odm\u0142adzaj\u0105cy wp\u0142yw<\/strong> na ludzi <strong>, hamuj\u0105c starzenie si\u0119 i zapewniaj\u0105c d\u0142ugowieczno\u015b\u0107<\/strong>. W t\u0142umaczeniu z j\u0119zyka chi\u0144skiego oznacza<strong>&#8222;czarnow\u0142osego pana He<\/strong>&#8222;, kt\u00f3ry po za\u017cyciu shou wu odzyska\u0142 swoje czarne, g\u0119ste w\u0142osy i witalno\u015b\u0107.<\/p>\n<p>Zawiera unikaln\u0105 kombinacj\u0119 aktywnych sk\u0142adnik\u00f3w na kilka r\u00f3\u017cnych problem\u00f3w, w tym problem\u00f3w zdrowotnych.<\/p>\n<p>Korze\u0144 shou wu jest czasami u\u017cywany w nieprzetworzonej postaci do cel\u00f3w leczniczych i nazywany jest fo-ti. Jednak\u017ce, gdy korze\u0144 shou wu jest gotowany w specjalnym p\u0142ynie wykonanym z czarnej fasoli, jego skuteczno\u015b\u0107 jest faktycznie zwi\u0119kszona w ten spos\u00f3b. Tak zwany czerwony fo-ti jest suszony i mielony na proszek, kt\u00f3ry jest \u0142atwiejszy do strawienia przez organizm i wch\u0142oni\u0119cia wszystkich aktywnych sk\u0142adnik\u00f3w. Poniewa\u017c zawiera wysoki poziom <strong>cynku i \u017celaza<\/strong>, opr\u00f3cz <strong>lecytyny<\/strong> i innych mniej znanych substancji czynnych, ma korzystny wp\u0142yw na funkcjonowanie i detoksykacj\u0119 w\u0105troby i nerek. S\u0105 to dwa najwa\u017cniejsze organy oczyszczaj\u0105ce w ludzkim ciele, kt\u00f3re mog\u0105 by\u0107 odpowiedzialne za r\u00f3\u017cne choroby i przedwczesne starzenie si\u0119. Niezb\u0119dne minera\u0142y pomog\u0105 r\u00f3wnie\u017c w przypadku zm\u0119czenia i braku energii. Lecytyna pomaga zapobiega\u0107 zatykaniu si\u0119 t\u0119tnic, ma korzystny wp\u0142yw na m\u00f3zg i reguluje ci\u015bnienie krwi. Cynk wspiera narz\u0105dy rozrodcze i stymuluje energi\u0119 seksualn\u0105, a \u017celazo jest niezb\u0119dne dla dobrej krwi.<\/p>\n<p>Ponadto m\u00f3wi si\u0119, \u017ce he shou wu wspomaga wzrost w\u0142os\u00f3w i przywraca ich naturalny kolor &#8211; koniec z cienkimi, siwymi w\u0142osami!<\/p>\n<p>Poniewa\u017c spowalnia proces starzenia si\u0119, sprawia, \u017ce organizm jest bardziej odporny na nowe choroby, inwazj\u0119 wolnych rodnik\u00f3w i u\u0142atwia pokonywanie stan\u00f3w zapalnych i b\u00f3lu zwi\u0105zanego z zapaleniem. Odm\u0142\u00f3d\u017a swoje cia\u0142o i \u017cyj pe\u0142ni\u0105 \u017cycia z pomoc\u0105 he shou wu.<\/p>\n<p>Nasze he shou wu jest przygotowywane jak czerwone fo-ti, wi\u0119c nie wymaga gotowania.<\/p>\n<h2>Dlaczego go u\u017cywamy?<\/h2>\n<p>He shou wu jest znany z wielu korzystnych efekt\u00f3w dla ludzkiego cia\u0142a. Ma stymuluj\u0105cy wp\u0142yw na energi\u0119 \u017cyciow\u0105. Wzmacnia cia\u0142o, \u015bci\u0119gna, mi\u0119\u015bnie i ko\u015bci. Mo\u017ce r\u00f3wnie\u017c:<\/p>\n<p>\ud83d\udc9a<strong> stymulowa\u0107 odrastanie w\u0142os\u00f3w i przywraca\u0107 ich naturalny<\/strong>kolor,<br \/>\n<strong> \ud83d\udc9a korzystnie<\/strong> wp\u0142ywa na prac\u0119<strong> nerek i w\u0105troby<\/strong>oraz ich oczyszczanie,<br \/>\n\ud83d\udc9a spowalnia <strong>proces starzenia<\/strong> si\u0119 organizmu,<br \/>\n\ud83d\udc9a ma pozytywny wp\u0142yw na <strong>leczenie b\u00f3lu mi\u0119\u015bni i staw\u00f3w,<\/strong><br \/>\n\ud83d\udc9a pomaga <strong>przy suchej sk\u00f3rze, egzemie sk\u00f3rnej<\/strong>,<br \/>\n\ud83d\udc9a Wzmacnia <strong>uk\u0142ad sercowo-naczyniowy<\/strong> i obni\u017ca poziom<strong> cholesterolu,<\/strong><br \/>\n\ud83d\udc9a wzmacnia<strong> uk\u0142ad immunologiczny<\/strong> i odporno\u015b\u0107,<br \/>\n\ud83d\udc9a chroni przed szkodliwym dzia\u0142aniem wolnych rodnik\u00f3w (w tym w przypadku promieniowania ultrafioletowego), dzi\u0119ki zawarto\u015bci jednego z <strong>najsilniejszych przeciwutleniaczy<\/strong>.<\/p>\n<h2>Przechowywanie i ostrze\u017cenia<\/h2>\n<p>Przechowywa\u0107 w ch\u0142odnym i suchym miejscu. Suplement diety nale\u017cy przechowywa\u0107 w miejscu niedost\u0119pnym dla dzieci!<\/p>\n<p>Nale\u017cy pami\u0119ta\u0107 o znaczeniu zr\u00f3\u017cnicowanej diety i zdrowego stylu \u017cycia, dlatego suplement diety nie zast\u0119puje zr\u00f3wnowa\u017conej i zr\u00f3\u017cnicowanej diety. Nie nale\u017cy przekracza\u0107 zalecanej dziennej ilo\u015bci lub dawki. Odradza si\u0119 stosowanie produktu przez dzieci, kobiety w ci\u0105\u017cy i matki karmi\u0105ce. Jednak\u017ce osobom przyjmuj\u0105cym leki zaleca si\u0119 skonsultowanie z lekarzem przed u\u017cyciem.<\/p>\n<h2>Opakowanie<\/h2>\n<p>Nieprzepuszczalna torebka z zamkiem b\u0142yskawicznym, w kt\u00f3rej produkt zachowuje \u015bwie\u017co\u015b\u0107 i aromat. Opakowanie chroni produkt przed \u015bwiat\u0142em i powietrzem, poniewa\u017c sk\u0142ada si\u0119 z kilku warstw ochronnych w celu zachowania w\u0142a\u015bciwo\u015bci zawarto\u015bci.<\/p>\n<p>Opakowanie jest bardzo praktyczne i nadaje si\u0119 do recyklingu.<\/p>\n<h2>Pochodzenie<\/h2>\n<p>Chiny. Mamy bardzo wiarygodnych dostawc\u00f3w, kt\u00f3rzy przesy\u0142aj\u0105 nam szczeg\u00f3\u0142ow\u0105 analiz\u0119 chemiczn\u0105 \u017cywno\u015bci dla ka\u017cdej partii. W ci\u0105gu ponad dziesi\u0119ciu lat nie mieli\u015bmy \u017cadnych przypadk\u00f3w wycofania produktu z rynku ani \u017cadnych innych problem\u00f3w z tym produktem, ani z innymi produktami pochodz\u0105cymi od tego samego dostawcy. Produkt jest w 100% certyfikowany ekologicznie.<\/p>\n","protected":false},"excerpt":{"rendered":"<p>He shou wu jest znany z wielu korzystnych efekt\u00f3w dla ludzkiego cia\u0142a. Ma stymuluj\u0105cy wp\u0142yw na energi\u0119 \u017cyciow\u0105. Wzmacnia cia\u0142o, \u015bci\u0119gna, mi\u0119\u015bnie i ko\u015bci. Mo\u017ce r\u00f3wnie\u017c:<\/p>\n<p>\ud83d\udc9a stymulowa\u0107 odrastanie w\u0142os\u00f3w i przywraca\u0107 ich naturalny kolor,<br \/>\n\ud83d\udc9a korzystnie wp\u0142ywa na prac\u0119 nerek i w\u0105troby oraz ich oczyszczanie,<br \/>\n\ud83d\udc9a spowalnia proces starzenia si\u0119 organizmu,<br \/>\n\ud83d\udc9a pomaga przy suchej sk\u00f3rze, egzemie sk\u00f3rnej,<br \/>\n\ud83d\udc9a wzmacnia uk\u0142ad immunologiczny i odporno\u015b\u0107,<br \/>\n\ud83d\udc9a chroni przed szkodliwym dzia\u0142aniem wolnych rodnik\u00f3w (w tym w przypadku promieniowania ultrafioletowego), dzi\u0119ki zawarto\u015bci jednego z najsilniejszych przeciwutleniaczy.<\/p>\n","protected":false},"featured_media":6118,"comment_status":"open","ping_status":"closed","template":"","meta":{"_acf_changed":false},"product_brand":[],"product_cat":[15,224,228,225],"product_tag":[],"class_list":{"0":"post-6117","1":"product","2":"type-product","3":"status-publish","4":"has-post-thumbnail","6":"product_cat-uncategorized","7":"product_cat-oferta","8":"product_cat-superzywnosc","9":"product_cat-wszystkie-produkty","11":"first","12":"outofstock","13":"sale","14":"taxable","15":"shipping-taxable","16":"purchasable","17":"product-type-simple"},"acf":[],"_links":{"self":[{"href":"https:\/\/fengchashop.com\/pl\/wp-json\/wp\/v2\/product\/6117","targetHints":{"allow":["GET"]}}],"collection":[{"href":"https:\/\/fengchashop.com\/pl\/wp-json\/wp\/v2\/product"}],"about":[{"href":"https:\/\/fengchashop.com\/pl\/wp-json\/wp\/v2\/types\/product"}],"replies":[{"embeddable":true,"href":"https:\/\/fengchashop.com\/pl\/wp-json\/wp\/v2\/comments?post=6117"}],"wp:featuredmedia":[{"embeddable":true,"href":"https:\/\/fengchashop.com\/pl\/wp-json\/wp\/v2\/media\/6118"}],"wp:attachment":[{"href":"https:\/\/fengchashop.com\/pl\/wp-json\/wp\/v2\/media?parent=6117"}],"wp:term":[{"taxonomy":"product_brand","embeddable":true,"href":"https:\/\/fengchashop.com\/pl\/wp-json\/wp\/v2\/product_brand?post=6117"},{"taxonomy":"product_cat","embeddable":true,"href":"https:\/\/fengchashop.com\/pl\/wp-json\/wp\/v2\/product_cat?post=6117"},{"taxonomy":"product_tag","embeddable":true,"href":"https:\/\/fengchashop.com\/pl\/wp-json\/wp\/v2\/product_tag?post=6117"}],"curies":[{"name":"wp","href":"https:\/\/api.w.org\/{rel}","templated":true}]}}