{"id":6112,"date":"2022-03-10T08:38:09","date_gmt":"2022-03-10T07:38:09","guid":{"rendered":"https:\/\/fengchashop.com\/pl\/product\/brahmi-powder-bio-250-g\/"},"modified":"2026-04-29T11:43:23","modified_gmt":"2026-04-29T09:43:23","slug":"brahmi-w-proszku-bio","status":"publish","type":"product","link":"https:\/\/fengchashop.com\/pl\/product\/brahmi-w-proszku-bio\/","title":{"rendered":"Brahmi w proszku BIO 250 g"},"content":{"rendered":"<h2><span style=\"color: #000000;\">Czym jest Brahmi i sk\u0105d si\u0119 bierze?<\/span><\/h2>\n<p><span style=\"color: #000000;\">Brahmi to jedne z najbardziej cenionych zi\u00f3\u0142 leczniczych w Ajurwedzie, <strong>u\u017cywane od ponad 3000 lat<\/strong>. Pochodzi z bagiennych teren\u00f3w Azji, ale wsp\u00f3\u0142cze\u015bnie ro\u015bnie w wielu cz\u0119\u015bciach \u015bwiata. Brahmi mo\u017cna rozpozna\u0107 po mi\u0119sistych zielonych li\u015bciach i niebiesko-bia\u0142ych kwiatach. Brahmi wspomaga <strong>uk\u0142ad nerwowy, umys\u0142 i pami\u0119\u0107<\/strong>. Jest to lek zio\u0142owy przygotowywany z li\u015bci, \u0142odygi i korzenia. Jest tradycyjn\u0105 medycyn\u0105 Wschodu, nazywan\u0105 r\u00f3wnie\u017c \u201e<strong>zio\u0142em wszystkich zi\u00f3\u0142<\/strong>\u201d.<\/span><\/p>\n<h2><span style=\"color: #000000;\">Dlaczego Brahmi jest takie inne i wyj\u0105tkowe?<\/span><\/h2>\n<p><span style=\"color: #000000;\">Brahmi jest znane ze swojego <strong>korzystnego wp\u0142ywu<\/strong> na ludzki organizm. Wykazuje bardzo pozytywne dzia\u0142anie na <strong>wzrost w\u0142os\u00f3w<\/strong>, wzmacnia je oraz zapobiega siwieniu i wypadaniu. Ponadto, posiada korzystny wp\u0142yw na zmniejszenie niepokoju, napi\u0119cia w sytuacjach stresowych oraz depresji poprzez obni\u017canie poziomu <strong>kortyzolu<\/strong>, hormonu <strong>stresu<\/strong>. Brahmi pomaga przywr\u00f3ci\u0107 r\u00f3wnowag\u0119 psychiczn\u0105 w r\u00f3\u017cnych schorzeniach uk\u0142adu nerwowego, problemach z bezsenno\u015bci\u0105 oraz objawach przedwczesnego starzenia, dzi\u0119ki swoim w\u0142a\u015bciwo\u015bciom uspokajaj\u0105cym, wzmacniaj\u0105cym tkank\u0119 nerwow\u0105, poprawiaj\u0105cym ukrwienie oraz usuwaj\u0105cym blokady, dostarczaj\u0105c niezb\u0119dnych pierwiastk\u00f3w. Ponadto, ma dzia\u0142anie koj\u0105ce na choroby sk\u00f3ry oraz podra\u017cnion\u0105 sk\u00f3r\u0119, przyspieszaj\u0105c proces gojenia si\u0119 ran. Ze wzgl\u0119du na swoje pozytywne dzia\u0142anie, Brahmi zas\u0142uguje na miano &#8222;<strong>cudownego eliksiru m\u0142odo\u015bci<\/strong>&#8222;.<\/span><\/p>\n<p><strong><span style=\"color: #000000;\">Pozytywny wp\u0142yw na nasze zdrowie i organizm<\/span><\/strong><\/p>\n<p><span style=\"color: #000000;\">\ud83d\udc9a wzmacnia uk\u0142ad odporno\u015bciowy,<\/span><br \/>\n<span style=\"color: #000000;\">\ud83d\udc9a przyspiesza <strong>trawienie<\/strong> i <strong>detoksykuje organizm<\/strong>,<\/span><br \/>\n<span style=\"color: #000000;\">\ud83d\udc9a wspomaga poprawn\u0105 <strong>prac\u0119 m\u00f3zgu<\/strong> jako tonik dla m\u00f3zgu,<\/span><br \/>\n<span style=\"color: #000000;\">\ud83d\udc9a dzia\u0142a odnawiaj\u0105co na nerwy promuj\u0105c poprawne funkcjonowanie <strong>nerw\u00f3w<\/strong>,<\/span><br \/>\n<span style=\"color: #000000;\">\ud83d\udc9a pobudza zmys\u0142y, <strong>poprawia pami\u0119\u0107<\/strong> i <strong>koncentracj\u0119<\/strong>,<\/span><br \/>\n<span style=\"color: #000000;\">\ud83d\udc9a pomaga osobom starszym z <strong>demencj\u0105<\/strong>,<\/span><br \/>\n<span style=\"color: #000000;\">\ud83d\udc9a poprawia <strong>pami\u0119\u0107 d\u0142ugotrwa\u0142\u0105 i kr\u00f3tkotrwa\u0142\u0105<\/strong>,<\/span><br \/>\n<span style=\"color: #000000;\">\ud83d\udc9a wspomaga leczenie choroby <strong>Parkinsona i Alzheimera, ADHD, autyzmu i depresji<\/strong>,<\/span><br \/>\n<span style=\"color: #000000;\">\ud83d\udc9a dzia\u0142a <strong>przeciwnowotworowo<\/strong>,<\/span><br \/>\n<span style=\"color: #000000;\">\ud83d\udc9a dzia\u0142a uspokajaj\u0105co i <strong>zmniejsza stres<\/strong>,<\/span><br \/>\n<span style=\"color: #000000;\">\ud83d\udc9a \u0142agodzi skurcze <strong>menstruacyjne<\/strong>,<\/span><br \/>\n<span style=\"color: #000000;\">\ud83d\udc9a pomaga przy <strong>zaparciach wywo\u0142anych stresem<\/strong>,<\/span><br \/>\n<span style=\"color: #000000;\">\ud83d\udc9a zwalcza <strong>bezsenno\u015b\u0107<\/strong><\/span><br \/>\n<span style=\"color: #000000;\">\ud83d\udc9a dzia\u0142a <strong>odm\u0142adzaj\u0105co<\/strong> i spowalnia proces starzenia,<\/span><br \/>\n<span style=\"color: #000000;\">\ud83d\udc9a leczy <strong>choroby sk\u00f3ry<\/strong>,<\/span><br \/>\n<span style=\"color: #000000;\">\ud83d\udc9a pomaga przezwyci\u0119\u017cy\u0107 uzale\u017cnienie od <strong>papieros\u00f3w, cukru i alkoholu<\/strong>.<\/span><\/p>\n<p><span style=\"color: #000000;\">Brahmi mo\u017ce stosowa\u0107 ka\u017cdy, kto dozna\u0142 urazu m\u00f3zgu lub przechodzi rekonwalescencj\u0119 po udarze. Nie przeznaczone dla dzieci!<\/span><\/p>\n<h2><span style=\"color: #000000;\">Przechowywanie i zastrze\u017cenia<\/span><\/h2>\n<p><span style=\"color: #000000;\">Przechowywa\u0107 w suchym i ch\u0142odnym miejscu. Suplement diety powinien by\u0107 w miejscu niedost\u0119pny dla dzieci!<\/span><\/p>\n<p><span style=\"color: #000000;\">Nie zapomnij o znaczeniu zr\u00f3\u017cnicowanej diety i zdrowego stylu \u017cycia. Suplementy diety nie zast\u0119puj\u0105 zr\u00f3wnowa\u017conej i zr\u00f3\u017cnicowanej diety. Nale\u017cy pami\u0119ta\u0107, \u017ce nie nale\u017cy przekracza\u0107 zalecanej dziennej porcji lub dawki. Kobiety w ci\u0105\u017cy, karmi\u0105ce matki oraz osoby przyjmuj\u0105ce leki powinny zawsze skonsultowa\u0107 si\u0119 z lekarzem przed zastosowaniem suplement\u00f3w. Nie przeznaczone dla dzieci.<\/span><\/p>\n<h2><span style=\"color: #000000;\">Szczelne<\/span><\/h2>\n<p><span style=\"color: #000000;\">Hermetyczna torba z zamkiem b\u0142yskawicznym lub pude\u0142ko to idealne opakowanie, kt\u00f3re zapewnia produktowi \u015bwie\u017co\u015b\u0107 i zachowuje jego aromat. Opakowanie jest skonstruowane w taki spos\u00f3b, \u017ce chroni produkt przed \u015bwiat\u0142em i powietrzem. Sk\u0142ada si\u0119 z kilku warstw ochronnych, kt\u00f3re utrzymuj\u0105 w\u0142a\u015bciwo\u015bci produktu.<\/span><\/p>\n<p><span style=\"color: #000000;\">Opakowanie jest bardzo praktyczne i pozwala na recykling.<\/span><\/p>\n<h2><span style=\"color: #000000;\">Pochodzenie<\/span><\/h2>\n<p><span style=\"color: #000000;\">Indie<\/span><\/p>\n","protected":false},"excerpt":{"rendered":"<p>Brahmi to jedne z najbardziej cenionych zi\u00f3\u0142 leczniczych w Ajurwedzie, u\u017cywane od ponad 3000 lat. Pochodzi z bagiennych teren\u00f3w Azji, ale wsp\u00f3\u0142cze\u015bnie ro\u015bnie w wielu cz\u0119\u015bciach \u015bwiata. Brahmi mo\u017cna rozpozna\u0107 po mi\u0119sistych zielonych li\u015bciach i niebiesko-bia\u0142ych kwiatach. Zio\u0142o lecznicze przygotowane z li\u015bci, \u0142odygi i korzenia ro\u015bliny Brahmi, ma nast\u0119puj\u0105ce niesamowite efekty:<\/p>\n<p>\ud83d\udc9a przyspiesza trawienie i detoksykuje organizm,<br \/>\n\ud83d\udc9a wspomaga poprawn\u0105 prac\u0119 m\u00f3zgu jako tonik dla m\u00f3zgu,<br \/>\n\ud83d\udc9a dzia\u0142a odnawiaj\u0105co na nerwy promuj\u0105c poprawne funkcjonowanie nerw\u00f3w,<br \/>\n\ud83d\udc9a pobudza zmys\u0142y, poprawia pami\u0119\u0107 i koncentracj\u0119,<br \/>\n\ud83d\udc9a korzystnie wp\u0142ywa na porost w\u0142os\u00f3w.<\/p>\n","protected":false},"featured_media":6113,"comment_status":"open","ping_status":"closed","template":"","meta":{"_acf_changed":false},"product_brand":[],"product_cat":[15,228],"product_tag":[],"class_list":{"0":"post-6112","1":"product","2":"type-product","3":"status-publish","4":"has-post-thumbnail","6":"product_cat-uncategorized","7":"product_cat-superzywnosc","9":"first","10":"instock","11":"taxable","12":"shipping-taxable","13":"purchasable","14":"product-type-simple"},"acf":[],"_links":{"self":[{"href":"https:\/\/fengchashop.com\/pl\/wp-json\/wp\/v2\/product\/6112","targetHints":{"allow":["GET"]}}],"collection":[{"href":"https:\/\/fengchashop.com\/pl\/wp-json\/wp\/v2\/product"}],"about":[{"href":"https:\/\/fengchashop.com\/pl\/wp-json\/wp\/v2\/types\/product"}],"replies":[{"embeddable":true,"href":"https:\/\/fengchashop.com\/pl\/wp-json\/wp\/v2\/comments?post=6112"}],"wp:featuredmedia":[{"embeddable":true,"href":"https:\/\/fengchashop.com\/pl\/wp-json\/wp\/v2\/media\/6113"}],"wp:attachment":[{"href":"https:\/\/fengchashop.com\/pl\/wp-json\/wp\/v2\/media?parent=6112"}],"wp:term":[{"taxonomy":"product_brand","embeddable":true,"href":"https:\/\/fengchashop.com\/pl\/wp-json\/wp\/v2\/product_brand?post=6112"},{"taxonomy":"product_cat","embeddable":true,"href":"https:\/\/fengchashop.com\/pl\/wp-json\/wp\/v2\/product_cat?post=6112"},{"taxonomy":"product_tag","embeddable":true,"href":"https:\/\/fengchashop.com\/pl\/wp-json\/wp\/v2\/product_tag?post=6112"}],"curies":[{"name":"wp","href":"https:\/\/api.w.org\/{rel}","templated":true}]}}