{"id":6107,"date":"2022-03-04T10:07:28","date_gmt":"2022-03-04T09:07:28","guid":{"rendered":"https:\/\/fengchashop.com\/pl\/product\/burak-w-proszku-bio-250-g\/"},"modified":"2026-04-23T17:16:42","modified_gmt":"2026-04-23T15:16:42","slug":"burak-w-proszku-bio","status":"publish","type":"product","link":"https:\/\/fengchashop.com\/pl\/product\/burak-w-proszku-bio\/","title":{"rendered":"Burak w proszku BIO 250 g"},"content":{"rendered":"<h2 align=\"JUSTIFY\"><span style=\"color: #000000\">Burak w proszku BIO<\/span><\/h2>\n<p><span style=\"color: #000000\">Burak \u0107wik\u0142owy (Beta vulgaris) jest warzywem niskokalorycznym, jednak w por\u00f3wnaniu do innych warzyw zawiera wy\u017cszy procent w\u0119glowodan\u00f3w i cukru. Jest bogaty w witamin\u0119 C, niacyn\u0119 i kwas foliowy. W\u015br\u00f3d minera\u0142\u00f3w dominuj\u0105 magnez, \u017celazo, fosfor i potas. Zawiera tak\u017ce betalainy, kt\u00f3re s\u0105 silnymi przeciwutleniaczami i nadaj\u0105 mu intensywnie czerwony kolor.<\/span><\/p>\n<p><span style=\"color: #000000\">Nasz proszek z burak\u00f3w pochodzi z produkcji ekologicznej.<\/span><\/p>\n<h2><span style=\"color: #000000\">Jakie korzy\u015bci wynikaj\u0105 ze spo\u017cywania proszku z burak\u00f3w?<\/span><\/h2>\n<p><span style=\"color: #000000\">Proszek z burak\u00f3w jest dobrym zamiennikiem zwyk\u0142ych burak\u00f3w, poniewa\u017c zawiera wi\u0119kszo\u015b\u0107 sk\u0142adnik\u00f3w od\u017cywczych, jakie posiada \u015bwie\u017cy burak. Dodaje warto\u015bci od\u017cywczych potrawom, dlatego szczeg\u00f3lnie nadaje si\u0119 dla os\u00f3b jedz\u0105cych ma\u0142o warzyw, gdy\u017c \u0142atwiej je ukry\u0107 w naczyniu. Burak to przede wszystkim bogate \u017ar\u00f3d\u0142o kwasu foliowego, potasu i \u017celaza, kt\u00f3re wp\u0142ywaj\u0105 na dobr\u0105 krew. Powszechne przekonanie, \u017ce burak jest dobry na krew, zosta\u0142o r\u00f3wnie\u017c potwierdzone naukowo \u2013 a powodem jest w\u0142a\u015bnie wysoka zawarto\u015b\u0107 \u017celaza, potasu i kwasu foliowego (czyli witaminy B9). Burak pomaga zatem zapobiega\u0107 anemii, dzi\u0119ki czemu podnosi energi\u0119, nastr\u00f3j i poprawia og\u00f3lne samopoczucie. Poniewa\u017c jest tak bogata w sk\u0142adniki od\u017cywcze, wystarczy spo\u017cywa\u0107 j\u0105 w niewielkich ilo\u015bciach codziennie lub kilka razy w tygodniu. Ze wzgl\u0119du na zawarto\u015b\u0107 b\u0142onnika pokarmowego dobrze wp\u0142ywa r\u00f3wnie\u017c na zdrowie przewodu pokarmowego. Pobudza tak\u017ce prac\u0119 w\u0105troby, a tym samym usuwanie toksyn i zb\u0119dnych substancji przemiany materii z organizmu.<\/span><\/p>\n<h2 align=\"JUSTIFY\"><span style=\"color: #000000\">Opakowanie<\/span><\/h2>\n<p align=\"JUSTIFY\"><span style=\"color: #000000\">Nieprzepuszczalna torba zamykana na zamek, w kt\u00f3rej produkt zachowuje swoj\u0105 \u015bwie\u017co\u015b\u0107 i aromat. Opakowanie chroni przed \u015bwiat\u0142em i powietrzem, poniewa\u017c sk\u0142ada si\u0119 z kilku warstw ochronnych, kt\u00f3re zachowuj\u0105 w\u0142a\u015bciwo\u015bci zawarto\u015bci.<\/span><\/p>\n<p align=\"JUSTIFY\"><span style=\"color: #000000\">Opakowanie jest bardzo praktyczne i nadaje si\u0119 do recyklingu.<\/span><\/p>\n<h2 align=\"JUSTIFY\"><span style=\"color: #000000\">Przechowywanie i ostrze\u017cenia<\/span><\/h2>\n<p align=\"JUSTIFY\"><span style=\"color: #000000\">Przechowywa\u0107 w ch\u0142odnym, suchym miejscu. Suplement diety nale\u017cy przechowywa\u0107 w miejscu niedost\u0119pnym dla dzieci!<\/span><\/p>\n<p align=\"JUSTIFY\"><span style=\"color: #000000\">Pami\u0119taj o zr\u00f3\u017cnicowanej diecie i zdrowym trybie \u017cycia &#8211; suplement diety nie mo\u017ce zast\u0105pi\u0107 zr\u00f3wnowa\u017conej i zr\u00f3\u017cnicowanej diety. Nie nale\u017cy przekracza\u0107 zalecanej dawki dziennej. Kobietom w ci\u0105\u017cy i karmi\u0105cym piersi\u0105 zaleca si\u0119 zawsze skonsultowanie si\u0119 z lekarzem przed zastosowaniem preparatu.<\/span><\/p>\n<h2 align=\"JUSTIFY\"><span style=\"color: #000000\">Kraj pochodzenia<\/span><\/h2>\n<p align=\"JUSTIFY\"><span style=\"color: #000000\">Chiny. <\/span><span style=\"color: #000000\">Posiadamy bardzo wiarygodnych dostawc\u00f3w, kt\u00f3rzy przesy\u0142aj\u0105 nam szczeg\u00f3\u0142ow\u0105 analiz\u0119 chemiczn\u0105 \u017cywno\u015bci dla ka\u017cdej partii. Przez ponad dziesi\u0119\u0107 lat nie mieli\u015bmy \u017cadnych wycofa\u0144 ani \u017cadnych innych problem\u00f3w zwi\u0105zanych z tym produktem, ani z innymi produktami tego samego dostawcy.<\/span><\/p>\n<p><span style=\"color: #000000\">Artyku\u0142 posiada certyfikat 100% organiczny.<\/span><\/p>\n","protected":false},"excerpt":{"rendered":"<p>Burak \u0107wik\u0142owy (Beta vulgaris) jest warzywem niskokalorycznym, jednak w por\u00f3wnaniu do innych warzyw zawiera wy\u017cszy procent w\u0119glowodan\u00f3w i cukru. Jest bogaty w witamin\u0119 C, niacyn\u0119 i kwas foliowy. W\u015br\u00f3d minera\u0142\u00f3w przewa\u017caj\u0105 magnez, \u017celazo, fosfor i potas. Zawiera tak\u017ce betalainy, kt\u00f3re s\u0105 silnymi przeciwutleniaczami i nadaj\u0105 mu intensywnie czerwony kolor.<\/p>\n<p>\ud83d\udc9a pomaga zapobiega\u0107 anemii,<br \/>\n\ud83d\udc9a dobrze dzia\u0142a r\u00f3wnie\u017c na zdrowie przewodu pokarmowego,<br \/>\n\ud83d\udc9a dobrze wp\u0142ywa na og\u00f3lne samopoczucie,<br \/>\n\ud83d\udc9a podnosi poziom energii.<\/p>\n","protected":false},"featured_media":6108,"comment_status":"open","ping_status":"closed","template":"","meta":{"_acf_changed":false},"product_brand":[],"product_cat":[15,224,228,225],"product_tag":[],"class_list":{"0":"post-6107","1":"product","2":"type-product","3":"status-publish","4":"has-post-thumbnail","6":"product_cat-uncategorized","7":"product_cat-oferta","8":"product_cat-superzywnosc","9":"product_cat-wszystkie-produkty","11":"first","12":"instock","13":"taxable","14":"shipping-taxable","15":"purchasable","16":"product-type-simple"},"acf":[],"_links":{"self":[{"href":"https:\/\/fengchashop.com\/pl\/wp-json\/wp\/v2\/product\/6107","targetHints":{"allow":["GET"]}}],"collection":[{"href":"https:\/\/fengchashop.com\/pl\/wp-json\/wp\/v2\/product"}],"about":[{"href":"https:\/\/fengchashop.com\/pl\/wp-json\/wp\/v2\/types\/product"}],"replies":[{"embeddable":true,"href":"https:\/\/fengchashop.com\/pl\/wp-json\/wp\/v2\/comments?post=6107"}],"wp:featuredmedia":[{"embeddable":true,"href":"https:\/\/fengchashop.com\/pl\/wp-json\/wp\/v2\/media\/6108"}],"wp:attachment":[{"href":"https:\/\/fengchashop.com\/pl\/wp-json\/wp\/v2\/media?parent=6107"}],"wp:term":[{"taxonomy":"product_brand","embeddable":true,"href":"https:\/\/fengchashop.com\/pl\/wp-json\/wp\/v2\/product_brand?post=6107"},{"taxonomy":"product_cat","embeddable":true,"href":"https:\/\/fengchashop.com\/pl\/wp-json\/wp\/v2\/product_cat?post=6107"},{"taxonomy":"product_tag","embeddable":true,"href":"https:\/\/fengchashop.com\/pl\/wp-json\/wp\/v2\/product_tag?post=6107"}],"curies":[{"name":"wp","href":"https:\/\/api.w.org\/{rel}","templated":true}]}}