{"id":6104,"date":"2022-03-04T09:49:00","date_gmt":"2022-03-04T08:49:00","guid":{"rendered":"https:\/\/fengchashop.com\/pl\/product\/shisandra-truskawka-w-proszku-bio-250-g\/"},"modified":"2026-04-28T10:10:01","modified_gmt":"2026-04-28T08:10:01","slug":"shisandra-truskawka-w-proszku-bio","status":"publish","type":"product","link":"https:\/\/fengchashop.com\/pl\/product\/shisandra-truskawka-w-proszku-bio\/","title":{"rendered":"Shisandra truskawka w proszku BIO 250 g"},"content":{"rendered":"<h2><span style=\"color: #000000\">Proszek z truskawek Shisandra z produkcji ekologicznej<\/span><\/h2>\n<p><span style=\"color: #000000\">Shisandra to ma\u0142e drzewo lub winoro\u015bl, kt\u00f3re produkuje ma\u0142e czerwone jagody, kt\u00f3re s\u0105 wysoko cenione w tradycyjnej medycynie chi\u0144skiej ze wzgl\u0119du na ich aktywne w\u0142a\u015bciwo\u015bci. Shisandra jest znana jako <strong>wu wei zi, co po chi\u0144sku oznacza &#8222;owoc pi\u0119ciu smak\u00f3w&#8221;, poniewa\u017c ma\u0142e czerwone jagody maj\u0105 s\u0142odki, kwa\u015bny, s\u0142ony, gorzki i pikantny smak<\/strong>. Smaki te odpowiadaj\u0105 podstawowym pi\u0119ciu energiom: ziemi, drewna, wody, metalu i ognia i wp\u0142ywaj\u0105 na pi\u0119\u0107 najwa\u017cniejszych organ\u00f3w ludzkiego cia\u0142a &#8211; serce, w\u0105trob\u0119, p\u0142uca, \u015bledzion\u0119 i nerki.<\/span><\/p>\n<p><span style=\"color: #000000\">Shishandra jest jednym z 50 tradycyjnych chi\u0144skich zi\u00f3\u0142 stosowanych od<strong> ponad 2000 lat<\/strong>:<\/span><\/p>\n<p><span style=\"color: #000000\">\ud83d\udc9a Jest uwa\u017cana za wzmacniacz<strong> witalno\u015bci,<\/strong><\/span><br \/>\n<span style=\"color: #000000\">\ud83d\udc9a poprawia i wzmacnia<strong> uk\u0142ad odporno\u015bciowy<\/strong>,<\/span><br \/>\n<span style=\"color: #000000\">\ud83d\udc9a utrzymuje<strong> m\u0142odzie\u0144czy wygl\u0105d sk\u00f3ry,<\/strong><\/span><br \/>\n<span style=\"color: #000000\">\ud83d\udc9a pomaga przy <strong>bezsenno\u015bci, b\u00f3lach g\u0142owy, zawrotach g\u0142owy,<\/strong><\/span><br \/>\n<span style=\"color: #000000\">\ud83d\udc9a stymuluje prac\u0119 m\u00f3zgu,<\/span><br \/>\n<span style=\"color: #000000\">\ud83d\udc9a przezwyci\u0119\u017ca<strong> zm\u0119czenie i wyczerpanie stresem.<\/strong><\/span><\/p>\n<p><span style=\"color: #000000\">Jako suplement diety najlepiej spo\u017cywa\u0107 go w postaci proszku.<\/span><\/p>\n<h2><span style=\"color: #000000\">Dlaczego shishandra jest coraz bardziej znan\u0105 i popularn\u0105 przypraw\u0105?<\/span><\/h2>\n<p><span style=\"color: #000000\">Shishandra zawiera wiele<strong> substancji aktywnych, takich jak shishandryny, olejki eteryczne oraz witaminy A, C i E<\/strong>, kt\u00f3re bior\u0105 udzia\u0142 w wielu procesach zachodz\u0105cych w ludzkim organizmie. Dzi\u0119ki tym sk\u0142adnikom wykazuje r\u00f3wnie\u017c w\u0142a\u015bciwo\u015bci <strong>przeciwzapalne, przeciwutleniaj\u0105ce i detoksykuj\u0105ce<\/strong>. Ze wzgl\u0119du na sw\u00f3j pozytywny wp\u0142yw na kilka uk\u0142ad\u00f3w ludzkiego cia\u0142a, zosta\u0142a ona przebadana przez wielu naukowc\u00f3w i uznana za korzystn\u0105 w przypadku wielu r\u00f3\u017cnych problem\u00f3w zdrowotnych. Shisandra dzia\u0142a jako<strong> adaptogen<\/strong> &#8211; to znaczy, \u017ce znajduje najs\u0142abszy punkt w organizmie i dzia\u0142a na niego, aby przywr\u00f3ci\u0107 r\u00f3wnowag\u0119. Dzia\u0142a <strong>uspokajaj\u0105co<\/strong> i przeciwb\u00f3lowo, ale tak\u017ce wspomaga koncentracj\u0119 i czujno\u015b\u0107. 100 dni Shishandry poprawia krew, wyostrza umys\u0142 i pami\u0119\u0107, poprawia energi\u0119 seksualn\u0105, wzmacnia p\u0142uca i nerki oraz upi\u0119ksza sk\u00f3r\u0119. Poniewa\u017c reguluje prac\u0119 nadnerczy, zmniejsza<strong> negatywne dzia\u0142anie kortyzolu<\/strong>. Jednak wzrost poziomu kortyzolu, kt\u00f3ry jest najcz\u0119\u015bciej wynikiem stresu, ma negatywny wp\u0142yw na wiele proces\u00f3w zachodz\u0105cych w naszym organizmie &#8211; od trawienia po uk\u0142ad odporno\u015bciowy.<\/span><\/p>\n<h2><span style=\"color: #000000\">Przechowywanie i ostrze\u017cenia<\/span><\/h2>\n<p><span style=\"color: #000000\">Przechowywa\u0107 w ch\u0142odnym i suchym miejscu. Suplement diety nale\u017cy przechowywa\u0107 w miejscu niedost\u0119pnym dla dzieci!<\/span><\/p>\n<p><span style=\"color: #000000\">Nale\u017cy pami\u0119ta\u0107 o znaczeniu zr\u00f3\u017cnicowanej diety i zdrowego stylu \u017cycia, dlatego suplement diety nie zast\u0119puje zr\u00f3wnowa\u017conej i zr\u00f3\u017cnicowanej diety. Nie nale\u017cy przekracza\u0107 zalecanej dziennej ilo\u015bci lub dawki. Odradza si\u0119 stosowanie produktu przez dzieci, kobiety w ci\u0105\u017cy i matki karmi\u0105ce. Jednak\u017ce osobom przyjmuj\u0105cym leki zaleca si\u0119 skonsultowanie si\u0119 z lekarzem przed u\u017cyciem.<\/span><\/p>\n<h2><span style=\"color: #000000\">Opakowanie<\/span><\/h2>\n<p><span style=\"color: #000000\">Nieprzepuszczalna torebka z zamkiem b\u0142yskawicznym, w kt\u00f3rej produkt zachowuje ca\u0142\u0105 swoj\u0105 \u015bwie\u017co\u015b\u0107 i aromat. Opakowanie chroni produkt przed \u015bwiat\u0142em i powietrzem, poniewa\u017c sk\u0142ada si\u0119 z kilku warstw ochronnych w celu zachowania w\u0142a\u015bciwo\u015bci zawarto\u015bci.<\/span><\/p>\n<p><span style=\"color: #000000\">Opakowanie jest bardzo praktyczne i nadaje si\u0119 do recyklingu.<\/span><\/p>\n<h2><span style=\"color: #000000\">Pochodzenie<\/span><\/h2>\n<p><span style=\"color: #000000\">Chiny. Mamy bardzo wiarygodnych dostawc\u00f3w, kt\u00f3rzy przesy\u0142aj\u0105 nam szczeg\u00f3\u0142ow\u0105 analiz\u0119 chemiczn\u0105 \u017cywno\u015bci dla ka\u017cdej partii. W ci\u0105gu ponad dziesi\u0119ciu lat nie mieli\u015bmy \u017cadnych przypadk\u00f3w wycofania tego produktu ani innych problem\u00f3w z tym produktem, ani z innymi produktami pochodz\u0105cymi od tego samego dostawcy. Produkt jest w 100% certyfikowany organicznie.<\/span><\/p>\n","protected":false},"excerpt":{"rendered":"<p>Schisandra to ma\u0142e drzewo lub winoro\u015bl, kt\u00f3ra produkuje ma\u0142e czerwone jagody, kt\u00f3re s\u0105 wysoko cenione w tradycyjnej medycynie chi\u0144skiej ze wzgl\u0119du na ich aktywne sk\u0142adniki. Schisandra znana jest r\u00f3wnie\u017c jako wu wei zi, co po chi\u0144sku oznacza owoc pi\u0119ciu smak\u00f3w, poniewa\u017c ma\u0142e czerwone jagody skrywaj\u0105 s\u0142odki, kwa\u015bny, s\u0142ony, gorzki i pikantny smak. Schisandra jest jednym z 50 tradycyjnych chi\u0144skich zi\u00f3\u0142, kt\u00f3re s\u0105 u\u017cywane od ponad 2000 lat, poniewa\u017c:<\/p>\n<p>\ud83d\udc9a poprawia i wzmacnia uk\u0142ad odporno\u015bciowy,<br \/>\n\ud83d\udc9a utrzymuje m\u0142odzie\u0144cz\u0105 sk\u00f3r\u0119,<br \/>\n\ud83d\udc9a zwi\u0119ksza witalno\u015b\u0107,<br \/>\n\ud83d\udc9a pokonuje zm\u0119czenie i wyczerpanie organizmu wywo\u0142ane stresem.<\/p>\n","protected":false},"featured_media":6105,"comment_status":"open","ping_status":"closed","template":"","meta":{"_acf_changed":false},"product_brand":[],"product_cat":[15,224,228,225],"product_tag":[],"class_list":{"0":"post-6104","1":"product","2":"type-product","3":"status-publish","4":"has-post-thumbnail","6":"product_cat-uncategorized","7":"product_cat-oferta","8":"product_cat-superzywnosc","9":"product_cat-wszystkie-produkty","11":"first","12":"instock","13":"taxable","14":"shipping-taxable","15":"purchasable","16":"product-type-simple"},"acf":[],"_links":{"self":[{"href":"https:\/\/fengchashop.com\/pl\/wp-json\/wp\/v2\/product\/6104","targetHints":{"allow":["GET"]}}],"collection":[{"href":"https:\/\/fengchashop.com\/pl\/wp-json\/wp\/v2\/product"}],"about":[{"href":"https:\/\/fengchashop.com\/pl\/wp-json\/wp\/v2\/types\/product"}],"replies":[{"embeddable":true,"href":"https:\/\/fengchashop.com\/pl\/wp-json\/wp\/v2\/comments?post=6104"}],"wp:featuredmedia":[{"embeddable":true,"href":"https:\/\/fengchashop.com\/pl\/wp-json\/wp\/v2\/media\/6105"}],"wp:attachment":[{"href":"https:\/\/fengchashop.com\/pl\/wp-json\/wp\/v2\/media?parent=6104"}],"wp:term":[{"taxonomy":"product_brand","embeddable":true,"href":"https:\/\/fengchashop.com\/pl\/wp-json\/wp\/v2\/product_brand?post=6104"},{"taxonomy":"product_cat","embeddable":true,"href":"https:\/\/fengchashop.com\/pl\/wp-json\/wp\/v2\/product_cat?post=6104"},{"taxonomy":"product_tag","embeddable":true,"href":"https:\/\/fengchashop.com\/pl\/wp-json\/wp\/v2\/product_tag?post=6104"}],"curies":[{"name":"wp","href":"https:\/\/api.w.org\/{rel}","templated":true}]}}