{"id":6102,"date":"2022-03-04T09:36:13","date_gmt":"2022-03-04T08:36:13","guid":{"rendered":"https:\/\/fengchashop.com\/pl\/product\/koci-pazur-w-proszku-125-g\/"},"modified":"2026-04-27T17:12:38","modified_gmt":"2026-04-27T15:12:38","slug":"koci-pazur-w-proszku","status":"publish","type":"product","link":"https:\/\/fengchashop.com\/pl\/product\/koci-pazur-w-proszku\/","title":{"rendered":"Koci pazur w proszku 125 g"},"content":{"rendered":"<h2><span style=\"color: #000000\">Proszek z kociego pazura<\/span><\/h2>\n<p><span style=\"color: #000000\">Tropikalne pn\u0105cze z Amazonii ma 2 zakrzywione kolce u podstawy ka\u017cdego li\u015bcia, st\u0105d jego nazwa koci pazur.<\/span><\/p>\n<p><span style=\"color: #000000\">Koci pazur jest szczeg\u00f3lnie ceniony ze wzgl\u0119du na korzystny wp\u0142yw na organizm cz\u0142owieka:<\/span><\/p>\n<p><span style=\"color: #000000\">\ud83d\udc9a wzmacnia<strong> uk\u0142ad odporno\u015bciowy,<\/strong><\/span><br \/>\n<span style=\"color: #000000\"><strong> \ud83d\udc9a \u0142agodzi i hamuje stany zapalne,<\/strong><\/span><br \/>\n<span style=\"color: #000000\">\ud83d\udc9a \u0142agodzi <strong>b\u00f3l spowodowany infekcjami,<\/strong><\/span><br \/>\n<span style=\"color: #000000\"><strong>\ud83d\udc9a \u0142agodzi dolegliwo\u015bci zwi\u0105zane z chorobami przewlek\u0142ymi.<\/strong><\/span><\/p>\n<h2><span style=\"color: #000000\">Jak dzia\u0142a koci pazur?<\/span><\/h2>\n<p><span style=\"color: #000000\">Koci pazur jest zasadniczo uwa\u017cany za<strong> naturalny antybiotyk<\/strong>, poniewa\u017c skutecznie zwalcza wszystkie rodzaje zarazk\u00f3w i zapobiega infekcjom i stanom zapalnym. Liczne badania wykaza\u0142y, \u017ce ma on szereg <strong>korzystnych skutk\u00f3w dla ludzkiego organizmu<\/strong>, w szczeg\u00f3lno\u015bci <strong>stymuluje uk\u0142ad odporno\u015bciowy ze wzgl\u0119du na zawarto\u015b\u0107 alkaloid\u00f3w oksynolowych<\/strong>, kt\u00f3re skutecznie neutralizuj\u0105 szkodliwe wolne rodniki w organizmie. Szereg innych alkaloid\u00f3w z kociego pazura ma r\u00f3wnie\u017c korzystny wp\u0142yw na<strong> pami\u0119\u0107 i regulacj\u0119 ci\u015bnienia krwi<\/strong>. Poniewa\u017c <strong>skutecznie kontroluje infekcje i stany zapalne, ma r\u00f3wnie\u017c korzystny wp\u0142yw na b\u00f3l w chorobach przewlek\u0142ych, takich jak reumatyzm czy zapalenie staw\u00f3w<\/strong>.<\/span><\/p>\n<h2><span style=\"color: #000000\">Przechowywanie i ostrze\u017cenia<\/span><\/h2>\n<p><span style=\"color: #000000\">Przechowywa\u0107 w ch\u0142odnym i suchym miejscu. Suplement diety nale\u017cy przechowywa\u0107 w miejscu niedost\u0119pnym dla dzieci!<\/span><\/p>\n<p><span style=\"color: #000000\">Nale\u017cy pami\u0119ta\u0107 o znaczeniu zr\u00f3\u017cnicowanej diety i zdrowego stylu \u017cycia, dlatego suplement diety nie zast\u0119puje zr\u00f3wnowa\u017conej i zr\u00f3\u017cnicowanej diety. Nie nale\u017cy przekracza\u0107 zalecanej dziennej ilo\u015bci lub dawki. Kobiety w ci\u0105\u017cy, matki karmi\u0105ce i osoby przyjmuj\u0105ce leki powinny zawsze skonsultowa\u0107 si\u0119 z lekarzem przed u\u017cyciem. Produkt nieodpowiedni dla dzieci.<\/span><\/p>\n<h2><span style=\"color: #000000\">Opakowanie<\/span><\/h2>\n<p><span style=\"color: #000000\">Nieprzepuszczalna torebka lub pude\u0142ko z zamkiem b\u0142yskawicznym, w kt\u00f3rym produkt zachowuje \u015bwie\u017co\u015b\u0107 i aromat. Opakowanie chroni przed \u015bwiat\u0142em i powietrzem. Sk\u0142ada si\u0119 z kilku warstw ochronnych, aby zachowa\u0107 w\u0142a\u015bciwo\u015bci produktu.<\/span><\/p>\n<p><span style=\"color: #000000\">Opakowanie jest bardzo praktyczne i nadaje si\u0119 do recyklingu.<\/span><\/p>\n<h2><span style=\"color: #000000\">Pochodzenie<\/span><\/h2>\n<p><span style=\"color: #000000\">Ameryka Po\u0142udniowa<\/span><\/p>\n","protected":false},"excerpt":{"rendered":"<p align=\"JUSTIFY\">To tropikalne pn\u0105cze z Amazonii ma 2 zakrzywione kolce u podstawy ka\u017cdego li\u015bcia, co nadaje mu nazw\u0119 koci pazur. Koci pazur jest zasadniczo uwa\u017cany za naturalny antybiotyk, poniewa\u017c skutecznie zwalcza wszelkiego rodzaju drobnoustroje i zapobiega infekcjom i stanom zapalnym. Koci pazur jest szczeg\u00f3lnie ceniony ze wzgl\u0119du na korzystny wp\u0142yw na organizm cz\u0142owieka:<\/p>\n<p align=\"JUSTIFY\">\ud83d\udc9a wzmacnia uk\u0142ad odporno\u015bciowy,<br \/>\n\ud83d\udc9a \u0142agodzi i hamuje stany zapalne,<br \/>\n\ud83d\udc9a \u0142agodzi b\u00f3l spowodowany infekcjami,<br \/>\n\ud83d\udc9a \u0142agodzi dolegliwo\u015bci zwi\u0105zane z chorobami przewlek\u0142ymi.<\/p>\n","protected":false},"featured_media":6103,"comment_status":"open","ping_status":"closed","template":"","meta":{"_acf_changed":false},"product_brand":[],"product_cat":[15,224,228,225],"product_tag":[],"class_list":{"0":"post-6102","1":"product","2":"type-product","3":"status-publish","4":"has-post-thumbnail","6":"product_cat-uncategorized","7":"product_cat-oferta","8":"product_cat-superzywnosc","9":"product_cat-wszystkie-produkty","11":"first","12":"instock","13":"sale","14":"taxable","15":"shipping-taxable","16":"purchasable","17":"product-type-simple"},"acf":[],"_links":{"self":[{"href":"https:\/\/fengchashop.com\/pl\/wp-json\/wp\/v2\/product\/6102","targetHints":{"allow":["GET"]}}],"collection":[{"href":"https:\/\/fengchashop.com\/pl\/wp-json\/wp\/v2\/product"}],"about":[{"href":"https:\/\/fengchashop.com\/pl\/wp-json\/wp\/v2\/types\/product"}],"replies":[{"embeddable":true,"href":"https:\/\/fengchashop.com\/pl\/wp-json\/wp\/v2\/comments?post=6102"}],"wp:featuredmedia":[{"embeddable":true,"href":"https:\/\/fengchashop.com\/pl\/wp-json\/wp\/v2\/media\/6103"}],"wp:attachment":[{"href":"https:\/\/fengchashop.com\/pl\/wp-json\/wp\/v2\/media?parent=6102"}],"wp:term":[{"taxonomy":"product_brand","embeddable":true,"href":"https:\/\/fengchashop.com\/pl\/wp-json\/wp\/v2\/product_brand?post=6102"},{"taxonomy":"product_cat","embeddable":true,"href":"https:\/\/fengchashop.com\/pl\/wp-json\/wp\/v2\/product_cat?post=6102"},{"taxonomy":"product_tag","embeddable":true,"href":"https:\/\/fengchashop.com\/pl\/wp-json\/wp\/v2\/product_tag?post=6102"}],"curies":[{"name":"wp","href":"https:\/\/api.w.org\/{rel}","templated":true}]}}