{"id":6092,"date":"2022-03-03T22:27:36","date_gmt":"2022-03-03T21:27:36","guid":{"rendered":"https:\/\/fengchashop.com\/pl\/product\/trawa-jeczmienna-w-proszku-bio-250-g\/"},"modified":"2026-04-27T22:13:49","modified_gmt":"2026-04-27T20:13:49","slug":"trawa-jeczmienna-w-proszku-bio","status":"publish","type":"product","link":"https:\/\/fengchashop.com\/pl\/product\/trawa-jeczmienna-w-proszku-bio\/","title":{"rendered":"Trawa j\u0119czmienna w proszku BIO 250 g"},"content":{"rendered":"<h2><span style=\"color: #000000\">Trawa j\u0119czmienna w proszku BIO<\/span><\/h2>\n<p><span style=\"color: #000000\">Pot\u0119\u017cne cywilizacje Egipcjan, Rzymian i Wiking\u00f3w zna\u0142y ju\u017c zalety trawy j\u0119czmiennej. Pochodz\u0105cy z Europy organizm ludzki mo\u017ce j\u0105 \u0142atwo metabolizowa\u0107 i wykorzystywa\u0107 mikroelementy do zaspokojenia wszystkich swoich potrzeb. Jest trawiona niezwykle szybko, a sk\u0142adniki od\u017cywcze s\u0105 wch\u0142aniane bardzo szybko po spo\u017cyciu. Jest r\u00f3wnie\u017c bogata w fitochemikalia, kt\u00f3re chroni\u0105 organizm przed zanieczyszczeniami i promieniowaniem.<\/span><\/p>\n<p><span style=\"color: #000000\">Nasza trawa j\u0119czmienna jest produkowana <strong>ekologicznie<\/strong>.<\/span><\/p>\n<h2><span style=\"color: #000000\">Jakie s\u0105 efekty przyjmowania trawy j\u0119czmiennej?<\/span><\/h2>\n<p><span style=\"color: #000000\"><strong>Trawa j\u0119czmienna zawiera wiele substancji aktywnych i dlatego ma korzystny wp\u0142yw na:<\/strong><\/span><\/p>\n<p><span style=\"color: #000000\">\ud83d\udc9a oczyszczanie i detoksykacj\u0119 organizmu cz\u0142owieka,<\/span><br \/>\n<span style=\"color: #000000\">\ud83d\udc9a popraw\u0119 kondycji sk\u00f3ry,<\/span><br \/>\n<span style=\"color: #000000\">\ud83d\udc9a utrat\u0119 wagi,<\/span><br \/>\n<span style=\"color: #000000\">\ud83d\udc9a zmniejszenie zm\u0119czenia,<\/span><br \/>\n<span style=\"color: #000000\">\ud83d\udc9a poprawa i regulacja trawienia,<\/span><br \/>\n<span style=\"color: #000000\">\ud83d\udc9a zmniejszenie stanu zapalnego<\/span><br \/>\n<span style=\"color: #000000\">\ud83d\udc9a poprawa problem\u00f3w z anemi\u0105,<\/span><br \/>\n<span style=\"color: #000000\">\ud83d\udc9a reguluje poziom wapnia we krwi i rozpuszcza z\u0142ogi wapnia w ko\u015bciach.<\/span><\/p>\n<p><span style=\"color: #000000\">Trawa j\u0119czmienna jest skarbnic\u0105 <strong>witamin, minera\u0142\u00f3w i innych wa\u017cnych sk\u0142adnik\u00f3w od\u017cywczych<\/strong>. Ma silne dzia\u0142anie zasadotw\u00f3rcze na organizm, co powoduje og\u00f3lne dobre samopoczucie. Regularne spo\u017cywanie mo\u017ce obni\u017cy\u0107 poziom cholesterolu i wolnych rodnik\u00f3w we krwi.<\/span><\/p>\n<p><span style=\"color: #000000\">Trawa j\u0119czmienna jest<strong> niezwykle bogata w chlorofil<\/strong>, kt\u00f3ry jest tak samo wa\u017cny dla ro\u015blin, jak krew dla zwierz\u0105t. Ma r\u00f3wnie\u017c podobn\u0105 struktur\u0119 molekularn\u0105 do hemoglobiny, dzi\u0119ki czemu przywraca i oczyszcza krew, a tak\u017ce og\u00f3lnie organizm. Zawiera 11 razy wi\u0119cej wapnia i 30 razy wi\u0119cej witaminy B1 ni\u017c mleko krowie, 5 razy wi\u0119cej \u017celaza i 7 razy wi\u0119cej karoten\u00f3w ni\u017c szpinak i 7 razy wi\u0119cej witaminy C ni\u017c pomara\u0144cze. Zawiera r\u00f3wnie\u017c 80 mikrogram\u00f3w witaminy B12, kt\u00f3rej coraz wi\u0119cej os\u00f3b ma niedob\u00f3r.<\/span><\/p>\n<p><span style=\"color: #000000\">Opr\u00f3cz witamin i wielu minera\u0142\u00f3w, trawa j\u0119czmienna zawiera r\u00f3wnie\u017c<strong> niezb\u0119dne aminokwasy<\/strong>, kt\u00f3re s\u0105 podstawowym budulcem bia\u0142ka. Zawiera r\u00f3wnie\u017c<strong> polisacharyd \u00df-glukan, kt\u00f3ry<\/strong> obni\u017ca poziom z\u0142ego cholesterolu i wzmacnia mechanizm obronny uk\u0142adu odporno\u015bciowego. Dzia\u0142a <strong>jako przeciwutleniacz<\/strong> i skutecznie zwalcza niebezpieczne wolne rodniki w organizmie. <strong>Enzymy<\/strong> zawarte w trawie j\u0119czmiennej r\u00f3wnie\u017c przyczyniaj\u0105 si\u0119 do wykorzystania wszystkich sk\u0142adnik\u00f3w od\u017cywczych, dlatego bardzo wa\u017cne jest, aby proszek z trawy j\u0119czmiennej nie by\u0142 suszony w temperaturze powy\u017cej 40\u00b0C.<\/span><\/p>\n<h2><span style=\"color: #000000\">Przechowywanie i ostrze\u017cenia<\/span><\/h2>\n<p><span style=\"color: #000000\">Przechowywa\u0107 w ch\u0142odnym, suchym miejscu w temperaturze do 25 \u00b0C. Suplement diety nale\u017cy przechowywa\u0107 w miejscu niedost\u0119pnym dla dzieci!<\/span><\/p>\n<p><span style=\"color: #000000\">Nale\u017cy pami\u0119ta\u0107 o znaczeniu zr\u00f3\u017cnicowanej diety i zdrowego stylu \u017cycia, dlatego suplement diety nie zast\u0119puje zr\u00f3wnowa\u017conej i zr\u00f3\u017cnicowanej diety. Nie nale\u017cy przekracza\u0107 zalecanej dziennej ilo\u015bci lub dawki. Kobietom w ci\u0105\u017cy i karmi\u0105cym piersi\u0105 zawsze zaleca si\u0119 skonsultowanie z lekarzem przed u\u017cyciem.<\/span><\/p>\n<h2><span style=\"color: #000000\">Opakowanie<\/span><\/h2>\n<p><span style=\"color: #000000\">Nieprzepuszczalna torebka z zamkiem b\u0142yskawicznym, w kt\u00f3rej produkt zachowuje \u015bwie\u017co\u015b\u0107 i aromat. Opakowanie chroni produkt przed \u015bwiat\u0142em i powietrzem, poniewa\u017c sk\u0142ada si\u0119 z kilku warstw ochronnych, aby zachowa\u0107 w\u0142a\u015bciwo\u015bci zawarto\u015bci.<\/span><\/p>\n<p><span style=\"color: #000000\">Opakowanie jest bardzo praktyczne i nadaje si\u0119 do recyklingu.<\/span><\/p>\n<p><span style=\"color: #000000\">Warto wiedzie\u0107<\/span><br \/>\n<span style=\"color: #000000\">Produkt nadaje si\u0119 r\u00f3wnie\u017c dla zwierz\u0105t. Jest doskona\u0142ym \u017ar\u00f3d\u0142em witamin, minera\u0142\u00f3w i innych sk\u0142adnik\u00f3w od\u017cywczych. Przed u\u017cyciem nale\u017cy skonsultowa\u0107 si\u0119 z lekarzem weterynarii w sprawie celowo\u015bci przyjmowania i zalecanej dziennej dawki.<\/span><\/p>\n<h2><span style=\"color: #000000\">Pochodzenie<\/span><\/h2>\n<p><span style=\"color: #000000\">UE (Niemcy lub Holandia)<\/span><\/p>\n","protected":false},"excerpt":{"rendered":"<p align=\"JUSTIFY\">Pot\u0119\u017cne cywilizacje Egipcjan, Rzymian i Wiking\u00f3w zna\u0142y ju\u017c zalety trawy j\u0119czmiennej. Pochodz\u0105ca z Europy trawa j\u0119czmienna jest \u0142atwo metabolizowana przez ludzki organizm i wykorzystywana jako mikroelement zaspokajaj\u0105cy wszystkie jego potrzeby. Jest trawiona niezwykle szybko, a sk\u0142adniki od\u017cywcze s\u0105 wch\u0142aniane bardzo szybko po spo\u017cyciu. Jest r\u00f3wnie\u017c bogaty w fitochemikalia, kt\u00f3re chroni\u0105 organizm przed zanieczyszczeniami i promieniowaniem.<\/p>\n<p align=\"JUSTIFY\"><span style=\"color: #000000\">\ud83d\udc9a Oczyszcza i detoksykuje<strong>.<\/strong><\/span><br \/>\n<span style=\"color: #000000\">\ud83d\udc9a \u0141agodzi problemy z anemi\u0105.<\/span><br \/>\n<span style=\"color: #000000\">\ud83d\udc9a Pomaga w utracie wagi.<\/span><br \/>\n<span style=\"color: #000000\">\ud83d\udc9a Jest bogatym \u017ar\u00f3d\u0142em <strong>chlorofilu<\/strong>.<\/span><\/p>\n<p align=\"JUSTIFY\">\n","protected":false},"featured_media":6093,"comment_status":"open","ping_status":"closed","template":"","meta":{"_acf_changed":false},"product_brand":[],"product_cat":[15,222,224,228,225],"product_tag":[],"class_list":{"0":"post-6092","1":"product","2":"type-product","3":"status-publish","4":"has-post-thumbnail","6":"product_cat-uncategorized","7":"product_cat-algi-i-trawy","8":"product_cat-oferta","9":"product_cat-superzywnosc","10":"product_cat-wszystkie-produkty","12":"first","13":"instock","14":"sale","15":"taxable","16":"shipping-taxable","17":"purchasable","18":"product-type-simple"},"acf":[],"_links":{"self":[{"href":"https:\/\/fengchashop.com\/pl\/wp-json\/wp\/v2\/product\/6092","targetHints":{"allow":["GET"]}}],"collection":[{"href":"https:\/\/fengchashop.com\/pl\/wp-json\/wp\/v2\/product"}],"about":[{"href":"https:\/\/fengchashop.com\/pl\/wp-json\/wp\/v2\/types\/product"}],"replies":[{"embeddable":true,"href":"https:\/\/fengchashop.com\/pl\/wp-json\/wp\/v2\/comments?post=6092"}],"wp:featuredmedia":[{"embeddable":true,"href":"https:\/\/fengchashop.com\/pl\/wp-json\/wp\/v2\/media\/6093"}],"wp:attachment":[{"href":"https:\/\/fengchashop.com\/pl\/wp-json\/wp\/v2\/media?parent=6092"}],"wp:term":[{"taxonomy":"product_brand","embeddable":true,"href":"https:\/\/fengchashop.com\/pl\/wp-json\/wp\/v2\/product_brand?post=6092"},{"taxonomy":"product_cat","embeddable":true,"href":"https:\/\/fengchashop.com\/pl\/wp-json\/wp\/v2\/product_cat?post=6092"},{"taxonomy":"product_tag","embeddable":true,"href":"https:\/\/fengchashop.com\/pl\/wp-json\/wp\/v2\/product_tag?post=6092"}],"curies":[{"name":"wp","href":"https:\/\/api.w.org\/{rel}","templated":true}]}}