{"id":6090,"date":"2022-03-03T22:18:00","date_gmt":"2022-03-03T21:18:00","guid":{"rendered":"https:\/\/fengchashop.com\/pl\/product\/trawa-pszeniczna-tabletki-bio-125-g\/"},"modified":"2025-11-17T14:51:06","modified_gmt":"2025-11-17T13:51:06","slug":"trawa-pszeniczna-tabletki-bio","status":"publish","type":"product","link":"https:\/\/fengchashop.com\/pl\/product\/trawa-pszeniczna-tabletki-bio\/","title":{"rendered":"Trawa pszeniczna tabletki BIO 125 g"},"content":{"rendered":"<h2><span style=\"color: #000000;\">Trawa pszeniczna tabletki BIO<\/span><\/h2>\n<p><span style=\"color: #000000;\">Trawa pszeniczna jest w rzeczywisto\u015bci<strong> bel\u0105 m\u0142odej pszenicy<\/strong>. Jako taka nie zawiera glutenu, poniewa\u017c znajduje si\u0119 on w k\u0142osie pszenicy &#8211; a dok\u0142adniej w ziarnie pszenicy. Kie\u0142kuj\u0105ca trawa jest zwykle zbierana i wyciskana nieco ponad tydzie\u0144 po wykie\u0142kowaniu. Sproszkowana trawa pszeniczna jest znacznie \u0142atwiejsza w u\u017cyciu. Nadaje si\u0119 do detoksykacji i oczyszczania. Jest bogata w <strong>witaminy, minera\u0142y, aminokwasy, enzymy, chlorofil, b\u0142onnik, bia\u0142ko i sk\u0142adniki od\u017cywcze<\/strong>.<\/span><\/p>\n<p><span style=\"color: #000000;\">Pochodz\u0105ca z Bliskiego Wschodu pszenica w kr\u00f3tkim czasie rozprzestrzeni\u0142a si\u0119 na ca\u0142ym \u015bwiecie, a trawa pszeniczna okaza\u0142a si\u0119<strong> skutecznym \u015brodkiem oczyszczaj\u0105cym i odtruwaj\u0105cym ludzki organizm<\/strong>. Dlatego te\u017c jest niezwykle popularna jako zdrowa \u017cywno\u015b\u0107.<\/span><\/p>\n<p><span style=\"color: #000000;\">Nasza trawa pszeniczna jest uprawiana <strong>ekologicznie<\/strong>.<\/span><\/p>\n<h2><span style=\"color: #000000;\">Jakie s\u0105 efekty przyjmowania trawy pszenicznej?<\/span><\/h2>\n<p><span style=\"color: #000000;\"><strong>Trawa pszeniczna zawiera wiele sk\u0142adnik\u00f3w od\u017cywczych i aktywnych:<\/strong><\/span><\/p>\n<p><span style=\"color: #000000;\">\ud83d\udc9a oczyszcza i poprawia sk\u0142ad krwi,<\/span><br \/>\n<span style=\"color: #000000;\">\ud83d\udc9a wspiera zdrow\u0105 okr\u0119\u017cnic\u0119 i odtruwa w\u0105trob\u0119,<\/span><br \/>\n<span style=\"color: #000000;\">\ud83d\udc9a wspiera prawid\u0142owe funkcjonowanie serca,<\/span><br \/>\n<span style=\"color: #000000;\">\ud83d\udc9a stymuluje tarczyc\u0119,<\/span><br \/>\n<span style=\"color: #000000;\">\ud83d\udc9a jego liczne przeciwutleniacze zwalczaj\u0105 wolne rodniki i zapobiegaj\u0105 chorobom i przedwczesnemu starzeniu si\u0119,<\/span><br \/>\n<span style=\"color: #000000;\">\ud83d\udc9a jest jednym z najbogatszych \u017ar\u00f3de\u0142 chlorofilu, kt\u00f3ry stymuluje gojenie tkanek, a tak\u017ce wi\u0105\u017ce toksyny i zapobiega ich wch\u0142anianiu,<\/span><br \/>\n<span style=\"color: #000000;\">\ud83d\udc9a chlorofil \u0142agodzi stany zapalne w jamie ustnej oraz oczyszcza i od\u017cywia sk\u00f3r\u0119,<\/span><br \/>\n<span style=\"color: #000000;\">\ud83d\udc9a \u0142agodzi stres dzi\u0119ki zawarto\u015bci witamin z grupy B, <\/span><br \/>\n<span style=\"color: #000000;\">\ud83d\udc9a chlorofil chroni r\u00f3wnie\u017c przed promieniowaniem z urz\u0105dze\u0144 elektronicznych<\/span><br \/>\n<span style=\"color: #000000;\">\ud83d\udc9a zawiera wszystkie aminokwasy potrzebne ludzkiemu organizmowi.<\/span><\/p>\n<p><span style=\"color: #000000;\">Trawa pszeniczna zawiera <strong>du\u017c\u0105 ilo\u015b\u0107 chlorofilu, kt\u00f3ry<\/strong> dzia\u0142a oczyszczaj\u0105co i odtruwaj\u0105co na ludzki organizm. Ma niemal cudowne w\u0142a\u015bciwo\u015bci regeneruj\u0105ce organizm. Ponadto zawiera liczne sk\u0142adniki od\u017cywcze, <strong>witaminy<\/strong> (C, E, A, B1, B2, B3, B6, K), <strong>minera\u0142y<\/strong> (\u017celazo, potas, wap\u0144, cynk, selen, fosfor, bor, chlor, chrom, kobalt, mied\u017a, jod, \u017celazo, magnez, mangan, nikiel),<strong> enzymy,<\/strong> <strong>aminokwasy, fitochemikalia oraz kwasy linolowy i linolenowy<\/strong>. Trawa pszeniczna<strong> wzmacnia uk\u0142ad odporno\u015bciowy, hamuje wolne rodniki, stymuluje produkcj\u0119 hormonu<\/strong> wzrostu, a tym samym pomaga w regeneracji tkanek. Reguluje r\u00f3wnie\u017c poziom <strong>cholesterolu we krwi oraz zapobiega stanom zapalnym i infekcjom<\/strong>. Stosowanie go na sk\u00f3r\u0119 pomo\u017ce z\u0142agodzi\u0107 problemy z cer\u0105 problematyczn\u0105, tr\u0105dzikiem i egzem\u0105, poniewa\u017c dzia\u0142a antybakteryjnie i szybciej goi rany. Pomaga r\u00f3wnie\u017c przy sw\u0119dzeniu i uk\u0105szeniach owad\u00f3w.<\/span><\/p>\n<h2><span style=\"color: #000000;\">Przechowywanie i ostrze\u017cenia<\/span><\/h2>\n<p><span style=\"color: #000000;\">Przechowywa\u0107 w ch\u0142odnym, suchym miejscu w temperaturze do 25 \u00b0C. Suplement diety nale\u017cy przechowywa\u0107 w miejscu niedost\u0119pnym dla dzieci!<\/span><\/p>\n<p><span style=\"color: #000000;\">Nale\u017cy pami\u0119ta\u0107 o znaczeniu zr\u00f3\u017cnicowanej diety i zdrowego stylu \u017cycia, dlatego suplement diety nie zast\u0119puje zr\u00f3wnowa\u017conej i zr\u00f3\u017cnicowanej diety. Nie nale\u017cy przekracza\u0107 zalecanej dziennej ilo\u015bci lub dawki. Kobietom w ci\u0105\u017cy i matkom karmi\u0105cym piersi\u0105 odradza si\u0119 spo\u017cywanie suplementu.<\/span><\/p>\n<h2><span style=\"color: #000000;\">Opakowanie<\/span><\/h2>\n<p><span style=\"color: #000000;\">Nieprzepuszczalna torebka z zamkiem b\u0142yskawicznym, w kt\u00f3rej produkt zachowuje ca\u0142\u0105 swoj\u0105 \u015bwie\u017co\u015b\u0107 i aromat. Opakowanie chroni produkt przed \u015bwiat\u0142em i powietrzem, poniewa\u017c sk\u0142ada si\u0119 z kilku warstw ochronnych, aby zachowa\u0107 w\u0142a\u015bciwo\u015bci zawarto\u015bci.<\/span><\/p>\n<p><span style=\"color: #000000;\">Opakowanie jest bardzo praktyczne i nadaje si\u0119 do recyklingu.<\/span><\/p>\n<h2><span style=\"color: #000000;\">Pochodzenie<\/span><\/h2>\n<p><span style=\"color: #000000;\">UE (Niemcy lub Holandia)<\/span><\/p>\n","protected":false},"excerpt":{"rendered":"<p align=\"JUSTIFY\">Trawa pszeniczna to w rzeczywisto\u015bci<strong> \u017ad\u017ab\u0142a m\u0142odej pszenicy<\/strong>. Jako taka nie zawiera glutenu, kt\u00f3ry znajduje si\u0119 w k\u0142osie pszenicy &#8211; a dok\u0142adniej w j\u0105drze pszenicy. Jest odpowiednia do <strong>detoksykacji i oczyszczania<\/strong> organizmu. Jest bogata w witaminy, minera\u0142y, aminokwasy, enzymy, chlorofil, b\u0142onnik, bia\u0142ko i sk\u0142adniki od\u017cywcze.<\/p>\n<p align=\"JUSTIFY\"><span style=\"color: #000000;\">\ud83d\udc9a Oczyszcza i poprawia sk\u0142ad <strong>krwi<\/strong>.<\/span><br \/>\n<span style=\"color: #000000;\">\ud83d\udc9a Wspiera <strong>zdrowe jelito<\/strong> grube i <strong>odtruwa w\u0105trob\u0119<\/strong>.<\/span><br \/>\n<span style=\"color: #000000;\">\ud83d\udc9a Wysoka zawarto\u015b\u0107 przeciwutleniaczy.<\/span><br \/>\n<span style=\"color: #000000;\">\ud83d\udc9a Jest bogatym \u017ar\u00f3d\u0142em <strong>chlorofilu<\/strong>.<\/span><\/p>\n<p align=\"JUSTIFY\">\n","protected":false},"featured_media":6091,"comment_status":"open","ping_status":"closed","template":"","meta":{"_acf_changed":false},"product_brand":[],"product_cat":[15,222,224,228,225],"product_tag":[],"class_list":{"0":"post-6090","1":"product","2":"type-product","3":"status-publish","4":"has-post-thumbnail","6":"product_cat-uncategorized","7":"product_cat-algi-i-trawy","8":"product_cat-oferta","9":"product_cat-superzywnosc","10":"product_cat-wszystkie-produkty","12":"first","13":"outofstock","14":"sale","15":"taxable","16":"shipping-taxable","17":"purchasable","18":"product-type-simple"},"acf":[],"_links":{"self":[{"href":"https:\/\/fengchashop.com\/pl\/wp-json\/wp\/v2\/product\/6090","targetHints":{"allow":["GET"]}}],"collection":[{"href":"https:\/\/fengchashop.com\/pl\/wp-json\/wp\/v2\/product"}],"about":[{"href":"https:\/\/fengchashop.com\/pl\/wp-json\/wp\/v2\/types\/product"}],"replies":[{"embeddable":true,"href":"https:\/\/fengchashop.com\/pl\/wp-json\/wp\/v2\/comments?post=6090"}],"wp:featuredmedia":[{"embeddable":true,"href":"https:\/\/fengchashop.com\/pl\/wp-json\/wp\/v2\/media\/6091"}],"wp:attachment":[{"href":"https:\/\/fengchashop.com\/pl\/wp-json\/wp\/v2\/media?parent=6090"}],"wp:term":[{"taxonomy":"product_brand","embeddable":true,"href":"https:\/\/fengchashop.com\/pl\/wp-json\/wp\/v2\/product_brand?post=6090"},{"taxonomy":"product_cat","embeddable":true,"href":"https:\/\/fengchashop.com\/pl\/wp-json\/wp\/v2\/product_cat?post=6090"},{"taxonomy":"product_tag","embeddable":true,"href":"https:\/\/fengchashop.com\/pl\/wp-json\/wp\/v2\/product_tag?post=6090"}],"curies":[{"name":"wp","href":"https:\/\/api.w.org\/{rel}","templated":true}]}}