{"id":6083,"date":"2022-03-03T20:45:00","date_gmt":"2022-03-03T19:45:00","guid":{"rendered":"https:\/\/fengchashop.com\/pl\/product\/chlorella-tabletki-bio-250-g\/"},"modified":"2026-04-13T11:35:35","modified_gmt":"2026-04-13T09:35:35","slug":"chlorella-tabletki-bio","status":"publish","type":"product","link":"https:\/\/fengchashop.com\/pl\/product\/chlorella-tabletki-bio\/","title":{"rendered":"Chlorella tabletki BIO 250 g10"},"content":{"rendered":"<h2><span style=\"color: #000000\">Chlorella tabletki BIO<\/span><\/h2>\n<p><span style=\"color: #000000\">Najbardziej bogat\u0105 w chlorofil ro\u015blin\u0105, kt\u00f3ra rozwija si\u0119 w s\u0142odkich wodach na ca\u0142ym \u015bwiecie, jest chlorella. Chlorella ma wiele korzy\u015bci zdrowotnych. Ma charakterystyczny jasnozielony kolor i wiele korzy\u015bci zdrowotnych. Znana jest przede wszystkim jako alga o<strong> niezwykle wysokiej zawarto\u015bci bia\u0142ka<\/strong> i bogatej, a przede wszystkim zr\u00f3wnowa\u017conej, idealnej strukturze. Jest r\u00f3wnie\u017c uwa\u017cana za <strong>doskona\u0142y \u015brodek odtruwaj\u0105cy<\/strong> ze wzgl\u0119du na zawarto\u015b\u0107 beta-karotenu. Oczyszcza <strong>nas ze szkodliwych substancji pochodz\u0105cych z zanieczyszczonego \u015brodowiska i \u017cywno\u015bci<\/strong>, kt\u00f3r\u0105 spo\u017cywamy (pestycydy, herbicydy, metale ci\u0119\u017ckie).<\/span><\/p>\n<p><span style=\"color: #000000\">Jest to mikroskopijnie ma\u0142a zielona alga o zr\u00f3wnowa\u017conej strukturze, a tym samym wielu zaletach:<\/span><\/p>\n<p><span style=\"color: #000000\">\ud83d\udc9a<strong> Du\u017ca ilo\u015b\u0107 chlorofilu<\/strong> odgrywa wa\u017cn\u0105 rol\u0119 w detoksykacji organizmu,<\/span><br \/>\n<span style=\"color: #000000\">\ud83d\udc9a wytwarza<strong> bia\u0142ko interferon, kt\u00f3re jest wa\u017cne dla optymalnego funkcjonowania uk\u0142adu odporno\u015bciowego<\/strong>,<\/span><br \/>\n<span style=\"color: #000000\">\ud83d\udc9a <strong>ma wysok\u0105 zawarto\u015b\u0107 bia\u0142ka wy<\/strong> nosz\u0105c\u0105 oko\u0142o 55%,<\/span><br \/>\n<span style=\"color: #000000\">\ud83d\udc9a Zawiera niezb\u0119dne <strong>w\u0119glowodany, bia\u0142ka, enzymy, minera\u0142y i witaminy<\/strong>.<\/span><\/p>\n<p><span style=\"color: #000000\">Chlorella i inne wodorosty s\u0105 najcz\u0119\u015bciej spo\u017cywane w postaci proszku. Oferujemy jednak r\u00f3wnie\u017c chlorell\u0119 w postaci tabletek.<\/span><\/p>\n<p><span style=\"color: #000000\">Nasza chlorella pochodzi z upraw ekologicznych.<\/span><\/p>\n<h2><span style=\"color: #000000\">Dlaczego chlorella jest tak dobra dla ludzkiego organizmu?<\/span><\/h2>\n<p><span style=\"color: #000000\">Chlorella jest bogata w<strong> przeciwutleniacze i chlorofil, kt\u00f3re<\/strong> wi\u0105\u017c\u0105 toksyny w organizmie i odgrywaj\u0105 niezwykle oczyszczaj\u0105c\u0105 i detoksykuj\u0105c\u0105 rol\u0119 w ludzkim ciele. Oczyszcza krew, a tak\u017ce w\u0105trob\u0119 i ca\u0142y przew\u00f3d pokarmowy. Poprawia to r\u00f3wnie\u017c trawienie i jest wspomagane przez<strong> enzym<\/strong> trawienny<strong> pepsyn\u0119, kt\u00f3ry<\/strong> jest wytwarzany w chlorelli i bierze udzia\u0142 w uk\u0142adzie trawiennym. Chlorella zawiera 18 aminokwas\u00f3w, z kt\u00f3rych 8 jest niezb\u0119dnych, co oznacza, \u017ce ma idealny sk\u0142ad bia\u0142ka. Jest r\u00f3wnie\u017c pe\u0142na witamin i minera\u0142\u00f3w, takich jak witaminy z grupy B, witaminy C, E i K, a tak\u017ce \u017celazo, wap\u0144, magnez, fosfor i oczywi\u015bcie jod.<\/span><\/p>\n<p><span style=\"color: #000000\">Jest r\u00f3wnie\u017c znany jako alga <strong>trawienna<\/strong>, poniewa\u017c pomaga promowa\u0107 wzrost dobrych bakterii w jelitach i dobr\u0105 flor\u0119 jelitow\u0105. Ze wzgl\u0119du na wysok\u0105 zawarto\u015b\u0107 chlorofilu oczyszcza<strong> jelita, w\u0105trob\u0119 i krew<\/strong>. Odtruwa r\u00f3wnie\u017c ca\u0142y organizm i pomaga w zaparciach. Czysta krew i dobre trawienie maj\u0105 r\u00f3wnie\u017c pozytywny wp\u0142yw na wygl\u0105d i zdrowie naszej sk\u00f3ry &#8211; naszego najwi\u0119kszego organu. Chlorella mo\u017ce r\u00f3wnie\u017c pom\u00f3c w walce z<strong> candid\u0105<\/strong>.<\/span><\/p>\n<p><span style=\"color: #000000\">Chlorella zawiera <strong>du\u017co \u017celaza, kt\u00f3re<\/strong> jest szybko wch\u0142aniane przez organizm i wykorzystywane do produkcji czerwonych krwinek. W ten spos\u00f3b ma pozytywny wp\u0142yw na problemy z anemi\u0105, zm\u0119czeniem, przepracowaniem i z\u0142ym samopoczuciem. Ma r\u00f3wnie\u017c korzystny wp\u0142yw na osoby powracaj\u0105ce do zdrowia po d\u0142ugotrwa\u0142ych chorobach.<\/span><\/p>\n<p><span style=\"color: #000000\">Czynnik wzrostu chlorelli wspomaga<strong> regeneracj\u0119 kom\u00f3rek<\/strong>, dzi\u0119ki czemu rany goj\u0105 si\u0119 szybciej, jeste\u015b bardziej odporny na infekcje i masz wi\u0119cej energii.<\/span><\/p>\n<h2><span style=\"color: #000000\">Dla kogo przeznaczona jest chlorella?<\/span><\/h2>\n<p><span style=\"color: #000000\">Podobnie jak spirulina, chlorella jest doskona\u0142ym suplementem diety dla ka\u017cdego, ale jest szczeg\u00f3lnie przydatna dla os\u00f3b, kt\u00f3re nie jedz\u0105 mi\u0119sa ani produkt\u00f3w mi\u0119snych, dla os\u00f3b niedo\u017cywionych, starszych i chorych. Jest r\u00f3wnie\u017c odpowiednia dla os\u00f3b, kt\u00f3re nie spo\u017cywaj\u0105 wystarczaj\u0105cej ilo\u015bci wysokiej jako\u015bci \u015bwie\u017cych zielonych warzyw. Jest r\u00f3wnie\u017c odpowiedni dla kobiet w ci\u0105\u017cy i matek karmi\u0105cych piersi\u0105, kt\u00f3re cz\u0119sto maj\u0105 s\u0142ab\u0105 krew lub niski poziom \u017celaza we krwi. Jest r\u00f3wnie\u017c odpowiedni dla sportowc\u00f3w, poniewa\u017c u\u0142atwia wch\u0142anianie sk\u0142adnik\u00f3w od\u017cywczych.<\/span><\/p>\n<p><span style=\"color: #000000\">Jest r\u00f3wnie\u017c odpowiedni dla os\u00f3b, kt\u00f3re s\u0105 nara\u017cone na nadmierny stres i dlatego maj\u0105 trudno\u015bci z koncentracj\u0105.<\/span><\/p>\n<p><span style=\"color: #000000\">Jest odpowiednia dla os\u00f3b, kt\u00f3re chc\u0105 utrzyma\u0107 swoj\u0105 wag\u0119 lub schudn\u0105\u0107, a chlorella jest doskona\u0142ym towarzyszem r\u00f3\u017cnych diet (odchudzaj\u0105cych). Reguluje trawienie i <strong>wype\u0142nia<\/strong> nas <strong>wa\u017cnymi sk\u0142adnikami od\u017cywczymi<\/strong>.<\/span><\/p>\n<h2><span style=\"color: #000000\">Przechowywanie i ostrze\u017cenia<\/span><\/h2>\n<p><span style=\"color: #000000\">Przechowywa\u0107 w ch\u0142odnym, suchym miejscu w temperaturze do 25 \u00b0C. Suplement diety nale\u017cy przechowywa\u0107 w miejscu niedost\u0119pnym dla dzieci!<\/span><\/p>\n<p><span style=\"color: #000000\">Nale\u017cy pami\u0119ta\u0107 o znaczeniu zr\u00f3\u017cnicowanej diety i zdrowego stylu \u017cycia, dlatego suplement diety nie zast\u0119puje zr\u00f3wnowa\u017conej i zr\u00f3\u017cnicowanej diety. Nie nale\u017cy przekracza\u0107 zalecanej dziennej ilo\u015bci lub dawki. Kobietom w ci\u0105\u017cy i karmi\u0105cym piersi\u0105 zawsze zaleca si\u0119 skonsultowanie z lekarzem przed u\u017cyciem.<\/span><\/p>\n<p><span style=\"color: #000000\">Chlorella mo\u017ce zawiera\u0107 siarczyny, kt\u00f3re s\u0105 naturalnie obecne w algach.<\/span><\/p>\n<h2><span style=\"color: #000000\">Opakowanie<\/span><\/h2>\n<p><span style=\"color: #000000\">Nieprzepuszczalna torebka z zamkiem b\u0142yskawicznym, w kt\u00f3rej produkt zachowuje \u015bwie\u017co\u015b\u0107 i aromat. Opakowanie chroni przed \u015bwiat\u0142em i powietrzem, poniewa\u017c sk\u0142ada si\u0119 z kilku warstw ochronnych, kt\u00f3re zachowuj\u0105 w\u0142a\u015bciwo\u015bci zawarto\u015bci.<\/span><\/p>\n<p><span style=\"color: #000000\">Opakowanie jest bardzo praktyczne i nadaje si\u0119 do recyklingu.<\/span><\/p>\n<h2><span style=\"color: #000000\">Pochodzenie<\/span><\/h2>\n<p><span style=\"color: #000000\">Chiny.<\/span><\/p>\n<p><span style=\"color: #000000\">Mamy bardzo wiarygodnych dostawc\u00f3w, kt\u00f3rzy przesy\u0142aj\u0105 nam szczeg\u00f3\u0142ow\u0105 analiz\u0119 chemiczn\u0105 \u017cywno\u015bci dla ka\u017cdej partii. W ci\u0105gu ponad dziesi\u0119ciu lat nie mieli\u015bmy \u017cadnych przypadk\u00f3w wycofania tego produktu ani innych problem\u00f3w z tym produktem, ani z innymi produktami pochodz\u0105cymi od tego samego dostawcy.<\/span><\/p>\n<p><span style=\"color: #000000\">Produkt jest w 100% certyfikowany organicznie.<\/span><\/p>\n","protected":false},"excerpt":{"rendered":"<p align=\"JUSTIFY\">Najbardziej bogat\u0105 w chlorofil ro\u015blin\u0105, kt\u00f3ra ro\u015bnie w s\u0142odkich wodach na ca\u0142ym \u015bwiecie, jest chlorella. Chlorella ma wiele korzy\u015bci zdrowotnych. Znana jest przede wszystkim jako alga o niezwykle wysokiej zawarto\u015bci bia\u0142ka i bogatej, a przede wszystkim zr\u00f3wnowa\u017conej, idealnej strukturze. Jest r\u00f3wnie\u017c uwa\u017cana za doskona\u0142y \u015brodek odtruwaj\u0105cy ze wzgl\u0119du na zawarto\u015b\u0107 beta-karotenu. Oczyszcza nas ze szkodliwych substancji pochodz\u0105cych z zanieczyszczonego \u015brodowiska i \u017cywno\u015bci, kt\u00f3r\u0105 spo\u017cywamy (pestycydy, herbicydy, metale ci\u0119\u017ckie).<\/p>\n<p align=\"JUSTIFY\"><span style=\"color: #000000\">\ud83d\udc9a Pomaga w detoksykacji organizmu.<\/span><br \/>\n<span style=\"color: #000000\">\ud83d\udc9a Ma wysok\u0105 zawarto\u015b\u0107 przeciwutleniaczy i chlorofilu.<\/span><br \/>\n<span style=\"color: #000000\">\ud83d\udc9a Oczyszcza jelita, w\u0105trob\u0119 i krew.<\/span><br \/>\n<span style=\"color: #000000\">\ud83d\udc9a Jest bogatym \u017ar\u00f3d\u0142em bia\u0142ka ro\u015blinnego.<\/span><\/p>\n<p align=\"JUSTIFY\">\n","protected":false},"featured_media":6084,"comment_status":"open","ping_status":"closed","template":"","meta":{"_acf_changed":false},"product_brand":[],"product_cat":[15,222,238,224,228,225],"product_tag":[],"class_list":{"0":"post-6083","1":"product","2":"type-product","3":"status-publish","4":"has-post-thumbnail","6":"product_cat-uncategorized","7":"product_cat-algi-i-trawy","8":"product_cat-dobre-oferty","9":"product_cat-oferta","10":"product_cat-superzywnosc","11":"product_cat-wszystkie-produkty","13":"first","14":"instock","15":"sale","16":"taxable","17":"shipping-taxable","18":"purchasable","19":"product-type-simple"},"acf":[],"_links":{"self":[{"href":"https:\/\/fengchashop.com\/pl\/wp-json\/wp\/v2\/product\/6083","targetHints":{"allow":["GET"]}}],"collection":[{"href":"https:\/\/fengchashop.com\/pl\/wp-json\/wp\/v2\/product"}],"about":[{"href":"https:\/\/fengchashop.com\/pl\/wp-json\/wp\/v2\/types\/product"}],"replies":[{"embeddable":true,"href":"https:\/\/fengchashop.com\/pl\/wp-json\/wp\/v2\/comments?post=6083"}],"wp:featuredmedia":[{"embeddable":true,"href":"https:\/\/fengchashop.com\/pl\/wp-json\/wp\/v2\/media\/6084"}],"wp:attachment":[{"href":"https:\/\/fengchashop.com\/pl\/wp-json\/wp\/v2\/media?parent=6083"}],"wp:term":[{"taxonomy":"product_brand","embeddable":true,"href":"https:\/\/fengchashop.com\/pl\/wp-json\/wp\/v2\/product_brand?post=6083"},{"taxonomy":"product_cat","embeddable":true,"href":"https:\/\/fengchashop.com\/pl\/wp-json\/wp\/v2\/product_cat?post=6083"},{"taxonomy":"product_tag","embeddable":true,"href":"https:\/\/fengchashop.com\/pl\/wp-json\/wp\/v2\/product_tag?post=6083"}],"curies":[{"name":"wp","href":"https:\/\/api.w.org\/{rel}","templated":true}]}}