{"id":6078,"date":"2022-03-03T20:05:37","date_gmt":"2022-03-03T19:05:37","guid":{"rendered":"https:\/\/fengchashop.com\/pl\/product\/maca-w-proszku-bio-500-g\/"},"modified":"2026-04-28T20:41:39","modified_gmt":"2026-04-28T18:41:39","slug":"mac-w-proszku-bio","status":"publish","type":"product","link":"https:\/\/fengchashop.com\/pl\/product\/mac-w-proszku-bio\/","title":{"rendered":"Maca w proszku BIO 500 g"},"content":{"rendered":"<h2><span style=\"color: #000000;\">Maca w proszku BIO<\/span><\/h2>\n<p><span style=\"color: #000000;\">Maca to ro\u015blina korzeniowa, kt\u00f3ra rozwija si\u0119 na peruwia\u0144skich i andyjskich wy\u017cynach, nara\u017cona na ekstremalne warunki pogodowe i du\u017ce r\u00f3\u017cnice temperatur mi\u0119dzy dniem a noc\u0105. Nazywana jest r\u00f3wnie\u017c <strong>peruwia\u0144skim \u017ce\u0144-szeniem<\/strong>. Poniewa\u017c jest praktycznie niezwyci\u0119\u017cona pod wzgl\u0119dem przetrwania, staro\u017cytni Inkowie wykorzystali jej aktywne sk\u0142adniki, kt\u00f3re s\u0105 szczeg\u00f3lnie dobre dla m\u0119skiej potencji seksualnej i maj\u0105 korzystny wp\u0142yw na og\u00f3lny stan zdrowia. Z tego ostatniego powodu jest uwa\u017cany za niezwykle cenn\u0105 super\u017cywno\u015b\u0107.<\/span><\/p>\n<p><span style=\"color: #000000;\">Lecznicz\u0105 cz\u0119\u015bci\u0105 buzdyganka ziemnego jest bulwa, kt\u00f3ra<strong> zawiera wiele witamin, minera\u0142\u00f3w i aminokwas\u00f3w<\/strong>. Ze wzgl\u0119du na swoje w\u0142a\u015bciwo\u015bci hormonopodobne, reguluje poziom estrogenu i progesteronu, czy testosteronu, kt\u00f3re korzystnie wp\u0142ywaj\u0105 na nasze samopoczucie oraz dodaj\u0105 nam si\u0142y i wytrzyma\u0142o\u015bci. Zawarto\u015b\u0107 wa\u017cnych witamin, takich jak witamina B1, B12, C i E, a tak\u017ce kwas\u00f3w t\u0142uszczowych, minera\u0142\u00f3w i aminokwas\u00f3w (w tym 7 niezb\u0119dnych &#8211; tych, kt\u00f3rych potrzebuje nasz organizm), sprawia, \u017ce maca jest jednym z najbardziej skutecznych, po\u017c\u0105danych i polecanych naturalnych superfoods z tradycj\u0105 si\u0119gaj\u0105c\u0105 tysi\u0119cy lat.<\/span><\/p>\n<p><span style=\"color: #000000;\">Jest to<strong> zio\u0142o adaptogenne<\/strong>, kt\u00f3re <strong>zwi\u0119ksza energi\u0119, wytrzyma\u0142o\u015b\u0107, witalno\u015b\u0107 i si\u0142\u0119 fizyczn\u0105<\/strong>. Pomaga nam \u0142atwiej reagowa\u0107 na stres i dostosowywa\u0107 si\u0119 do zmian. Wyst\u0119puje najobficiej w Andach w \u015brodkowym Peru, w trudnych warunkach i na bardzo du\u017cych wysoko\u015bciach &#8211; ponad 4000 metr\u00f3w. Jest to warzywo krzy\u017cowe, takie jak broku\u0142y, kalafior, rzepa, kapusta, jarmu\u017c i rzodkiewka. Najbardziej jadaln\u0105 cz\u0119\u015bci\u0105 ro\u015bliny jest korze\u0144 lub bulwa. Wyst\u0119puje w kilku kolorach, od bia\u0142ego do czarnego. Najpopularniejsze kolory to <strong>\u017c\u00f3\u0142ty, czerwony i czarny<\/strong>. Zwyk\u0142a \u017c\u00f3\u0142ta maca jest u\u017cywana do codziennego i d\u0142ugotrwa\u0142ego spo\u017cycia. Czerwona i czarna maca s\u0105 uwa\u017cane za \u015bwi\u0119te odmiany i s\u0105 stosowane w przewlek\u0142ych problemach terapeutycznych.<\/span><\/p>\n<p><span style=\"color: #000000;\">Ma bardzo s\u0142odki smak i szeroki zakres zastosowa\u0144.<\/span><\/p>\n<p><span style=\"color: #000000;\">Nasza maca jest w<strong> 100% organiczna<\/strong>.<\/span><\/p>\n<h2><span style=\"color: #000000;\">Jakie s\u0105 kluczowe w\u0142a\u015bciwo\u015bci maca?<\/span><\/h2>\n<p><span style=\"color: #000000;\"><strong>Jest wysoce od\u017cywcza<\/strong><\/span><\/p>\n<p><span style=\"color: #000000;\">Maca jest doskona\u0142ym \u017ar\u00f3d\u0142em kilku wa\u017cnych witamin i minera\u0142\u00f3w, takich jak witamina C, A, E, B2, B6, B12, mied\u017a, magnez, selen, wap\u0144, potas, s\u00f3d, fosfor, mangan i \u017celazo. Jest dobrym \u017ar\u00f3d\u0142em w\u0119glowodan\u00f3w, aminokwas\u00f3w, t\u0142uszcz\u00f3w i zawiera znaczn\u0105 ilo\u015b\u0107 b\u0142onnika i innych sk\u0142adnik\u00f3w od\u017cywczych. Zawiera r\u00f3wnie\u017c r\u00f3\u017cne zwi\u0105zki ro\u015blinne, takie jak glukozynolany, polifenole i fitosterole, kt\u00f3re hamuj\u0105 wch\u0142anianie cholesterolu, a nawet mog\u0105 obni\u017ca\u0107 jego poziom we krwi.<\/span><\/p>\n<p><span style=\"color: #000000;\"><strong>Zwi\u0119ksza libido<\/strong><\/span><\/p>\n<p><span style=\"color: #000000;\">Zwi\u0119ksza pop\u0119d p\u0142ciowy zar\u00f3wno u m\u0119\u017cczyzn, jak i kobiet. Jest naturalnym afrodyzjakiem. Eliminuje zaburzenia erekcji. Maca skutecznie poprawia po\u017c\u0105danie seksualne, a twierdzenie to jest poparte r\u00f3\u017cnymi badaniami. Badanie z 2010 roku obejmuj\u0105ce cztery badania kliniczne z udzia\u0142em \u0142\u0105cznie 131 uczestnik\u00f3w wykaza\u0142o, \u017ce maca poprawia po\u017c\u0105danie seksualne po co najmniej sze\u015bciu tygodniach spo\u017cywania. Inne badanie wykaza\u0142o, \u017ce maca zmniejsza dysfunkcje seksualne spowodowane lekami stosowanymi w leczeniu depresji.<\/span><\/p>\n<p><span style=\"color: #000000;\"><strong>Zwi\u0119ksza p\u0142odno\u015b\u0107<\/strong><\/span><\/p>\n<p><span style=\"color: #000000;\">Maca zwi\u0119ksza p\u0142odno\u015b\u0107 zar\u00f3wno u m\u0119\u017cczyzn, jak i u kobiet. Przegl\u0105d pi\u0119ciu niewielkich bada\u0144 wykaza\u0142, \u017ce maca zwi\u0119ksza produkcj\u0119 plemnik\u00f3w i poprawia jako\u015b\u0107 nasienia u niep\u0142odnych, ale zdrowych m\u0119\u017cczyzn. Po czterech miesi\u0105cach spo\u017cywania maca zwi\u0119kszy\u0142a si\u0119 obj\u0119to\u015b\u0107, liczba i ruch plemnik\u00f3w. U kobiet maca reguluje cykl menstruacyjny i \u0142agodzi objawy PMS oraz b\u00f3le menstruacyjne.<\/span><\/p>\n<p><span style=\"color: #000000;\"><strong>Zmniejsza rozmiar prostaty<\/strong><\/span><\/p>\n<p><span style=\"color: #000000;\">Niekt\u00f3re badania wykaza\u0142y, \u017ce czerwona maca zmniejsza rozmiar prostaty, poniewa\u017c zawiera du\u017c\u0105 ilo\u015b\u0107 glukozynolan\u00f3w. S\u0105 one r\u00f3wnie\u017c zwi\u0105zane z ni\u017cszym ryzykiem raka prostaty i zdrowsz\u0105 prostat\u0105.<\/span><\/p>\n<p><span style=\"color: #000000;\"><strong>R\u00f3wnowaga hormonalna<\/strong><\/span><\/p>\n<p><span style=\"color: #000000;\">Wspiera uk\u0142ad hormonalny, kt\u00f3ry mi\u0119dzy innymi przenosi tlen w organizmie. Stymuluje gruczo\u0142y do prawid\u0142owego funkcjonowania (podwzg\u00f3rze, przysadka m\u00f3zgowa, nadnercza, tarczyca), a tym samym pobudza produkcj\u0119 hormon\u00f3w (progesteron, testosteron, DHEA) i reguluje funkcjonowanie ca\u0142ego uk\u0142adu hormonalnego. Prawid\u0142owe funkcjonowanie uk\u0142adu hormonalnego jest r\u00f3wnie\u017c powi\u0105zane z prawid\u0142owym funkcjonowaniem uk\u0142adu odporno\u015bciowego. Je\u015bli r\u00f3wnowaga w kt\u00f3rymkolwiek miejscu uk\u0142adu hormonalnego jest zaburzona, zdolno\u015b\u0107 naszego mechanizmu obronnego jest zmniejszona.<\/span><\/p>\n<p><span style=\"color: #000000;\"><strong>\u0141agodzi objawy menopauzy i andropauzy (m\u0119skiej menopauzy)<\/strong><\/span><\/p>\n<p><span style=\"color: #000000;\">Naturalny spadek estrogenu wyst\u0119puj\u0105cy w okresie menopauzy mo\u017ce powodowa\u0107 szereg nieprzyjemnych objaw\u00f3w, takich jak uderzenia gor\u0105ca, sucho\u015b\u0107 pochwy, wahania nastroju, problemy ze snem i dra\u017cliwo\u015b\u0107. Jedno z bada\u0144 przeprowadzonych na kobietach w okresie menopauzy wykaza\u0142o, \u017ce maca pomaga z\u0142agodzi\u0107 objawy menopauzy, w tym uderzenia gor\u0105ca i problemy ze snem. Maca pomaga r\u00f3wnie\u017c chroni\u0107 zdrowie ko\u015bci i zmniejsza ryzyko osteoporozy. Spowalnia proces starzenia si\u0119.<\/span><\/p>\n<p><span style=\"color: #000000;\"><strong>Poprawia nastr\u00f3j<\/strong><\/span><\/p>\n<p><span style=\"color: #000000;\">Kilka bada\u0144 wykaza\u0142o ju\u017c, \u017ce maca mo\u017ce poprawi\u0107 nastr\u00f3j i samopoczucie psychiczne, poniewa\u017c zawiera flawonidy. Zmniejsza r\u00f3wnie\u017c niepok\u00f3j i objawy depresji, szczeg\u00f3lnie u kobiet w okresie menopauzy. Pomaga zmniejszy\u0107 stres i napi\u0119cie nerwowe poprzez zwi\u0119kszenie ilo\u015bci tlenu we krwi.<\/span><\/p>\n<p><span style=\"color: #000000;\"><strong>Zwi\u0119ksza energi\u0119 i wydajno\u015b\u0107 sportow\u0105<\/strong><\/span><\/p>\n<p><span style=\"color: #000000;\">Maca jest r\u00f3wnie\u017c stosowana przez sportowc\u00f3w. Pomaga nam uzyska\u0107 mas\u0119 mi\u0119\u015bniow\u0105, zwi\u0119kszy\u0107 si\u0142\u0119, energi\u0119, wytrzyma\u0142o\u015b\u0107 i poprawi\u0107 wydajno\u015b\u0107 \u0107wicze\u0144. Spo\u017cywanie maca mo\u017ce poprawi\u0107 wydajno\u015b\u0107 \u0107wicze\u0144, szczeg\u00f3lnie podczas treningu wytrzyma\u0142o\u015bciowego. Pomaga przy chronicznym zm\u0119czeniu. Zwi\u0119ksza witalno\u015b\u0107 organizmu oraz energi\u0119 psychiczn\u0105 i fizyczn\u0105.<\/span><\/p>\n<p><span style=\"color: #000000;\"><strong>Ma dobry wp\u0142yw na uczenie si\u0119 i pami\u0119\u0107<\/strong><\/span><\/p>\n<p><span style=\"color: #000000;\">Maca mo\u017ce poprawi\u0107 funkcjonowanie m\u00f3zgu i ma korzystny wp\u0142yw na uczenie si\u0119, koncentracj\u0119 i pami\u0119\u0107. Tradycyjnie by\u0142a stosowana przez rdzennych mieszka\u0144c\u00f3w Peru w celu poprawy wynik\u00f3w dzieci w szkole. W tym przypadku czarna maca okaza\u0142a si\u0119 najbardziej skuteczna.<\/span><\/p>\n<h2><span style=\"color: #000000;\">Na jakie problemy pomaga lub dla kogo jest zalecana?<\/span><\/h2>\n<p><span style=\"color: #000000;\">Maca jest ro\u015blin\u0105 adaptogenn\u0105, co oznacza, \u017ce dostosowuje si\u0119 do potrzeb danej osoby. Adaptogeny wzmacniaj\u0105 uk\u0142ady narz\u0105d\u00f3w (oddechowy, trawienny, moczowy itp.), ale nie pobudzaj\u0105 ich nadmiernie ani w \u017caden inny spos\u00f3b nie zak\u0142\u00f3caj\u0105 ich funkcjonowania. Adaptogeny s\u0105 zalecane dla os\u00f3b, kt\u00f3re potrzebuj\u0105 pomocy z:<\/span><\/p>\n<p><span style=\"color: #000000;\">\ud83d\udc9a przezwyci\u0119\u017ceniu problem\u00f3w z <strong>wahaniami nastroju,<\/strong><\/span><br \/>\n<span style=\"color: #000000;\">niep\u0142odno\u015bci i problemach zwi\u0105zanych z<strong> menopauz\u0105,<\/strong><\/span><br \/>\n<span style=\"color: #000000;\">osi\u0105gni\u0119ciu wi\u0119kszej <strong>wydajno\u015bci umys\u0142owej i fizycznej,<\/strong><\/span><br \/>\n<span style=\"color: #000000;\">zwi\u0119kszenie <strong>potencji seksualnej,<\/strong><\/span><br \/>\n<span style=\"color: #000000;\">wiele innych problem\u00f3w zdrowotnych.<\/span><\/p>\n<h2><span style=\"color: #000000;\">Dlaczego warto zam\u00f3wi\u0107 nasz\u0105 mac\u0119?<\/span><\/h2>\n<p><span style=\"color: #000000;\">Nasza maca w proszku pochodzi z <strong>kontrolowanych upraw ekologicznych,<\/strong> jest starannie suszona i mielona na proszek przypominaj\u0105cy m\u0105k\u0119. Ponadto regularnie dbamy o to, by nasze dostawy maca by\u0142y zawsze <strong>\u015bwie\u017ce!<\/strong> Dlatego te\u017c sami starannie przygotowujemy mieszank\u0119, poniewa\u017c jest to jedyny spos\u00f3b na zapewnienie jej integralno\u015bci ze \u015bwie\u017cymi sk\u0142adnikami w odpowiednich proporcjach.<\/span><\/p>\n<p><span style=\"color: #000000;\">Maca pochodzi z wysokog\u00f3rskich<strong> gospodarstw ekologicznych<\/strong> w Peru. Przeanalizowali\u015bmy i zatwierdzili\u015bmy ka\u017cd\u0105 parti\u0119.<\/span><\/p>\n<h2><span style=\"color: #000000;\">Warto\u015bci od\u017cywcze<\/span><\/h2>\n<p><span style=\"color: #000000;\">\u015arednie warto\u015bci od\u017cywcze na 100 g maca: energia: 1431 kJ\/342 kcal; t\u0142uszcz: 1 g, w tym kwasy t\u0142uszczowe nasycone: 1 g; w\u0119glowodany: 69,8 g, w tym cukry: 30 g; bia\u0142ko: 13,72 g i sole: &lt;0,1 g.<\/span><\/p>\n<h2><span style=\"color: #000000;\">Przechowywanie i ostrze\u017cenia<\/span><\/h2>\n<p><span style=\"color: #000000;\">Przechowywa\u0107 w ch\u0142odnym, suchym miejscu w temperaturze do 25 \u00b0C. Suplement diety nale\u017cy przechowywa\u0107 w miejscu niedost\u0119pnym dla dzieci!<\/span><\/p>\n<p><span style=\"color: #000000;\">Nale\u017cy pami\u0119ta\u0107 o znaczeniu zr\u00f3\u017cnicowanej diety i zdrowego stylu \u017cycia, dlatego suplement diety nie zast\u0119puje zr\u00f3wnowa\u017conej i zr\u00f3\u017cnicowanej diety. Nie nale\u017cy przekracza\u0107 zalecanej dziennej ilo\u015bci lub dawki. Kobietom w ci\u0105\u017cy i karmi\u0105cym piersi\u0105 zawsze zaleca si\u0119 skonsultowanie z lekarzem przed u\u017cyciem.<\/span><\/p>\n<h2><span style=\"color: #000000;\">Opakowanie<\/span><\/h2>\n<p><span style=\"color: #000000;\">Nieprzepuszczalna torebka z zamkiem b\u0142yskawicznym, w kt\u00f3rej produkt zachowuje \u015bwie\u017co\u015b\u0107 i aromat. Opakowanie chroni produkt przed \u015bwiat\u0142em i powietrzem, poniewa\u017c sk\u0142ada si\u0119 z kilku warstw ochronnych, aby zachowa\u0107 w\u0142a\u015bciwo\u015bci zawarto\u015bci.<\/span><\/p>\n<p><span style=\"color: #000000;\">Opakowanie jest bardzo praktyczne i nadaje si\u0119 do recyklingu.<\/span><\/p>\n<h2><span style=\"color: #000000;\">Pochodzenie<\/span><\/h2>\n<p><span style=\"color: #000000;\">Peru<\/span><\/p>\n","protected":false},"excerpt":{"rendered":"<p align=\"JUSTIFY\">Maca to ro\u015blina korzeniowa, kt\u00f3ra ro\u015bnie na peruwia\u0144skich wy\u017cynach andyjskich, nara\u017cona na<strong> ekstremalne warunki pogodowe<\/strong> i du\u017ce r\u00f3\u017cnice temperatur mi\u0119dzy dniem a noc\u0105. Lecznicz\u0105 cz\u0119\u015bci\u0105 maca jest bulwa, kt\u00f3ra zawiera wiele<strong> witamin, minera\u0142\u00f3w i aminokwas\u00f3w<\/strong>. Zawieraj\u0105c wa\u017cne witaminy, takie jak witamina B1, B12, C i E, a tak\u017ce kwasy t\u0142uszczowe, minera\u0142y i aminokwasy, maca jest jednym z najbardziej skutecznych, po\u017c\u0105danych i zalecanych naturalnych superfoods z tradycj\u0105 si\u0119gaj\u0105c\u0105 tysi\u0119cy lat.<\/p>\n<p align=\"JUSTIFY\">\ud83d\udc9a Zwi\u0119ksza libido.<br \/>\n\ud83d\udc9a \u0141agodzi objawy menopauzy i andropauzy.<br \/>\n\ud83d\udc9a Poprawia nastr\u00f3j, chroni przed stresem i niepokojem.<br \/>\n\ud83d\udc9a Zwi\u0119ksza energi\u0119.<\/p>\n","protected":false},"featured_media":6079,"comment_status":"open","ping_status":"closed","template":"","meta":{"_acf_changed":false},"product_brand":[],"product_cat":[15,224,228,225],"product_tag":[],"class_list":{"0":"post-6078","1":"product","2":"type-product","3":"status-publish","4":"has-post-thumbnail","6":"product_cat-uncategorized","7":"product_cat-oferta","8":"product_cat-superzywnosc","9":"product_cat-wszystkie-produkty","11":"first","12":"instock","13":"sale","14":"taxable","15":"shipping-taxable","16":"purchasable","17":"product-type-simple"},"acf":[],"_links":{"self":[{"href":"https:\/\/fengchashop.com\/pl\/wp-json\/wp\/v2\/product\/6078","targetHints":{"allow":["GET"]}}],"collection":[{"href":"https:\/\/fengchashop.com\/pl\/wp-json\/wp\/v2\/product"}],"about":[{"href":"https:\/\/fengchashop.com\/pl\/wp-json\/wp\/v2\/types\/product"}],"replies":[{"embeddable":true,"href":"https:\/\/fengchashop.com\/pl\/wp-json\/wp\/v2\/comments?post=6078"}],"wp:featuredmedia":[{"embeddable":true,"href":"https:\/\/fengchashop.com\/pl\/wp-json\/wp\/v2\/media\/6079"}],"wp:attachment":[{"href":"https:\/\/fengchashop.com\/pl\/wp-json\/wp\/v2\/media?parent=6078"}],"wp:term":[{"taxonomy":"product_brand","embeddable":true,"href":"https:\/\/fengchashop.com\/pl\/wp-json\/wp\/v2\/product_brand?post=6078"},{"taxonomy":"product_cat","embeddable":true,"href":"https:\/\/fengchashop.com\/pl\/wp-json\/wp\/v2\/product_cat?post=6078"},{"taxonomy":"product_tag","embeddable":true,"href":"https:\/\/fengchashop.com\/pl\/wp-json\/wp\/v2\/product_tag?post=6078"}],"curies":[{"name":"wp","href":"https:\/\/api.w.org\/{rel}","templated":true}]}}