{"id":6075,"date":"2022-03-03T19:48:50","date_gmt":"2022-03-03T18:48:50","guid":{"rendered":"https:\/\/fengchashop.com\/pl\/product\/spirulina-tabletki-bio-250-g\/"},"modified":"2026-04-30T23:30:42","modified_gmt":"2026-04-30T21:30:42","slug":"spirulina-tabletki-bio","status":"publish","type":"product","link":"https:\/\/fengchashop.com\/pl\/product\/spirulina-tabletki-bio\/","title":{"rendered":"Spirulina tabletki BIO 250 g"},"content":{"rendered":"<h2><span style=\"color: #000000\">Spirulina tabletki BIO<\/span><\/h2>\n<p><span style=\"color: #000000\">Spirulina, znana jako naturalny superfood, najlepiej rozwija si\u0119 w bogatych w minera\u0142y wodach ciep\u0142ego tropikalnego morza. Nazwana na cze\u015b\u0107 swojego spiralnego kszta\u0142tu, jest uwa\u017cana za jedn\u0105 z pierwszych form \u017cycia na Ziemi. By\u0142a niezwykle popularna i<strong> ceniona ju\u017c przez Aztek\u00f3w<\/strong>. Tradycyjnie u\u017cywano jej do przyrz\u0105dzania gulaszu i r\u00f3\u017cnych ciast, a tak\u017ce spo\u017cywano j\u0105 w celu zwi\u0119kszenia si\u0142y i wytrzyma\u0142o\u015bci. Jednak spirulina odzyska\u0142a swoj\u0105 popularno\u015b\u0107 w ci\u0105gu ostatnich kilku lat. Od kilku lat jest jednym z najlepszych i najpopularniejszych superfoods. Zosta\u0142a r\u00f3wnie\u017c zatwierdzona przez FDA i WHO i m\u00f3wi si\u0119, \u017ce jest spo\u017cywana przez astronaut\u00f3w podczas misji. Spirulina jest pe\u0142na minera\u0142\u00f3w i soli z morza, ocean\u00f3w. Zawieraj\u0105 one te same minera\u0142y, co ludzka krew. Algi zawieraj\u0105 wi\u0119c naturalne <strong>witaminy i minera\u0142y<\/strong>, dzi\u0119ki czemu s\u0105 <strong>\u0142atwo<\/strong> trawione przez organizm.<\/span><\/p>\n<p><span style=\"color: #000000\">Nasza spirulina jest uprawiana <strong>ekologicznie<\/strong>.<\/span><\/p>\n<h2><span style=\"color: #000000\">Jakie s\u0105 wszystkie zalety spiruliny?<\/span><\/h2>\n<p><span style=\"color: #000000\">Zawiera<strong> chlorofil,<\/strong> wysoki procent bia\u0142ka, wszystkie <strong>niezb\u0119dne aminokwasy<\/strong> i tylko kilka procent g\u0142\u00f3wnie nienasyconych t\u0142uszcz\u00f3w. Chlorofil jest czasami nazywany &#8222;zielon\u0105 krwi\u0105&#8221;, poniewa\u017c jego sk\u0142ad molekularny jest niezwykle podobny do hemoglobiny i dlatego jest dla nas odpowiedni &#8211; poprawia morfologi\u0119 krwi. Spirulina jest r\u00f3wnie\u017c lekkostrawna ze wzgl\u0119du na swoj\u0105 \u015bcian\u0119 kom\u00f3rkow\u0105, kt\u00f3ra sk\u0142ada si\u0119 z lekkostrawnych mukopolisacharyd\u00f3w (a nie celulozy, jak w innych ro\u015blinach). W\u015br\u00f3d aminokwas\u00f3w najwa\u017cniejszy jest <strong>kwas gamma-linolenowy<\/strong> (GLA), kt\u00f3ry wyst\u0119puje tylko w mleku matki, oleju szafranowym, nasionach konopi i niekt\u00f3rych innych algach. Ma on dzia\u0142anie przeciwzapalne, pomaga obni\u017cy\u0107 ci\u015bnienie krwi i poprawi\u0107 funkcjonowanie nerw\u00f3w, a tak\u017ce przeciwdzia\u0142a alergiom poprzez promowanie zdrowej reakcji na alergeny. Zawiera r\u00f3wnie\u017c<strong> fikocyjanin\u0119, kt\u00f3ra<\/strong> stymuluje produkcj\u0119 kom\u00f3rek macierzystych.<\/span><\/p>\n<p><span style=\"color: #000000\">Ma r\u00f3wnie\u017c korzystny wp\u0142yw na trawienie, stymuluj\u0105c wzrost dobrych bakterii w jelitach i poprawiaj\u0105c flor\u0119 jelitow\u0105. Spirulina jest doskona\u0142ym wsparciem dla zdrowego od\u017cywiania i r\u00f3\u017cnych diet (odchudzaj\u0105cych).<\/span><\/p>\n<p><span style=\"color: #000000\">Spirulina jest bogatym naturalnym \u017ar\u00f3d\u0142em potasu, a tak\u017ce \u017celaza, wapnia, cynku, sodu, manganu, magnezu, selenu, jodu, chromu, a nawet siarki. Zawiera r\u00f3wnie\u017c beta-karoten i elektrolity. Najwa\u017cniejsze witaminy to A1, B1, B2, B3, B6, B9, B12, C, D i E.<\/span><\/p>\n<p><span style=\"color: #000000\">Opr\u00f3cz powy\u017cszych, spirulina jest r\u00f3wnie\u017c dobra dla w\u0142os\u00f3w i sk\u00f3ry. Zapobiega nadmiernemu wypadaniu w\u0142os\u00f3w, wzmacnia je i eliminuje \u0142upie\u017c. Dzia\u0142a koj\u0105co na sk\u00f3r\u0119, przywraca jej elastyczno\u015b\u0107 i spowalnia starzenie. Z \u0107wier\u0107 \u0142y\u017ceczki spiruliny i kilku kropli wody mo\u017cna przygotowa\u0107 maseczk\u0119, kt\u00f3r\u0105 nale\u017cy na\u0142o\u017cy\u0107 na oczyszczon\u0105 sk\u00f3r\u0119 twarzy i pozostawi\u0107 na 20 minut. Nast\u0119pnie dobrze sp\u0142ucz i nawil\u017c kremem. Proces ten mo\u017cna powtarza\u0107 2-3 razy w tygodniu.<\/span><\/p>\n<h2><span style=\"color: #000000\">Dlaczego spirulina nazywana jest super\u017cywno\u015bci\u0105 i dlaczego warto j\u0105 spo\u017cywa\u0107?<\/span><\/h2>\n<p><span style=\"color: #000000\">Spirulina ma unikalny sk\u0142ad, kt\u00f3ry zawiera du\u017c\u0105 ilo\u015b\u0107 bia\u0142ek ro\u015blinnych (w tym niezb\u0119dnych bia\u0142ek i aminokwas\u00f3w), witamin, minera\u0142\u00f3w i innych wa\u017cnych sk\u0142adnik\u00f3w aktywnych. Jej unikalny sk\u0142ad w pe\u0142ni od\u017cywia kom\u00f3rki ludzkiego organizmu. Ponadto wspomaga wzmocnienie uk\u0142adu odporno\u015bciowego, \u0142agodzi objawy alergii poprzez zmniejszenie wydzielania histaminy, chroni przed infekcjami wywo\u0142anymi przez wiele r\u00f3\u017cnych drobnoustroj\u00f3w i ma <strong>w\u0142a\u015bciwo\u015bci probiotyczne<\/strong>. Eliminuje metale ci\u0119\u017ckie z organizmu, a tym samym odtruwa.<\/span><\/p>\n<p><span style=\"color: #000000\">Jest r\u00f3wnie\u017c okre\u015blana jako super\u017cywno\u015b\u0107, poniewa\u017c ma wysoki wsp\u00f3\u0142czynnik wydajno\u015bci bia\u0142ka, poniewa\u017c bia\u0142ka spiruliny s\u0105 lekkostrawne i mog\u0105 by\u0107 efektywnie wykorzystywane przez organizm w jego w\u0142asnych procesach.<\/span><\/p>\n<p><span style=\"color: #000000\">Spirulina to niebiesko-zielona mikroskopijna ma\u0142a ro\u015blina, kt\u00f3r\u0105 warto spo\u017cywa\u0107, poniewa\u017c:<\/span><\/p>\n<p><span style=\"color: #000000\">\ud83d\udc9a zawiera pe\u0142ne spektrum mikroelement\u00f3w, kt\u00f3re od\u017cywiaj\u0105 cia\u0142o i umys\u0142,<\/span><br \/>\n<span style=\"color: #000000\"><strong>\ud83d\udc9a wzmacnia uk\u0142ad odporno\u015bciowy<\/strong>, poniewa\u017c jest silnym przeciwutleniaczem,<\/span><br \/>\n<span style=\"color: #000000\"><strong>\ud83d\udc9a Odtruwa organizm poprzez<\/strong> wi\u0105zanie toksyn,<\/span><br \/>\n<span style=\"color: #000000\"><strong>\ud83d\udc9a kontroluje apetyt<\/strong> i pomaga kontrolowa\u0107 wag\u0119,<\/span><br \/>\n<span style=\"color: #000000\">\ud83d\udc9a Jest <strong>bogatym \u017ar\u00f3d\u0142em bia\u0142ka ro\u015blinnego<\/strong>, stanowi\u0105c 60-70% bia\u0142ka w diecie.<\/span><\/p>\n<h2><span style=\"color: #000000\">Przechowywanie i ostrze\u017cenia<\/span><\/h2>\n<p><span style=\"color: #000000\">Przechowywa\u0107 w ch\u0142odnym, suchym miejscu w temperaturze do 25 \u00b0C. Suplement diety nale\u017cy przechowywa\u0107 w miejscu niedost\u0119pnym dla dzieci!<\/span><\/p>\n<p><span style=\"color: #000000\">Nale\u017cy pami\u0119ta\u0107 o znaczeniu zr\u00f3\u017cnicowanej diety i zdrowego stylu \u017cycia, dlatego suplement diety nie zast\u0119puje zr\u00f3wnowa\u017conej i zr\u00f3\u017cnicowanej diety. Nie nale\u017cy przekracza\u0107 zalecanej dziennej ilo\u015bci lub dawki. Kobietom w ci\u0105\u017cy i karmi\u0105cym piersi\u0105 zawsze zaleca si\u0119 skonsultowanie z lekarzem przed u\u017cyciem.<\/span><\/p>\n<p><span style=\"color: #000000\">Spirulina mo\u017ce zawiera\u0107 siarczyny, kt\u00f3re s\u0105 naturalnie obecne w algach.<\/span><\/p>\n<h2><span style=\"color: #000000\">Opakowanie<\/span><\/h2>\n<p><span style=\"color: #000000\">Nieprzepuszczalna torebka z zamkiem b\u0142yskawicznym, w kt\u00f3rej produkt zachowuje \u015bwie\u017co\u015b\u0107 i aromat. Opakowanie chroni przed \u015bwiat\u0142em i powietrzem, poniewa\u017c sk\u0142ada si\u0119 z kilku warstw ochronnych, kt\u00f3re zachowuj\u0105 w\u0142a\u015bciwo\u015bci zawarto\u015bci.<\/span><\/p>\n<p><span style=\"color: #000000\">Opakowanie jest bardzo praktyczne i nadaje si\u0119 do recyklingu.<\/span><\/p>\n<h2><span style=\"color: #000000\">Pochodzenie<\/span><\/h2>\n<p><span style=\"color: #000000\">Chiny.<\/span><\/p>\n<p><span style=\"color: #000000\">Mamy bardzo wiarygodnych dostawc\u00f3w, kt\u00f3rzy przesy\u0142aj\u0105 nam szczeg\u00f3\u0142ow\u0105 analiz\u0119 chemiczn\u0105 \u017cywno\u015bci dla ka\u017cdej partii. W ci\u0105gu ponad dziesi\u0119ciu lat nie mieli\u015bmy \u017cadnych przypadk\u00f3w wycofania produktu z rynku ani \u017cadnych innych problem\u00f3w z tym produktem, ani z innymi produktami pochodz\u0105cymi od tego samego dostawcy.<\/span><\/p>\n<p><span style=\"color: #000000\">Produkt jest w 100% certyfikowany ekologicznie.<\/span><\/p>\n","protected":false},"excerpt":{"rendered":"<p align=\"JUSTIFY\">Spirulina, znana jako naturalna super\u017cywno\u015b\u0107, najlepiej rozwija si\u0119 w bogatych w minera\u0142y wodach ciep\u0142ego tropikalnego morza. Spirulina jest pe\u0142na minera\u0142\u00f3w i soli pochodz\u0105cych z morza, oceanu. Zawieraj\u0105 one te same minera\u0142y, co ludzka krew. Algi zawieraj\u0105 wi\u0119c naturalne witaminy i minera\u0142y, dzi\u0119ki czemu s\u0105 \u0142atwo przyswajalne przez organizm.<\/p>\n<p align=\"JUSTIFY\"><span style=\"color: #000000\">\ud83d\udc9a Wzmacniaj\u0105 uk\u0142ad odporno\u015bciowy, poniewa\u017c s\u0105 silnym przeciwutleniaczem.<\/span><br \/>\n<span style=\"color: #000000\">\ud83d\udc9a Detoksykuje organizm poprzez wi\u0105zanie toksyn.<\/span><br \/>\n<span style=\"color: #000000\">\ud83d\udc9a Kontroluje apetyt i pomaga kontrolowa\u0107 wag\u0119.<\/span><br \/>\n<span style=\"color: #000000\">\ud83d\udc9a Jest bogatym \u017ar\u00f3d\u0142em bia\u0142ka ro\u015blinnego.<\/span><\/p>\n<p align=\"JUSTIFY\">\n","protected":false},"featured_media":6076,"comment_status":"open","ping_status":"closed","template":"","meta":{"_acf_changed":false},"product_brand":[],"product_cat":[15,222,224,228,225],"product_tag":[],"class_list":{"0":"post-6075","1":"product","2":"type-product","3":"status-publish","4":"has-post-thumbnail","6":"product_cat-uncategorized","7":"product_cat-algi-i-trawy","8":"product_cat-oferta","9":"product_cat-superzywnosc","10":"product_cat-wszystkie-produkty","12":"first","13":"instock","14":"sale","15":"taxable","16":"shipping-taxable","17":"purchasable","18":"product-type-simple"},"acf":[],"_links":{"self":[{"href":"https:\/\/fengchashop.com\/pl\/wp-json\/wp\/v2\/product\/6075","targetHints":{"allow":["GET"]}}],"collection":[{"href":"https:\/\/fengchashop.com\/pl\/wp-json\/wp\/v2\/product"}],"about":[{"href":"https:\/\/fengchashop.com\/pl\/wp-json\/wp\/v2\/types\/product"}],"replies":[{"embeddable":true,"href":"https:\/\/fengchashop.com\/pl\/wp-json\/wp\/v2\/comments?post=6075"}],"wp:featuredmedia":[{"embeddable":true,"href":"https:\/\/fengchashop.com\/pl\/wp-json\/wp\/v2\/media\/6076"}],"wp:attachment":[{"href":"https:\/\/fengchashop.com\/pl\/wp-json\/wp\/v2\/media?parent=6075"}],"wp:term":[{"taxonomy":"product_brand","embeddable":true,"href":"https:\/\/fengchashop.com\/pl\/wp-json\/wp\/v2\/product_brand?post=6075"},{"taxonomy":"product_cat","embeddable":true,"href":"https:\/\/fengchashop.com\/pl\/wp-json\/wp\/v2\/product_cat?post=6075"},{"taxonomy":"product_tag","embeddable":true,"href":"https:\/\/fengchashop.com\/pl\/wp-json\/wp\/v2\/product_tag?post=6075"}],"curies":[{"name":"wp","href":"https:\/\/api.w.org\/{rel}","templated":true}]}}