{"id":6072,"date":"2022-03-03T19:31:11","date_gmt":"2022-03-03T18:31:11","guid":{"rendered":"https:\/\/fengchashop.com\/pl\/product\/spirulina-w-proszku-bio-250-g\/"},"modified":"2026-04-18T00:21:13","modified_gmt":"2026-04-17T22:21:13","slug":"spirulina-w-proszku-bio","status":"publish","type":"product","link":"https:\/\/fengchashop.com\/pl\/product\/spirulina-w-proszku-bio\/","title":{"rendered":"Spirulina w proszku BIO 250 g"},"content":{"rendered":"<h2 align=\"JUSTIFY\"><span style=\"color: #000000\">Spirulina w proszku BIO<\/span><\/h2>\n<p><span style=\"color: #000000\">Alga spirulina, znana jako naturalny superfood, najlepiej rozwija si\u0119 w bogatych w minera\u0142y wodach ciep\u0142ych m\u00f3rz tropikalnych. Swoj\u0105 nazw\u0119 zawdzi\u0119cza spiralnemu kszta\u0142towi i jest uwa\u017cana za jedn\u0105 z pierwszych form \u017cycia na Ziemi. By\u0142 ju\u017c niezwykle popularny i ceniony przez Aztek\u00f3w. Tradycyjnie przyrz\u0105dzano z niego gulasze i r\u00f3\u017cne ciasta, spo\u017cywano je na si\u0142\u0119 i wytrzyma\u0142o\u015b\u0107. Jednak w ci\u0105gu ostatnich kilku lat spirulina odzyska\u0142a swoj\u0105 popularno\u015b\u0107. Tym samym od kilku lat uznawany jest za jeden z najlepszych i najpopularniejszych superfoods. Zosta\u0142 tak\u017ce zatwierdzony przez FDA i WHO i mia\u0142 cieszy\u0107 si\u0119 nim tak\u017ce astronauci na misjach. Spirulina jest pe\u0142na minera\u0142\u00f3w i soli z m\u00f3rz, ocean\u00f3w. Zawieraj\u0105 te same minera\u0142y co ludzka krew. Algi zawieraj\u0105 zatem naturalne witaminy i minera\u0142y, kt\u00f3re s\u0105 \u0142atwo przyswajalne przez organizm.<\/span><\/p>\n<p><span style=\"color: #000000\">Spirulin\u0119 i inne algi najcz\u0119\u015bciej spo\u017cywa si\u0119 w postaci proszku. W naszej ofercie znajdziesz r\u00f3wnie\u017c spirulin\u0119 w tabletkach.<\/span><\/p>\n<p><span style=\"color: #000000\">Nasza spirulina pochodzi z produkcji organicznej.<\/span><\/p>\n<h2><span style=\"color: #000000\">Jakie s\u0105 wszystkie zalety spiruliny?<\/span><\/h2>\n<p><span style=\"color: #000000\">Zawiera chlorofil, wysoki procent bia\u0142ka, wszystkie niezb\u0119dne aminokwasy i tylko kilka procent, g\u0142\u00f3wnie t\u0142uszcz\u00f3w nienasyconych. Chlorofil bywa nazywany zielon\u0105 krwi\u0105, gdy\u017c swoim sk\u0142adem molekularnym jest niezwykle podobny do hemoglobiny i dlatego jest dla nas odpowiedni \u2013 poprawia obraz krwi. Spirulina jest r\u00f3wnie\u017c bardzo \u0142atwo przyswajalna ze wzgl\u0119du na \u015bcian\u0119 kom\u00f3rkow\u0105, kt\u00f3ra sk\u0142ada si\u0119 z strawnych mukopolisacharyd\u00f3w (a nie z celulozy jak w innych ro\u015blinach). W\u015br\u00f3d aminokwas\u00f3w najwa\u017cniejszy jest kwas gamma-linolenowy (GLA), kt\u00f3ry wyst\u0119puje wy\u0142\u0105cznie w mleku matki, oleju szafranowym, nasionach konopi i niekt\u00f3rych innych algach. Dzia\u0142a przeciwzapalnie, pomaga obni\u017cy\u0107 ci\u015bnienie krwi i poprawia funkcjonowanie uk\u0142adu nerwowego, a tak\u017ce przeciwdzia\u0142a rozwojowi alergii, gdy\u017c sprzyja zdrowej reakcji na alergeny. Zawiera tak\u017ce fikocyjanin\u0119, kt\u00f3ra stymuluje produkcj\u0119 kom\u00f3rek macierzystych.<\/span><\/p>\n<p><span style=\"color: #000000\">Korzystnie wp\u0142ywa tak\u017ce na trawienie, wspomaga rozw\u00f3j dobrych bakterii w jelitach i poprawia flor\u0119 jelitow\u0105. Spirulina jest doskona\u0142ym wsparciem zdrowej diety i r\u00f3\u017cnorodnych diet (odchudzaj\u0105cych).<\/span><\/p>\n<p><span style=\"color: #000000\">Spirulina jest bogatym naturalnym \u017ar\u00f3d\u0142em potasu, a tak\u017ce \u017celaza, wapnia, cynku, sodu, manganu, magnezu, selenu, jodu, chromu, a nawet siarki. Zawiera tak\u017ce beta-karoten i elektrolity. W\u015br\u00f3d witamin najwa\u017cniejsze s\u0105 witamina A1, B1, B2, B3, B6, B9, B12, C, D i E.<\/span><\/p>\n<p><span style=\"color: #000000\">Opr\u00f3cz powy\u017cszego warto r\u00f3wnie\u017c doda\u0107, \u017ce spirulina dobrze dzia\u0142a tak\u017ce na w\u0142osy i sk\u00f3r\u0119. Zapobiega nadmiernemu wypadaniu w\u0142os\u00f3w, wzmacnia je i likwiduje \u0142upie\u017c. Dzia\u0142a koj\u0105co na sk\u00f3r\u0119, przywraca jej elastyczno\u015b\u0107 i spowalnia starzenie. Z \u0107wier\u0107 \u0142y\u017ceczki spiruliny i kilku kropli wody mo\u017cna przygotowa\u0107 maseczk\u0119 na twarz, kt\u00f3r\u0105 nak\u0142adamy na oczyszczon\u0105 sk\u00f3r\u0119 twarzy i pozostawiamy na 20 minut. Nast\u0119pnie dobrze sp\u0142ucz i nawil\u017c kremem. Mo\u017cesz powtarza\u0107 proces 2-3 razy w tygodniu.<\/span><\/p>\n<h2><span style=\"color: #000000\">Dlaczego spirulina nazywana jest superfoodem i dlaczego warto j\u0105 spo\u017cywa\u0107?<\/span><\/h2>\n<p><span style=\"color: #000000\">Spirulina posiada unikalny sk\u0142ad, kt\u00f3ry zawiera du\u017c\u0105 ilo\u015b\u0107 bia\u0142ek ro\u015blinnych (r\u00f3wnie\u017c niezb\u0119dnych bia\u0142ek i aminokwas\u00f3w), witamin, minera\u0142\u00f3w i innych wa\u017cnych sk\u0142adnik\u00f3w aktywnych. Jego unikalny sk\u0142ad ca\u0142kowicie od\u017cywia kom\u00f3rki ludzkiego organizmu. Ponadto sprzyja wzmocnieniu uk\u0142adu odporno\u015bciowego, \u0142agodzi objawy alergii, gdy\u017c zmniejsza wydzielanie histaminy, chroni przed infekcjami r\u00f3\u017cnymi drobnoustrojami i ma w\u0142a\u015bciwo\u015bci probiotyczne. Usuwa metale ci\u0119\u017ckie z organizmu, dzi\u0119ki czemu dzia\u0142a odtruwaj\u0105co.<\/span><\/p>\n<p><span style=\"color: #000000\">Nazywana jest tak\u017ce superfoodem, poniewa\u017c charakteryzuje si\u0119 wysokim wsp\u00f3\u0142czynnikiem wykorzystania bia\u0142ka, gdy\u017c bia\u0142ka zawarte w spirulinie s\u0105 \u0142atwo przyswajalne, a organizm mo\u017ce je efektywnie wykorzysta\u0107 w swoich procesach.<\/span><\/p>\n<p><span style=\"color: #000000\">Spirulina to niebiesko-zielona mikroskopijna ro\u015blina, kt\u00f3r\u0105 warto spo\u017cywa\u0107, poniewa\u017c:<\/span><\/p>\n<p><span style=\"color: #000000\">\ud83d\udc9a zawiera ca\u0142e spektrum mikroelement\u00f3w od\u017cywiaj\u0105cych cia\u0142o i umys\u0142,<\/span><br \/>\n<span style=\"color: #000000\">\ud83d\udc9a wzmacnia uk\u0142ad odporno\u015bciowy, gdy\u017c jest silnym antyoksydantem,<\/span><br \/>\n<span style=\"color: #000000\">\ud83d\udc9a odtruwa organizm, gdy\u017c wi\u0105\u017ce trucizny,<\/span><br \/>\n<span style=\"color: #000000\">\ud83d\udc9a kontroluje apetyt i pomaga kontrolowa\u0107 mas\u0119 cia\u0142a,<\/span><br \/>\n<span style=\"color: #000000\">\ud83d\udc9a jest bogatym \u017ar\u00f3d\u0142em bia\u0142ka ro\u015blinnego, gdy\u017c zawiera a\u017c 60-70%.<\/span><\/p>\n<h2 align=\"JUSTIFY\"><span style=\"color: #000000\">Opakowanie<\/span><\/h2>\n<p align=\"JUSTIFY\"><span style=\"color: #000000\">Nieprzepuszczalna torba zamykana na zamek, w kt\u00f3rej produkt zachowuje swoj\u0105 \u015bwie\u017co\u015b\u0107 i aromat. Opakowanie chroni przed \u015bwiat\u0142em i powietrzem, poniewa\u017c sk\u0142ada si\u0119 z kilku warstw ochronnych, kt\u00f3re zachowuj\u0105 w\u0142a\u015bciwo\u015bci zawarto\u015bci.<\/span><\/p>\n<p align=\"JUSTIFY\"><span style=\"color: #000000\">Opakowanie jest bardzo praktyczne i nadaje si\u0119 do recyklingu.<\/span><\/p>\n<h2 align=\"JUSTIFY\"><span style=\"color: #000000\">Przechowywanie i ostrze\u017cenia<\/span><\/h2>\n<p align=\"JUSTIFY\"><span style=\"color: #000000\">Przechowywa\u0107 w ch\u0142odnym, suchym miejscu. Suplement diety nale\u017cy przechowywa\u0107 w miejscu niedost\u0119pnym dla dzieci!<\/span><\/p>\n<p align=\"JUSTIFY\"><span style=\"color: #000000\">Pami\u0119taj o zr\u00f3\u017cnicowanej diecie i zdrowym trybie \u017cycia &#8211; suplement diety nie mo\u017ce zast\u0105pi\u0107 zr\u00f3wnowa\u017conej i zr\u00f3\u017cnicowanej diety. Nie nale\u017cy przekracza\u0107 zalecanej dawki dziennej. Kobietom w ci\u0105\u017cy i karmi\u0105cym piersi\u0105 zaleca si\u0119 zawsze skonsultowanie si\u0119 z lekarzem przed zastosowaniem preparatu.<\/span><\/p>\n<h2 align=\"JUSTIFY\"><span style=\"color: #000000\">Kraj pochodzenia<\/span><\/h2>\n<p align=\"JUSTIFY\"><span style=\"color: #000000\">Chiny. Posiadamy bardzo wiarygodnych dostawc\u00f3w, kt\u00f3rzy przesy\u0142aj\u0105 nam szczeg\u00f3\u0142ow\u0105 analiz\u0119 chemiczn\u0105 \u017cywno\u015bci dla ka\u017cdej partii. Przez ponad dziesi\u0119\u0107 lat nie mieli\u015bmy \u017cadnych wycofa\u0144 ani \u017cadnych innych problem\u00f3w zwi\u0105zanych z tym produktem, ani z innymi produktami tego samego dostawcy.<\/span><\/p>\n<p align=\"JUSTIFY\"><span style=\"color: #000000\">Artyku\u0142 posiada certyfikat 100% organiczny.<\/span><\/p>\n","protected":false},"excerpt":{"rendered":"<p align=\"JUSTIFY\">Spirulina, znana jako naturalna super\u017cywno\u015b\u0107, najlepiej rozwija si\u0119 w bogatych w minera\u0142y wodach ciep\u0142ego tropikalnego morza. Spirulina jest pe\u0142na minera\u0142\u00f3w i soli pochodz\u0105cych z morza, oceanu. Zawieraj\u0105 one te same minera\u0142y, co ludzka krew. Algi zawieraj\u0105 wi\u0119c naturalne witaminy i minera\u0142y, dzi\u0119ki czemu s\u0105 \u0142atwo przyswajalne przez organizm.<\/p>\n<p align=\"JUSTIFY\"><span style=\"color: #000000\">\ud83d\udc9a Wzmacniaj\u0105 uk\u0142ad odporno\u015bciowy, poniewa\u017c s\u0105 silnym przeciwutleniaczem.<\/span><br \/>\n<span style=\"color: #000000\">\ud83d\udc9a Detoksykuje organizm poprzez wi\u0105zanie toksyn.<\/span><br \/>\n<span style=\"color: #000000\">\ud83d\udc9a Kontroluje apetyt i pomaga kontrolowa\u0107 wag\u0119.<\/span><br \/>\n<span style=\"color: #000000\">\ud83d\udc9a Jest bogatym \u017ar\u00f3d\u0142em bia\u0142ka ro\u015blinnego.<\/span><\/p>\n<p align=\"JUSTIFY\">\n","protected":false},"featured_media":6073,"comment_status":"open","ping_status":"closed","template":"","meta":{"_acf_changed":false},"product_brand":[],"product_cat":[15,222,238,224,228,225],"product_tag":[],"class_list":{"0":"post-6072","1":"product","2":"type-product","3":"status-publish","4":"has-post-thumbnail","6":"product_cat-uncategorized","7":"product_cat-algi-i-trawy","8":"product_cat-dobre-oferty","9":"product_cat-oferta","10":"product_cat-superzywnosc","11":"product_cat-wszystkie-produkty","13":"first","14":"instock","15":"sale","16":"taxable","17":"shipping-taxable","18":"purchasable","19":"product-type-simple"},"acf":[],"_links":{"self":[{"href":"https:\/\/fengchashop.com\/pl\/wp-json\/wp\/v2\/product\/6072","targetHints":{"allow":["GET"]}}],"collection":[{"href":"https:\/\/fengchashop.com\/pl\/wp-json\/wp\/v2\/product"}],"about":[{"href":"https:\/\/fengchashop.com\/pl\/wp-json\/wp\/v2\/types\/product"}],"replies":[{"embeddable":true,"href":"https:\/\/fengchashop.com\/pl\/wp-json\/wp\/v2\/comments?post=6072"}],"wp:featuredmedia":[{"embeddable":true,"href":"https:\/\/fengchashop.com\/pl\/wp-json\/wp\/v2\/media\/6073"}],"wp:attachment":[{"href":"https:\/\/fengchashop.com\/pl\/wp-json\/wp\/v2\/media?parent=6072"}],"wp:term":[{"taxonomy":"product_brand","embeddable":true,"href":"https:\/\/fengchashop.com\/pl\/wp-json\/wp\/v2\/product_brand?post=6072"},{"taxonomy":"product_cat","embeddable":true,"href":"https:\/\/fengchashop.com\/pl\/wp-json\/wp\/v2\/product_cat?post=6072"},{"taxonomy":"product_tag","embeddable":true,"href":"https:\/\/fengchashop.com\/pl\/wp-json\/wp\/v2\/product_tag?post=6072"}],"curies":[{"name":"wp","href":"https:\/\/api.w.org\/{rel}","templated":true}]}}