{"id":6067,"date":"2022-03-03T10:33:34","date_gmt":"2022-03-03T09:33:34","guid":{"rendered":"https:\/\/fengchashop.com\/pl\/product\/mucuna-pruriens-bio-250-g\/"},"modified":"2026-05-01T09:36:49","modified_gmt":"2026-05-01T07:36:49","slug":"mucuna-pruriens-bio","status":"publish","type":"product","link":"https:\/\/fengchashop.com\/pl\/product\/mucuna-pruriens-bio\/","title":{"rendered":"Mucuna pruriens BIO 250 g"},"content":{"rendered":"<h2><span style=\"color: #000000\">Mucuna pruriens BIO w proszku<\/span><\/h2>\n<p><span style=\"color: #000000\">Mucuna pruriens to tropikalna ro\u015blina str\u0105czkowa pochodz\u0105ca z Afryki i tropikalnej Azji. Znana jest r\u00f3wnie\u017c jako aksamitna fasola. Ro\u015blina ta znana jest z<strong> wysokiej zawarto\u015bci l-dopy lub lewodopy<\/strong>, kt\u00f3ra jest metaboliczn\u0105 form\u0105 dopaminy. Innymi s\u0142owy, jest to prekursor neuroprzeka\u017anika zwanego dopamin\u0105. Niewystarczaj\u0105ca produkcja dopaminy jest przyczyn\u0105 objaw\u00f3w choroby Parkinsona. Jest to cz\u0119sto \u0142agodzone przez leki zawieraj\u0105ce prekursor dopaminy, poniewa\u017c w przeciwie\u0144stwie do dopaminy, dopamina jest w stanie przej\u015b\u0107 przez barier\u0119 krew-m\u00f3zg, a tym samym<strong> z\u0142agodzi\u0107 objawy<\/strong> choroby Parkinsona.<\/span><\/p>\n<p><span style=\"color: #000000\">Ro\u015blina str\u0105czkowa jest popularna w Ajurwedzie od ponad 4500 lat, gdzie znana jest ze swojej zdolno\u015bci do znacznego \u0142agodzenia neurotoksyczno\u015bci spowodowanej chorob\u0105 Parkinsona. W niekt\u00f3rych miejscach jest r\u00f3wnie\u017c tradycyjnie stosowana jako antidotum na uk\u0105szenia niekt\u00f3rych jadowitych w\u0119\u017cy.<\/span><\/p>\n<p><span style=\"color: #000000\">Mucuna pruriens ma jeszcze jeden interesuj\u0105cy wp\u0142yw, a mianowicie na <strong>jako\u015b\u0107 nasienia u niep\u0142odnych m\u0119\u017cczyzn<\/strong>. Dotychczasowe dowody sugeruj\u0105, \u017ce mo\u017ce ona wp\u0142ywa\u0107 na ruchliwo\u015b\u0107 plemnik\u00f3w i st\u0119\u017cenie spermy, poprawiaj\u0105c tym samym p\u0142odno\u015b\u0107. Pomaga r\u00f3wnie\u017c rozwi\u0105za\u0107 problemy seksualne u kobiet.<\/span><\/p>\n<h2><span style=\"color: #000000\">Komu zaleca si\u0119 przyjmowanie mucuna pruriens?<\/span><\/h2>\n<p><span style=\"color: #000000\">Poniewa\u017c mucuna pruriens jest naturalnym \u017ar\u00f3d\u0142em l-dopy, mo\u017ce by\u0107 zalecana ka\u017cdemu, kto cierpi na<strong> chorob\u0119 Parkinsona<\/strong>. Jako \u015brodek wspomagaj\u0105cy lub pocz\u0105tkowo \u0142agodz\u0105cy objawy tej trudnej choroby. Oczywi\u015bcie w takich przypadkach zawsze za rad\u0105 i pod nadzorem lekarza.<\/span><\/p>\n<p><span style=\"color: #000000\">Mo\u017ce by\u0107 r\u00f3wnie\u017c stosowany jako pomoc w <strong>niep\u0142odno\u015bci m\u0119skiej<\/strong>, poniewa\u017c wp\u0142ywa na ilo\u015b\u0107 i jako\u015b\u0107 nasienia.<\/span><\/p>\n<p><span style=\"color: #000000\">Jest to r\u00f3wnie\u017c doskona\u0142a pomoc dla uk\u0142adu hormonalnego, poniewa\u017c pomaga <strong>przywr\u00f3ci\u0107 r\u00f3wnowag\u0119 hormonaln\u0105<\/strong>.<\/span><\/p>\n<p><span style=\"color: #000000\">Poprawia<strong> samopoczucie psychiczne i nastr\u00f3j<\/strong>.<\/span><\/p>\n<p><span style=\"color: #000000\">Ma silne<strong> dzia\u0142anie przeciwutleniaj\u0105ce<\/strong>. Wraz z l-dop\u0105 promuje zdrowie m\u00f3zgu i pomaga zwi\u0119kszy\u0107 poziom dopaminy w m\u00f3zgu, kt\u00f3ry jest r\u00f3wnie\u017c zwi\u0105zany z regulacj\u0105 nastroju i poznaniem. Jednocze\u015bnie wp\u0142ywa na popraw\u0119 funkcjonowania m\u00f3zgu, zwi\u0119kszaj\u0105c koncentracj\u0119 i zdolno\u015bci intelektualne.<\/span><\/p>\n<p><span style=\"color: #000000\">Tradycja ajurwedyjska wykorzystuje r\u00f3wnie\u017c fasol\u0119 aksamitn\u0105 do pozytywnego promowania <strong>zdrowia psychicznego i lepszego reagowania na stres<\/strong>.<\/span><\/p>\n<p><span style=\"color: #000000\">Kilka bada\u0144 dotyczy\u0142o r\u00f3wnie\u017c mucuna prurensis pod k\u0105tem <strong>obni\u017cania poziomu glukozy we<\/strong> krwi, a tym samym zapobiegania cukrzycy.<\/span><\/p>\n<p><span style=\"color: #000000\">Obecno\u015b\u0107 serotoniny i lewodopy<strong> poprawia cykl snu i czuwania oraz promuje g\u0142\u0119boki sen i relaks<\/strong>.<\/span><\/p>\n<h2><span style=\"color: #000000\">Przechowywanie i ostrze\u017cenia<\/span><\/h2>\n<p><span style=\"color: #000000\">Przechowywa\u0107 w ch\u0142odnym i suchym miejscu. Suplement diety nale\u017cy przechowywa\u0107 w miejscu niedost\u0119pnym dla dzieci!<\/span><\/p>\n<p><span style=\"color: #000000\">Pami\u0119taj o znaczeniu zr\u00f3\u017cnicowanej diety i zdrowego stylu \u017cycia, dlatego suplement diety nie zast\u0119puje zr\u00f3wnowa\u017conej i zr\u00f3\u017cnicowanej diety. Nie nale\u017cy przekracza\u0107 zalecanej dziennej ilo\u015bci lub dawki. Kobietom w ci\u0105\u017cy i karmi\u0105cym piersi\u0105 odradza si\u0119 stosowanie suplementu, poniewa\u017c mo\u017ce on mie\u0107 niekorzystny wp\u0142yw na macic\u0119 i p\u0142\u00f3d. Zaleca si\u0119 r\u00f3wnie\u017c ostro\u017cno\u015b\u0107 w przypadku przyjmowania lek\u00f3w na chorob\u0119 Parkinsona (np. inhibitor\u00f3w MAO) &#8211; w takim przypadku nale\u017cy stosowa\u0107 wy\u0142\u0105cznie pod nadzorem lekarza.<\/span><\/p>\n<p><span style=\"color: #000000\">W rzadkich przypadkach produkt mo\u017ce powodowa\u0107 nudno\u015bci, wymioty lub biegunk\u0119 u os\u00f3b wra\u017cliwych. W takim przypadku odradza si\u0119 stosowanie.<\/span><\/p>\n<h2><span style=\"color: #000000\">Opakowanie<\/span><\/h2>\n<p><span style=\"color: #000000\">Nieprzepuszczalna torebka z zamkiem b\u0142yskawicznym, w kt\u00f3rej produkt zachowuje \u015bwie\u017co\u015b\u0107 i aromat. Opakowanie chroni produkt przed \u015bwiat\u0142em i powietrzem, poniewa\u017c sk\u0142ada si\u0119 z kilku warstw ochronnych, aby zachowa\u0107 w\u0142a\u015bciwo\u015bci zawarto\u015bci.<\/span><\/p>\n<p><span style=\"color: #000000\">Opakowanie jest bardzo praktyczne i nadaje si\u0119 do recyklingu.<\/span><\/p>\n<h2><span style=\"color: #000000\">Pochodzenie<\/span><\/h2>\n<p><span style=\"color: #000000\">Indie<\/span><\/p>\n","protected":false},"excerpt":{"rendered":"<p align=\"JUSTIFY\">Mucuna pruriens to tropikalna ro\u015blina str\u0105czkowa pochodz\u0105ca z Afryki i tropikalnej Azji. Znana jest r\u00f3wnie\u017c jako aksamitna fasola.<\/p>\n<p align=\"JUSTIFY\"><span style=\"color: #000000\">\ud83d\udc9a Jest naturalnym \u017ar\u00f3d\u0142em l-dopy.<\/span><br \/>\n<span style=\"color: #000000\">\ud83d\udc9a Pomaga przywr\u00f3ci\u0107 r\u00f3wnowag\u0119 hormonaln\u0105.<\/span><br \/>\n<span style=\"color: #000000\">\ud83d\udc9a Poprawia samopoczucie psychiczne i nastr\u00f3j.<\/span><br \/>\n<span style=\"color: #000000\">\ud83d\udc9a Ma w\u0142a\u015bciwo\u015bci przeciwutleniaj\u0105ce.<\/span><\/p>\n<p align=\"JUSTIFY\">\n","protected":false},"featured_media":6068,"comment_status":"open","ping_status":"closed","template":"","meta":{"_acf_changed":false},"product_brand":[],"product_cat":[15,230,226,224,228,225],"product_tag":[],"class_list":{"0":"post-6067","1":"product","2":"type-product","3":"status-publish","4":"has-post-thumbnail","6":"product_cat-uncategorized","7":"product_cat-ajurweda","8":"product_cat-najlepiej-sprzedajacy-sie","9":"product_cat-oferta","10":"product_cat-superzywnosc","11":"product_cat-wszystkie-produkty","13":"first","14":"instock","15":"sale","16":"taxable","17":"shipping-taxable","18":"purchasable","19":"product-type-simple"},"acf":[],"_links":{"self":[{"href":"https:\/\/fengchashop.com\/pl\/wp-json\/wp\/v2\/product\/6067","targetHints":{"allow":["GET"]}}],"collection":[{"href":"https:\/\/fengchashop.com\/pl\/wp-json\/wp\/v2\/product"}],"about":[{"href":"https:\/\/fengchashop.com\/pl\/wp-json\/wp\/v2\/types\/product"}],"replies":[{"embeddable":true,"href":"https:\/\/fengchashop.com\/pl\/wp-json\/wp\/v2\/comments?post=6067"}],"wp:featuredmedia":[{"embeddable":true,"href":"https:\/\/fengchashop.com\/pl\/wp-json\/wp\/v2\/media\/6068"}],"wp:attachment":[{"href":"https:\/\/fengchashop.com\/pl\/wp-json\/wp\/v2\/media?parent=6067"}],"wp:term":[{"taxonomy":"product_brand","embeddable":true,"href":"https:\/\/fengchashop.com\/pl\/wp-json\/wp\/v2\/product_brand?post=6067"},{"taxonomy":"product_cat","embeddable":true,"href":"https:\/\/fengchashop.com\/pl\/wp-json\/wp\/v2\/product_cat?post=6067"},{"taxonomy":"product_tag","embeddable":true,"href":"https:\/\/fengchashop.com\/pl\/wp-json\/wp\/v2\/product_tag?post=6067"}],"curies":[{"name":"wp","href":"https:\/\/api.w.org\/{rel}","templated":true}]}}