{"id":6063,"date":"2022-03-03T09:56:17","date_gmt":"2022-03-03T08:56:17","guid":{"rendered":"https:\/\/fengchashop.com\/pl\/product\/amla-w-proszku-bio-250-g\/"},"modified":"2026-04-29T22:21:29","modified_gmt":"2026-04-29T20:21:29","slug":"amla-w-proszku-bio","status":"publish","type":"product","link":"https:\/\/fengchashop.com\/pl\/product\/amla-w-proszku-bio\/","title":{"rendered":"Amla w proszku BIO 250 g"},"content":{"rendered":"<h2><span style=\"color: #000000\">Amla w proszku BIO<\/span><\/h2>\n<p><span style=\"color: #000000\">Amla jest r\u00f3wnie\u017c znana jako<strong> amalaki lub indyjski agrest<\/strong>. Amla to przypominaj\u0105cy agrest zielony owoc o ciekawym s\u0142odko-kwa\u015bnym smaku. W Ajurwedzie uwa\u017cany jest za <strong>owoc m\u0142odo\u015bci i pi\u0119kna<\/strong>. Na Wschodzie amla jest obchodzona jako dar Boga dla ludzko\u015bci. Wyst\u0119puje w niskich obszarach g\u00f3rskich na subkontynencie indyjskim. Owoce amla s\u0105 po prostu suszone i delikatnie mielone na drobny proszek. Wed\u0142ug ajurwedy amla r\u00f3wnowa\u017cy trzy energie \u017cyciowe (vata, pitta i kapha).<\/span><\/p>\n<p><span style=\"color: #000000\">Amla jest niezwykle <strong>bogata w witamin\u0119 C<\/strong> (oko\u0142o 4 g na 100 g proszku). Zawiera r\u00f3wnie\u017c wiele <strong>przeciwutleniaczy, garbnik\u00f3w, flawonoid\u00f3w, lipid\u00f3w, witamin i minera\u0142\u00f3w oraz innych olejk\u00f3w eterycznych<\/strong>.<\/span><\/p>\n<p><span style=\"color: #000000\">Efekty:<\/span><\/p>\n<p><span style=\"color: #000000\">\ud83d\udc9a Poprawia <strong>uk\u0142ad odporno\u015bciowy<\/strong>,<\/span><br \/>\n<span style=\"color: #000000\"><strong>\ud83d\udc9a odm\u0142adza<\/strong> (efekt anti-age),<\/span><br \/>\n<span style=\"color: #000000\">\ud83d\udc9a wzmacnia <strong>uk\u0142ad sercowo-naczyniowy,<\/strong><\/span><br \/>\n<span style=\"color: #000000\">\ud83d\udc9a stymuluje<strong> wzrost w\u0142os\u00f3w,<\/strong><\/span><br \/>\n<span style=\"color: #000000\">\ud83d\udc9a oczyszcza i <strong>nawil\u017ca sk\u00f3r\u0119,<\/strong><\/span><br \/>\n<span style=\"color: #000000\"><strong>\ud83d\udc9a\u00a0 poprawia trawienie<\/strong> i dzia\u0142a jako \u0142agodny \u015brodek moczop\u0119dny,<\/span><br \/>\n<span style=\"color: #000000\">\ud83d\udc9a dzia\u0142anie<strong> przeciwwirusowe i przeciwbakteryjne<\/strong>,<\/span><br \/>\n<span style=\"color: #000000\"><strong> \ud83d\udc9a niszczy wolne rodniki<\/strong>.<\/span><\/p>\n<p><span style=\"color: #000000\">Jest r\u00f3wnie\u017c tradycyjnie stosowany w leczeniu<strong>problem\u00f3w sk\u00f3ry g\u0142owy i nieczystej sk\u00f3ry<\/strong>. Mo\u017cna z niego przygotowa\u0107 past\u0119 na sk\u00f3r\u0119 g\u0142owy lub maseczk\u0119 na twarz.<\/span><br \/>\n<span style=\"color: #000000\">Dzia\u0142a <strong>przeciw wypadaniu w\u0142os\u00f3w, wzmacnia sk\u00f3r\u0119 g\u0142owy, a przy regularnym stosowaniu mo\u017ce przywr\u00f3ci\u0107 kolor siwiej\u0105cym w\u0142osom<\/strong>. Dobrze \u0142\u0105czy si\u0119 z innymi naturalnymi farbami do w\u0142os\u00f3w.<\/span><\/p>\n<p><span style=\"color: #000000\">Dzia\u0142a r\u00f3wnie\u017c na <strong>elastyczno\u015b\u0107 sk\u00f3ry, oczyszcza j\u0105 i zapobiega powstawaniu zmarszczek<\/strong>.<\/span><\/p>\n<h2><span style=\"color: #000000\">Przechowywanie i ostrze\u017cenia<\/span><\/h2>\n<p><span style=\"color: #000000\">Przechowywa\u0107 w ch\u0142odnym i suchym miejscu. Suplement diety nale\u017cy przechowywa\u0107 w miejscu niedost\u0119pnym dla dzieci!<\/span><\/p>\n<p><span style=\"color: #000000\">Nale\u017cy pami\u0119ta\u0107 o znaczeniu zr\u00f3\u017cnicowanej diety i zdrowego stylu \u017cycia, dlatego suplement diety nie zast\u0119puje zr\u00f3wnowa\u017conej i zr\u00f3\u017cnicowanej diety. Nie nale\u017cy przekracza\u0107 zalecanej dziennej ilo\u015bci lub dawki. Kobietom w ci\u0105\u017cy i karmi\u0105cym piersi\u0105 zawsze zaleca si\u0119 skonsultowanie z lekarzem przed u\u017cyciem.<\/span><\/p>\n<h2><span style=\"color: #000000\">Opakowanie<\/span><\/h2>\n<p><span style=\"color: #000000\">Nieprzepuszczalna torebka z zamkiem b\u0142yskawicznym, w kt\u00f3rej produkt zachowuje \u015bwie\u017co\u015b\u0107 i aromat. Opakowanie chroni produkt przed \u015bwiat\u0142em i powietrzem, poniewa\u017c sk\u0142ada si\u0119 z kilku warstw ochronnych, aby zachowa\u0107 w\u0142a\u015bciwo\u015bci zawarto\u015bci.<\/span><\/p>\n<p><span style=\"color: #000000\">Opakowanie jest bardzo praktyczne i nadaje si\u0119 do recyklingu.<\/span><\/p>\n<h2><span style=\"color: #000000\">Pochodzenie<\/span><\/h2>\n<p><span style=\"color: #000000\">Indie<\/span><\/p>\n","protected":false},"excerpt":{"rendered":"<p align=\"JUSTIFY\">Amla jest r\u00f3wnie\u017c znana jako amalaki lub indyjski agrest. Amla to przypominaj\u0105cy agrest zielony owoc o ciekawym s\u0142odko-kwa\u015bnym smaku. W Ajurwedzie uwa\u017cana jest za owoc m\u0142odo\u015bci i pi\u0119kna. Na Wschodzie amla jest obchodzona jako dar Boga dla ludzko\u015bci, poniewa\u017c:<\/p>\n<p align=\"JUSTIFY\">\ud83d\udc9a stymuluje wzrost w\u0142os\u00f3w,<br \/>\n\ud83d\udc9a oczyszcza i nawil\u017ca sk\u00f3r\u0119,<br \/>\n\ud83d\udc9a wzmacnia uk\u0142ad odporno\u015bciowy,<br \/>\n\ud83d\udc9a odm\u0142adza.<\/p>\n<p align=\"JUSTIFY\">\n","protected":false},"featured_media":6064,"comment_status":"open","ping_status":"closed","template":"","meta":{"_acf_changed":false},"product_brand":[],"product_cat":[15,230,224,228,225],"product_tag":[],"class_list":{"0":"post-6063","1":"product","2":"type-product","3":"status-publish","4":"has-post-thumbnail","6":"product_cat-uncategorized","7":"product_cat-ajurweda","8":"product_cat-oferta","9":"product_cat-superzywnosc","10":"product_cat-wszystkie-produkty","12":"first","13":"instock","14":"taxable","15":"shipping-taxable","16":"purchasable","17":"product-type-simple"},"acf":[],"_links":{"self":[{"href":"https:\/\/fengchashop.com\/pl\/wp-json\/wp\/v2\/product\/6063","targetHints":{"allow":["GET"]}}],"collection":[{"href":"https:\/\/fengchashop.com\/pl\/wp-json\/wp\/v2\/product"}],"about":[{"href":"https:\/\/fengchashop.com\/pl\/wp-json\/wp\/v2\/types\/product"}],"replies":[{"embeddable":true,"href":"https:\/\/fengchashop.com\/pl\/wp-json\/wp\/v2\/comments?post=6063"}],"wp:featuredmedia":[{"embeddable":true,"href":"https:\/\/fengchashop.com\/pl\/wp-json\/wp\/v2\/media\/6064"}],"wp:attachment":[{"href":"https:\/\/fengchashop.com\/pl\/wp-json\/wp\/v2\/media?parent=6063"}],"wp:term":[{"taxonomy":"product_brand","embeddable":true,"href":"https:\/\/fengchashop.com\/pl\/wp-json\/wp\/v2\/product_brand?post=6063"},{"taxonomy":"product_cat","embeddable":true,"href":"https:\/\/fengchashop.com\/pl\/wp-json\/wp\/v2\/product_cat?post=6063"},{"taxonomy":"product_tag","embeddable":true,"href":"https:\/\/fengchashop.com\/pl\/wp-json\/wp\/v2\/product_tag?post=6063"}],"curies":[{"name":"wp","href":"https:\/\/api.w.org\/{rel}","templated":true}]}}