{"id":6061,"date":"2022-03-03T09:39:04","date_gmt":"2022-03-03T08:39:04","guid":{"rendered":"https:\/\/fengchashop.com\/pl\/product\/buzdyganek-naziemny-tribulus-terrestris-bio-250-g\/"},"modified":"2026-04-29T22:24:05","modified_gmt":"2026-04-29T20:24:05","slug":"buzdyganek-naziemny-tribulus-terrestris-bio","status":"publish","type":"product","link":"https:\/\/fengchashop.com\/pl\/product\/buzdyganek-naziemny-tribulus-terrestris-bio\/","title":{"rendered":"Tribulus terrestris BIO 250 g"},"content":{"rendered":"<h2><span style=\"color: #000000;\">Tribulus terrestris BIO proszek<\/span><\/h2>\n<p><span style=\"color: #000000;\">Tribulus terrestris (r\u00f3wnie\u017c <strong>gokshura<\/strong>) to ro\u015blina, kt\u00f3ra ro\u015bnie w naszym kraju, cho\u0107 jest rzadziej spotykana. Znana jest pod nazw\u0105 <strong>szczodrak kro<\/strong> koszowaty. Jako \u017ce jest to zio\u0142o do\u015b\u0107 szeroko rozpowszechnione na \u015bwiecie, bywa uznawane za chwast. W naszym kraju ro\u015bnie najcz\u0119\u015bciej wzd\u0142u\u017c poboczy dr\u00f3g lub tor\u00f3w kolejowych. Jest to nisko rosn\u0105ca ro\u015blina o ma\u0142ych \u017c\u00f3\u0142tych kwiatach. Niezwykle twarde i k\u0142uj\u0105ce owoce ro\u015bliny wykorzystywane s\u0105 do produkcji r\u00f3\u017cnorodnych suplement\u00f3w diety, kt\u00f3re<strong> zwi\u0119kszaj\u0105 potencj\u0119 seksualn\u0105 i podnosz\u0105 poziom testosteronu w organizmie<\/strong>. Z tego powodu zajmuje ona szczeg\u00f3lne miejsce w tradycyjnej medycynie chi\u0144skiej i ajurwedzie, poniewa\u017c jest uwa\u017cana za <strong>naturalny afrodyzjak<\/strong>. Ponadto ma inne zalety, kt\u00f3re dzia\u0142aj\u0105 przede wszystkim na m\u0119\u017cczyzn. <strong>Jest stosowany w przypadku zaburze\u0144 seksualnych, w tym zaburze\u0144 erekcji.<\/strong><\/span><\/p>\n<p><span style=\"color: #000000;\">Poniewa\u017c mlecz podnosi poziom hormonu testosteronu, jest r\u00f3wnie\u017c cz\u0119sto stosowany przez osoby, kt\u00f3re chc\u0105 zwi\u0119kszy\u0107 napi\u0119cie mi\u0119\u015bniowe, takie jak kultury\u015bci i sportowcy. Sportowcy przysi\u0119gaj\u0105 na ostropest ze wzgl\u0119du na jego dzia\u0142anie anaboliczne. Dzieje si\u0119 tak, poniewa\u017c wysoki poziom hormonu testosteronu stymuluje syntez\u0119 bia\u0142ek. Zwi\u0119ksza to mas\u0119 mi\u0119\u015bniow\u0105 u sportowc\u00f3w, a w konsekwencji wytrzyma\u0142o\u015b\u0107, energi\u0119 i si\u0142\u0119.<\/span><\/p>\n<h2><span style=\"color: #000000;\">Kto mo\u017ce odnie\u015b\u0107 korzy\u015bci z przyjmowania tribulus terrestris?<\/span><\/h2>\n<p><span style=\"color: #000000;\">Aktywne sk\u0142adniki tribulus terrestris obejmuj\u0105<strong> saponiny, flawonoidy, alkaloidy, glikozydy i amidy ligniny.<\/strong> Babka zwyczajna zawiera <strong>hormon luteinizuj\u0105cy, kt\u00f3ry<\/strong> stymuluje j\u0105dra do produkcji hormonu testosteronu. Reguluje to funkcjonowanie j\u0105der u m\u0119\u017cczyzn i jajnik\u00f3w u kobiet. Odgrywa zatem wa\u017cn\u0105 rol\u0119 w cyklu menstruacyjnym u kobiet.<\/span><\/p>\n<p><span style=\"color: #000000;\">M\u0119\u017cczy\u017ani w \u015brednim wieku do\u015bwiadczaj\u0105 zmian hormonalnych podobnych do tych, kt\u00f3rych do\u015bwiadczaj\u0105 kobiety w okresie menopauzy. W wyniku spadku poziomu testosteronu, r\u00f3wnowaga hormon\u00f3w p\u0142ciowych zostaje zaburzona, co powoduje, \u017ce m\u0119\u017cczy\u017ani do\u015bwiadczaj\u0105 problem\u00f3w podobnych do tych, kt\u00f3rych do\u015bwiadczaj\u0105 kobiety w okresie menopauzy. Zjawisko to nazywane jest <strong>andropauz\u0105<\/strong> lub m\u0119sk\u0105 menopauz\u0105. Niski poziom testosteronu mo\u017ce powodowa\u0107 spadek energii, wzrost poziomu cholesterolu i glukozy we krwi, gorsz\u0105 pami\u0119\u0107 i koncentracj\u0119, niespokojny sen, wysokie ci\u015bnienie krwi i inne podobne problemy, takie jak dra\u017cliwo\u015b\u0107, niepok\u00f3j i wzrost gromadzenia si\u0119 tkanki t\u0142uszczowej wok\u00f3\u0142 talii. Normalny, tj. wy\u017cszy, poziom testosteronu u m\u0119\u017cczyzn jest r\u00f3wnie\u017c wa\u017cny dla zdrowego serca i naczy\u0144 krwiono\u015bnych.<\/span><\/p>\n<p><span style=\"color: #000000;\">Przyjmowanie tribulus terrestris jest zatem korzystne w kilku obszarach zdrowia i dobrego samopoczucia m\u0119\u017cczyzn. Jest jednak szczeg\u00f3lnie odpowiedni dla os\u00f3b w \u015brednim wieku i starszych, kt\u00f3re ju\u017c do\u015bwiadczaj\u0105 skutk\u00f3w spadku potencji seksualnej i pop\u0119du p\u0142ciowego. Chocia\u017c jest przeznaczony bardziej dla m\u0119\u017cczyzn, poniewa\u017c podnosi poziom m\u0119skiego hormonu p\u0142ciowego testosteronu, mo\u017ce by\u0107<strong> r\u00f3wnie\u017c stosowany przez kobiety<\/strong> jako naturalny afrodyzjak. Mo\u017ce r\u00f3wnie\u017c zwi\u0119ksza\u0107 p\u0142odno\u015b\u0107 kobiet, pomaga\u0107 w problemach menstruacyjnych i menopauzalnych. Poniewa\u017c mo\u017ce pom\u00f3c w naturalnej r\u00f3wnowadze \u017ce\u0144skich hormon\u00f3w, ma r\u00f3wnie\u017c pozytywny wp\u0142yw na nasze samopoczucie psychiczne.<\/span><\/p>\n<h2><span style=\"color: #000000;\">Przechowywanie i ostrze\u017cenia<\/span><\/h2>\n<p><span style=\"color: #000000;\">Przechowywa\u0107 w ch\u0142odnym i suchym miejscu. Suplement diety nale\u017cy przechowywa\u0107 w miejscu niedost\u0119pnym dla dzieci!<\/span><\/p>\n<p><span style=\"color: #000000;\">Nale\u017cy pami\u0119ta\u0107 o znaczeniu zr\u00f3\u017cnicowanej diety i zdrowego stylu \u017cycia, dlatego suplement diety nie zast\u0119puje zr\u00f3wnowa\u017conej i zr\u00f3\u017cnicowanej diety. Nie nale\u017cy przekracza\u0107 zalecanej dziennej ilo\u015bci lub dawki. Nie nadaje si\u0119 dla dzieci, kobiet w ci\u0105\u017cy i matek karmi\u0105cych.<\/span><\/p>\n<p><span style=\"color: #000000;\">Poniewa\u017c mo\u017ce zwi\u0119ksza\u0107 rozmiar gruczo\u0142u krokowego, nie jest zalecany do stosowania przez m\u0119\u017cczyzn z powi\u0119kszon\u0105 prostat\u0105. Jest r\u00f3wnie\u017c odradzany kobietom, kt\u00f3re chorowa\u0142y na raka piersi lub macicy.<\/span><\/p>\n<h2><span style=\"color: #000000;\">Opakowanie<\/span><\/h2>\n<p><span style=\"color: #000000;\">Nieprzepuszczalna torebka z zamkiem b\u0142yskawicznym, w kt\u00f3rej produkt zachowuje \u015bwie\u017co\u015b\u0107 i aromat. Opakowanie chroni produkt przed \u015bwiat\u0142em i powietrzem, poniewa\u017c sk\u0142ada si\u0119 z kilku warstw ochronnych, aby zachowa\u0107 w\u0142a\u015bciwo\u015bci zawarto\u015bci.<\/span><\/p>\n<p><span style=\"color: #000000;\">Opakowanie jest bardzo praktyczne i nadaje si\u0119 do recyklingu.<\/span><\/p>\n<h2><span style=\"color: #000000;\">Pochodzenie<\/span><\/h2>\n<p><span style=\"color: #000000;\">Indie<\/span><\/p>\n","protected":false},"excerpt":{"rendered":"<p align=\"JUSTIFY\"><span style=\"color: #000000;\">Tribulus terrestris (r\u00f3wnie\u017c <strong><em>gokshura<\/em><\/strong>) to ro\u015blina, kt\u00f3ra r\u00f3wnie\u017c tu ro\u015bnie, cho\u0107 jest rzadziej spotykana. Znany jest jako<strong> szczerbak posp<\/strong>olity. W naszym kraju ro\u015bnie najcz\u0119\u015bciej wzd\u0142u\u017c poboczy dr\u00f3g lub tor\u00f3w kolejowych. Jest to nisko rosn\u0105ca ro\u015blina o ma\u0142ych \u017c\u00f3\u0142tych kwiatach. Niezwykle twarde i k\u0142uj\u0105ce owoce tej ro\u015bliny s\u0105 wykorzystywane do produkcji r\u00f3\u017cnych suplement\u00f3w diety poprawiaj\u0105cych sprawno\u015b\u0107 seksualn\u0105:<\/span><\/p>\n<p align=\"JUSTIFY\"><span style=\"color: #000000;\">\ud83d\udc9a jest naturalnym afrodyzjakiem,<\/span><br \/>\n<span style=\"color: #000000;\">\ud83d\udc9a zwi\u0119ksza poziom testosteronu w organizmie,<\/span><br \/>\n<span style=\"color: #000000;\">\ud83d\udc9a \u0142agodzi objawy andropauzy,<\/span><br \/>\n<span style=\"color: #000000;\">\ud83d\udc9a zmniejsza problemy zwi\u0105zane z dysfunkcjami seksualnymi.<\/span><\/p>\n","protected":false},"featured_media":6062,"comment_status":"open","ping_status":"closed","template":"","meta":{"_acf_changed":false},"product_brand":[],"product_cat":[15,226,224,228,225],"product_tag":[],"class_list":{"0":"post-6061","1":"product","2":"type-product","3":"status-publish","4":"has-post-thumbnail","6":"product_cat-uncategorized","7":"product_cat-najlepiej-sprzedajacy-sie","8":"product_cat-oferta","9":"product_cat-superzywnosc","10":"product_cat-wszystkie-produkty","12":"first","13":"instock","14":"sale","15":"taxable","16":"shipping-taxable","17":"purchasable","18":"product-type-simple"},"acf":[],"_links":{"self":[{"href":"https:\/\/fengchashop.com\/pl\/wp-json\/wp\/v2\/product\/6061","targetHints":{"allow":["GET"]}}],"collection":[{"href":"https:\/\/fengchashop.com\/pl\/wp-json\/wp\/v2\/product"}],"about":[{"href":"https:\/\/fengchashop.com\/pl\/wp-json\/wp\/v2\/types\/product"}],"replies":[{"embeddable":true,"href":"https:\/\/fengchashop.com\/pl\/wp-json\/wp\/v2\/comments?post=6061"}],"wp:featuredmedia":[{"embeddable":true,"href":"https:\/\/fengchashop.com\/pl\/wp-json\/wp\/v2\/media\/6062"}],"wp:attachment":[{"href":"https:\/\/fengchashop.com\/pl\/wp-json\/wp\/v2\/media?parent=6061"}],"wp:term":[{"taxonomy":"product_brand","embeddable":true,"href":"https:\/\/fengchashop.com\/pl\/wp-json\/wp\/v2\/product_brand?post=6061"},{"taxonomy":"product_cat","embeddable":true,"href":"https:\/\/fengchashop.com\/pl\/wp-json\/wp\/v2\/product_cat?post=6061"},{"taxonomy":"product_tag","embeddable":true,"href":"https:\/\/fengchashop.com\/pl\/wp-json\/wp\/v2\/product_tag?post=6061"}],"curies":[{"name":"wp","href":"https:\/\/api.w.org\/{rel}","templated":true}]}}