{"id":6058,"date":"2022-03-03T08:52:04","date_gmt":"2022-03-03T07:52:04","guid":{"rendered":"https:\/\/fengchashop.com\/pl\/product\/moringa-bio-250-g\/"},"modified":"2026-05-09T07:54:03","modified_gmt":"2026-05-09T05:54:03","slug":"moringa-bio","status":"publish","type":"product","link":"https:\/\/fengchashop.com\/pl\/product\/moringa-bio\/","title":{"rendered":"Moringa BIO 250 g"},"content":{"rendered":"<h2><span style=\"color: #000000\">Organiczna moringa w proszku<\/span><\/h2>\n<p><span style=\"color: #000000\">Moringa jest ro\u015blin\u0105 znan\u0105 od tysi\u0119cy lat i wykorzystywan\u0105 w medycynie tradycyjnej. Istnieje co najmniej 100 r\u00f3\u017cnych nazw dla tego ma\u0142ego, ale szybko rosn\u0105cego drzewa tropikalnego, kt\u00f3rego li\u015bcie s\u0105 uwa\u017cane za jedno z <strong>najbardziej od\u017cywczych warzyw<\/strong>.<\/span><\/p>\n<p><span style=\"color: #000000\">Moringa zosta\u0142a sklasyfikowana jako warzywo ze wzgl\u0119du na<strong> wysok\u0105 zawarto\u015b\u0107 b\u0142onnika pokarmowego i wysok\u0105 warto\u015b\u0107 od\u017cywcz\u0105<\/strong>, przy czym 100 gram\u00f3w moringi zawiera:<\/span><\/p>\n<p><span style=\"color: #000000\">\ud83d\udc9a tak\u0105 sam\u0105 ilo\u015b\u0107 bia\u0142ka, jak\u0105 mo\u017cna znale\u017a\u0107 w jednym jajku,<\/span><br \/>\n<span style=\"color: #000000\">\ud83d\udc9a tak\u0105 sam\u0105 ilo\u015b\u0107 \u017celaza jak w jednym steku,<\/span><br \/>\n<span style=\"color: #000000\">\ud83d\udc9a tak\u0105 sam\u0105 ilo\u015b\u0107 witaminy C jak jedna pomara\u0144cza,<\/span><br \/>\n<span style=\"color: #000000\">\ud83d\udc9a tyle samo wapnia, co w jednej szklance mleka.<\/span><\/p>\n<p><span style=\"color: #000000\">Zawiera r\u00f3wnie\u017c witamin\u0119 B3, witamin\u0119 A, magnez, przeciwutleniacze, niezb\u0119dne aminokwasy, flawonoidy, kwasy fenolowe i inne sk\u0142adniki od\u017cywcze, kt\u00f3re sprawiaj\u0105, \u017ce moringa jest naturaln\u0105 multiwitamin\u0105.<\/span><\/p>\n<p><span style=\"color: #000000\">Ze wzgl\u0119du na swoje niezwykle szerokie spektrum dzia\u0142ania zosta\u0142a uznana za <strong>Ro\u015blin\u0119 Roku<\/strong> 2018. Jest to r\u00f3wnie\u017c jedna z najlepiej przebadanych ro\u015blin na \u015bwiecie, a niekt\u00f3re z jej efekt\u00f3w na ludzki organizm zosta\u0142y naukowo udowodnione. W\u015br\u00f3d nich z pewno\u015bci\u0105 wyr\u00f3\u017cniaj\u0105 si\u0119 nast\u0119puj\u0105ce:<\/span><\/p>\n<p><span style=\"color: #000000\">\ud83d\udc9a dzia\u0142anie przeciwutleniaj\u0105ce i przeciwzapalne,<\/span><br \/>\n<span style=\"color: #000000\">\ud83d\udc9a regulacja hormonalna,<\/span><br \/>\n<span style=\"color: #000000\">\ud83d\udc9a regulacja poziomu cukru we krwi, funkcji \u015bliny, a tym samym wydzielania insuliny,<\/span><br \/>\n<span style=\"color: #000000\">\ud83d\udc9a regulacja r\u00f3wnowagi hormonalnej,<\/span><br \/>\n<span style=\"color: #000000\">\ud83d\udc9a poprawia morfologi\u0119 krwi (hemoglobin\u0119), chroni r\u00f3wnie\u017c serce i m\u00f3zg,<\/span><br \/>\n<span style=\"color: #000000\">\ud83d\udc9a stymuluje prac\u0119 w\u0105troby i trawienie,<\/span><br \/>\n<span style=\"color: #000000\">\ud83d\udc9a poprawia kondycj\u0119 sk\u00f3ry,<\/span><br \/>\n<span style=\"color: #000000\">\ud83d\udc9a stymuluje wydzielanie hormonu szcz\u0119\u015bcia, poprawiaj\u0105c nastr\u00f3j.<\/span><\/p>\n<h2><span style=\"color: #000000\">Dlaczego moringa jest tak wysoce zalecana?<\/span><\/h2>\n<p><span style=\"color: #000000\">Suszone li\u015bcie moringi s\u0105 \u0142atwe w przechowywaniu i stosowaniu. Spo\u017cywanie 30 gram\u00f3w moringi dziennie zaspokoi dzienne zapotrzebowanie na witamin\u0119 A, 80% dziennego zapotrzebowania na wap\u0144, 60% dziennego zapotrzebowania na \u017celazo i prawie 40% dziennego zapotrzebowania na bia\u0142ko. Moringa zawiera wysoki poziom bia\u0142ka, w tym wszystkie 8 niezb\u0119dnych aminokwas\u00f3w, szerok\u0105 gam\u0119 witamin i minera\u0142\u00f3w, du\u017c\u0105 ilo\u015b\u0107 fitosk\u0142adnik\u00f3w i przeciwutleniaczy.<\/span><\/p>\n<p><span style=\"color: #000000\">Moringa jest znana z walki z<strong> niedo\u017cywieniem, zmniejszania stan\u00f3w zapalnych, stymulowania przep\u0142ywu krwi i zapobiegania infekcjom<\/strong>. Poniewa\u017c zawiera wszystkie 8 niezb\u0119dnych aminokwas\u00f3w (opr\u00f3cz 10 innych aminokwas\u00f3w), jest<strong> pe\u0142nowarto\u015bciowym bia\u0142kiem, co<\/strong> jest prawdziw\u0105 rzadko\u015bci\u0105 w\u015br\u00f3d ro\u015blin i mo\u017ce by\u0107 \u0142atwo por\u00f3wnywane do bia\u0142ek zwierz\u0119cych. Poniewa\u017c jest pochodzenia ro\u015blinnego, jest doskona\u0142ym substytutem dla wszystkich tych, kt\u00f3rzy nie jedz\u0105 mi\u0119sa i mog\u0105 zrekompensowa\u0107 niedob\u00f3r bia\u0142ka w swojej diecie za pomoc\u0105 moringi.<\/span><br \/>\n<span style=\"color: #000000\">Moringa utrzymuje <strong>mocne i zdrowe ko\u015bci<\/strong> (dzi\u0119ki wapniowi i magnezowi),<strong> od\u017cywia sk\u00f3r\u0119, reguluje ci\u015bnienie krwi, stymuluje trawienie i uk\u0142ad odporno\u015bciowy<\/strong> oraz pomaga zrzuci\u0107 zb\u0119dne kilogramy (jest bogata w b\u0142onnik, ale ma nisk\u0105 zawarto\u015b\u0107 t\u0142uszczu i kalorii).<\/span><\/p>\n<h2><span style=\"color: #000000\">Z produkcji ekologicznej<\/span><\/h2>\n<p><span style=\"color: #000000\">\u015arednie warto\u015bci od\u017cywcze na 100 g: Energia: 1280 kJ \/ 307 kcal; T\u0142uszcz: 6,7 g, w tym kwasy t\u0142uszczowe nasycone: 1,7 g; W\u0119glowodany: 24 g, w tym cukry: 6,1 g; B\u0142onnik: 27,8 g, Bia\u0142ko: 23,8 g; S\u00f3l: &lt;0,1 g.<\/span><\/p>\n<h2><span style=\"color: #000000\">Przechowywanie i ostrze\u017cenia<\/span><\/h2>\n<p><span style=\"color: #000000\">Przechowywa\u0107 w ch\u0142odnym, suchym miejscu w temperaturze do 25 \u00b0C. Suplement diety nale\u017cy przechowywa\u0107 w miejscu niedost\u0119pnym dla dzieci!<\/span><\/p>\n<p><span style=\"color: #000000\">Nale\u017cy pami\u0119ta\u0107 o znaczeniu zr\u00f3\u017cnicowanej diety i zdrowego stylu \u017cycia, dlatego suplement diety nie zast\u0119puje zr\u00f3wnowa\u017conej i zr\u00f3\u017cnicowanej diety. Nie nale\u017cy przekracza\u0107 zalecanej dziennej ilo\u015bci lub dawki. Kobietom w ci\u0105\u017cy i karmi\u0105cym piersi\u0105 zawsze zaleca si\u0119 skonsultowanie z lekarzem przed u\u017cyciem. W przeciwnym razie moringa nie ma znanych dzia\u0142a\u0144 niepo\u017c\u0105danych i jest bezpieczna do spo\u017cycia nawet w czasie ci\u0105\u017cy i karmienia piersi\u0105.<\/span><\/p>\n<h2><span style=\"color: #000000\">Opakowanie<\/span><\/h2>\n<p><span style=\"color: #000000\">Nieprzepuszczalna torebka z zamkiem b\u0142yskawicznym, w kt\u00f3rej produkt zachowuje ca\u0142\u0105 swoj\u0105 \u015bwie\u017co\u015b\u0107 i aromat. Opakowanie chroni produkt przed \u015bwiat\u0142em i powietrzem, poniewa\u017c sk\u0142ada si\u0119 z kilku warstw ochronnych, kt\u00f3re zachowuj\u0105 w\u0142a\u015bciwo\u015bci zawarto\u015bci.<\/span><\/p>\n<p><span style=\"color: #000000\">Opakowanie jest bardzo praktyczne i nadaje si\u0119 do recyklingu.<\/span><\/p>\n<h2><span style=\"color: #000000\">Pochodzenie<\/span><\/h2>\n<p><span style=\"color: #000000\">Tanzania<\/span><\/p>\n","protected":false},"excerpt":{"rendered":"<p align=\"JUSTIFY\"><span style=\"color: #000000\">Ma\u0142e, szybko rosn\u0105ce drzewo moringa, kt\u00f3rego li\u015bcie zaliczane s\u0105 do najbardziej od\u017cywczych warzyw, ro\u015bnie w tropikach.<\/span><br \/>\n<span style=\"color: #000000\">Moringa zosta\u0142a sklasyfikowana jako warzywo ze wzgl\u0119du na wysok\u0105 zawarto\u015b\u0107 b\u0142onnika pokarmowego i wysok\u0105 warto\u015b\u0107 od\u017cywcz\u0105, przy czym 100 gram\u00f3w moringi zawiera:<\/span><\/p>\n<p align=\"JUSTIFY\"><span style=\"color: #000000\">\ud83d\udc9a tak\u0105 sam\u0105 ilo\u015b\u0107 bia\u0142ka jak w jednym jajku,<\/span><br \/>\n<span style=\"color: #000000\">\ud83d\udc9a tak\u0105 sam\u0105 ilo\u015b\u0107 \u017celaza jak w jednym steku,<\/span><br \/>\n<span style=\"color: #000000\">\ud83d\udc9a tak\u0105 sam\u0105 ilo\u015b\u0107 witaminy C jak jedna pomara\u0144cza, oraz<\/span><br \/>\n<span style=\"color: #000000\">\ud83d\udc9a tyle samo wapnia, co w jednej szklance mleka.<\/span><\/p>\n","protected":false},"featured_media":6059,"comment_status":"open","ping_status":"closed","template":"","meta":{"_acf_changed":false},"product_brand":[],"product_cat":[15,230,224,228,225],"product_tag":[],"class_list":{"0":"post-6058","1":"product","2":"type-product","3":"status-publish","4":"has-post-thumbnail","6":"product_cat-uncategorized","7":"product_cat-ajurweda","8":"product_cat-oferta","9":"product_cat-superzywnosc","10":"product_cat-wszystkie-produkty","12":"first","13":"instock","14":"sale","15":"taxable","16":"shipping-taxable","17":"purchasable","18":"product-type-simple"},"acf":[],"_links":{"self":[{"href":"https:\/\/fengchashop.com\/pl\/wp-json\/wp\/v2\/product\/6058","targetHints":{"allow":["GET"]}}],"collection":[{"href":"https:\/\/fengchashop.com\/pl\/wp-json\/wp\/v2\/product"}],"about":[{"href":"https:\/\/fengchashop.com\/pl\/wp-json\/wp\/v2\/types\/product"}],"replies":[{"embeddable":true,"href":"https:\/\/fengchashop.com\/pl\/wp-json\/wp\/v2\/comments?post=6058"}],"wp:featuredmedia":[{"embeddable":true,"href":"https:\/\/fengchashop.com\/pl\/wp-json\/wp\/v2\/media\/6059"}],"wp:attachment":[{"href":"https:\/\/fengchashop.com\/pl\/wp-json\/wp\/v2\/media?parent=6058"}],"wp:term":[{"taxonomy":"product_brand","embeddable":true,"href":"https:\/\/fengchashop.com\/pl\/wp-json\/wp\/v2\/product_brand?post=6058"},{"taxonomy":"product_cat","embeddable":true,"href":"https:\/\/fengchashop.com\/pl\/wp-json\/wp\/v2\/product_cat?post=6058"},{"taxonomy":"product_tag","embeddable":true,"href":"https:\/\/fengchashop.com\/pl\/wp-json\/wp\/v2\/product_tag?post=6058"}],"curies":[{"name":"wp","href":"https:\/\/api.w.org\/{rel}","templated":true}]}}