{"id":6052,"date":"2022-02-22T18:24:09","date_gmt":"2022-02-22T17:24:09","guid":{"rendered":"https:\/\/fengchashop.com\/pl\/product\/msm-500-g\/"},"modified":"2026-05-06T12:56:43","modified_gmt":"2026-05-06T10:56:43","slug":"msm","status":"publish","type":"product","link":"https:\/\/fengchashop.com\/pl\/product\/msm\/","title":{"rendered":"MSM 500 g"},"content":{"rendered":"<div class=\"wpb-content-wrapper\"><p>[vc_row][vc_column][vc_column_text css=&#8221;&#8221;]<\/p>\n<h2><span style=\"color: #000000\">MSM w proszku<\/span><\/h2>\n<p><span style=\"color: #000000\">MSM to metylosulfonylometan, czyli<strong> siarka organiczna<\/strong> w formie dietetycznej, kt\u00f3ra wyst\u0119puje jako budulec kom\u00f3rek w ludzkim ciele. MSM powstaje w wyniku \u015bmierci i rozk\u0142adu fitoplanktonu w oceanach, a nast\u0119pnie wyparowuje do atmosfery i osadza si\u0119 w chmurach. Nast\u0119pnie wraca na ziemi\u0119 w postaci opad\u00f3w i staje si\u0119 po\u017cywieniem dla wszystkich organizm\u00f3w l\u0105dowych. MSM jest szczeg\u00f3lnie skoncentrowany w ro\u015blinach nara\u017conych na intensywne opady deszczu.<\/span><\/p>\n<p><span style=\"color: #000000\">Innym wa\u017cnym faktem jest to, \u017ce MSM jest czwartym najbardziej niezb\u0119dnym pierwiastkiem w diecie cz\u0142owieka, obok tlenu, wody i soli, poniewa\u017c siarka jest niezb\u0119dna do regeneracji i od\u017cywiania zdrowych kom\u00f3rek.<\/span><\/p>\n<p><span style=\"color: #000000\">MSM jest r\u00f3wnie\u017c znany jako minera\u0142 pi\u0119kna, poniewa\u017c ma korzystny wp\u0142yw na:<\/span><\/p>\n<p><span style=\"color: #000000\"><strong>\ud83d\udc9a regeneracj\u0119 i promowanie elastyczno\u015bci kom\u00f3rek<\/strong>, co u\u0142atwia metabolizm kom\u00f3rkowy,<\/span><br \/>\n<span style=\"color: #000000\"><strong>\ud83d\udc9a regeneracj\u0119 uszkodzonych kom\u00f3rek i tkanek<\/strong>,<\/span><br \/>\n<span style=\"color: #000000\"><strong>\ud83d\udc9a <\/strong>przywr\u00f3cenie prawid\u0142owego<strong> ph sk\u00f3ry,<\/strong><\/span><br \/>\n<span style=\"color: #000000\"><strong>\ud83d\udc9a <\/strong>\u0142agodzi<strong> obrz\u0119ki, skurcze i b\u00f3l<\/strong>.<\/span><\/p>\n<p><span style=\"color: #000000\">MSM jest niezb\u0119dnym budulcem kom\u00f3rek organizmu, kt\u00f3rego niedob\u00f3r pog\u0142\u0119bia si\u0119 wraz z wiekiem.<\/span><\/p>\n<p><span style=\"color: #000000\">Siarka organiczna jest obecna we wszystkich \u017cywych organizmach na ziemi. Jest wa\u017cnym sk\u0142adnikiem keratyny, kolagenu, elastyny i chrz\u0105stki oraz bierze udzia\u0142 w tworzeniu czerwonych krwinek, mi\u0119\u015bni, sk\u00f3ry i w\u0142os\u00f3w. Poniewa\u017c wp\u0142ywa na wygl\u0105d sk\u00f3ry, w\u0142os\u00f3w i paznokci, zosta\u0142 nazwany minera\u0142em pi\u0119kna. MSM jest jednym z g\u0142\u00f3wnych sk\u0142adnik\u00f3w aminokwas\u00f3w tworz\u0105cych bia\u0142ka i dlatego wp\u0142ywa na wiele proces\u00f3w w organizmie cz\u0142owieka: od funkcji <strong>enzym\u00f3w, r\u00f3wnowagi immunologicznej i hormonalnej, po zdrowe wi\u0119zad\u0142a, \u015bci\u0119gna i stawy<\/strong>.<\/span><\/p>\n<p><span style=\"color: #000000\"><strong>Sk\u00f3ra jest naszym najwi\u0119kszym organem<\/strong> i w du\u017cej mierze odzwierciedla nasz styl \u017cycia. Mo\u017cemy wiele zrobi\u0107 dla naszej sk\u00f3ry, kt\u00f3ra w rzeczywisto\u015bci chroni nas przed \u015bwiatem zewn\u0119trznym, dzi\u0119ki odpowiedniej diecie i w\u0142a\u015bciwemu doborowi suplement\u00f3w diety. MSM pomo\u017ce ci odbudowa\u0107 sk\u00f3r\u0119, w\u0142osy, ko\u015bci, stawy i mi\u0119\u015bnie.<\/span><\/p>\n<p><span style=\"color: #000000\">Je\u015bli chcesz<strong> odnowi\u0107 swoje cia\u0142o<\/strong>, przywr\u00f3ci\u0107 r\u00f3wnowag\u0119 i odm\u0142odzi\u0107 sw\u00f3j wygl\u0105d, MSM jest w\u0142a\u015bciwym wyborem. MSM sprawi, \u017ce kom\u00f3rki stan\u0105 si\u0119 <strong>l\u015bni\u0105ce, odm\u0142odzone i pe\u0142ne<\/strong>.<\/span><\/p>\n<p><span style=\"color: #000000\">A poniewa\u017c z wiekiem mamy coraz wi\u0119ksze jego niedobory, a MSM jest wa\u017cnym sk\u0142adnikiem, zw\u0142aszcza keratyny, kolagenu, elastyny i chrz\u0105stki, a tak\u017ce bierze udzia\u0142 w tworzeniu<strong> czerwonych krwinek, mi\u0119\u015bni, sk\u00f3ry i w\u0142os\u00f3w<\/strong>, warto rozwa\u017cy\u0107 suplementacj\u0119 MSM w postaci suplementu diety.<\/span><\/p>\n<p><span style=\"color: #000000\"><strong>Nasz MSM pochodzi z drzew sosnowych<\/strong>.<\/span><\/p>\n<p><span style=\"color: #000000\">Proces ekstrakcji polega na <strong>podw\u00f3jnym odwirowaniu<\/strong>, a nast\u0119pnie suszeniu <strong>pr\u00f3\u017cniowym<\/strong>. Bez procesu destylacji.<\/span><\/p>\n<p><span style=\"color: #000000\"><strong>Czysto\u015b\u0107 naszego MSM wynosi 99,00%.<\/strong><\/span><\/p>\n<h2><span style=\"color: #000000\">Przechowywanie i ostrze\u017cenia<\/span><\/h2>\n<p><span style=\"color: #000000\">Przechowywa\u0107 w ch\u0142odnym, suchym miejscu w temperaturze do 25 \u00b0C. Przechowywa\u0107 suplement diety w miejscu niedost\u0119pnym dla dzieci!<\/span><\/p>\n<p><span style=\"color: #000000\">Nale\u017cy pami\u0119ta\u0107 o znaczeniu zr\u00f3\u017cnicowanej diety i zdrowego stylu \u017cycia, dlatego suplement diety nie zast\u0119puje zr\u00f3wnowa\u017conej i zr\u00f3\u017cnicowanej diety. Nie nale\u017cy przekracza\u0107 zalecanej dziennej ilo\u015bci lub dawki. Kobietom w ci\u0105\u017cy i karmi\u0105cym piersi\u0105 zawsze zaleca si\u0119 skonsultowanie z lekarzem przed u\u017cyciem. Zaleca si\u0119 ostro\u017cno\u015b\u0107 podczas przyjmowania lek\u00f3w, zw\u0142aszcza lek\u00f3w rozrzedzaj\u0105cych krew, poniewa\u017c MSM rozrzedza krew.<\/span><\/p>\n<h2><span style=\"color: #000000\">Opakowanie<\/span><\/h2>\n<p><span style=\"color: #000000\">Nieprzepuszczalna torebka z zamkiem b\u0142yskawicznym, w kt\u00f3rej produkt zachowuje ca\u0142\u0105 swoj\u0105 \u015bwie\u017co\u015b\u0107 i aromat. Opakowanie chroni przed \u015bwiat\u0142em i powietrzem, poniewa\u017c sk\u0142ada si\u0119 z kilku warstw ochronnych, aby zachowa\u0107 w\u0142a\u015bciwo\u015bci zawarto\u015bci.<\/span><\/p>\n<p><span style=\"color: #000000\">Opakowanie jest bardzo praktyczne i nadaje si\u0119 do recyklingu.<\/span><\/p>\n<h2><span style=\"color: #000000\">Warto wiedzie\u0107<\/span><\/h2>\n<p><span style=\"color: #000000\">Produkt jest r\u00f3wnie\u017c odpowiedni dla zwierz\u0105t. Dzia\u0142anie MSM jest podobne do jego wp\u0142ywu na ludzi. Przed u\u017cyciem nale\u017cy skonsultowa\u0107 si\u0119 z lekarzem weterynarii w sprawie celowo\u015bci jego przyjmowania i zalecanej dziennej dawki.<\/span><\/p>\n<h2><span style=\"color: #000000\">Pochodzenie<\/span><\/h2>\n<p>Poza UE[\/vc_column_text][\/vc_column][\/vc_row]<\/p>\n<\/div>","protected":false},"excerpt":{"rendered":"<p align=\"JUSTIFY\">MSM to metylosulfinometan, czyli siarka organiczna w postaci dietetycznej, kt\u00f3ra stanowi budulec kom\u00f3rek w ca\u0142ym ludzkim ciele. Nasz MSM jest <strong>pozyskiwany z drzew sosnowych<\/strong>. Proces ekstrakcji polega na <strong>podw\u00f3jnym odwirowaniu, a nast\u0119pnie suszeniu pr\u00f3\u017cniowym<\/strong>. Bez procesu destylacji. Gwarantowana <strong>czysto\u015b\u0107 naszego MSM wynosi 99,00%<\/strong>.<\/p>\n<p align=\"JUSTIFY\">\ud83d\udc9a Przywracanie i promowanie elastyczno\u015bci kom\u00f3rek, u\u0142atwianie metabolizmu kom\u00f3rkowego.<br \/>\n\ud83d\udc9a Pomaga regenerowa\u0107 uszkodzone kom\u00f3rki i tkanki.<br \/>\n\ud83d\udc9a \u0141agodzi b\u00f3le staw\u00f3w i mi\u0119\u015bni.<br \/>\n\ud83d\udc9a Przyspiesza gojenie si\u0119 ran i redukuje blizny.<\/p>\n","protected":false},"featured_media":6053,"comment_status":"open","ping_status":"closed","template":"","meta":{"_acf_changed":false},"product_brand":[],"product_cat":[15,224,228,225],"product_tag":[],"class_list":{"0":"post-6052","1":"product","2":"type-product","3":"status-publish","4":"has-post-thumbnail","6":"product_cat-uncategorized","7":"product_cat-oferta","8":"product_cat-superzywnosc","9":"product_cat-wszystkie-produkty","11":"first","12":"instock","13":"sale","14":"taxable","15":"shipping-taxable","16":"purchasable","17":"product-type-simple"},"acf":[],"_links":{"self":[{"href":"https:\/\/fengchashop.com\/pl\/wp-json\/wp\/v2\/product\/6052","targetHints":{"allow":["GET"]}}],"collection":[{"href":"https:\/\/fengchashop.com\/pl\/wp-json\/wp\/v2\/product"}],"about":[{"href":"https:\/\/fengchashop.com\/pl\/wp-json\/wp\/v2\/types\/product"}],"replies":[{"embeddable":true,"href":"https:\/\/fengchashop.com\/pl\/wp-json\/wp\/v2\/comments?post=6052"}],"wp:featuredmedia":[{"embeddable":true,"href":"https:\/\/fengchashop.com\/pl\/wp-json\/wp\/v2\/media\/6053"}],"wp:attachment":[{"href":"https:\/\/fengchashop.com\/pl\/wp-json\/wp\/v2\/media?parent=6052"}],"wp:term":[{"taxonomy":"product_brand","embeddable":true,"href":"https:\/\/fengchashop.com\/pl\/wp-json\/wp\/v2\/product_brand?post=6052"},{"taxonomy":"product_cat","embeddable":true,"href":"https:\/\/fengchashop.com\/pl\/wp-json\/wp\/v2\/product_cat?post=6052"},{"taxonomy":"product_tag","embeddable":true,"href":"https:\/\/fengchashop.com\/pl\/wp-json\/wp\/v2\/product_tag?post=6052"}],"curies":[{"name":"wp","href":"https:\/\/api.w.org\/{rel}","templated":true}]}}