{"id":6049,"date":"2022-02-22T16:28:02","date_gmt":"2022-02-22T15:28:02","guid":{"rendered":"https:\/\/fengchashop.com\/pl\/product\/kolagen-msm-witamina-c-w-proszku-250-g\/"},"modified":"2026-04-29T22:00:16","modified_gmt":"2026-04-29T20:00:16","slug":"kolagen-msm-witamina-c-w-proszku","status":"publish","type":"product","link":"https:\/\/fengchashop.com\/pl\/product\/kolagen-msm-witamina-c-w-proszku\/","title":{"rendered":"Kolagen + MSM + witamina C w proszku 250 g"},"content":{"rendered":"<h2><span style=\"color: #000000\">Kolagen + MSM + witamina C w proszku<\/span><\/h2>\n<p><span style=\"color: #000000\">W trosce o Twoje zdrowie i urod\u0119 przygotowali\u015bmy specjaln\u0105 mieszank\u0119 suplement\u00f3w, kt\u00f3rych naszym zdaniem pr\u0119dzej czy p\u00f3\u017aniej potrzebuje niemal ka\u017cdy &#8211; Tw\u00f3j organizm nam podzi\u0119kuje, a Twoja sk\u00f3ra nabierze blasku. To kolejny produkt w naszej bogatej ofercie, stworzony z my\u015bl\u0105 o potrzebach wsp\u00f3\u0142czesnego cz\u0142owieka, kt\u00f3ry czerpie z natury tylko to, co najlepsze.<\/span><\/p>\n<p><span style=\"color: #000000\">Powszechnie wiadomo, \u017ce po 25 roku \u017cycia produkcja naszego w\u0142asnego kolagenu zaczyna spada\u0107 o oko\u0142o 1% rocznie. Skutki tego stopniowego spadku kolagenu s\u0105 widoczne p\u00f3\u017aniej, poniewa\u017c pierwsze widoczne oznaki mog\u0105 zaj\u0105\u0107 nawet 10 lat, podczas gdy zmiany w wewn\u0119trznej strukturze ko\u015bci, sk\u00f3ry, naczy\u0144 krwiono\u015bnych, mi\u0119\u015bni, w\u0142os\u00f3w i paznokci zaczynaj\u0105 pojawia\u0107 si\u0119 wcze\u015bniej. Innymi s\u0142owy, pierwsze zmarszczki, kt\u00f3re widzimy na twarzy, s\u0105 wynikiem spadku produkcji kolagenu wiele lat temu. Ale poniewa\u017c kolagen<strong> jest r\u00f3wnie\u017c odpowiedzialny za normalne funkcjonowanie ko\u015bci, sk\u00f3ry, z\u0119b\u00f3w, naczy\u0144 krwiono\u015bnych, chrz\u0105stek i dzi\u0105se\u0142<\/strong>, jego niedob\u00f3r w naturalny spos\u00f3b wp\u0142ywa na wszystkie te obszary. Kolagen <strong>przyczynia si\u0119 r\u00f3wnie\u017c do zdrowych jel<\/strong>it, kt\u00f3re w rzeczywisto\u015bci cz\u0119sto s\u0105 kluczem do naszego og\u00f3lnego zdrowia i dobrego samopoczucia.<\/span><\/p>\n<p><span style=\"color: #000000\">Hydrolizowany kolagen jest zalecany po 30 roku \u017cycia jako uzupe\u0142nienie zdrowej i zbilansowanej diety oraz aktywnego trybu \u017cycia. Dla zdrowego wygl\u0105du sk\u00f3ry, w\u0142os\u00f3w i paznokci, a tak\u017ce dla zdrowych i mocnych ko\u015bci, z\u0119b\u00f3w i staw\u00f3w opracowali\u015bmy ulepszon\u0105 mieszank\u0119, kt\u00f3ra zawiera nie tylko kolagen, ale tak\u017ce dodatek MSM, czyli organicznego kwasu siarkowego, znanego r\u00f3wnie\u017c jako<strong> minera\u0142 pi\u0119kna<\/strong>, kt\u00f3ry ma r\u00f3wnie\u017c pozytywny wp\u0142yw na nasz\u0105 sk\u00f3r\u0119, w\u0142osy, paznokcie, stawy i ko\u015bci. Jest to budulec naszych kom\u00f3rek i ca\u0142kowicie naturalny, nieod\u0142\u0105czny sk\u0142adnik ludzki, kt\u00f3rego produkcja r\u00f3wnie\u017c spada wraz z wiekiem. Poniewa\u017c witamina C jest r\u00f3wnie\u017c bardzo wa\u017cna dla funkcjonowania MSM i dla wi\u0119kszo\u015bci proces\u00f3w zachodz\u0105cych w naszym organizmie &#8211; zw\u0142aszcza jako<strong> przeciwutleniacz<\/strong>, kt\u00f3ry mi\u0119dzy innymi pozwala na lepsze wch\u0142anianie witamin i minera\u0142\u00f3w, dodali\u015bmy t\u0119 niezb\u0119dn\u0105 witamin\u0119 do mieszanki. Witamina C jest r\u00f3wnie\u017c niezb\u0119dna w naszych mieszankach, poniewa\u017c produkcja naszego w\u0142asnego kolagenu jest wysoce zale\u017cna od wystarczaj\u0105cej ilo\u015bci tej witaminy. Nale\u017cy zauwa\u017cy\u0107, \u017ce palacze, osoby aktywne fizycznie i sportowcy w szczeg\u00f3lno\u015bci maj\u0105 najwy\u017csze dzienne zapotrzebowanie na witamin\u0119 C, ale to zwi\u0119kszone zapotrzebowanie nie jest zwykle osi\u0105gane poprzez sam\u0105 diet\u0119, wi\u0119c jest zalecane jako suplement diety, a nadmiar witaminy C jest po prostu eliminowany przez organizm.<\/span><\/p>\n<p><span style=\"color: #000000\">Regularne przyjmowanie tej super mieszanki przynosi wiele korzy\u015bci dla naszego wewn\u0119trznego i zewn\u0119trznego pi\u0119kna:<\/span><\/p>\n<p><span style=\"color: #000000\">\ud83d\udc9a poprawia <strong>zdrowie sk\u00f3ry, w\u0142os\u00f3w i<\/strong> paznokci;<\/span><br \/>\n<span style=\"color: #000000\">\ud83d\udc9a poprawia <strong>funkcjonowanie jelit<\/strong>;<\/span><br \/>\n<span style=\"color: #000000\">\ud83d\udc9a poprawia <strong>mas\u0119 mi\u0119\u015bniow\u0105<\/strong>;<\/span><br \/>\n<span style=\"color: #000000\">\ud83d\udc9a zwi\u0119ksza<strong> nawodnienie<\/strong> organizmu;<\/span><br \/>\n<span style=\"color: #000000\">\ud83d\udc9a sk\u00f3ra nie jest ju\u017c sucha, <strong>poprawia si\u0119 jej kondycja<\/strong>, ph sk\u00f3ry r\u00f3wnowa\u017cy si\u0119, staje si\u0119 elastyczna i szybciej si\u0119 regeneruje;<\/span><br \/>\n<span style=\"color: #000000\">\ud83d\udc9a ma<strong> dzia\u0142anie przeciwstarzeniowe<\/strong>;<\/span><br \/>\n<span style=\"color: #000000\">\ud83d\udc9a nasze<strong> ko\u015bci, z\u0119by i stawy staj\u0105 si\u0119 mocniejsze<\/strong>;<\/span><br \/>\n<span style=\"color: #000000\">\ud83d\udc9a poprawia si\u0119 <strong>tworzenie naszego w\u0142asnego kolagenu<\/strong>;<\/span><br \/>\n<span style=\"color: #000000\">\ud83d\udc9a kom\u00f3rki s\u0105 chronione<strong> przed stresem oksydacyjnym<\/strong>;<\/span><br \/>\n<span style=\"color: #000000\">\ud83d\udc9a Poprawia si\u0119 <strong>fizyczne zm\u0119czenie i wyczerpanie;<\/strong><\/span><br \/>\n<span style=\"color: #000000\">\ud83d\udc9azdrowy<strong> uk\u0142ad odporno\u015bciowy i r\u00f3wnowaga hormonalna;<\/strong><\/span><br \/>\n<span style=\"color: #000000\">\ud83d\udc9a kom\u00f3rki i tkanki <strong>regeneruj\u0105<\/strong> si\u0119 szybciej.<\/span><\/p>\n<h2><span style=\"color: #000000\">Opakowanie<\/span><\/h2>\n<p><span style=\"color: #000000\">Nieprzepuszczalna torebka z zamkiem b\u0142yskawicznym, w kt\u00f3rej produkt zachowuje \u015bwie\u017co\u015b\u0107 i aromat. Opakowanie chroni przed \u015bwiat\u0142em i powietrzem, sk\u0142adaj\u0105c si\u0119 z kilku warstw ochronnych w celu zachowania w\u0142a\u015bciwo\u015bci zawarto\u015bci.<\/span><\/p>\n<p><span style=\"color: #000000\">Opakowanie jest bardzo praktyczne i nadaje si\u0119 do recyklingu.<\/span><\/p>\n<h2><span style=\"color: #000000\">Przechowywanie<\/span><\/h2>\n<p><span style=\"color: #000000\">Przechowywa\u0107 w suchym, ciemnym i ch\u0142odnym miejscu. Upewni\u0107 si\u0119, \u017ce torebka jest szczelnie zamkni\u0119ta.<\/span><\/p>\n<h2><span style=\"color: #000000\">Pochodzenie<\/span><\/h2>\n<p><span style=\"color: #000000\">UE<\/span><\/p>\n","protected":false},"excerpt":{"rendered":"<p align=\"JUSTIFY\">Kolagen, MSM i witamina C dla urody i dobrego samopoczucia. Specjalna mieszanka, za kt\u00f3r\u0105 nasze cia\u0142o b\u0119dzie wdzi\u0119czne, a nasza sk\u00f3ra po prostu promienieje. Regularne przyjmowanie mieszanki kolagenu, MSM i witaminy C przynosi wiele korzy\u015bci dla naszego wewn\u0119trznego i zewn\u0119trznego pi\u0119kna:<\/p>\n<p align=\"JUSTIFY\">\ud83d\udc9a Poprawa kondycji <strong>sk\u00f3ry<\/strong>, <strong>w\u0142os\u00f3w<\/strong> i <strong>paznokci.<\/strong><br \/>\n\ud83d\udc9a Zwi\u0119kszone <strong>nawodnienie organizmu.<\/strong><br \/>\n\ud83d\udc9a Ko\u015bci, z\u0119by i stawy staj\u0105 si\u0119 mocniejsze.<br \/>\n\ud83d\udc9a poprawia si\u0119 produkcja kolagenu.<\/p>\n","protected":false},"featured_media":6050,"comment_status":"open","ping_status":"closed","template":"","meta":{"_acf_changed":false},"product_brand":[],"product_cat":[15,205,224,228,225],"product_tag":[],"class_list":{"0":"post-6049","1":"product","2":"type-product","3":"status-publish","4":"has-post-thumbnail","6":"product_cat-uncategorized","7":"product_cat-herbata-jedzenie-i-przyprawy","8":"product_cat-oferta","9":"product_cat-superzywnosc","10":"product_cat-wszystkie-produkty","12":"first","13":"instock","14":"sale","15":"taxable","16":"shipping-taxable","17":"purchasable","18":"product-type-simple"},"acf":[],"_links":{"self":[{"href":"https:\/\/fengchashop.com\/pl\/wp-json\/wp\/v2\/product\/6049","targetHints":{"allow":["GET"]}}],"collection":[{"href":"https:\/\/fengchashop.com\/pl\/wp-json\/wp\/v2\/product"}],"about":[{"href":"https:\/\/fengchashop.com\/pl\/wp-json\/wp\/v2\/types\/product"}],"replies":[{"embeddable":true,"href":"https:\/\/fengchashop.com\/pl\/wp-json\/wp\/v2\/comments?post=6049"}],"wp:featuredmedia":[{"embeddable":true,"href":"https:\/\/fengchashop.com\/pl\/wp-json\/wp\/v2\/media\/6050"}],"wp:attachment":[{"href":"https:\/\/fengchashop.com\/pl\/wp-json\/wp\/v2\/media?parent=6049"}],"wp:term":[{"taxonomy":"product_brand","embeddable":true,"href":"https:\/\/fengchashop.com\/pl\/wp-json\/wp\/v2\/product_brand?post=6049"},{"taxonomy":"product_cat","embeddable":true,"href":"https:\/\/fengchashop.com\/pl\/wp-json\/wp\/v2\/product_cat?post=6049"},{"taxonomy":"product_tag","embeddable":true,"href":"https:\/\/fengchashop.com\/pl\/wp-json\/wp\/v2\/product_tag?post=6049"}],"curies":[{"name":"wp","href":"https:\/\/api.w.org\/{rel}","templated":true}]}}