{"id":6046,"date":"2022-02-22T11:26:11","date_gmt":"2022-02-22T10:26:11","guid":{"rendered":"https:\/\/fengchashop.com\/pl\/product\/maca-czarny-proszek-bio-250-g\/"},"modified":"2026-04-29T01:28:54","modified_gmt":"2026-04-28T23:28:54","slug":"mac-czarny-proszek-bio","status":"publish","type":"product","link":"https:\/\/fengchashop.com\/pl\/product\/mac-czarny-proszek-bio\/","title":{"rendered":"Maca czarny proszek BIO 250 g"},"content":{"rendered":"<h2><span style=\"color: #000000;\">Czarna maca w proszku BIO<\/span><\/h2>\n<p><span style=\"color: #000000;\">Maca to ukorzeniona ro\u015blina, kt\u00f3ra rozwija si\u0119 na peruwia\u0144skich i andyjskich wy\u017cynach, nara\u017cona na ekstremalne warunki pogodowe i du\u017ce r\u00f3\u017cnice temperatur mi\u0119dzy dniem a noc\u0105. Nazywana jest r\u00f3wnie\u017c <strong>peruwia\u0144skim \u017ce\u0144-szeniem<\/strong>. Poniewa\u017c jest praktycznie niezwyci\u0119\u017cona pod wzgl\u0119dem przetrwania, staro\u017cytni Inkowie wykorzystali jej aktywne sk\u0142adniki, kt\u00f3re s\u0105 szczeg\u00f3lnie dobre dla <strong>m\u0119skiej potencji seksualnej<\/strong> i maj\u0105 korzystny wp\u0142yw na og\u00f3lny stan zdrowia. Z tego ostatniego powodu jest uwa\u017cany za niezwykle cenn\u0105 super\u017cywno\u015b\u0107.<\/span><\/p>\n<p><span style=\"color: #000000;\">Lecznicz\u0105 cz\u0119\u015bci\u0105 buzdyganka ziemnego jest bulwa, kt\u00f3ra zawiera wiele <strong>witamin, minera\u0142\u00f3w i aminokwas\u00f3w<\/strong>. Ze wzgl\u0119du na swoje w\u0142a\u015bciwo\u015bci hormonopodobne, reguluje poziom estrogenu i progesteronu, czy testosteronu, kt\u00f3re korzystnie wp\u0142ywaj\u0105 na nasze samopoczucie oraz dodaj\u0105 nam si\u0142y i wytrzyma\u0142o\u015bci. Zawarto\u015b\u0107 wa\u017cnych witamin, takich jak witamina B1, B12, C i E, a tak\u017ce kwas\u00f3w t\u0142uszczowych, minera\u0142\u00f3w i aminokwas\u00f3w (w tym 7 niezb\u0119dnych &#8211; tych, kt\u00f3rych potrzebuje nasz organizm), sprawia, \u017ce maca jest jednym z najbardziej skutecznych, po\u017c\u0105danych i polecanych naturalnych superfoods z tradycj\u0105 si\u0119gaj\u0105c\u0105 tysi\u0119cy lat.<\/span><\/p>\n<p><span style=\"color: #000000;\">Jest to<strong> zio\u0142o adaptogenne, kt\u00f3re<\/strong> <strong>zwi\u0119ksza energi\u0119, wytrzyma\u0142o\u015b\u0107, witalno\u015b\u0107 i si\u0142\u0119 fizyczn\u0105<\/strong>. Pomaga nam \u0142atwiej reagowa\u0107 na stres i dostosowywa\u0107 si\u0119 do zmian. Wyst\u0119puje najobficiej w Andach w \u015brodkowym Peru, w trudnych warunkach i na bardzo du\u017cych wysoko\u015bciach &#8211; ponad 4000 metr\u00f3w. Jest to warzywo krzy\u017cowe, takie jak broku\u0142y, kalafior, rzepa, kapusta, jarmu\u017c i rzodkiewka. Najbardziej jadaln\u0105 cz\u0119\u015bci\u0105 ro\u015bliny jest korze\u0144 lub bulwa. Wyst\u0119puje w kilku kolorach, od bia\u0142ego do czarnego. Najpopularniejsze kolory to <strong>\u017c\u00f3\u0142ty, czerwony i czarny<\/strong>. Zwyk\u0142a \u017c\u00f3\u0142ta maca jest u\u017cywana do codziennego i d\u0142ugotrwa\u0142ego spo\u017cycia. Czerwona i czarna maca s\u0105 uwa\u017cane za \u015bwi\u0119te odmiany i s\u0105 stosowane w przewlek\u0142ych problemach terapeutycznych. \u017b\u00f3\u0142ta maca jest neutralna. Czerwona jest uwa\u017cana za wewn\u0119trzn\u0105 energi\u0119 kobiec\u0105. Czarna jest uwa\u017cana za zewn\u0119trzn\u0105 <strong>energi\u0119<\/strong> m\u0119sk\u0105. Lokalni szamani zwracaj\u0105 szczeg\u00f3ln\u0105 uwag\u0119 na rodzaj lub proporcje maca, kt\u00f3re powinna spo\u017cywa\u0107 osoba z problemami.<\/span><\/p>\n<p><span style=\"color: #000000;\">Ma bardzo s\u0142odki smak i szeroki zakres zastosowa\u0144.<\/span><\/p>\n<p><span style=\"color: #000000;\">Czarna maca stanowi jedynie oko\u0142o 10% \u015bwiatowej produkcji wszystkich rodzaj\u00f3w maca. Jest r\u00f3wnie\u017c wysoko ceniona ze wzgl\u0119du na swoje zastosowania lecznicze.<\/span><\/p>\n<h2><span style=\"color: #000000;\">Dlaczego warto wybra\u0107 czarn\u0105 mac\u0119?<\/span><\/h2>\n<p><span style=\"color: #000000;\">Czarna maca jest uwa\u017cana za naturaln\u0105 viagr\u0119. Ma znacz\u0105cy wp\u0142yw na liczb\u0119 i ruchliwo\u015b\u0107 plemnik\u00f3w. Z tego wzgl\u0119du jest szczeg\u00f3lnie ceniona przez pary, kt\u00f3re nie mog\u0105 zaj\u015b\u0107 w ci\u0105\u017c\u0119. Ponadto dodaje si\u0142, poprawia nastr\u00f3j, chroni przed stresem i niepokojem, poprawia pami\u0119\u0107 i koncentracj\u0119, dzia\u0142a jak naturalny antydepresant i poprawia sen.<\/span><\/p>\n<p><span style=\"color: #000000;\">Nasza maca pochodzi z wysokog\u00f3rskich gospodarstw ekologicznych w Peru i jest w 100% <strong>organiczna.<\/strong> Ka\u017cda partia jest analizowana i certyfikowana.<\/span><\/p>\n<h2><span style=\"color: #000000;\">Dlaczego warto zam\u00f3wi\u0107 nasz\u0105 mac\u0119?<\/span><\/h2>\n<p><span style=\"color: #000000;\">Nasza maca w proszku pochodzi z <strong>kontrolowanych upraw ekologicznych,<\/strong> jest starannie suszona i mielona na proszek przypominaj\u0105cy m\u0105k\u0119. Ponadto regularnie dbamy o to, by nasze zapasy maca by\u0142y zawsze <strong>\u015bwie\u017ce<\/strong>! Dlatego te\u017c sami starannie przygotowujemy mieszank\u0119, poniewa\u017c jest to jedyny spos\u00f3b na zapewnienie jej integralno\u015bci ze \u015bwie\u017cymi sk\u0142adnikami w odpowiednich proporcjach.<\/span><\/p>\n<p><span style=\"color: #000000;\">Maca pochodzi z wysokog\u00f3rskich gospodarstw ekologicznych w Peru. Przeanalizowali\u015bmy i zatwierdzili\u015bmy ka\u017cd\u0105 parti\u0119.<\/span><\/p>\n<h2><span style=\"color: #000000;\">Warto\u015bci od\u017cywcze<\/span><\/h2>\n<p><span style=\"color: #000000;\">\u015arednie warto\u015bci od\u017cywcze na 100 g czarnej maca: energia: 1448 kJ\/342 kcal; t\u0142uszcz: 0,6 g, w tym kwasy t\u0142uszczowe nasycone: 0,2 g; w\u0119glowodany: 67 g, w tym cukry: 24 g; bia\u0142ko: 13 g; b\u0142onnik: 10 g i s\u00f3l: 0,53 g.<\/span><\/p>\n<h2><span style=\"color: #000000;\">Przechowywanie i ostrze\u017cenia<\/span><\/h2>\n<p><span style=\"color: #000000;\">Przechowywa\u0107 w ch\u0142odnym, suchym miejscu w temperaturze do 25 \u00b0C. Suplement diety nale\u017cy przechowywa\u0107 w miejscu niedost\u0119pnym dla dzieci!<\/span><\/p>\n<p><span style=\"color: #000000;\">Nale\u017cy pami\u0119ta\u0107 o znaczeniu zr\u00f3\u017cnicowanej diety i zdrowego stylu \u017cycia, dlatego suplement diety nie zast\u0119puje zr\u00f3wnowa\u017conej i zr\u00f3\u017cnicowanej diety. Nie nale\u017cy przekracza\u0107 zalecanej dziennej ilo\u015bci lub dawki. Kobietom w ci\u0105\u017cy i karmi\u0105cym piersi\u0105 zawsze zaleca si\u0119 skonsultowanie z lekarzem przed u\u017cyciem.<\/span><\/p>\n<h2><span style=\"color: #000000;\">Opakowanie<\/span><\/h2>\n<p><span style=\"color: #000000;\">Nieprzepuszczalna torebka z zamkiem b\u0142yskawicznym, w kt\u00f3rej produkt zachowuje \u015bwie\u017co\u015b\u0107 i aromat. Opakowanie chroni produkt przed \u015bwiat\u0142em i powietrzem, poniewa\u017c sk\u0142ada si\u0119 z kilku warstw ochronnych, aby zachowa\u0107 w\u0142a\u015bciwo\u015bci zawarto\u015bci.<\/span><\/p>\n<p><span style=\"color: #000000;\">Opakowanie jest bardzo praktyczne i nadaje si\u0119 do recyklingu.<\/span><\/p>\n<h2><span style=\"color: #000000;\">Pochodzenie<\/span><\/h2>\n<p><span style=\"color: #000000;\">Peru<\/span><\/p>\n","protected":false},"excerpt":{"rendered":"<p align=\"JUSTIFY\">Maca to ro\u015blina korzeniowa, kt\u00f3ra ro\u015bnie na peruwia\u0144skich wy\u017cynach andyjskich, nara\u017cona na<strong> ekstremalne warunki pogodowe<\/strong> i du\u017ce r\u00f3\u017cnice temperatur mi\u0119dzy dniem a noc\u0105. Lecznicz\u0105 cz\u0119\u015bci\u0105 maca jest bulwa, kt\u00f3ra zawiera wiele<strong> witamin, minera\u0142\u00f3w i aminokwas\u00f3w<\/strong>. Zawieraj\u0105c wa\u017cne witaminy, takie jak witamina B1, B12, C i E, a tak\u017ce kwasy t\u0142uszczowe, minera\u0142y i aminokwasy, maca jest jednym z najbardziej skutecznych, po\u017c\u0105danych i zalecanych naturalnych superfoods z tradycj\u0105 si\u0119gaj\u0105c\u0105 tysi\u0119cy lat.<\/p>\n<p align=\"JUSTIFY\">\ud83d\udc9a Dla zewn\u0119trznej m\u0119skiej energii.<br \/>\n\ud83d\udc9a Dla doskona\u0142ego zdrowia i witalno\u015bci.<br \/>\n\ud83d\udc9a Poprawia nastr\u00f3j, chroni przed stresem i niepokojem.<br \/>\n\ud83d\udc9a Zwi\u0119ksza witalno\u015b\u0107 i si\u0142\u0119.<\/p>\n","protected":false},"featured_media":6047,"comment_status":"open","ping_status":"closed","template":"","meta":{"_acf_changed":false},"product_brand":[],"product_cat":[15,228],"product_tag":[],"class_list":{"0":"post-6046","1":"product","2":"type-product","3":"status-publish","4":"has-post-thumbnail","6":"product_cat-uncategorized","7":"product_cat-superzywnosc","9":"first","10":"instock","11":"sale","12":"taxable","13":"shipping-taxable","14":"purchasable","15":"product-type-simple"},"acf":[],"_links":{"self":[{"href":"https:\/\/fengchashop.com\/pl\/wp-json\/wp\/v2\/product\/6046","targetHints":{"allow":["GET"]}}],"collection":[{"href":"https:\/\/fengchashop.com\/pl\/wp-json\/wp\/v2\/product"}],"about":[{"href":"https:\/\/fengchashop.com\/pl\/wp-json\/wp\/v2\/types\/product"}],"replies":[{"embeddable":true,"href":"https:\/\/fengchashop.com\/pl\/wp-json\/wp\/v2\/comments?post=6046"}],"wp:featuredmedia":[{"embeddable":true,"href":"https:\/\/fengchashop.com\/pl\/wp-json\/wp\/v2\/media\/6047"}],"wp:attachment":[{"href":"https:\/\/fengchashop.com\/pl\/wp-json\/wp\/v2\/media?parent=6046"}],"wp:term":[{"taxonomy":"product_brand","embeddable":true,"href":"https:\/\/fengchashop.com\/pl\/wp-json\/wp\/v2\/product_brand?post=6046"},{"taxonomy":"product_cat","embeddable":true,"href":"https:\/\/fengchashop.com\/pl\/wp-json\/wp\/v2\/product_cat?post=6046"},{"taxonomy":"product_tag","embeddable":true,"href":"https:\/\/fengchashop.com\/pl\/wp-json\/wp\/v2\/product_tag?post=6046"}],"curies":[{"name":"wp","href":"https:\/\/api.w.org\/{rel}","templated":true}]}}