{"id":6041,"date":"2022-02-22T10:17:16","date_gmt":"2022-02-22T09:17:16","guid":{"rendered":"https:\/\/fengchashop.com\/pl\/product\/polyporus-umbellatus-dziki-bio-125\/"},"modified":"2026-04-29T06:19:15","modified_gmt":"2026-04-29T04:19:15","slug":"polyporus-umbellatus-dziki-bio","status":"publish","type":"product","link":"https:\/\/fengchashop.com\/pl\/product\/polyporus-umbellatus-dziki-bio\/","title":{"rendered":"Polyporus umbellatus dziki BIO 125"},"content":{"rendered":"<h2><span style=\"color: #000000\">Polyporus umbellatus dziki BIO w proszku<\/span><\/h2>\n<p><span style=\"color: #000000\">Polyporus umbellatus to jadalny, ale chroniony grzyb, podobny z wygl\u0105du do kalafiora. Podczas gdy cz\u0119\u015b\u0107 nadziemna (trosnjake) jest u\u017cywana w zastosowaniach kulinarnych, cz\u0119\u015b\u0107 podziemna (sclerotium) jest lecznicza. Jest to bardzo dobrze zbadany grzyb leczniczy, poniewa\u017c zawiera wiele<strong> bioaktywnych zwi\u0105zk\u00f3w<\/strong>, kt\u00f3re maj\u0105 udowodnione dzia\u0142anie przeciwnowotworowe i przeciwnowotworowe. Z tego powodu jest cz\u0119sto sk\u0142adnikiem r\u00f3\u017cnych lek\u00f3w i suplement\u00f3w diety. Rozga\u0142\u0119ziony punnet jest r\u00f3wnie\u017c<strong> doskona\u0142ym \u017ar\u00f3d\u0142em przeciwutleniaczy<\/strong>, kt\u00f3re zmiataj\u0105 wolne rodniki, <strong>poprawiaj\u0105c<\/strong> w ten spos\u00f3b <strong>uk\u0142ad odporno\u015bciowy<\/strong> i maj\u0105c<strong> w\u0142a\u015bciwo\u015bci przeciwdrobnoustrojowe<\/strong>. Jest stosowany w celach leczniczych, zw\u0142aszcza w tradycyjnej medycynie chi\u0144skiej jako \u015brodek moczop\u0119dny w celu zapobiegania lub leczenia problem\u00f3w zwi\u0105zanych z zaburzeniami czynno\u015bci nerek i w\u0105troby, zatrzymywaniem wody, obrz\u0119kami, a tak\u017ce w przypadku biegunki, \u017c\u00f3\u0142taczki oraz w leczeniu up\u0142aw\u00f3w i bolesnego oddawania moczu. Jest r\u00f3wnie\u017c uwa\u017cany za naturalny antybiotyk w TCM. Jego dzia\u0142anie moczop\u0119dne i korzystny wp\u0142yw na nerki i w\u0105trob\u0119 zosta\u0142y r\u00f3wnie\u017c potwierdzone przez naukowc\u00f3w. Stymuluje r\u00f3wnie\u017c uk\u0142ad odporno\u015bciowy i jest doskona\u0142ym wsparciem dla chemioterapii w leczeniu raka.<\/span><\/p>\n<p><span style=\"color: #000000\">Produkcja naszego grzyba Polyporus umbellatus jest \u015bci\u015ble kontrolowana, bez u\u017cycia chemikali\u00f3w lub pestycyd\u00f3w i w <strong>100% organiczna<\/strong>.\u00a0<\/span><\/p>\n<h2><span style=\"color: #000000\">Co zawiera i dla kogo jest przeznaczony?<\/span><\/h2>\n<p><span style=\"color: #000000\">Opr\u00f3cz typowych polisacharyd\u00f3w, witamin, soli mineralnych i innych przeciwutleniaczy, grzyb rozga\u0142\u0119ziony zawiera r\u00f3wnie\u017c fitosterole, titerpenoidy, mannitol i podobne substancje farmakologicznie czynne, kt\u00f3re nadaj\u0105 grzybowi niezwyk\u0142e dzia\u0142anie lecznicze bez \u017cadnych niepo\u017c\u0105danych skutk\u00f3w ubocznych.<\/span><\/p>\n<p><span style=\"color: #000000\"><strong>Polyporus umbellatus mo\u017ce:<\/strong><\/span><\/p>\n<p><span style=\"color: #000000\"> \ud83d\udc9a pom\u00f3c w problemach z nerkami i w\u0105trob\u0105,<\/span><br \/>\n<span style=\"color: #000000\"> \ud83d\udc9a pom\u00f3c w up\u0142awach,<\/span><br \/>\n<span style=\"color: #000000\"> \ud83d\udc9a przeciwnowotworowo,<\/span><br \/>\n<span style=\"color: #000000\"> \ud83d\udc9a stymuluje i wzmacnia uk\u0142ad odporno\u015bciowy,<\/span><br \/>\n<span style=\"color: #000000\"> \ud83d\udc9a \u0142agodzi skutki chemioterapii, a tym samym poprawia jako\u015b\u0107 \u017cycia pacjent\u00f3w chorych na raka.<\/span><\/p>\n<p><span style=\"color: #000000\">Wszystkie elementy grzyba wyst\u0119puj\u0105 w du\u017cych ilo\u015bciach i maj\u0105 bardzo pozytywny wp\u0142yw na nasz organizm.<\/span><\/p>\n<p><span style=\"color: #000000\">A co niezwykle wa\u017cne, Polyporus umbellatus jest w<strong> 100% naturalnym produktem<\/strong>, kt\u00f3ry mo\u017ce nam pom\u00f3c w naturalny spos\u00f3b. Poprawia objawy naszych problem\u00f3w i pozytywnie wp\u0142ywa na nasze og\u00f3lne samopoczucie.<\/span><\/p>\n<h2><span style=\"color: #000000\">Dlaczego grzyby?<\/span><\/h2>\n<p><span style=\"color: #000000\">Grzyby s\u0105 bardzo interesuj\u0105ce. Nie s\u0105 ani ro\u015blinami, ani zwierz\u0119tami, ale to, czym s\u0105, to z pewno\u015bci\u0105 niesamowite organizmy, kt\u00f3rym uda\u0142o si\u0119 przetrwa\u0107 niemal od pocz\u0105tku \u015bwiata. Opracowa\u0142y specjaln\u0105 strategi\u0119 przetrwania, kt\u00f3ra utrzymuje je do dzi\u015b. My, ludzie, r\u00f3wnie\u017c mo\u017cemy korzysta\u0107 z tych zalet, spo\u017cywaj\u0105c grzyby lecznicze. Przynosz\u0105 nam r\u00f3wnowag\u0119 na poziomie fizycznym i chroni\u0105 nas przed wieloma chorobami. Mog\u0105 by\u0107 \u015brodkiem<strong> zapobiegawczym<\/strong> lub<strong> wspomagaj\u0105cym leczenie<\/strong> wielu (wsp\u00f3\u0142czesnych) chor\u00f3b, zar\u00f3wno konwencjonalnych, jak i niekonwencjonalnych. Tradycyjnie przypisuje si\u0119 grzybom ich dzia\u0142anie w przypadku raka, chor\u00f3b autoimmunologicznych i alergii. S\u0105 one r\u00f3wnie\u017c dobre dla zdrowej i silnej odpowiedzi uk\u0142adu odporno\u015bciowego. Jednak badania zdrowotne przeprowadzone w ostatnich dziesi\u0119cioleciach, kiedy grzyby sta\u0142y si\u0119 przedmiotem zainteresowania w \u015bwiecie zachodnim, potwierdzi\u0142y wiele ich efekt\u00f3w terapeutycznych.<\/span><\/p>\n<p><span style=\"color: #000000\">Poniewa\u017c niekt\u00f3re naturalne substancje czynne s\u0105 dla nas niestrawne lub trudne do strawienia, bardzo wa\u017cne jest, aby spo\u017cywa\u0107 tylko najlepsze proszki grzybowe. Grzyby musz\u0105 by\u0107 odpowiednio uprawiane, suszone i przygotowywane. Musz\u0105 by\u0107 zmielone na drobny proszek bez \u017cadnych kawa\u0142k\u00f3w. Kolor proszku jest ja\u015bniejszy, ale poza tym zale\u017cy r\u00f3wnie\u017c od rodzaju spo\u017cywanego grzyba. Poniewa\u017c grzyby s\u0105 tak skuteczne w\u0142a\u015bnie dlatego, \u017ce maj\u0105 zdolno\u015b\u0107 wch\u0142aniania wszystkiego &#8211; dobrego i z\u0142ego &#8211; ze \u015brodowiska, wa\u017cne jest, aby u\u017cywa\u0107 tych uprawianych ekologicznie.<\/span><\/p>\n<h2><span style=\"color: #000000\">Opakowanie<\/span><\/h2>\n<p><span style=\"color: #000000\">Nieprzepuszczalna torebka z zamkiem b\u0142yskawicznym, w kt\u00f3rej produkt zachowuje ca\u0142\u0105 swoj\u0105 \u015bwie\u017co\u015b\u0107 i aromat. Opakowanie chroni produkt przed \u015bwiat\u0142em i powietrzem, poniewa\u017c sk\u0142ada si\u0119 z kilku warstw ochronnych, kt\u00f3re zachowuj\u0105 w\u0142a\u015bciwo\u015bci zawarto\u015bci.<\/span><\/p>\n<p><span style=\"color: #000000\">Opakowanie jest bardzo praktyczne i nadaje si\u0119 do recyklingu.<\/span><\/p>\n<h2><span style=\"color: #000000\">Przechowywanie i ostrze\u017cenia<\/span><\/h2>\n<p><span style=\"color: #000000\">Przechowywa\u0107 w ch\u0142odnym i suchym miejscu. Suplement diety nale\u017cy przechowywa\u0107 w miejscu niedost\u0119pnym dla dzieci!<\/span><\/p>\n<p><span style=\"color: #000000\">Nale\u017cy pami\u0119ta\u0107 o znaczeniu zr\u00f3\u017cnicowanej diety i zdrowego stylu \u017cycia, dlatego suplement diety nie zast\u0119puje zr\u00f3wnowa\u017conej i zr\u00f3\u017cnicowanej diety. Nie nale\u017cy przekracza\u0107 zalecanej dziennej ilo\u015bci lub dawki. Kobietom w ci\u0105\u017cy i karmi\u0105cym piersi\u0105 zawsze zaleca si\u0119 skonsultowanie z lekarzem przed u\u017cyciem.<\/span><\/p>\n<h2><span style=\"color: #000000\">Dobrze wiedzie\u0107<\/span><\/h2>\n<p><span style=\"color: #000000\">Produkt jest r\u00f3wnie\u017c odpowiedni dla zwierz\u0105t. W wi\u0119kszo\u015bci przypadk\u00f3w grzyby lecznicze okazuj\u0105 si\u0119 niezwykle skuteczne we wzmacnianiu uk\u0142adu odporno\u015bciowego, eliminowaniu alergii i chor\u00f3b sk\u00f3ry, a tak\u017ce infekcji wirusowych i bakteryjnych. Przed u\u017cyciem nale\u017cy skonsultowa\u0107 si\u0119 z lekarzem weterynarii w sprawie celowo\u015bci przyjmowania i zalecanej dziennej dawki.<\/span><\/p>\n<h2><span style=\"color: #000000\">Pochodzenie<\/span><\/h2>\n<p><span style=\"color: #000000\">Chiny.<\/span><\/p>\n<p><span style=\"color: #000000\">Mamy bardzo wiarygodnych dostawc\u00f3w, kt\u00f3rzy przesy\u0142aj\u0105 nam szczeg\u00f3\u0142ow\u0105 analiz\u0119 chemiczn\u0105 \u017cywno\u015bci dla ka\u017cdej partii. W ci\u0105gu ponad dziesi\u0119ciu lat nie mieli\u015bmy \u017cadnych przypadk\u00f3w wycofania produktu z rynku ani \u017cadnych innych problem\u00f3w z tym produktem, ani z innymi produktami pochodz\u0105cymi od tego samego dostawcy.<\/span><\/p>\n<p><span style=\"color: #000000\">Produkt jest w <strong>100%<\/strong> certyfikowany ekologicznie.<\/span><\/p>\n","protected":false},"excerpt":{"rendered":"<p align=\"JUSTIFY\"><span class=\"JLqJ4b ChMk0b\" data-language-for-alternatives=\"hr\" data-language-to-translate-into=\"sl\" data-phrase-index=\"0\" data-number-of-phrases=\"3\"><span class=\"Q4iAWc\">Polyporus umbellatus (Ucho jelenia) to jadalny, ale chroniony grzyb, podobny wygl\u0105dem do kalafiora.<\/span><\/span> <span class=\"JLqJ4b ChMk0b\" data-language-for-alternatives=\"hr\" data-language-to-translate-into=\"sl\" data-phrase-index=\"1\" data-number-of-phrases=\"3\"><span class=\"Q4iAWc\">Podczas gdy cz\u0119\u015b\u0107 nadziemna (zarodniki) jest wykorzystywana w kuchni, cz\u0119\u015b\u0107 podziemna Cz\u0119\u015b\u0107 (sklerocja) ma w\u0142a\u015bciwo\u015bci lecznicze.<\/span><\/span> <span class=\"JLqJ4b ChMk0b\" data-language-for-alternatives=\"hr\" data-language-to-translate-into=\"sl\" data-phrase-index=\"2\" data-number-of-phrases=\"3\"><span class=\"Q4iAWc\"><strong>Jest to grzyb leczniczy o bogatym sk\u0142adzie chemicznym<\/strong>, poniewa\u017c <strong>zawiera wiele zwi\u0105zk\u00f3w bioaktywnych o udowodnionym dzia\u0142aniu przeciwnowotworowym i przeciwnowotworowym.<\/strong><\/span><\/span><\/p>\n<p><span style=\"color: #000000\">\ud83d\udc9a Doskona\u0142e \u017ar\u00f3d\u0142o przeciwutleniaczy.<br \/>\n\ud83d\udc9a Stymuluje i wzmacnia uk\u0142ad odporno\u015bciowy.<br \/>\n\ud83d\udc9a Pomaga w problemach z nerkami i w\u0105trob\u0105.<br \/>\n\ud83d\udc9a Dzia\u0142a przeciwnowotworowo.<\/span><\/p>\n","protected":false},"featured_media":6042,"comment_status":"open","ping_status":"closed","template":"","meta":{"_acf_changed":false},"product_brand":[],"product_cat":[15,227,205,224,225],"product_tag":[],"class_list":{"0":"post-6041","1":"product","2":"type-product","3":"status-publish","4":"has-post-thumbnail","6":"product_cat-uncategorized","7":"product_cat-grzyby-lecznicze","8":"product_cat-herbata-jedzenie-i-przyprawy","9":"product_cat-oferta","10":"product_cat-wszystkie-produkty","12":"first","13":"instock","14":"taxable","15":"shipping-taxable","16":"purchasable","17":"product-type-simple"},"acf":[],"_links":{"self":[{"href":"https:\/\/fengchashop.com\/pl\/wp-json\/wp\/v2\/product\/6041","targetHints":{"allow":["GET"]}}],"collection":[{"href":"https:\/\/fengchashop.com\/pl\/wp-json\/wp\/v2\/product"}],"about":[{"href":"https:\/\/fengchashop.com\/pl\/wp-json\/wp\/v2\/types\/product"}],"replies":[{"embeddable":true,"href":"https:\/\/fengchashop.com\/pl\/wp-json\/wp\/v2\/comments?post=6041"}],"wp:featuredmedia":[{"embeddable":true,"href":"https:\/\/fengchashop.com\/pl\/wp-json\/wp\/v2\/media\/6042"}],"wp:attachment":[{"href":"https:\/\/fengchashop.com\/pl\/wp-json\/wp\/v2\/media?parent=6041"}],"wp:term":[{"taxonomy":"product_brand","embeddable":true,"href":"https:\/\/fengchashop.com\/pl\/wp-json\/wp\/v2\/product_brand?post=6041"},{"taxonomy":"product_cat","embeddable":true,"href":"https:\/\/fengchashop.com\/pl\/wp-json\/wp\/v2\/product_cat?post=6041"},{"taxonomy":"product_tag","embeddable":true,"href":"https:\/\/fengchashop.com\/pl\/wp-json\/wp\/v2\/product_tag?post=6041"}],"curies":[{"name":"wp","href":"https:\/\/api.w.org\/{rel}","templated":true}]}}