{"id":6037,"date":"2022-02-22T09:22:38","date_gmt":"2022-02-22T08:22:38","guid":{"rendered":"https:\/\/fengchashop.com\/pl\/product\/auricularia-auricula-bio-125-g\/"},"modified":"2026-04-27T23:25:49","modified_gmt":"2026-04-27T21:25:49","slug":"auricularia-auricula-bio","status":"publish","type":"product","link":"https:\/\/fengchashop.com\/pl\/product\/auricularia-auricula-bio\/","title":{"rendered":"Auricularia auricula BIO 125 g"},"content":{"rendered":"<h2><span style=\"color: #000000\">Auricularia auricula BIO w proszku<\/span><\/h2>\n<p><span style=\"color: #000000\">Auricularia auricula zyskuje coraz wi\u0119ksze znaczenie jako suplement diety, poniewa\u017c jest czwart\u0105 najcz\u0119\u015bciej produkowan\u0105 \u017cywno\u015bci\u0105 na \u015bwiecie. Znana jest r\u00f3wnie\u017c pod nazw\u0105 <strong>Elderflower<\/strong>. Jest r\u00f3wnie\u017c stosowany w kuchni orientalnej. W celach leczniczych jest zalecany w przypadku <strong>r\u00f3\u017cnych stan\u00f3w zapalnych<\/strong>. Badania naukowe wykaza\u0142y r\u00f3wnie\u017c korzystny wp\u0142yw na uk\u0142ad sercowo-naczyniowy, obni\u017caj\u0105c poziom cholesterolu LDL i zapobiegaj\u0105c zakrzepom krwi. Odkrycia wskazuj\u0105 r\u00f3wnie\u017c na <strong>dzia\u0142anie przeciwwirusowe, przeciwbakteryjne i przeciwpaso\u017cytnicze<\/strong>.<\/span><\/p>\n<p><span style=\"color: #000000\">Je\u015bli jeste\u015b w ci\u0105\u017cy, karmisz piersi\u0105 lub planujesz zaj\u015b\u0107 w ci\u0105\u017c\u0119, odradzamy stosowanie Auricularia auricula, poniewa\u017c zmniejsza p\u0142odno\u015b\u0107.<\/span><\/p>\n<p><span style=\"color: #000000\">Produkcja naszych grzyb\u00f3w Auricularia auricula jest \u015bci\u015ble kontrolowana, bez u\u017cycia chemikali\u00f3w lub pestycyd\u00f3w i w<strong> 100% ekologiczna<\/strong>. Jako\u015b\u0107 grzyb\u00f3w jest regularnie monitorowana przez niezale\u017cne laboratoria w S\u0142owenii i USA.<\/span><\/p>\n<h2><span style=\"color: #000000\">Co zawiera i dla kogo jest przeznaczony?<\/span><\/h2>\n<p><span style=\"color: #000000\">Auricularia auricula sk\u0142ada si\u0119 z r\u00f3\u017cnych <strong>polisacharyd\u00f3w, witamin, soli mineralnych i innych przeciwutleniaczy <\/strong>. Spo\u017cywanie Auricularia auricula mo\u017ce pom\u00f3c w:<\/span><\/p>\n<p><span style=\"color: #000000\">\ud83d\udc9a b\u00f3l gard\u0142a i oczu,<\/span><br \/>\n<span style=\"color: #000000\">\ud83d\udc9a zapobieganie zakrzepom krwi,<\/span><br \/>\n<span style=\"color: #000000\">\ud83d\udc9a problemach i schorzeniach sercowo-naczyniowych,<\/span><br \/>\n<span style=\"color: #000000\">\ud83d\udc9a obni\u017cenie poziomu cholesterolu ca\u0142kowitego i z\u0142ego cholesterolu we krwi,<\/span><br \/>\n<span style=\"color: #000000\">\ud83d\udc9a innych stanach zapalnych.<\/span><\/p>\n<p><span style=\"color: #000000\">Zaleca si\u0119 przyjmowanie grzyb\u00f3w szczeg\u00f3lnie osobom, kt\u00f3re cierpi\u0105 na<strong> cz\u0119ste stany zapalne, zw\u0142aszcza<\/strong> gard\u0142a i oczu.<\/span><\/p>\n<p><span style=\"color: #000000\">Wszystkie elementy zawarte w grzybie wyst\u0119puj\u0105 w du\u017cych ilo\u015bciach i maj\u0105 bardzo pozytywny wp\u0142yw na nasz organizm.<\/span><\/p>\n<p><span style=\"color: #000000\">Co niezwykle wa\u017cne, Auricularia auricula jest w <strong>100% naturalnym produktem<\/strong>, kt\u00f3ry mo\u017ce nam pom\u00f3c w naturalny spos\u00f3b. Poprawia objawy naszych problem\u00f3w i ma pozytywny wp\u0142yw na nasze og\u00f3lne samopoczucie.<\/span><\/p>\n<h2><span style=\"color: #000000\">Dlaczego grzyby?<\/span><\/h2>\n<p><span style=\"color: #000000\">Grzyby s\u0105 bardzo interesuj\u0105ce. Nie s\u0105 ani ro\u015blinami, ani zwierz\u0119tami, ale to, czym s\u0105, to z pewno\u015bci\u0105 niesamowite organizmy, kt\u00f3rym uda\u0142o si\u0119 przetrwa\u0107 niemal od pocz\u0105tku \u015bwiata. Opracowa\u0142y specjaln\u0105 strategi\u0119 przetrwania, kt\u00f3ra utrzymuje je do dzi\u015b. My, ludzie, r\u00f3wnie\u017c mo\u017cemy korzysta\u0107 z tych zalet, spo\u017cywaj\u0105c grzyby lecznicze. Przynosz\u0105 nam r\u00f3wnowag\u0119 na poziomie fizycznym i chroni\u0105 nas przed wieloma chorobami. Mog\u0105 by\u0107 \u015brodkiem<strong> zapobiegawczym<\/strong> lub <strong>wspomagaj\u0105cym leczenie<\/strong> wielu (wsp\u00f3\u0142czesnych) chor\u00f3b, zar\u00f3wno konwencjonalnych, jak i niekonwencjonalnych. Tradycyjnie przypisuje si\u0119 grzybom ich dzia\u0142anie w przypadku raka, chor\u00f3b autoimmunologicznych i alergii. S\u0105 one r\u00f3wnie\u017c dobre dla zdrowej i silnej odpowiedzi uk\u0142adu odporno\u015bciowego. Jednak badania medyczne przeprowadzone w ostatnich dziesi\u0119cioleciach, kiedy grzyby sta\u0142y si\u0119 przedmiotem zainteresowania w \u015bwiecie zachodnim, potwierdzi\u0142y wiele ich efekt\u00f3w terapeutycznych.<\/span><\/p>\n<p><span style=\"color: #000000\">Poniewa\u017c niekt\u00f3re naturalne substancje czynne s\u0105 dla nas niestrawne lub trudne do strawienia, bardzo wa\u017cne jest, aby spo\u017cywa\u0107 tylko najlepsze proszki grzybowe. Grzyby musz\u0105 by\u0107 odpowiednio uprawiane, suszone i przygotowywane. Musz\u0105 by\u0107 zmielone na drobny proszek bez \u017cadnych kawa\u0142k\u00f3w. Kolor proszku jest ja\u015bniejszy, ale poza tym zale\u017cy r\u00f3wnie\u017c od rodzaju spo\u017cywanego grzyba. Poniewa\u017c grzyby s\u0105 tak skuteczne w\u0142a\u015bnie dlatego, \u017ce maj\u0105 zdolno\u015b\u0107 wch\u0142aniania wszystkiego &#8211; dobrego i z\u0142ego &#8211; ze \u015brodowiska, wa\u017cne jest, aby u\u017cywa\u0107 tych uprawianych ekologicznie.<\/span><\/p>\n<h2><span style=\"color: #000000\">Opakowanie<\/span><\/h2>\n<p><span style=\"color: #000000\">W nieprzepuszczalnej torebce z zamkiem b\u0142yskawicznym, w kt\u00f3rej produkt zachowuje ca\u0142\u0105 swoj\u0105 \u015bwie\u017co\u015b\u0107 i aromat. Opakowanie chroni produkt przed \u015bwiat\u0142em i powietrzem, poniewa\u017c sk\u0142ada si\u0119 z kilku warstw ochronnych, kt\u00f3re zachowuj\u0105 w\u0142a\u015bciwo\u015bci zawarto\u015bci.<\/span><\/p>\n<p><span style=\"color: #000000\">Opakowanie jest bardzo praktyczne i nadaje si\u0119 do recyklingu.<\/span><\/p>\n<h2><span style=\"color: #000000\">Przechowywanie i ostrze\u017cenia<\/span><\/h2>\n<p><span style=\"color: #000000\">Przechowywa\u0107 w ch\u0142odnym i suchym miejscu. Suplement diety nale\u017cy przechowywa\u0107 w miejscu niedost\u0119pnym dla dzieci!<\/span><\/p>\n<p><span style=\"color: #000000\">Nale\u017cy pami\u0119ta\u0107 o znaczeniu zr\u00f3\u017cnicowanej diety i zdrowego stylu \u017cycia, dlatego suplement diety nie zast\u0119puje zr\u00f3wnowa\u017conej i zr\u00f3\u017cnicowanej diety. Nie nale\u017cy przekracza\u0107 zalecanej dziennej ilo\u015bci lub dawki. Kobietom w ci\u0105\u017cy i karmi\u0105cym piersi\u0105 zawsze zaleca si\u0119 skonsultowanie z lekarzem przed u\u017cyciem.<\/span><\/p>\n<h2><span style=\"color: #000000\">Pochodzenie<\/span><\/h2>\n<p><span style=\"color: #000000\">S\u0142owenia<\/span><\/p>\n","protected":false},"excerpt":{"rendered":"<p align=\"JUSTIFY\">Auricularia auricula zyskuje coraz wi\u0119ksze znaczenie jako suplement diety, b\u0119d\u0105c<strong> czwartym najcz\u0119\u015bciej zbieranym gatunkiem<\/strong> na \u015bwiecie. Znana jest r\u00f3wnie\u017c pod nazw\u0105 <strong>czarnego b<\/strong>zu. Jest r\u00f3wnie\u017c stosowany w kuchni orientalnej. Do cel\u00f3w leczniczych jest zalecany przy <strong>r\u00f3\u017cnych stanach zapalnych, takich jak:<\/strong><\/p>\n<p><span style=\"color: #000000\"> \ud83d\udc9a przeciwzapalne,<br \/>\n\ud83d\udc9a ma korzystny wp\u0142yw na uk\u0142ad sercowo-naczyniowy,<br \/>\n\ud83d\udc9a obni\u017ca poziom cholesterolu we krwi,<br \/>\n\ud83d\udc9a ma w\u0142a\u015bciwo\u015bci przeciwutleniaj\u0105ce.<\/span><\/p>\n","protected":false},"featured_media":6038,"comment_status":"open","ping_status":"closed","template":"","meta":{"_acf_changed":false},"product_brand":[],"product_cat":[15,227,224,225],"product_tag":[],"class_list":{"0":"post-6037","1":"product","2":"type-product","3":"status-publish","4":"has-post-thumbnail","6":"product_cat-uncategorized","7":"product_cat-grzyby-lecznicze","8":"product_cat-oferta","9":"product_cat-wszystkie-produkty","11":"first","12":"instock","13":"taxable","14":"shipping-taxable","15":"purchasable","16":"product-type-simple"},"acf":[],"_links":{"self":[{"href":"https:\/\/fengchashop.com\/pl\/wp-json\/wp\/v2\/product\/6037","targetHints":{"allow":["GET"]}}],"collection":[{"href":"https:\/\/fengchashop.com\/pl\/wp-json\/wp\/v2\/product"}],"about":[{"href":"https:\/\/fengchashop.com\/pl\/wp-json\/wp\/v2\/types\/product"}],"replies":[{"embeddable":true,"href":"https:\/\/fengchashop.com\/pl\/wp-json\/wp\/v2\/comments?post=6037"}],"wp:featuredmedia":[{"embeddable":true,"href":"https:\/\/fengchashop.com\/pl\/wp-json\/wp\/v2\/media\/6038"}],"wp:attachment":[{"href":"https:\/\/fengchashop.com\/pl\/wp-json\/wp\/v2\/media?parent=6037"}],"wp:term":[{"taxonomy":"product_brand","embeddable":true,"href":"https:\/\/fengchashop.com\/pl\/wp-json\/wp\/v2\/product_brand?post=6037"},{"taxonomy":"product_cat","embeddable":true,"href":"https:\/\/fengchashop.com\/pl\/wp-json\/wp\/v2\/product_cat?post=6037"},{"taxonomy":"product_tag","embeddable":true,"href":"https:\/\/fengchashop.com\/pl\/wp-json\/wp\/v2\/product_tag?post=6037"}],"curies":[{"name":"wp","href":"https:\/\/api.w.org\/{rel}","templated":true}]}}