{"id":6033,"date":"2022-02-22T08:17:03","date_gmt":"2022-02-22T07:17:03","guid":{"rendered":"https:\/\/fengchashop.com\/pl\/product\/pleurotus-ostreatus-boczniak-ostrygowaty-oyster-mushroom-bio-125-g\/"},"modified":"2026-03-08T13:22:49","modified_gmt":"2026-03-08T12:22:49","slug":"pleurotus-ostreatus-boczniak-ostrygowaty-oyster-mushroom-bio","status":"publish","type":"product","link":"https:\/\/fengchashop.com\/pl\/product\/pleurotus-ostreatus-boczniak-ostrygowaty-oyster-mushroom-bio\/","title":{"rendered":"Pleurotus ostreatus (Boczniak Ostrygowaty &#8211; Oyster Mushroom) BIO 125 g"},"content":{"rendered":"<h2><span style=\"color: #000000\">Pleurotus ostreatus (Oyster Mushroom) BIO w proszku<\/span><\/h2>\n<p><span style=\"color: #000000\">Pleurotus ostreatus (Oyster Mushroom) to dobrze zbadany grzyb leczniczy. Znany r\u00f3wnie\u017c jako boczniak<strong> bukowy<\/strong>, jest kulinarnym grzybem jadalnym, kt\u00f3ry ro\u015bnie w naszym kraju. W rzeczywisto\u015bci, obok Ganoderma lucidum i Cordyceps, jest to jeden z <strong>6 najbardziej znanych grzyb\u00f3w leczniczych w tym<\/strong> kraju.<\/span><\/p>\n<p><span style=\"color: #000000\">Wiele sk\u0142adnik\u00f3w od\u017cywczych mo\u017cna wyekstrahowa\u0107 z trichom\u00f3w i grzybni. Badania wykaza\u0142y r\u00f3wnie\u017c aktywno\u015b\u0107 przeciwdrobnoustrojow\u0105 przeciwko bakteriom Gram-dodatnim i Gram-ujemnym oraz aktywno\u015b\u0107 przeciwgrzybicz\u0105 przeciwko kilku rodzajom grzyb\u00f3w.<\/span><\/p>\n<p><span style=\"color: #000000\">Jako bogate <strong>\u017ar\u00f3d\u0142o przeciwutleniaczy<\/strong> i innych substancji aktywnych, ich potencja\u0142 w zakresie dzia\u0142ania przeciwnowotworowego, immunomoduluj\u0105cego, genoprotekcyjnego, przeciwzapalnego, przeciwwirusowego, przeciwp\u0142ytkowego, hipocholesterolemicznego, przeciwnadci\u015bnieniowego i przeciwhiperglikemicznego jest wi\u0119cej ni\u017c pewny. Niedawno badania wykaza\u0142y, \u017ce boczniaki bukowe maj\u0105 <strong>dzia\u0142anie bifidogenne<\/strong>, co oznacza, \u017ce mog\u0105 stymulowa\u0107 wzrost bakterii Bifidobacterium bifidum, B. breve, B. animalis i B. longum. Jest to zatem r\u00f3wnie\u017c <strong>prebiotyk, kt\u00f3ry<\/strong> poprawia mikrobiot\u0119 jelitow\u0105 z korzy\u015bci\u0105 dla zdrowia ludzkiego gospodarza. Zdrowy stosunek mikroorganizm\u00f3w w jelitach pomaga lepiej i \u0142atwiej wydobywa\u0107 sk\u0142adniki od\u017cywcze ze spo\u017cywanej \u017cywno\u015bci i regulowa\u0107 energi\u0119. Odgrywaj\u0105 wa\u017cn\u0105 rol\u0119 w zdrowiu uk\u0142adu trawiennego, ale wp\u0142ywaj\u0105 r\u00f3wnie\u017c na uk\u0142ad odporno\u015bciowy &#8211; najbardziej z\u0142o\u017cona cz\u0119\u015b\u0107 uk\u0142adu odporno\u015bciowego znajduje si\u0119 w jelitach, dlatego cz\u0119sto s\u0142yszymy, \u017ce to zdrowie jelit jest tak wa\u017cne dla zapewnienia dobrej odpowiedzi immunologicznej, a tym samym og\u00f3lnego stanu zdrowia.<\/span><\/p>\n<p><span style=\"color: #000000\">Grzyb leczniczy jest szeroko stosowany w tradycyjnej medycynie chi\u0144skiej do leczenia szerokiego zakresu dolegliwo\u015bci.<\/span><\/p>\n<p><span style=\"color: #000000\">Produkcja naszego Pleurotus ostreatus jest \u015bci\u015ble kontrolowana, bez u\u017cycia chemikali\u00f3w lub pestycyd\u00f3w i w<strong> 100% organiczna<\/strong>. Jako\u015b\u0107 grzyb\u00f3w jest regularnie monitorowana przez niezale\u017cne laboratoria w S\u0142owenii i USA.<\/span><\/p>\n<h2><span style=\"color: #000000\">Co zawiera i dla kogo jest przeznaczony?<\/span><\/h2>\n<p><span style=\"color: #000000\">Pleurotus ostreatus sk\u0142ada si\u0119 z r\u00f3\u017cnych sk\u0142adnik\u00f3w od\u017cywczych, takich jak<strong> polisacharydy, bia\u0142ka, flawonoidy, fenole, beta-glukany<\/strong> itp. Aktywne polisacharydy i fenole s\u0105 biologicznie cennymi organizmami. Ostry\u017c bukowy, kt\u00f3ry zwykle ro\u015bnie na drewnie bukowym, jest r\u00f3wnie\u017c bogatym \u017ar\u00f3d\u0142em witamin B, C i D, soli mineralnych, przeciwutleniaczy i selenu.<\/span><\/p>\n<p><span style=\"color: #000000\"><strong> Lowastatyna<\/strong>, kluczowy sk\u0142adnik aktywny hamuj\u0105cy syntez\u0119 endogennego cholesterolu, ma korzystny wp\u0142yw na regulacj\u0119 ca\u0142kowitego poziomu cholesterolu we krwi.<\/span><\/p>\n<p><span style=\"color: #000000\">Ostry\u017c bukowy ma nisk\u0105 zawarto\u015b\u0107 t\u0142uszczu (g\u0142\u00f3wnie nienasyconych kwas\u00f3w t\u0142uszczowych) i witaminy D2, jest bogaty w b\u0142onnik pokarmowy i jest dobrym \u017ar\u00f3d\u0142em bia\u0142ka i niezb\u0119dnych aminokwas\u00f3w. Ponadto zawiera substancje farmakologicznie czynne, kt\u00f3re mog\u0105 pom\u00f3c:<\/span><\/p>\n<p><span style=\"color: #000000\"> \ud83d\udc9a regulowa\u0107 poziom cholesterolu ca\u0142kowitego (zwi\u0119ksza dobry cholesterol HDL i obni\u017ca z\u0142y cholesterol LDL), ci\u015bnienie krwi i poziom cukru we krwi,<\/span><br \/>\n<span style=\"color: #000000\"> \ud83d\udc9a zapobiega\u0107 zakrzepom krwi,<\/span><br \/>\n<span style=\"color: #000000\"> \ud83d\udc9a chroni\u0105 przed wolnymi rodnikami,<\/span><br \/>\n<span style=\"color: #000000\"> \ud83d\udc9a leczy i hamuje stany zapalne,<\/span><br \/>\n<span style=\"color: #000000\"> \ud83d\udc9a zwi\u0119kszaj\u0105 odporno\u015b\u0107 poprzez wzmocnienie uk\u0142adu odporno\u015bciowego,<\/span><br \/>\n<span style=\"color: #000000\"> \ud83d\udc9a zapobiegaj\u0105 chorobom zwi\u0105zanym z wiekiem,<\/span><br \/>\n<span style=\"color: #000000\"> \ud83d\udc9a chroni\u0105 przed infekcjami dr\u00f3g oddechowych,<\/span><br \/>\n<span style=\"color: #000000\"> \ud83d\udc9a zapobiegaj\u0105 starzeniu si\u0119,<\/span><br \/>\n<span style=\"color: #000000\"> \ud83d\udc9a zapobiegaj\u0105 nowotworom.<\/span><\/p>\n<p><span style=\"color: #000000\">Wszystkie elementy zawarte w grzybach s\u0105 obecne w du\u017cych ilo\u015bciach i maj\u0105 bardzo pozytywny wp\u0142yw na nasz organizm.<\/span><\/p>\n<p><span style=\"color: #000000\">I co jest tutaj niezwykle wa\u017cne, Pleurotus ostreatus jest produktem w 100% naturalnym, kt\u00f3ry mo\u017ce nam pom\u00f3c w naturalny spos\u00f3b. Poprawia objawy naszych problem\u00f3w i ma pozytywny wp\u0142yw na nasze og\u00f3lne samopoczucie.<\/span><\/p>\n<h2><span style=\"color: #000000\">Dlaczego akurat grzyby?<\/span><\/h2>\n<p><span style=\"color: #000000\">Grzyby s\u0105 bardzo interesuj\u0105ce. Nie s\u0105 ani ro\u015blinami, ani zwierz\u0119tami, ale to, czym s\u0105, to z pewno\u015bci\u0105 niesamowite organizmy, kt\u00f3rym uda\u0142o si\u0119 przetrwa\u0107 niemal od pocz\u0105tku \u015bwiata. Opracowa\u0142y specjaln\u0105 strategi\u0119 przetrwania, kt\u00f3ra utrzymuje je do dzi\u015b. My, ludzie, r\u00f3wnie\u017c mo\u017cemy korzysta\u0107 z tych zalet, spo\u017cywaj\u0105c grzyby lecznicze. Przynosz\u0105 nam r\u00f3wnowag\u0119 na poziomie fizycznym i chroni\u0105 nas przed wieloma chorobami. Mog\u0105 by\u0107 \u015brodkiem <strong>zapobiegawczym<\/strong> lub <strong>wspomagaj\u0105cym leczenie<\/strong> wielu (wsp\u00f3\u0142czesnych) chor\u00f3b, zar\u00f3wno konwencjonalnych, jak i niekonwencjonalnych. Tradycyjnie przypisuje si\u0119 grzybom ich dzia\u0142anie w przypadku raka, chor\u00f3b autoimmunologicznych i alergii. S\u0105 one r\u00f3wnie\u017c dobre dla zdrowej i silnej odpowiedzi uk\u0142adu odporno\u015bciowego. Jednak badania zdrowotne przeprowadzone w ostatnich dziesi\u0119cioleciach, kiedy grzyby sta\u0142y si\u0119 przedmiotem zainteresowania w \u015bwiecie zachodnim, potwierdzi\u0142y wiele ich efekt\u00f3w terapeutycznych.<\/span><\/p>\n<p><span style=\"color: #000000\">Poniewa\u017c niekt\u00f3re naturalne substancje czynne s\u0105 dla nas niestrawne lub trudne do strawienia, bardzo wa\u017cne jest, aby spo\u017cywa\u0107 tylko najlepsze proszki grzybowe. Grzyby musz\u0105 by\u0107 odpowiednio uprawiane, suszone i przygotowywane. Musz\u0105 by\u0107 zmielone na drobny proszek bez \u017cadnych kawa\u0142k\u00f3w. Kolor proszku jest ja\u015bniejszy, ale poza tym zale\u017cy r\u00f3wnie\u017c od rodzaju spo\u017cywanego grzyba. Poniewa\u017c grzyby s\u0105 tak skuteczne w\u0142a\u015bnie dlatego, \u017ce maj\u0105 zdolno\u015b\u0107 wch\u0142aniania wszystkiego &#8211; dobrego i z\u0142ego &#8211; ze \u015brodowiska, wa\u017cne jest, aby u\u017cywa\u0107 tych uprawianych ekologicznie.<\/span><\/p>\n<h2><span style=\"color: #000000\">Opakowanie<\/span><\/h2>\n<p><span style=\"color: #000000\">Nieprzepuszczalna torebka z zamkiem b\u0142yskawicznym, w kt\u00f3rej produkt zachowuje ca\u0142\u0105 swoj\u0105 \u015bwie\u017co\u015b\u0107 i aromat. Opakowanie chroni produkt przed \u015bwiat\u0142em i powietrzem, poniewa\u017c sk\u0142ada si\u0119 z kilku warstw ochronnych, kt\u00f3re zachowuj\u0105 w\u0142a\u015bciwo\u015bci zawarto\u015bci.<\/span><\/p>\n<p><span style=\"color: #000000\">Opakowanie jest bardzo praktyczne i nadaje si\u0119 do recyklingu.<\/span><\/p>\n<h2><span style=\"color: #000000\">Przechowywanie i ostrze\u017cenia<\/span><\/h2>\n<p><span style=\"color: #000000\">Przechowywa\u0107 w ch\u0142odnym i suchym miejscu. Suplement diety nale\u017cy przechowywa\u0107 w miejscu niedost\u0119pnym dla dzieci!<\/span><\/p>\n<p><span style=\"color: #000000\">Nale\u017cy pami\u0119ta\u0107 o znaczeniu zr\u00f3\u017cnicowanej diety i zdrowego stylu \u017cycia, dlatego suplement diety nie zast\u0119puje zr\u00f3wnowa\u017conej i zr\u00f3\u017cnicowanej diety. Nie nale\u017cy przekracza\u0107 zalecanej dziennej ilo\u015bci lub dawki. Kobietom w ci\u0105\u017cy i karmi\u0105cym piersi\u0105 zawsze zaleca si\u0119 skonsultowanie z lekarzem przed u\u017cyciem.<\/span><\/p>\n<h2><span style=\"color: #000000\">Dobrze wiedzie\u0107<\/span><\/h2>\n<p><span style=\"color: #000000\">Produkt jest r\u00f3wnie\u017c odpowiedni dla zwierz\u0105t. W wi\u0119kszo\u015bci przypadk\u00f3w grzyby lecznicze okazuj\u0105 si\u0119 niezwykle skuteczne we wzmacnianiu uk\u0142adu odporno\u015bciowego, eliminowaniu alergii i chor\u00f3b sk\u00f3ry, a tak\u017ce infekcji wirusowych i bakteryjnych. Przed u\u017cyciem nale\u017cy skonsultowa\u0107 si\u0119 z lekarzem weterynarii w sprawie celowo\u015bci przyjmowania i zalecanej dziennej dawki.<\/span><\/p>\n<h2><span style=\"color: #000000\">Pochodzenie<\/span><\/h2>\n<p><span style=\"color: #000000\">S\u0142owenia<\/span><\/p>\n","protected":false},"excerpt":{"rendered":"<p align=\"JUSTIFY\"><span style=\"color: #000000\">Pleurotus ostreatus (Oyster Mushroom) to dobrze zbadany grzyb leczniczy. Znany r\u00f3wnie\u017c jako boczniak bukowy, jest kulinarnym grzybem jadalnym, kt\u00f3ry ro\u015bnie tutaj. W rzeczywisto\u015bci, obok Ganoderma lucidum i Cordyceps, jest to jeden z 6 najbardziej znanych grzyb\u00f3w leczniczych, poniewa\u017c pomaga:<\/span><\/p>\n<p><span style=\"color: #000000\"> \ud83d\udc9a regulowa\u0107 poziom cholesterolu ca\u0142kowitego (zwi\u0119ksza dobry cholesterol HDL i obni\u017ca z\u0142y cholesterol LDL), ci\u015bnienie krwi i poziom cukru we krwi,<br \/>\n\ud83d\udc9a chroni\u0107 przed wolnymi rodnikami,<br \/>\n\ud83d\udc9a leczy i hamuje stany zapalne,<br \/>\n\ud83d\udc9a zwi\u0119kszaj\u0105 odporno\u015b\u0107 poprzez wzmocnienie uk\u0142adu odporno\u015bciowego.<\/span><\/p>\n","protected":false},"featured_media":6034,"comment_status":"open","ping_status":"closed","template":"","meta":{"_acf_changed":false},"product_brand":[],"product_cat":[15,227,224,225],"product_tag":[],"class_list":{"0":"post-6033","1":"product","2":"type-product","3":"status-publish","4":"has-post-thumbnail","6":"product_cat-uncategorized","7":"product_cat-grzyby-lecznicze","8":"product_cat-oferta","9":"product_cat-wszystkie-produkty","11":"first","12":"outofstock","13":"taxable","14":"shipping-taxable","15":"purchasable","16":"product-type-simple"},"acf":[],"_links":{"self":[{"href":"https:\/\/fengchashop.com\/pl\/wp-json\/wp\/v2\/product\/6033","targetHints":{"allow":["GET"]}}],"collection":[{"href":"https:\/\/fengchashop.com\/pl\/wp-json\/wp\/v2\/product"}],"about":[{"href":"https:\/\/fengchashop.com\/pl\/wp-json\/wp\/v2\/types\/product"}],"replies":[{"embeddable":true,"href":"https:\/\/fengchashop.com\/pl\/wp-json\/wp\/v2\/comments?post=6033"}],"wp:featuredmedia":[{"embeddable":true,"href":"https:\/\/fengchashop.com\/pl\/wp-json\/wp\/v2\/media\/6034"}],"wp:attachment":[{"href":"https:\/\/fengchashop.com\/pl\/wp-json\/wp\/v2\/media?parent=6033"}],"wp:term":[{"taxonomy":"product_brand","embeddable":true,"href":"https:\/\/fengchashop.com\/pl\/wp-json\/wp\/v2\/product_brand?post=6033"},{"taxonomy":"product_cat","embeddable":true,"href":"https:\/\/fengchashop.com\/pl\/wp-json\/wp\/v2\/product_cat?post=6033"},{"taxonomy":"product_tag","embeddable":true,"href":"https:\/\/fengchashop.com\/pl\/wp-json\/wp\/v2\/product_tag?post=6033"}],"curies":[{"name":"wp","href":"https:\/\/api.w.org\/{rel}","templated":true}]}}