{"id":6031,"date":"2022-02-22T07:42:04","date_gmt":"2022-02-22T06:42:04","guid":{"rendered":"https:\/\/fengchashop.com\/pl\/product\/poria-cocos-bio-proszek-125-g\/"},"modified":"2026-05-10T14:11:46","modified_gmt":"2026-05-10T12:11:46","slug":"poria-cocos-bio-proszek","status":"publish","type":"product","link":"https:\/\/fengchashop.com\/pl\/product\/poria-cocos-bio-proszek\/","title":{"rendered":"Poria Cocos BIO proszek 125 g"},"content":{"rendered":"<h2 align=\"JUSTIFY\"><span style=\"color: #000000\">Poria Cocos BIO<\/span><\/h2>\n<p><span style=\"color: #000000\">Poria cocos to niezwykle popularny grzyb leczniczy w tradycyjnej medycynie chi\u0144skiej i Japonii. Nazywa si\u0119 j\u0105 tak\u017ce Wolfiporia extensa, matsuhodo lub po s\u0142owe\u0144sku chi\u0144sk\u0105 opuncj\u0105. Ro\u015bnie pod ziemi\u0105, a swoj\u0105 nazw\u0119 zawdzi\u0119cza podobie\u0144stwu do kokosa. W medycynie chi\u0144skiej stosowany jest g\u0142\u00f3wnie w celu wzmocnienia funkcji \u015bledziony i og\u00f3lnego stanu zdrowia.<\/span><\/p>\n<p><span style=\"color: #000000\">Produkcja naszych kokos\u00f3w Poria jest \u015bci\u015ble kontrolowana, bez u\u017cycia \u015brodk\u00f3w chemicznych i pestycyd\u00f3w i jest w 100% organiczna. Jako\u015b\u0107 grzyb\u00f3w jest regularnie monitorowana przez niezale\u017cne laboratoria w S\u0142owenii i USA.<\/span><\/p>\n<h2><span style=\"color: #000000\">Co zawiera i dla kogo jest przeznaczony?<\/span><\/h2>\n<p><span style=\"color: #000000\">Do aktywnych sk\u0142adnik\u00f3w grzyba Cocos Poria nale\u017c\u0105 polisacharydy, triterpeny, sterole, ergosterole, kwasy, cholina, fosfor i minera\u0142y (wap\u0144, mied\u017a, \u017celazo, magnez, mangan, potas, s\u00f3d i cynk). Przede wszystkim poriatyna jest wa\u017cn\u0105 substancj\u0105, co jest powi\u0105zane z wieloma badaniami dotycz\u0105cymi dobroczynnego dzia\u0142ania spo\u017cywania kakao Poria.<\/span><\/p>\n<p><span style=\"color: #000000\">W postaci proszku Poria cocos zawiera wiele sk\u0142adnik\u00f3w od\u017cywczych, jego pozytywne dzia\u0142anie zosta\u0142o r\u00f3wnie\u017c naukowo udowodnione. Badania przeprowadzone w r\u00f3\u017cnych krajach na ca\u0142ym \u015bwiecie wykaza\u0142y szereg korzystnych efekt\u00f3w zwi\u0105zanych z regularnym spo\u017cywaniem kokos\u00f3w Poria:<\/span><\/p>\n<p><span style=\"color: #000000\">\ud83d\udc9a wzmacnia energi\u0119 i witalno\u015b\u0107,<\/span><br \/>\n<span style=\"color: #000000\">\ud83d\udc9a poprawia uk\u0142ad odporno\u015bciowy,<\/span><br \/>\n<span style=\"color: #000000\">\ud83d\udc9a ma dzia\u0142anie przeciwzapalne,<\/span><br \/>\n<span style=\"color: #000000\">\ud83d\udc9a obni\u017ca poziom cukru we krwi,<\/span><br \/>\n<span style=\"color: #000000\">\ud83d\udc9a dzia\u0142a uspokajaj\u0105co,<\/span><br \/>\n<span style=\"color: #000000\">\ud83d\udc9a jest lekiem moczop\u0119dnym,<\/span><br \/>\n<span style=\"color: #000000\">\ud83d\udc9a poprawia prac\u0119 \u017co\u0142\u0105dka,<\/span><br \/>\n<span style=\"color: #000000\">\ud83d\udc9a ma dzia\u0142anie przeciwnowotworowe i przeciwbakteryjne.<\/span><\/p>\n<p><span style=\"color: #000000\">Wszystkie pierwiastki zawarte w grzybie wyst\u0119puj\u0105 w du\u017cych ilo\u015bciach i wywieraj\u0105 bardzo pozytywny wp\u0142yw na nasz organizm.<\/span><\/p>\n<p><span style=\"color: #000000\">I co niezwykle wa\u017cne, kokos Poria to produkt w 100% naturalny, kt\u00f3ry w naturalny spos\u00f3b mo\u017ce nam pom\u00f3c. \u0141agodzi objawy naszych problem\u00f3w i pozytywnie wp\u0142ywa na og\u00f3lne samopoczucie.<\/span><\/p>\n<h2 align=\"JUSTIFY\"><span style=\"color: #000000\">Opakowanie<\/span><\/h2>\n<p align=\"JUSTIFY\"><span style=\"color: #000000\">Nieprzepuszczalna torba zamykana na zamek, w kt\u00f3rej produkt zachowuje swoj\u0105 \u015bwie\u017co\u015b\u0107 i aromat. Opakowanie chroni przed \u015bwiat\u0142em i powietrzem, poniewa\u017c sk\u0142ada si\u0119 z kilku warstw ochronnych, kt\u00f3re zachowuj\u0105 w\u0142a\u015bciwo\u015bci zawarto\u015bci.<\/span><\/p>\n<p align=\"JUSTIFY\"><span style=\"color: #000000\">Opakowanie jest bardzo praktyczne i nadaje si\u0119 do recyklingu.<\/span><\/p>\n<h2 align=\"JUSTIFY\"><span style=\"color: #000000\">Przechowywanie i ostrze\u017cenia<\/span><\/h2>\n<p align=\"JUSTIFY\"><span style=\"color: #000000\">Przechowywa\u0107 w ch\u0142odnym, suchym miejscu. Suplement diety nale\u017cy przechowywa\u0107 w miejscu niedost\u0119pnym dla dzieci!<\/span><\/p>\n<p align=\"JUSTIFY\"><span style=\"color: #000000\">Pami\u0119taj o zr\u00f3\u017cnicowanej diecie i zdrowym trybie \u017cycia &#8211; suplement diety nie mo\u017ce zast\u0105pi\u0107 zr\u00f3wnowa\u017conej i zr\u00f3\u017cnicowanej diety. Nie nale\u017cy przekracza\u0107 zalecanej dawki dziennej. Kobietom w ci\u0105\u017cy i karmi\u0105cym piersi\u0105 zaleca si\u0119 zawsze skonsultowanie si\u0119 z lekarzem przed zastosowaniem preparatu.<\/span><\/p>\n<h2 align=\"JUSTIFY\"><span style=\"color: #000000\">Kraj pochodzenia<\/span><\/h2>\n<p align=\"JUSTIFY\"><span style=\"color: #000000\">S\u0142owenia<\/span><\/p>\n","protected":false},"excerpt":{"rendered":"<p>Poria cocos to niezwykle popularny grzyb leczniczy w tradycyjnej medycynie chi\u0144skiej i Japonii. Nazywa si\u0119 j\u0105 tak\u017ce Wolfiporia extensa, matsuhodo lub po s\u0142owe\u0144sku chi\u0144sk\u0105 opuncj\u0105. W medycynie chi\u0144skiej stosowany jest g\u0142\u00f3wnie w celu wzmocnienia funkcji \u015bledziony i og\u00f3lnego stanu zdrowia.<\/p>\n<p>\ud83d\udc9a Dodaje energii i witalno\u015bci.<br \/>\n\ud83d\udc9a Poprawia uk\u0142ad odporno\u015bciowy.<br \/>\n\ud83d\udc9aDzia\u0142a przeciwzapalnie.<br \/>\n\ud83d\udc9a Obni\u017ca poziom cukru we krwi.<\/p>\n","protected":false},"featured_media":6032,"comment_status":"open","ping_status":"closed","template":"","meta":{"_acf_changed":false},"product_brand":[],"product_cat":[15,227,224,225],"product_tag":[],"class_list":{"0":"post-6031","1":"product","2":"type-product","3":"status-publish","4":"has-post-thumbnail","6":"product_cat-uncategorized","7":"product_cat-grzyby-lecznicze","8":"product_cat-oferta","9":"product_cat-wszystkie-produkty","11":"first","12":"outofstock","13":"taxable","14":"shipping-taxable","15":"purchasable","16":"product-type-simple"},"acf":[],"_links":{"self":[{"href":"https:\/\/fengchashop.com\/pl\/wp-json\/wp\/v2\/product\/6031","targetHints":{"allow":["GET"]}}],"collection":[{"href":"https:\/\/fengchashop.com\/pl\/wp-json\/wp\/v2\/product"}],"about":[{"href":"https:\/\/fengchashop.com\/pl\/wp-json\/wp\/v2\/types\/product"}],"replies":[{"embeddable":true,"href":"https:\/\/fengchashop.com\/pl\/wp-json\/wp\/v2\/comments?post=6031"}],"wp:featuredmedia":[{"embeddable":true,"href":"https:\/\/fengchashop.com\/pl\/wp-json\/wp\/v2\/media\/6032"}],"wp:attachment":[{"href":"https:\/\/fengchashop.com\/pl\/wp-json\/wp\/v2\/media?parent=6031"}],"wp:term":[{"taxonomy":"product_brand","embeddable":true,"href":"https:\/\/fengchashop.com\/pl\/wp-json\/wp\/v2\/product_brand?post=6031"},{"taxonomy":"product_cat","embeddable":true,"href":"https:\/\/fengchashop.com\/pl\/wp-json\/wp\/v2\/product_cat?post=6031"},{"taxonomy":"product_tag","embeddable":true,"href":"https:\/\/fengchashop.com\/pl\/wp-json\/wp\/v2\/product_tag?post=6031"}],"curies":[{"name":"wp","href":"https:\/\/api.w.org\/{rel}","templated":true}]}}