{"id":6029,"date":"2022-02-22T06:44:59","date_gmt":"2022-02-22T05:44:59","guid":{"rendered":"https:\/\/fengchashop.com\/pl\/product\/shiitake-lentinula-edodes-bio-ue-pochodzenie\/"},"modified":"2026-04-27T23:25:49","modified_gmt":"2026-04-27T21:25:49","slug":"shiitake-lentinula-edodes-bio-ue-pochodzenie","status":"publish","type":"product","link":"https:\/\/fengchashop.com\/pl\/product\/shiitake-lentinula-edodes-bio-ue-pochodzenie\/","title":{"rendered":"Shiitake (Lentinula edodes) BIO UE pochodzenie 125 g"},"content":{"rendered":"<h2>Shiitake (Lentinula edodes) BIO<\/h2>\n<p>Lentinula edodes lub shiitake to jeden z najwa\u017cniejszych grzyb\u00f3w leczniczych w tradycyjnej medycynie chi\u0144skiej. Jest tam u\u017cywana od co najmniej 2000 lat i cz\u0119sto nazywana jest \u201ekr\u00f3low\u0105 grzyb\u00f3w\u201d. Ponadto jest szeroko stosowany we wszystkich kuchniach azjatyckich. W j\u0119zyku s\u0142owe\u0144skim nazywa si\u0119 to jadaln\u0105 wyka\u0142aczk\u0105.<\/p>\n<p>W postaci proszku shiitake zawiera wiele sk\u0142adnik\u00f3w od\u017cywczych, a jego pozytywne dzia\u0142anie zosta\u0142o r\u00f3wnie\u017c naukowo udowodnione. Badania z r\u00f3\u017cnych kraj\u00f3w na ca\u0142ym \u015bwiecie wykaza\u0142y wiele korzystnych efekt\u00f3w zwi\u0105zanych z regularnym spo\u017cywaniem grzyb\u00f3w shiitake. Przede wszystkim wzmacnia uk\u0142ad odporno\u015bciowy i dzia\u0142a zapobiegawczo w przypadku szeregu chor\u00f3b narz\u0105d\u00f3w wewn\u0119trznych.<\/p>\n<p>Shiitake jest cz\u0119sto przedmiotem bada\u0144 pod k\u0105tem jego dzia\u0142ania przeciwwirusowego, pozytywnego wp\u0142ywu na w\u0105trob\u0119 i obni\u017cania poziomu cukru we krwi.<\/p>\n<p>Uprawa naszych Lentinula edodes jest \u015bci\u015ble kontrolowana, bez u\u017cycia \u015brodk\u00f3w chemicznych i pestycyd\u00f3w i jest w 100% organiczna. Jako\u015b\u0107 grzyb\u00f3w jest regularnie monitorowana przez niezale\u017cne laboratoria w S\u0142owenii i USA.<\/p>\n<h2>Co zawiera i dla kogo jest przeznaczony?<\/h2>\n<p>W sk\u0142ad shiitake wchodz\u0105 aminokwasy (izoleucyna, leucyna, lizyna, metionina, fenyloalanina, treonina i walina), witaminy (B1, B2, B12), sole mineralne (potas, wap\u0144, fosfor, \u017celazo i cynk), polisacharydy (najwa\u017cniejsze to \u03b2-glukan lentinan) i inne przeciwutleniacze. Z tego powodu grzyby polecane s\u0105 tak\u017ce wegetarianom i weganom, gdy\u017c s\u0105 bogatym \u017ar\u00f3d\u0142em bia\u0142ka z niezb\u0119dnymi aminokwasami, witaminami, minera\u0142ami itp.<\/p>\n<p>Grzyb shiitake charakteryzuje si\u0119 zwi\u0105zkiem lentininy, o kt\u00f3rym m\u00f3wi si\u0119, \u017ce ma w\u0142a\u015bciwo\u015bci przeciwwirusowe i przeciwnowotworowe. Lentynina to z\u0142o\u017cony polisacharyd uwa\u017cany za \u015brodek wzmacniaj\u0105cy uk\u0142ad odporno\u015bciowy i jest sk\u0142adnikiem kilku naturalnych suplement\u00f3w zwi\u0119kszaj\u0105cych odporno\u015b\u0107 immunologiczn\u0105 (beta-1,3-glukan).<\/p>\n<p>Wszystkie pierwiastki zawarte w grzybie wyst\u0119puj\u0105 w du\u017cych ilo\u015bciach i wywieraj\u0105 bardzo pozytywny wp\u0142yw na nasz organizm.<\/p>\n<p>Obok kolorowego grzyba p\u0142askiego (Trametes versicolor) shiitake jest jednym z najlepiej przebadanych grzyb\u00f3w, a tak\u017ce jest niezwykle popularny ze wzgl\u0119du na du\u017c\u0105 ilo\u015b\u0107 substancji farmakologicznie czynnych. Jego dzia\u0142anie lecznicze zosta\u0142o r\u00f3wnie\u017c udowodnione naukowo. Stosowany jest g\u0142\u00f3wnie przeciwko r\u00f3\u017cnym postaciom raka i do regulacji poziomu cholesterolu.<\/p>\n<p>Jego sk\u0142ad zapewnia niezwykle szerok\u0105 gam\u0119 efekt\u00f3w, m.in.:<\/p>\n<p>\ud83d\udc9a dzia\u0142a przeciwnowotworowo i powstawaniu nowotwor\u00f3w,<br \/>\n\ud83d\udc9a wzmacnia uk\u0142ad odporno\u015bciowy,<br \/>\n\ud83d\udc9a obni\u017cy\u0107 ci\u015bnienie krwi, cholesterol i cukier,<br \/>\n\ud83d\udc9a dzia\u0142a przeciwutleniaj\u0105co i przeciwzapalnie,<br \/>\n\ud83d\udc9a zapobiega rozwojowi infekcji bakteryjnych i wirusowych,<br \/>\n\ud83d\udc9a pomaga przy zapaleniu oskrzeli i alergiach,<br \/>\n\ud83d\udc9a w po\u0142\u0105czeniu z konwencjonaln\u0105 chemioterapi\u0105 zapewnia pacjentom chorym na raka d\u0142u\u017csze i lepsze \u017cycie.<\/p>\n<p>I co jest tutaj niezwykle wa\u017cne, grzyb shiitake to produkt w 100% naturalny, kt\u00f3ry w naturalny spos\u00f3b mo\u017ce nam pom\u00f3c. \u0141agodzi objawy naszych problem\u00f3w i pozytywnie wp\u0142ywa na og\u00f3lne samopoczucie.<\/p>\n<h2>Dlaczego grzyby?<\/h2>\n<p>Grzyby s\u0105 bardzo interesuj\u0105ce. Nie s\u0105 to ani ro\u015bliny, ani zwierz\u0119ta, ale czym s\u0105, z pewno\u015bci\u0105 s\u0105 niesamowitymi organizmami, kt\u00f3rym uda\u0142o si\u0119 przetrwa\u0107 niemal od pocz\u0105tku \u015bwiata. Opracowali specjaln\u0105 strategi\u0119 przetrwania, kt\u00f3ra utrzymuje ich przy \u017cyciu do dzi\u015b. Ludzie mog\u0105 r\u00f3wnie\u017c skorzysta\u0107 z tych korzy\u015bci, spo\u017cywaj\u0105c grzyby lecznicze. Przynosz\u0105 nam r\u00f3wnowag\u0119 na poziomie fizycznym i chroni\u0105 przed wieloma dolegliwo\u015bciami. Mog\u0105 mie\u0107 charakter profilaktyczny, ale mog\u0105 te\u017c stanowi\u0107 \u015brodek wspomagaj\u0105cy w trakcie konwencjonalnego lub innego niekonwencjonalnego leczenia wielu chor\u00f3b (w czasach nowo\u017cytnych). Tradycyjnie grzybom przypisuje si\u0119 dzia\u0142anie w przypadku nowotwor\u00f3w, chor\u00f3b autoimmunologicznych i alergii. Maj\u0105 tak\u017ce dobry wp\u0142yw na zdrow\u0105 i siln\u0105 odpowied\u017a uk\u0142adu odporno\u015bciowego. Badania medyczne prowadzone w ostatnich dziesi\u0119cioleciach, kiedy grzyby sta\u0142y si\u0119 przedmiotem zainteresowania w \u015bwiecie zachodnim, potwierdzi\u0142y wiele w\u0142a\u015bciwo\u015bci leczniczych.<\/p>\n<p>Poniewa\u017c niekt\u00f3re naturalne sk\u0142adniki aktywne s\u0105 dla nas niestrawne lub trudne do strawienia, bardzo wa\u017cne jest, aby spo\u017cywa\u0107 wy\u0142\u0105cznie najlepszy proszek grzybowy. Grzyby musz\u0105 by\u0107 odpowiednio uprawiane, suszone i przygotowane. Nale\u017cy je zmieli\u0107 na drobny proszek bez grudek. Kolor proszku jest ja\u015bniejszy, ale poza tym zale\u017cy to r\u00f3wnie\u017c od rodzaju zbieranego grzyba. Poniewa\u017c grzyby s\u0105 tak skuteczne w\u0142a\u015bnie dlatego, \u017ce maj\u0105 zdolno\u015b\u0107 poch\u0142aniania wszystkiego \u2013 dobrego i z\u0142ego z otoczenia, warto si\u0119ga\u0107 po te uprawiane metodami ekologicznymi.<\/p>\n<h2 align=\"JUSTIFY\"><span style=\"color: #000000\">Opakowanie<\/span><\/h2>\n<p align=\"JUSTIFY\"><span style=\"color: #000000\">Nieprzepuszczalna torba zamykana na zamek, w kt\u00f3rej produkt zachowuje swoj\u0105 \u015bwie\u017co\u015b\u0107 i aromat. Opakowanie chroni przed \u015bwiat\u0142em i powietrzem, poniewa\u017c sk\u0142ada si\u0119 z kilku warstw ochronnych, kt\u00f3re zachowuj\u0105 w\u0142a\u015bciwo\u015bci zawarto\u015bci.<\/span><\/p>\n<p align=\"JUSTIFY\"><span style=\"color: #000000\">Opakowanie jest bardzo praktyczne i nadaje si\u0119 do recyklingu.<\/span><\/p>\n<h2 align=\"JUSTIFY\"><span style=\"color: #000000\">Przechowywanie i ostrze\u017cenia<\/span><\/h2>\n<p align=\"JUSTIFY\"><span style=\"color: #000000\">Przechowywa\u0107 w ch\u0142odnym, suchym miejscu. Suplement diety nale\u017cy przechowywa\u0107 w miejscu niedost\u0119pnym dla dzieci!<\/span><\/p>\n<p align=\"JUSTIFY\"><span style=\"color: #000000\">Pami\u0119taj o zr\u00f3\u017cnicowanej diecie i zdrowym trybie \u017cycia &#8211; suplement diety nie mo\u017ce zast\u0105pi\u0107 zr\u00f3wnowa\u017conej i zr\u00f3\u017cnicowanej diety. Nie nale\u017cy przekracza\u0107 zalecanej dawki dziennej. Kobietom w ci\u0105\u017cy i karmi\u0105cym piersi\u0105 zaleca si\u0119 zawsze skonsultowanie si\u0119 z lekarzem przed zastosowaniem preparatu.<\/span><\/p>\n<h2 align=\"JUSTIFY\"><span style=\"color: #000000\">Kraj pochodzenia<\/span><\/h2>\n<p align=\"JUSTIFY\"><span style=\"color: #000000\">UE<\/span><\/p>\n","protected":false},"excerpt":{"rendered":"<p>Lentinula edodes, czyli shiitake, to jeden z najwa\u017cniejszych grzyb\u00f3w leczniczych w tradycyjnej medycynie chi\u0144skiej. Jest tam u\u017cywany od co najmniej 2000 lat i cz\u0119sto nazywany jest &#8222;kr\u00f3low\u0105 grzyb\u00f3w&#8221;, kt\u00f3ra:<\/p>\n<p>\ud83d\udc9a w\u0142a\u015bciwo\u015bci przeciwnowotworowe i przeciwnowotworowe,<br \/>\n\ud83d\udc9a wzmacnia uk\u0142ad odporno\u015bciowy,<br \/>\n\ud83d\udc9a obni\u017ca ci\u015bnienie krwi, poziom cholesterolu i cukru,<br \/>\n\ud83d\udc9a dzia\u0142a przeciwutleniaj\u0105co i przeciwzapalnie,<br \/>\n\ud83d\udc9a zapobiega rozwojowi infekcji bakteryjnych i wirusowych.<\/p>\n","protected":false},"featured_media":6030,"comment_status":"open","ping_status":"closed","template":"","meta":{"_acf_changed":false},"product_brand":[],"product_cat":[15,227,224,225],"product_tag":[],"class_list":{"0":"post-6029","1":"product","2":"type-product","3":"status-publish","4":"has-post-thumbnail","6":"product_cat-uncategorized","7":"product_cat-grzyby-lecznicze","8":"product_cat-oferta","9":"product_cat-wszystkie-produkty","11":"first","12":"instock","13":"taxable","14":"shipping-taxable","15":"purchasable","16":"product-type-simple"},"acf":[],"_links":{"self":[{"href":"https:\/\/fengchashop.com\/pl\/wp-json\/wp\/v2\/product\/6029","targetHints":{"allow":["GET"]}}],"collection":[{"href":"https:\/\/fengchashop.com\/pl\/wp-json\/wp\/v2\/product"}],"about":[{"href":"https:\/\/fengchashop.com\/pl\/wp-json\/wp\/v2\/types\/product"}],"replies":[{"embeddable":true,"href":"https:\/\/fengchashop.com\/pl\/wp-json\/wp\/v2\/comments?post=6029"}],"wp:featuredmedia":[{"embeddable":true,"href":"https:\/\/fengchashop.com\/pl\/wp-json\/wp\/v2\/media\/6030"}],"wp:attachment":[{"href":"https:\/\/fengchashop.com\/pl\/wp-json\/wp\/v2\/media?parent=6029"}],"wp:term":[{"taxonomy":"product_brand","embeddable":true,"href":"https:\/\/fengchashop.com\/pl\/wp-json\/wp\/v2\/product_brand?post=6029"},{"taxonomy":"product_cat","embeddable":true,"href":"https:\/\/fengchashop.com\/pl\/wp-json\/wp\/v2\/product_cat?post=6029"},{"taxonomy":"product_tag","embeddable":true,"href":"https:\/\/fengchashop.com\/pl\/wp-json\/wp\/v2\/product_tag?post=6029"}],"curies":[{"name":"wp","href":"https:\/\/api.w.org\/{rel}","templated":true}]}}