{"id":6027,"date":"2022-02-11T22:23:40","date_gmt":"2022-02-11T21:23:40","guid":{"rendered":"https:\/\/fengchashop.com\/pl\/product\/zen-szen-syberyjski-w-proszku-bio-250-g\/"},"modified":"2026-05-12T16:27:46","modified_gmt":"2026-05-12T14:27:46","slug":"zen-szen-syberyjski-w-proszku-bio","status":"publish","type":"product","link":"https:\/\/fengchashop.com\/pl\/product\/zen-szen-syberyjski-w-proszku-bio\/","title":{"rendered":"\u017be\u0144-sze\u0144 syberyjski w proszku BIO 250 g"},"content":{"rendered":"<h2><span style=\"color: #000000\">\u017be\u0144-sze\u0144 syberyjski w proszku z produkcji ekologicznej<\/span><\/h2>\n<p><span style=\"color: #000000\">\u017be\u0144-sze\u0144 syberyjski ro\u015bnie g\u0142\u00f3wnie w p\u00f3\u0142nocnych Chinach i na Syberii (obszar w Rosji), ale wyst\u0119puje r\u00f3wnie\u017c w Korei i Japonii. Jest to wieloletnie zio\u0142o, kt\u00f3re zwykle ro\u015bnie w ch\u0142odniejszym klimacie. Ma zdrewnia\u0142y korze\u0144 i ro\u015bnie na obszarach wysokog\u00f3rskich, ale tak\u017ce na chronionych przed s\u0142o\u0144cem obszarach w dolinie. Znany jest r\u00f3wnie\u017c jako \u017ce\u0144-sze\u0144 syberyjski lub eleuterokok (Eleutherococcus senticosus).<\/span><\/p>\n<p><span style=\"color: #000000\">Korze\u0144 \u017ce\u0144-szenia jest jedn\u0105 z<strong> najwa\u017cniejszych ro\u015blin <\/strong>w tradycyjnym zio\u0142olecznictwie chi\u0144skim i rosyjskim, gdzie jest stosowany jako suplement diety od wiek\u00f3w, je\u015bli nie tysi\u0105cleci. W Chinach powszechnie wiadomo, \u017ce \u017ce\u0144-sze\u0144 jest dobry dla naszego zdrowia pod wzgl\u0119dem <strong>d\u0142ugowieczno\u015bci<\/strong> (hamowanie procesu starzenia),<strong> wzmacniania uk\u0142adu odporno\u015bciowego, przeciwdzia\u0142ania zm\u0119czeniu, stresowi i wp\u0142ywania na lepsz\u0105 potencj\u0119 seksualn\u0105<\/strong>.<\/span><\/p>\n<p><span style=\"color: #000000\">Zwi\u0105zki aktywne \u017ce\u0144-szenia zwane elevterozydami (zawiera 7 r\u00f3\u017cnych) dzia\u0142aj\u0105 podobnie do steryd\u00f3w. \u017be\u0144-sze\u0144 jest r\u00f3wnie\u017c <strong>zio\u0142em adaptogennym<\/strong>. S\u0105 to ro\u015bliny, kt\u00f3re pomagaj\u0105 organizmowi przystosowa\u0107 si\u0119 do r\u00f3\u017cnych negatywnych czynnik\u00f3w \u015brodowiskowych. Ma zdolno\u015b\u0107 regulowania i kontrolowania uk\u0142adu gruczo\u0142owego i hormonalnego, uk\u0142adu nerwowego i sercowo-naczyniowego oraz mi\u0119\u015bni. Adaptogeny skutecznie pomagaj\u0105 organizmowi radzi\u0107 sobie ze stresem fizycznym, chemicznym i biologicznym.<\/span><\/p>\n<p><span style=\"color: #000000\">Nasz \u017ce\u0144-sze\u0144 syberyjski pochodzi z upraw <strong>ekologicznych <\/strong>i nie zawiera<strong> wype\u0142niaczy ani dodatk\u00f3w<\/strong>. Po zebraniu korzenie \u017ce\u0144-szenia s\u0105 suszone, a nast\u0119pnie mielone na proszek w delikatnym procesie.<\/span><\/p>\n<p><span style=\"color: #000000\">\u017be\u0144-szenia syberyjskiego (elevoside) nie nale\u017cy myli\u0107 z lepiej znanym \u017ce\u0144-szeniem azjatyckim (ginsenoside), cho\u0107 maj\u0105 one podobne w\u0142a\u015bciwo\u015bci adaptogenne.<\/span><\/p>\n<h2><span style=\"color: #000000\">Dlaczego warto go stosowa\u0107?<\/span><\/h2>\n<p><span style=\"color: #000000\">\u017be\u0144-sze\u0144 mo\u017ce pom\u00f3c przezwyci\u0119\u017cy\u0107 <strong>stres, wytworzy\u0107 dobr\u0105 energi\u0119 w organizmie i og\u00f3ln\u0105 witalno\u015b\u0107<\/strong>. Poniewa\u017c zawiera z\u0142o\u017cone polisacharydy, cz\u0119sto kojarzony jest ze wzmacnianiem uk\u0142adu odporno\u015bciowego. Naukowcy odkryli, \u017ce dzia\u0142anie \u017ce\u0144-szenia jest dodatkowo<strong> wzmocnione<\/strong> w po\u0142\u0105czeniu z innymi tradycyjnymi chi\u0144skimi zio\u0142ami. \u017be\u0144-sze\u0144 ma r\u00f3wnie\u017c dzia\u0142anie <strong>przeciwzapalne, przeciwrodnikowe, poprawia kr\u0105\u017cenie krwi i obni\u017ca<\/strong> ci\u015bnienie <strong>krwi<\/strong>. Stymuluje przysadk\u0119 m\u00f3zgow\u0105 i<strong> zwi\u0119ksza libido<\/strong>.<\/span><\/p>\n<p><span style=\"color: #000000\">Jest niezwykle popularny w\u015br\u00f3d sportowc\u00f3w, poniewa\u017c zwi\u0119ksza wytrzyma\u0142o\u015b\u0107 i zmniejsza zm\u0119czenie, jednocze\u015bnie pomagaj\u0105c przyspieszy\u0107 regeneracj\u0119.<\/span><\/p>\n<p><span style=\"color: #000000\">Ponadto pomaga poprawi\u0107 funkcje umys\u0142owe i poznawcze m\u00f3zgu. Wp\u0142ywa zatem na uczenie si\u0119, pami\u0119\u0107 i funkcje poznawcze. Wszystko to oznacza, \u017ce mo\u017ce mie\u0107 bezpo\u015bredni wp\u0142yw na hamowanie degradacji m\u00f3zgu. W rezultacie poprawia r\u00f3wnie\u017c sen i zapobiega depresji.<\/span><\/p>\n<p><span style=\"color: #000000\">Jest r\u00f3wnie\u017c tradycyjnie stosowany w przezi\u0119bieniach i grypie, poniewa\u017c niekt\u00f3re badania wykaza\u0142y, \u017ce mo\u017ce pom\u00f3c w walce z wirusami wywo\u0142uj\u0105cymi te choroby.<\/span><\/p>\n<p><span style=\"color: #000000\">Mo\u017ce r\u00f3wnie\u017c pom\u00f3c z\u0142agodzi\u0107 typowe problemy kobiet przechodz\u0105cych menopauz\u0119, jednocze\u015bnie zapewniaj\u0105c ochron\u0119 przed utrat\u0105 g\u0119sto\u015bci ko\u015bci (osteoporoz\u0105), kt\u00f3ra cz\u0119sto nasila si\u0119 w tym okresie z powodu zmian hormonalnych.<\/span><\/p>\n<h2><span style=\"color: #000000\">Przechowywanie i ostrze\u017cenia<\/span><\/h2>\n<p><span style=\"color: #000000\">Przechowywa\u0107 w ch\u0142odnym i suchym miejscu. Suplement diety nale\u017cy przechowywa\u0107 w miejscu niedost\u0119pnym dla dzieci!<\/span><\/p>\n<p><span style=\"color: #000000\">Pami\u0119taj o znaczeniu zr\u00f3\u017cnicowanej diety i zdrowego stylu \u017cycia, dlatego suplement diety nie zast\u0119puje zr\u00f3wnowa\u017conej i zr\u00f3\u017cnicowanej diety. Nie nale\u017cy przekracza\u0107 zalecanej dziennej ilo\u015bci lub dawki. Kobietom w ci\u0105\u017cy, matkom karmi\u0105cym i osobom przyjmuj\u0105cym leki zawsze zaleca si\u0119 skonsultowanie z lekarzem przed u\u017cyciem.<\/span><\/p>\n<h2><span style=\"color: #000000\">Opakowanie<\/span><\/h2>\n<p><span style=\"color: #000000\">Nieprzepuszczalna torebka z zamkiem b\u0142yskawicznym, w kt\u00f3rej produkt zachowuje ca\u0142\u0105 swoj\u0105 \u015bwie\u017co\u015b\u0107 i aromat. Opakowanie chroni produkt przed \u015bwiat\u0142em i powietrzem, poniewa\u017c sk\u0142ada si\u0119 z kilku warstw ochronnych, aby zachowa\u0107 w\u0142a\u015bciwo\u015bci zawarto\u015bci.<\/span><\/p>\n<p><span style=\"color: #000000\">Opakowanie jest bardzo praktyczne i nadaje si\u0119 do recyklingu.<\/span><\/p>\n<h2><span style=\"color: #000000\">Pochodzenie<\/span><\/h2>\n<p><span style=\"color: #000000\">Chiny. Mamy bardzo wiarygodnych dostawc\u00f3w, kt\u00f3rzy przesy\u0142aj\u0105 nam szczeg\u00f3\u0142ow\u0105 analiz\u0119 chemiczn\u0105 \u017cywno\u015bci dla ka\u017cdej partii. W ci\u0105gu ponad dziesi\u0119ciu lat nie mieli\u015bmy \u017cadnych przypadk\u00f3w wycofania produktu z rynku ani \u017cadnych innych problem\u00f3w z tym produktem, ani z innymi produktami pochodz\u0105cymi od tego samego dostawcy. Produkt jest w 100% certyfikowany ekologicznie.<\/span><\/p>\n","protected":false},"excerpt":{"rendered":"<p align=\"JUSTIFY\">Korze\u0144 \u017ce\u0144-szenia jest jedn\u0105 z<strong> najwa\u017cniejszych ro\u015blin<\/strong> w tradycyjnym zio\u0142olecznictwie chi\u0144skim i rosyjskim, gdzie jest stosowany jako suplement diety od wiek\u00f3w, je\u015bli nie tysi\u0105cleci. W Chinach dobrze wiadomo, \u017ce \u017ce\u0144-sze\u0144 jest dobry dla naszego zdrowia w sensie:<\/p>\n<p align=\"JUSTIFY\">\ud83d\udc9a d\u0142ugowieczno\u015bci (hamuje procesy starzenia),<br \/>\n\ud83d\udc9a wzmacnia uk\u0142ad odporno\u015bciowy,<br \/>\n\ud83d\udc9a Dzia\u0142a przeciwzm\u0119czeniowo,<br \/>\n\ud83d\udc9a dzia\u0142a antystresowo,<br \/>\n\ud83d\udc9a wp\u0142ywa na potencj\u0119 seksualn\u0105.<\/p>\n","protected":false},"featured_media":6028,"comment_status":"open","ping_status":"closed","template":"","meta":{"_acf_changed":false},"product_brand":[],"product_cat":[15,224,228,225],"product_tag":[],"class_list":{"0":"post-6027","1":"product","2":"type-product","3":"status-publish","4":"has-post-thumbnail","6":"product_cat-uncategorized","7":"product_cat-oferta","8":"product_cat-superzywnosc","9":"product_cat-wszystkie-produkty","11":"first","12":"instock","13":"sale","14":"taxable","15":"shipping-taxable","16":"purchasable","17":"product-type-simple"},"acf":[],"_links":{"self":[{"href":"https:\/\/fengchashop.com\/pl\/wp-json\/wp\/v2\/product\/6027","targetHints":{"allow":["GET"]}}],"collection":[{"href":"https:\/\/fengchashop.com\/pl\/wp-json\/wp\/v2\/product"}],"about":[{"href":"https:\/\/fengchashop.com\/pl\/wp-json\/wp\/v2\/types\/product"}],"replies":[{"embeddable":true,"href":"https:\/\/fengchashop.com\/pl\/wp-json\/wp\/v2\/comments?post=6027"}],"wp:featuredmedia":[{"embeddable":true,"href":"https:\/\/fengchashop.com\/pl\/wp-json\/wp\/v2\/media\/6028"}],"wp:attachment":[{"href":"https:\/\/fengchashop.com\/pl\/wp-json\/wp\/v2\/media?parent=6027"}],"wp:term":[{"taxonomy":"product_brand","embeddable":true,"href":"https:\/\/fengchashop.com\/pl\/wp-json\/wp\/v2\/product_brand?post=6027"},{"taxonomy":"product_cat","embeddable":true,"href":"https:\/\/fengchashop.com\/pl\/wp-json\/wp\/v2\/product_cat?post=6027"},{"taxonomy":"product_tag","embeddable":true,"href":"https:\/\/fengchashop.com\/pl\/wp-json\/wp\/v2\/product_tag?post=6027"}],"curies":[{"name":"wp","href":"https:\/\/api.w.org\/{rel}","templated":true}]}}